{"id":2399,"date":"2020-06-25T10:41:50","date_gmt":"2020-06-25T12:41:50","guid":{"rendered":"https:\/\/www.specagra.ee.nemokamossvetaines.hostingas.lt\/?post_type=product&#038;p=2399"},"modified":"2023-02-28T04:23:04","modified_gmt":"2023-02-28T06:23:04","slug":"grebliai-vidurines-pradalges-rozmital-sp","status":"publish","type":"product","link":"https:\/\/www.specagra.ee\/?product=grebliai-vidurines-pradalges-rozmital-sp","title":{"rendered":"Gr\u0117bliai &#8211; vidurin\u0117s pradalg\u0117s Rozmital SP"},"content":{"rendered":"<ul>\n<li><b>SP &#8211; 682D<\/b><span style=\"font-weight: 400;\"> vidurin\u0117s pradalg\u0117s dviej\u0173 rotori\u0173 gr\u0117blys su fiksuotu darbiniu plo\u010diu. <\/span><\/li>\n<li><b>SP &#8211; 772D<\/b><span style=\"font-weight: 400;\"> vidurin\u0117s pradalg\u0117s dviej\u0173 rotori\u0173 gr\u0117blys su laipsni\u0161kai reguliuojamu darbiniu plo\u010diu. <\/span><\/li>\n<li>SP-852H <span style=\"font-weight: 400;\">vidurin\u0117s pradalg\u0117s dviej\u0173 rotori\u0173 gr\u0117blys su nuolat reguliuojamu darbiniu plo\u010diu naudojant hidraulin\u0119 sistem\u0105<\/span><\/li>\n<\/ul>\n","protected":false},"excerpt":{"rendered":"<p>SP &#8211; 682D vidurin\u0117s pradalg\u0117s dviej\u0173 rotori\u0173 gr\u0117blys su fiksuotu darbiniu plo\u010diu. SP &#8211; 772D vidurin\u0117s pradalg\u0117s dviej\u0173 rotori\u0173 gr\u0117blys su laipsni\u0161kai reguliuojamu darbiniu plo\u010diu. SP-852H vidurin\u0117s pradalg\u0117s dviej\u0173 rotori\u0173 gr\u0117blys su nuolat reguliuojamu darbiniu plo\u010diu naudojant hidraulin\u0119 sistem\u0105<\/p>\n","protected":false},"featured_media":17991,"template":"","meta":{"_et_pb_use_builder":"","_et_pb_old_content":"","_et_gb_content_width":""},"product_brand":[],"product_cat":[83],"product_tag":[],"class_list":{"0":"post-2399","1":"product","2":"type-product","3":"status-publish","4":"has-post-thumbnail","6":"product_cat-poorajad-rehad","8":"first","9":"instock","10":"shipping-taxable","11":"product-type-simple"},"yoast_head":"<!-- This site is optimized with the Yoast SEO plugin v26.4 - https:\/\/yoast.com\/wordpress\/plugins\/seo\/ -->\n<title>Gr\u0117bliai - vidurin\u0117s pradalg\u0117s Rozmital SP - Specagra<\/title>\n<meta name=\"robots\" content=\"index, follow, max-snippet:-1, max-image-preview:large, max-video-preview:-1\" \/>\n<link rel=\"canonical\" href=\"https:\/\/www.specagra.ee\/?product=grebliai-vidurines-pradalges-rozmital-sp\" \/>\n<meta property=\"og:locale\" content=\"et_EE\" \/>\n<meta property=\"og:type\" content=\"article\" \/>\n<meta property=\"og:title\" content=\"Gr\u0117bliai - vidurin\u0117s pradalg\u0117s Rozmital SP - Specagra\" \/>\n<meta property=\"og:description\" content=\"SP &#8211; 682D vidurin\u0117s pradalg\u0117s dviej\u0173 rotori\u0173 gr\u0117blys su fiksuotu darbiniu plo\u010diu. SP &#8211; 772D vidurin\u0117s pradalg\u0117s dviej\u0173 rotori\u0173 gr\u0117blys su laipsni\u0161kai reguliuojamu darbiniu plo\u010diu. SP-852H vidurin\u0117s pradalg\u0117s dviej\u0173 rotori\u0173 gr\u0117blys su nuolat reguliuojamu darbiniu plo\u010diu naudojant hidraulin\u0119 sistem\u0105\" \/>\n<meta property=\"og:url\" content=\"https:\/\/www.specagra.ee\/?product=grebliai-vidurines-pradalges-rozmital-sp\" \/>\n<meta property=\"og:site_name\" content=\"Specagra\" \/>\n<meta property=\"article:modified_time\" content=\"2023-02-28T06:23:04+00:00\" \/>\n<meta property=\"og:image\" content=\"https:\/\/www.specagra.ee\/wp-content\/uploads\/2020\/06\/vid.-pradalges-2.png\" \/>\n\t<meta property=\"og:image:width\" content=\"896\" \/>\n\t<meta property=\"og:image:height\" content=\"503\" \/>\n\t<meta property=\"og:image:type\" content=\"image\/webp\" \/>\n<meta name=\"twitter:card\" content=\"summary_large_image\" \/>\n<script type=\"application\/ld+json\" class=\"yoast-schema-graph\">{\"@context\":\"https:\/\/schema.org\",\"@graph\":[{\"@type\":\"WebPage\",\"@id\":\"https:\/\/www.specagra.ee\/?product=grebliai-vidurines-pradalges-rozmital-sp\",\"url\":\"https:\/\/www.specagra.ee\/?product=grebliai-vidurines-pradalges-rozmital-sp\",\"name\":\"Gr\u0117bliai - vidurin\u0117s pradalg\u0117s Rozmital SP - Specagra\",\"isPartOf\":{\"@id\":\"https:\/\/www.specagra.ee\/#website\"},\"primaryImageOfPage\":{\"@id\":\"https:\/\/www.specagra.ee\/?product=grebliai-vidurines-pradalges-rozmital-sp#primaryimage\"},\"image\":{\"@id\":\"https:\/\/www.specagra.ee\/?product=grebliai-vidurines-pradalges-rozmital-sp#primaryimage\"},\"thumbnailUrl\":\"https:\/\/www.specagra.ee\/wp-content\/uploads\/2020\/06\/vid.-pradalges-2.png\",\"datePublished\":\"2020-06-25T12:41:50+00:00\",\"dateModified\":\"2023-02-28T06:23:04+00:00\",\"breadcrumb\":{\"@id\":\"https:\/\/www.specagra.ee\/?product=grebliai-vidurines-pradalges-rozmital-sp#breadcrumb\"},\"inLanguage\":\"et\",\"potentialAction\":[{\"@type\":\"ReadAction\",\"target\":[\"https:\/\/www.specagra.ee\/?product=grebliai-vidurines-pradalges-rozmital-sp\"]}]},{\"@type\":\"ImageObject\",\"inLanguage\":\"et\",\"@id\":\"https:\/\/www.specagra.ee\/?product=grebliai-vidurines-pradalges-rozmital-sp#primaryimage\",\"url\":\"https:\/\/www.specagra.ee\/wp-content\/uploads\/2020\/06\/vid.-pradalges-2.png\",\"contentUrl\":\"https:\/\/www.specagra.ee\/wp-content\/uploads\/2020\/06\/vid.-pradalges-2.png\",\"width\":896,\"height\":503,\"caption\":\"Gr\u0117bliai \u2013 vidurin\u0117s pradalg\u0117s Rozmital SP\"},{\"@type\":\"BreadcrumbList\",\"@id\":\"https:\/\/www.specagra.ee\/?product=grebliai-vidurines-pradalges-rozmital-sp#breadcrumb\",\"itemListElement\":[{\"@type\":\"ListItem\",\"position\":1,\"name\":\"Home\",\"item\":\"https:\/\/www.specagra.ee\/\"},{\"@type\":\"ListItem\",\"position\":2,\"name\":\"P\u00f5llumajandustehnika ja loomakasvatus\",\"item\":\"https:\/\/specagra.ee\/?page_id=18493\"},{\"@type\":\"ListItem\",\"position\":3,\"name\":\"Gr\u0117bliai &#8211; vidurin\u0117s pradalg\u0117s Rozmital SP\"}]},{\"@type\":\"WebSite\",\"@id\":\"https:\/\/www.specagra.ee\/#website\",\"url\":\"https:\/\/www.specagra.ee\/\",\"name\":\"Specagra\",\"description\":\"P\u00f5llumajandustehnika ja varuosad\",\"publisher\":{\"@id\":\"https:\/\/www.specagra.ee\/#organization\"},\"potentialAction\":[{\"@type\":\"SearchAction\",\"target\":{\"@type\":\"EntryPoint\",\"urlTemplate\":\"https:\/\/www.specagra.ee\/?s={search_term_string}\"},\"query-input\":{\"@type\":\"PropertyValueSpecification\",\"valueRequired\":true,\"valueName\":\"search_term_string\"}}],\"inLanguage\":\"et\"},{\"@type\":\"Organization\",\"@id\":\"https:\/\/www.specagra.ee\/#organization\",\"name\":\"UAB Specagra\",\"url\":\"https:\/\/www.specagra.ee\/\",\"logo\":{\"@type\":\"ImageObject\",\"inLanguage\":\"et\",\"@id\":\"https:\/\/www.specagra.ee\/#\/schema\/logo\/image\/\",\"url\":\"http:\/\/www.specagra.ee\/wp-content\/uploads\/2022\/02\/SP-logo_naujas-scaled.jpg\",\"contentUrl\":\"http:\/\/www.specagra.ee\/wp-content\/uploads\/2022\/02\/SP-logo_naujas-scaled.jpg\",\"width\":2560,\"height\":326,\"caption\":\"UAB Specagra\"},\"image\":{\"@id\":\"https:\/\/www.specagra.ee\/#\/schema\/logo\/image\/\"}}]}<\/script>\n<!-- \/ Yoast SEO plugin. -->","yoast_head_json":{"title":"Gr\u0117bliai - vidurin\u0117s pradalg\u0117s Rozmital SP - Specagra","robots":{"index":"index","follow":"follow","max-snippet":"max-snippet:-1","max-image-preview":"max-image-preview:large","max-video-preview":"max-video-preview:-1"},"canonical":"https:\/\/www.specagra.ee\/?product=grebliai-vidurines-pradalges-rozmital-sp","og_locale":"et_EE","og_type":"article","og_title":"Gr\u0117bliai - vidurin\u0117s pradalg\u0117s Rozmital SP - Specagra","og_description":"SP &#8211; 682D vidurin\u0117s pradalg\u0117s dviej\u0173 rotori\u0173 gr\u0117blys su fiksuotu darbiniu plo\u010diu. SP &#8211; 772D vidurin\u0117s pradalg\u0117s dviej\u0173 rotori\u0173 gr\u0117blys su laipsni\u0161kai reguliuojamu darbiniu plo\u010diu. SP-852H vidurin\u0117s pradalg\u0117s dviej\u0173 rotori\u0173 gr\u0117blys su nuolat reguliuojamu darbiniu plo\u010diu naudojant hidraulin\u0119 sistem\u0105","og_url":"https:\/\/www.specagra.ee\/?product=grebliai-vidurines-pradalges-rozmital-sp","og_site_name":"Specagra","article_modified_time":"2023-02-28T06:23:04+00:00","og_image":[{"width":896,"height":503,"url":"https:\/\/www.specagra.ee\/wp-content\/uploads\/2020\/06\/vid.-pradalges-2.png","type":"image\/webp"}],"twitter_card":"summary_large_image","schema":{"@context":"https:\/\/schema.org","@graph":[{"@type":"WebPage","@id":"https:\/\/www.specagra.ee\/?product=grebliai-vidurines-pradalges-rozmital-sp","url":"https:\/\/www.specagra.ee\/?product=grebliai-vidurines-pradalges-rozmital-sp","name":"Gr\u0117bliai - vidurin\u0117s pradalg\u0117s Rozmital SP - Specagra","isPartOf":{"@id":"https:\/\/www.specagra.ee\/#website"},"primaryImageOfPage":{"@id":"https:\/\/www.specagra.ee\/?product=grebliai-vidurines-pradalges-rozmital-sp#primaryimage"},"image":{"@id":"https:\/\/www.specagra.ee\/?product=grebliai-vidurines-pradalges-rozmital-sp#primaryimage"},"thumbnailUrl":"https:\/\/www.specagra.ee\/wp-content\/uploads\/2020\/06\/vid.-pradalges-2.png","datePublished":"2020-06-25T12:41:50+00:00","dateModified":"2023-02-28T06:23:04+00:00","breadcrumb":{"@id":"https:\/\/www.specagra.ee\/?product=grebliai-vidurines-pradalges-rozmital-sp#breadcrumb"},"inLanguage":"et","potentialAction":[{"@type":"ReadAction","target":["https:\/\/www.specagra.ee\/?product=grebliai-vidurines-pradalges-rozmital-sp"]}]},{"@type":"ImageObject","inLanguage":"et","@id":"https:\/\/www.specagra.ee\/?product=grebliai-vidurines-pradalges-rozmital-sp#primaryimage","url":"https:\/\/www.specagra.ee\/wp-content\/uploads\/2020\/06\/vid.-pradalges-2.png","contentUrl":"https:\/\/www.specagra.ee\/wp-content\/uploads\/2020\/06\/vid.-pradalges-2.png","width":896,"height":503,"caption":"Gr\u0117bliai \u2013 vidurin\u0117s pradalg\u0117s Rozmital SP"},{"@type":"BreadcrumbList","@id":"https:\/\/www.specagra.ee\/?product=grebliai-vidurines-pradalges-rozmital-sp#breadcrumb","itemListElement":[{"@type":"ListItem","position":1,"name":"Home","item":"https:\/\/www.specagra.ee\/"},{"@type":"ListItem","position":2,"name":"P\u00f5llumajandustehnika ja loomakasvatus","item":"https:\/\/specagra.ee\/?page_id=18493"},{"@type":"ListItem","position":3,"name":"Gr\u0117bliai &#8211; vidurin\u0117s pradalg\u0117s Rozmital SP"}]},{"@type":"WebSite","@id":"https:\/\/www.specagra.ee\/#website","url":"https:\/\/www.specagra.ee\/","name":"Specagra","description":"P\u00f5llumajandustehnika ja varuosad","publisher":{"@id":"https:\/\/www.specagra.ee\/#organization"},"potentialAction":[{"@type":"SearchAction","target":{"@type":"EntryPoint","urlTemplate":"https:\/\/www.specagra.ee\/?s={search_term_string}"},"query-input":{"@type":"PropertyValueSpecification","valueRequired":true,"valueName":"search_term_string"}}],"inLanguage":"et"},{"@type":"Organization","@id":"https:\/\/www.specagra.ee\/#organization","name":"UAB Specagra","url":"https:\/\/www.specagra.ee\/","logo":{"@type":"ImageObject","inLanguage":"et","@id":"https:\/\/www.specagra.ee\/#\/schema\/logo\/image\/","url":"http:\/\/www.specagra.ee\/wp-content\/uploads\/2022\/02\/SP-logo_naujas-scaled.jpg","contentUrl":"http:\/\/www.specagra.ee\/wp-content\/uploads\/2022\/02\/SP-logo_naujas-scaled.jpg","width":2560,"height":326,"caption":"UAB Specagra"},"image":{"@id":"https:\/\/www.specagra.ee\/#\/schema\/logo\/image\/"}}]}},"_links":{"self":[{"href":"https:\/\/www.specagra.ee\/index.php?rest_route=\/wp\/v2\/product\/2399","targetHints":{"allow":["GET"]}}],"collection":[{"href":"https:\/\/www.specagra.ee\/index.php?rest_route=\/wp\/v2\/product"}],"about":[{"href":"https:\/\/www.specagra.ee\/index.php?rest_route=\/wp\/v2\/types\/product"}],"wp:featuredmedia":[{"embeddable":true,"href":"https:\/\/www.specagra.ee\/index.php?rest_route=\/wp\/v2\/media\/17991"}],"wp:attachment":[{"href":"https:\/\/www.specagra.ee\/index.php?rest_route=%2Fwp%2Fv2%2Fmedia&parent=2399"}],"wp:term":[{"taxonomy":"product_brand","embeddable":true,"href":"https:\/\/www.specagra.ee\/index.php?rest_route=%2Fwp%2Fv2%2Fproduct_brand&post=2399"},{"taxonomy":"product_cat","embeddable":true,"href":"https:\/\/www.specagra.ee\/index.php?rest_route=%2Fwp%2Fv2%2Fproduct_cat&post=2399"},{"taxonomy":"product_tag","embeddable":true,"href":"https:\/\/www.specagra.ee\/index.php?rest_route=%2Fwp%2Fv2%2Fproduct_tag&post=2399"}],"curies":[{"name":"wp","href":"https:\/\/api.w.org\/{rel}","templated":true}]}}