{"id":2369,"date":"2020-06-25T09:44:42","date_gmt":"2020-06-25T11:44:42","guid":{"rendered":"https:\/\/www.specagra.ee.nemokamossvetaines.hostingas.lt\/?post_type=product&#038;p=2369"},"modified":"2022-10-18T06:44:21","modified_gmt":"2022-10-18T08:44:21","slug":"sejamosios-fp-250-500","status":"publish","type":"product","link":"https:\/\/www.specagra.ee\/?product=sejamosios-fp-250-500","title":{"rendered":"S\u0117jamosios FP 250\/500"},"content":{"rendered":"<p>Standartin\u0117 komplektacija:<\/p>\n<ul>\n<li>25 m., \u0161langos<\/li>\n<li>Smulki\u0173 s\u0117kl\u0173 velen\u0117lis<\/li>\n<li>Stambi\u0173 s\u0117kl\u0173 velen\u0117lis<\/li>\n<li>Mai\u0161ytuvas<\/li>\n<li>Paskirstymo l\u0117k\u0161tel\u0117s 8 vnt.<\/li>\n<li>I\u0161p\u016btimo angos \u2013 8 vnt.<\/li>\n<li>Valdymas \u2013 STARTER FP<\/li>\n<li>Svarstykl\u0117s<\/li>\n<li>Kalibravimo mai\u0161as<\/li>\n<li>U\u017edaromas plastikinis bunkeris<\/li>\n<\/ul>\n<p>Papildoma komplektacija:<\/p>\n<ul>\n<li>Kompiuteris PILOT FP (rato grei\u010dio daviklis)<\/li>\n<li>Kompiuteris PILOT FP (GPS \u2013 grei\u010dio palaikymas)<\/li>\n<li>Kompiuteris PILOT FP (laidas grei\u010dio impulsams i\u0161 traktoriaus)<\/li>\n<li>U\u017emontavimo konstrukcija<\/li>\n<\/ul>\n","protected":false},"excerpt":{"rendered":"<p>Standartin\u0117 komplektacija: 25 m., \u0161langos Smulki\u0173 s\u0117kl\u0173 velen\u0117lis Stambi\u0173 s\u0117kl\u0173 velen\u0117lis Mai\u0161ytuvas Paskirstymo l\u0117k\u0161tel\u0117s 8 vnt. I\u0161p\u016btimo angos \u2013 8 vnt. Valdymas \u2013 STARTER FP Svarstykl\u0117s Kalibravimo mai\u0161as U\u017edaromas plastikinis bunkeris Papildoma komplektacija: Kompiuteris PILOT FP (rato grei\u010dio daviklis) Kompiuteris PILOT FP (GPS \u2013 grei\u010dio palaikymas) Kompiuteris PILOT FP (laidas grei\u010dio impulsams i\u0161 traktoriaus) U\u017emontavimo [&hellip;]<\/p>\n","protected":false},"featured_media":19080,"template":"","meta":[],"product_brand":[],"product_cat":[55,57],"product_tag":[],"class_list":{"0":"post-2369","1":"product","2":"type-product","3":"status-publish","4":"has-post-thumbnail","6":"product_cat-kulvikud","7":"product_cat-pneumaatilised","9":"first","10":"instock","11":"shipping-taxable","12":"product-type-simple"},"yoast_head":"<!-- This site is optimized with the Yoast SEO plugin v27.3 - https:\/\/yoast.com\/product\/yoast-seo-wordpress\/ -->\n<title>S\u0117jamosios FP 250\/500 - Specagra<\/title>\n<meta name=\"robots\" content=\"index, follow, max-snippet:-1, max-image-preview:large, max-video-preview:-1\" \/>\n<link rel=\"canonical\" href=\"https:\/\/www.specagra.ee\/?product=sejamosios-fp-250-500\" \/>\n<meta property=\"og:locale\" content=\"et_EE\" \/>\n<meta property=\"og:type\" content=\"article\" \/>\n<meta property=\"og:title\" content=\"S\u0117jamosios FP 250\/500 - Specagra\" \/>\n<meta property=\"og:description\" content=\"Standartin\u0117 komplektacija: 25 m., \u0161langos Smulki\u0173 s\u0117kl\u0173 velen\u0117lis Stambi\u0173 s\u0117kl\u0173 velen\u0117lis Mai\u0161ytuvas Paskirstymo l\u0117k\u0161tel\u0117s 8 vnt. I\u0161p\u016btimo angos \u2013 8 vnt. Valdymas \u2013 STARTER FP Svarstykl\u0117s Kalibravimo mai\u0161as U\u017edaromas plastikinis bunkeris Papildoma komplektacija: Kompiuteris PILOT FP (rato grei\u010dio daviklis) Kompiuteris PILOT FP (GPS \u2013 grei\u010dio palaikymas) Kompiuteris PILOT FP (laidas grei\u010dio impulsams i\u0161 traktoriaus) U\u017emontavimo [&hellip;]\" \/>\n<meta property=\"og:url\" content=\"https:\/\/www.specagra.ee\/?product=sejamosios-fp-250-500\" \/>\n<meta property=\"og:site_name\" content=\"Specagra\" \/>\n<meta property=\"article:modified_time\" content=\"2022-10-18T08:44:21+00:00\" \/>\n<meta property=\"og:image\" content=\"https:\/\/www.specagra.ee\/wp-content\/uploads\/2020\/06\/Copy-of-0203139731-1280-\u00d7-720-px-896-\u00d7-503-px133.jpg\" \/>\n\t<meta property=\"og:image:width\" content=\"896\" \/>\n\t<meta property=\"og:image:height\" content=\"503\" \/>\n\t<meta property=\"og:image:type\" content=\"image\/jpeg\" \/>\n<meta name=\"twitter:card\" content=\"summary_large_image\" \/>\n<meta name=\"twitter:label1\" content=\"Est. reading time\" \/>\n\t<meta name=\"twitter:data1\" content=\"1 minut\" \/>\n<script type=\"application\/ld+json\" class=\"yoast-schema-graph\">{\"@context\":\"https:\\\/\\\/schema.org\",\"@graph\":[{\"@type\":\"WebPage\",\"@id\":\"https:\\\/\\\/www.specagra.ee\\\/?product=sejamosios-fp-250-500\",\"url\":\"https:\\\/\\\/www.specagra.ee\\\/?product=sejamosios-fp-250-500\",\"name\":\"S\u0117jamosios FP 250\\\/500 - Specagra\",\"isPartOf\":{\"@id\":\"https:\\\/\\\/www.specagra.ee\\\/#website\"},\"primaryImageOfPage\":{\"@id\":\"https:\\\/\\\/www.specagra.ee\\\/?product=sejamosios-fp-250-500#primaryimage\"},\"image\":{\"@id\":\"https:\\\/\\\/www.specagra.ee\\\/?product=sejamosios-fp-250-500#primaryimage\"},\"thumbnailUrl\":\"https:\\\/\\\/www.specagra.ee\\\/wp-content\\\/uploads\\\/2020\\\/06\\\/Copy-of-0203139731-1280-\u00d7-720-px-896-\u00d7-503-px133.jpg\",\"datePublished\":\"2020-06-25T11:44:42+00:00\",\"dateModified\":\"2022-10-18T08:44:21+00:00\",\"breadcrumb\":{\"@id\":\"https:\\\/\\\/www.specagra.ee\\\/?product=sejamosios-fp-250-500#breadcrumb\"},\"inLanguage\":\"et\",\"potentialAction\":[{\"@type\":\"ReadAction\",\"target\":[\"https:\\\/\\\/www.specagra.ee\\\/?product=sejamosios-fp-250-500\"]}]},{\"@type\":\"ImageObject\",\"inLanguage\":\"et\",\"@id\":\"https:\\\/\\\/www.specagra.ee\\\/?product=sejamosios-fp-250-500#primaryimage\",\"url\":\"https:\\\/\\\/www.specagra.ee\\\/wp-content\\\/uploads\\\/2020\\\/06\\\/Copy-of-0203139731-1280-\u00d7-720-px-896-\u00d7-503-px133.jpg\",\"contentUrl\":\"https:\\\/\\\/www.specagra.ee\\\/wp-content\\\/uploads\\\/2020\\\/06\\\/Copy-of-0203139731-1280-\u00d7-720-px-896-\u00d7-503-px133.jpg\",\"width\":896,\"height\":503,\"caption\":\"S\u0117jamosios FP 250\\\/500\"},{\"@type\":\"BreadcrumbList\",\"@id\":\"https:\\\/\\\/www.specagra.ee\\\/?product=sejamosios-fp-250-500#breadcrumb\",\"itemListElement\":[{\"@type\":\"ListItem\",\"position\":1,\"name\":\"Home\",\"item\":\"https:\\\/\\\/specagra.ee\\\/\"},{\"@type\":\"ListItem\",\"position\":2,\"name\":\"P\u00f5llumajandustehnika ja loomakasvatus\",\"item\":\"https:\\\/\\\/specagra.ee\\\/?page_id=18493\"},{\"@type\":\"ListItem\",\"position\":3,\"name\":\"S\u0117jamosios FP 250\\\/500\"}]},{\"@type\":\"WebSite\",\"@id\":\"https:\\\/\\\/www.specagra.ee\\\/#website\",\"url\":\"https:\\\/\\\/www.specagra.ee\\\/\",\"name\":\"Specagra\",\"description\":\"P\u00f5llumajandustehnika ja varuosad\",\"publisher\":{\"@id\":\"https:\\\/\\\/www.specagra.ee\\\/#organization\"},\"potentialAction\":[{\"@type\":\"SearchAction\",\"target\":{\"@type\":\"EntryPoint\",\"urlTemplate\":\"https:\\\/\\\/www.specagra.ee\\\/?s={search_term_string}\"},\"query-input\":{\"@type\":\"PropertyValueSpecification\",\"valueRequired\":true,\"valueName\":\"search_term_string\"}}],\"inLanguage\":\"et\"},{\"@type\":\"Organization\",\"@id\":\"https:\\\/\\\/www.specagra.ee\\\/#organization\",\"name\":\"UAB Specagra\",\"url\":\"https:\\\/\\\/www.specagra.ee\\\/\",\"logo\":{\"@type\":\"ImageObject\",\"inLanguage\":\"et\",\"@id\":\"https:\\\/\\\/www.specagra.ee\\\/#\\\/schema\\\/logo\\\/image\\\/\",\"url\":\"http:\\\/\\\/www.specagra.ee\\\/wp-content\\\/uploads\\\/2022\\\/02\\\/SP-logo_naujas-scaled.jpg\",\"contentUrl\":\"http:\\\/\\\/www.specagra.ee\\\/wp-content\\\/uploads\\\/2022\\\/02\\\/SP-logo_naujas-scaled.jpg\",\"width\":2560,\"height\":326,\"caption\":\"UAB Specagra\"},\"image\":{\"@id\":\"https:\\\/\\\/www.specagra.ee\\\/#\\\/schema\\\/logo\\\/image\\\/\"}}]}<\/script>\n<!-- \/ Yoast SEO plugin. -->","yoast_head_json":{"title":"S\u0117jamosios FP 250\/500 - Specagra","robots":{"index":"index","follow":"follow","max-snippet":"max-snippet:-1","max-image-preview":"max-image-preview:large","max-video-preview":"max-video-preview:-1"},"canonical":"https:\/\/www.specagra.ee\/?product=sejamosios-fp-250-500","og_locale":"et_EE","og_type":"article","og_title":"S\u0117jamosios FP 250\/500 - Specagra","og_description":"Standartin\u0117 komplektacija: 25 m., \u0161langos Smulki\u0173 s\u0117kl\u0173 velen\u0117lis Stambi\u0173 s\u0117kl\u0173 velen\u0117lis Mai\u0161ytuvas Paskirstymo l\u0117k\u0161tel\u0117s 8 vnt. I\u0161p\u016btimo angos \u2013 8 vnt. Valdymas \u2013 STARTER FP Svarstykl\u0117s Kalibravimo mai\u0161as U\u017edaromas plastikinis bunkeris Papildoma komplektacija: Kompiuteris PILOT FP (rato grei\u010dio daviklis) Kompiuteris PILOT FP (GPS \u2013 grei\u010dio palaikymas) Kompiuteris PILOT FP (laidas grei\u010dio impulsams i\u0161 traktoriaus) U\u017emontavimo [&hellip;]","og_url":"https:\/\/www.specagra.ee\/?product=sejamosios-fp-250-500","og_site_name":"Specagra","article_modified_time":"2022-10-18T08:44:21+00:00","og_image":[{"width":896,"height":503,"url":"https:\/\/www.specagra.ee\/wp-content\/uploads\/2020\/06\/Copy-of-0203139731-1280-\u00d7-720-px-896-\u00d7-503-px133.jpg","type":"image\/jpeg"}],"twitter_card":"summary_large_image","twitter_misc":{"Est. reading time":"1 minut"},"schema":{"@context":"https:\/\/schema.org","@graph":[{"@type":"WebPage","@id":"https:\/\/www.specagra.ee\/?product=sejamosios-fp-250-500","url":"https:\/\/www.specagra.ee\/?product=sejamosios-fp-250-500","name":"S\u0117jamosios FP 250\/500 - Specagra","isPartOf":{"@id":"https:\/\/www.specagra.ee\/#website"},"primaryImageOfPage":{"@id":"https:\/\/www.specagra.ee\/?product=sejamosios-fp-250-500#primaryimage"},"image":{"@id":"https:\/\/www.specagra.ee\/?product=sejamosios-fp-250-500#primaryimage"},"thumbnailUrl":"https:\/\/www.specagra.ee\/wp-content\/uploads\/2020\/06\/Copy-of-0203139731-1280-\u00d7-720-px-896-\u00d7-503-px133.jpg","datePublished":"2020-06-25T11:44:42+00:00","dateModified":"2022-10-18T08:44:21+00:00","breadcrumb":{"@id":"https:\/\/www.specagra.ee\/?product=sejamosios-fp-250-500#breadcrumb"},"inLanguage":"et","potentialAction":[{"@type":"ReadAction","target":["https:\/\/www.specagra.ee\/?product=sejamosios-fp-250-500"]}]},{"@type":"ImageObject","inLanguage":"et","@id":"https:\/\/www.specagra.ee\/?product=sejamosios-fp-250-500#primaryimage","url":"https:\/\/www.specagra.ee\/wp-content\/uploads\/2020\/06\/Copy-of-0203139731-1280-\u00d7-720-px-896-\u00d7-503-px133.jpg","contentUrl":"https:\/\/www.specagra.ee\/wp-content\/uploads\/2020\/06\/Copy-of-0203139731-1280-\u00d7-720-px-896-\u00d7-503-px133.jpg","width":896,"height":503,"caption":"S\u0117jamosios FP 250\/500"},{"@type":"BreadcrumbList","@id":"https:\/\/www.specagra.ee\/?product=sejamosios-fp-250-500#breadcrumb","itemListElement":[{"@type":"ListItem","position":1,"name":"Home","item":"https:\/\/specagra.ee\/"},{"@type":"ListItem","position":2,"name":"P\u00f5llumajandustehnika ja loomakasvatus","item":"https:\/\/specagra.ee\/?page_id=18493"},{"@type":"ListItem","position":3,"name":"S\u0117jamosios FP 250\/500"}]},{"@type":"WebSite","@id":"https:\/\/www.specagra.ee\/#website","url":"https:\/\/www.specagra.ee\/","name":"Specagra","description":"P\u00f5llumajandustehnika ja varuosad","publisher":{"@id":"https:\/\/www.specagra.ee\/#organization"},"potentialAction":[{"@type":"SearchAction","target":{"@type":"EntryPoint","urlTemplate":"https:\/\/www.specagra.ee\/?s={search_term_string}"},"query-input":{"@type":"PropertyValueSpecification","valueRequired":true,"valueName":"search_term_string"}}],"inLanguage":"et"},{"@type":"Organization","@id":"https:\/\/www.specagra.ee\/#organization","name":"UAB Specagra","url":"https:\/\/www.specagra.ee\/","logo":{"@type":"ImageObject","inLanguage":"et","@id":"https:\/\/www.specagra.ee\/#\/schema\/logo\/image\/","url":"http:\/\/www.specagra.ee\/wp-content\/uploads\/2022\/02\/SP-logo_naujas-scaled.jpg","contentUrl":"http:\/\/www.specagra.ee\/wp-content\/uploads\/2022\/02\/SP-logo_naujas-scaled.jpg","width":2560,"height":326,"caption":"UAB Specagra"},"image":{"@id":"https:\/\/www.specagra.ee\/#\/schema\/logo\/image\/"}}]}},"_links":{"self":[{"href":"https:\/\/www.specagra.ee\/index.php?rest_route=\/wp\/v2\/product\/2369","targetHints":{"allow":["GET"]}}],"collection":[{"href":"https:\/\/www.specagra.ee\/index.php?rest_route=\/wp\/v2\/product"}],"about":[{"href":"https:\/\/www.specagra.ee\/index.php?rest_route=\/wp\/v2\/types\/product"}],"wp:featuredmedia":[{"embeddable":true,"href":"https:\/\/www.specagra.ee\/index.php?rest_route=\/wp\/v2\/media\/19080"}],"wp:attachment":[{"href":"https:\/\/www.specagra.ee\/index.php?rest_route=%2Fwp%2Fv2%2Fmedia&parent=2369"}],"wp:term":[{"taxonomy":"product_brand","embeddable":true,"href":"https:\/\/www.specagra.ee\/index.php?rest_route=%2Fwp%2Fv2%2Fproduct_brand&post=2369"},{"taxonomy":"product_cat","embeddable":true,"href":"https:\/\/www.specagra.ee\/index.php?rest_route=%2Fwp%2Fv2%2Fproduct_cat&post=2369"},{"taxonomy":"product_tag","embeddable":true,"href":"https:\/\/www.specagra.ee\/index.php?rest_route=%2Fwp%2Fv2%2Fproduct_tag&post=2369"}],"curies":[{"name":"wp","href":"https:\/\/api.w.org\/{rel}","templated":true}]}}