{"id":2313,"date":"2020-06-25T09:07:08","date_gmt":"2020-06-25T11:07:08","guid":{"rendered":"https:\/\/www.specagra.ee.nemokamossvetaines.hostingas.lt\/?post_type=product&#038;p=2313"},"modified":"2022-09-27T06:02:11","modified_gmt":"2022-09-27T08:02:11","slug":"fs-t-drive-1500-3-1500-4","status":"publish","type":"product","link":"https:\/\/www.specagra.ee\/?product=fs-t-drive-1500-3-1500-4","title":{"rendered":"S\u0117jamosios FS T DRIVE 1500\/3. 1500\/4"},"content":{"rendered":"<p>Standartin\u0117 komplektacija\u00a0 :<\/p>\n<ul>\n<li>Prikabinimo a\u0161is 60-825\/28mm (versija 3m);<\/li>\n<li>Prikabinimo a\u0161is 60-965\/36mm (versija 4m);<\/li>\n<li>\u0160arnyrinis prikabinimo di\u0161liusu ;<\/li>\n<li>Dirvos \u012fdirbimas (dvi eil\u0117s l\u0117k\u0161\u010di\u0173 diam. 460 mm., su gumini\u0173 amortizatori\u0173 apsauga);<\/li>\n<li>Hidrauliniai \u017eymekliai;<\/li>\n<li>Transportavimo ratai 800mm., diagonaliniai;<\/li>\n<li>Elektrin\u0117s technologin\u0117s v\u0117\u017eios;<\/li>\n<li>Kompiuteris PILOT SEED;<\/li>\n<li>Pneumatin\u0117 sistema FS;<\/li>\n<li>Hidraulin\u0117 sistema ( 24 l\/min);<\/li>\n<li>Universal\u016bs i\u0161s\u0117jimo velen\u0117liai su papildomais dangteliais smulkioms s\u0117kloms s\u0117ti;<\/li>\n<li>Monometras (sumontuotas bunkerio priekyje);<\/li>\n<li>Belaipsn\u0117 mechanin\u0117 pavar\u0173 d\u0117\u017e\u0117, i\u0161s\u0117jimas nuo \u0161oninio mechaninio rato;<\/li>\n<li>\u0160oniniai deflektoriai;<\/li>\n<li>Aket\u0117l\u0117s;<\/li>\n<li>Laipteliai su aptarnavimo aik\u0161tele;<\/li>\n<li>Transportavimo \u017eibintai;<\/li>\n<li>S\u0117jimo diskai &#8220;SHELL&#8221; diametras 300mm. (savaime nusivalantys,spaudimas vieno disko \u012f dirv\u0105 25 kg);<\/li>\n<\/ul>\n<p>Papildoma komplektacija :<\/p>\n<ul>\n<li>Paketas PREMIUM ( &#8220;V&#8221; tipo diskai, diametras 350 mm, spaudimas \u012f dirv\u0105 80 kg., su privolavimo rateliais 330x50mm;<\/li>\n<li>Privolavimo rateliai diskams &#8220;SHELL&#8221; 330x50mm;<\/li>\n<li>Priekiniai ratai (195\u00d715);<\/li>\n<li>Segmentin\u0117 lyginimo lenta ( mechanin\u0117);<\/li>\n<li>Nuosava hidraulika (hidro siurblys montuojamas ant darbinio veleno, tepalo talpa, \u0161aldymo \u012franga);<\/li>\n<li>Kompiuteris SUPERIOR;<\/li>\n<\/ul>\n","protected":false},"excerpt":{"rendered":"<p>Standartin\u0117 komplektacija\u00a0 : Prikabinimo a\u0161is 60-825\/28mm (versija 3m); Prikabinimo a\u0161is 60-965\/36mm (versija 4m); \u0160arnyrinis prikabinimo di\u0161liusu ; Dirvos \u012fdirbimas (dvi eil\u0117s l\u0117k\u0161\u010di\u0173 diam. 460 mm., su gumini\u0173 amortizatori\u0173 apsauga); Hidrauliniai \u017eymekliai; Transportavimo ratai 800mm., diagonaliniai; Elektrin\u0117s technologin\u0117s v\u0117\u017eios; Kompiuteris PILOT SEED; Pneumatin\u0117 sistema FS; Hidraulin\u0117 sistema ( 24 l\/min); Universal\u016bs i\u0161s\u0117jimo velen\u0117liai su papildomais dangteliais [&hellip;]<\/p>\n","protected":false},"featured_media":18573,"template":"","meta":{"_et_pb_use_builder":"","_et_pb_old_content":"","_et_gb_content_width":""},"product_brand":[],"product_cat":[55,57],"product_tag":[],"class_list":{"0":"post-2313","1":"product","2":"type-product","3":"status-publish","4":"has-post-thumbnail","6":"product_cat-kulvikud","7":"product_cat-pneumaatilised","9":"first","10":"instock","11":"shipping-taxable","12":"product-type-simple"},"yoast_head":"<!-- This site is optimized with the Yoast SEO plugin v26.4 - https:\/\/yoast.com\/wordpress\/plugins\/seo\/ -->\n<title>S\u0117jamosios FS T DRIVE 1500\/3. 1500\/4 - Specagra<\/title>\n<meta name=\"robots\" content=\"index, follow, max-snippet:-1, max-image-preview:large, max-video-preview:-1\" \/>\n<link rel=\"canonical\" href=\"https:\/\/www.specagra.ee\/?product=fs-t-drive-1500-3-1500-4\" \/>\n<meta property=\"og:locale\" content=\"et_EE\" \/>\n<meta property=\"og:type\" content=\"article\" \/>\n<meta property=\"og:title\" content=\"S\u0117jamosios FS T DRIVE 1500\/3. 1500\/4 - Specagra\" \/>\n<meta property=\"og:description\" content=\"Standartin\u0117 komplektacija\u00a0 : Prikabinimo a\u0161is 60-825\/28mm (versija 3m); Prikabinimo a\u0161is 60-965\/36mm (versija 4m); \u0160arnyrinis prikabinimo di\u0161liusu ; Dirvos \u012fdirbimas (dvi eil\u0117s l\u0117k\u0161\u010di\u0173 diam. 460 mm., su gumini\u0173 amortizatori\u0173 apsauga); Hidrauliniai \u017eymekliai; Transportavimo ratai 800mm., diagonaliniai; Elektrin\u0117s technologin\u0117s v\u0117\u017eios; Kompiuteris PILOT SEED; Pneumatin\u0117 sistema FS; Hidraulin\u0117 sistema ( 24 l\/min); Universal\u016bs i\u0161s\u0117jimo velen\u0117liai su papildomais dangteliais [&hellip;]\" \/>\n<meta property=\"og:url\" content=\"https:\/\/www.specagra.ee\/?product=fs-t-drive-1500-3-1500-4\" \/>\n<meta property=\"og:site_name\" content=\"Specagra\" \/>\n<meta property=\"article:modified_time\" content=\"2022-09-27T08:02:11+00:00\" \/>\n<meta property=\"og:image\" content=\"https:\/\/www.specagra.ee\/wp-content\/uploads\/2020\/06\/Copy-of-0203139731-1280-\u00d7-720-px-896-\u00d7-503-px107.jpg\" \/>\n\t<meta property=\"og:image:width\" content=\"896\" \/>\n\t<meta property=\"og:image:height\" content=\"503\" \/>\n\t<meta property=\"og:image:type\" content=\"image\/jpeg\" \/>\n<meta name=\"twitter:card\" content=\"summary_large_image\" \/>\n<meta name=\"twitter:label1\" content=\"Est. reading time\" \/>\n\t<meta name=\"twitter:data1\" content=\"1 minut\" \/>\n<script type=\"application\/ld+json\" class=\"yoast-schema-graph\">{\"@context\":\"https:\/\/schema.org\",\"@graph\":[{\"@type\":\"WebPage\",\"@id\":\"https:\/\/www.specagra.ee\/?product=fs-t-drive-1500-3-1500-4\",\"url\":\"https:\/\/www.specagra.ee\/?product=fs-t-drive-1500-3-1500-4\",\"name\":\"S\u0117jamosios FS T DRIVE 1500\/3. 1500\/4 - Specagra\",\"isPartOf\":{\"@id\":\"https:\/\/www.specagra.ee\/#website\"},\"primaryImageOfPage\":{\"@id\":\"https:\/\/www.specagra.ee\/?product=fs-t-drive-1500-3-1500-4#primaryimage\"},\"image\":{\"@id\":\"https:\/\/www.specagra.ee\/?product=fs-t-drive-1500-3-1500-4#primaryimage\"},\"thumbnailUrl\":\"https:\/\/www.specagra.ee\/wp-content\/uploads\/2020\/06\/Copy-of-0203139731-1280-\u00d7-720-px-896-\u00d7-503-px107.jpg\",\"datePublished\":\"2020-06-25T11:07:08+00:00\",\"dateModified\":\"2022-09-27T08:02:11+00:00\",\"breadcrumb\":{\"@id\":\"https:\/\/www.specagra.ee\/?product=fs-t-drive-1500-3-1500-4#breadcrumb\"},\"inLanguage\":\"et\",\"potentialAction\":[{\"@type\":\"ReadAction\",\"target\":[\"https:\/\/www.specagra.ee\/?product=fs-t-drive-1500-3-1500-4\"]}]},{\"@type\":\"ImageObject\",\"inLanguage\":\"et\",\"@id\":\"https:\/\/www.specagra.ee\/?product=fs-t-drive-1500-3-1500-4#primaryimage\",\"url\":\"https:\/\/www.specagra.ee\/wp-content\/uploads\/2020\/06\/Copy-of-0203139731-1280-\u00d7-720-px-896-\u00d7-503-px107.jpg\",\"contentUrl\":\"https:\/\/www.specagra.ee\/wp-content\/uploads\/2020\/06\/Copy-of-0203139731-1280-\u00d7-720-px-896-\u00d7-503-px107.jpg\",\"width\":896,\"height\":503,\"caption\":\"S\u0117jamosios FS T DRIVE 1500\/3, 1500\/4\"},{\"@type\":\"BreadcrumbList\",\"@id\":\"https:\/\/www.specagra.ee\/?product=fs-t-drive-1500-3-1500-4#breadcrumb\",\"itemListElement\":[{\"@type\":\"ListItem\",\"position\":1,\"name\":\"Home\",\"item\":\"https:\/\/www.specagra.ee\/\"},{\"@type\":\"ListItem\",\"position\":2,\"name\":\"P\u00f5llumajandustehnika ja loomakasvatus\",\"item\":\"https:\/\/specagra.ee\/?page_id=18493\"},{\"@type\":\"ListItem\",\"position\":3,\"name\":\"S\u0117jamosios FS T DRIVE 1500\/3. 1500\/4\"}]},{\"@type\":\"WebSite\",\"@id\":\"https:\/\/www.specagra.ee\/#website\",\"url\":\"https:\/\/www.specagra.ee\/\",\"name\":\"Specagra\",\"description\":\"P\u00f5llumajandustehnika ja varuosad\",\"publisher\":{\"@id\":\"https:\/\/www.specagra.ee\/#organization\"},\"potentialAction\":[{\"@type\":\"SearchAction\",\"target\":{\"@type\":\"EntryPoint\",\"urlTemplate\":\"https:\/\/www.specagra.ee\/?s={search_term_string}\"},\"query-input\":{\"@type\":\"PropertyValueSpecification\",\"valueRequired\":true,\"valueName\":\"search_term_string\"}}],\"inLanguage\":\"et\"},{\"@type\":\"Organization\",\"@id\":\"https:\/\/www.specagra.ee\/#organization\",\"name\":\"UAB Specagra\",\"url\":\"https:\/\/www.specagra.ee\/\",\"logo\":{\"@type\":\"ImageObject\",\"inLanguage\":\"et\",\"@id\":\"https:\/\/www.specagra.ee\/#\/schema\/logo\/image\/\",\"url\":\"http:\/\/www.specagra.ee\/wp-content\/uploads\/2022\/02\/SP-logo_naujas-scaled.jpg\",\"contentUrl\":\"http:\/\/www.specagra.ee\/wp-content\/uploads\/2022\/02\/SP-logo_naujas-scaled.jpg\",\"width\":2560,\"height\":326,\"caption\":\"UAB Specagra\"},\"image\":{\"@id\":\"https:\/\/www.specagra.ee\/#\/schema\/logo\/image\/\"}}]}<\/script>\n<!-- \/ Yoast SEO plugin. -->","yoast_head_json":{"title":"S\u0117jamosios FS T DRIVE 1500\/3. 1500\/4 - Specagra","robots":{"index":"index","follow":"follow","max-snippet":"max-snippet:-1","max-image-preview":"max-image-preview:large","max-video-preview":"max-video-preview:-1"},"canonical":"https:\/\/www.specagra.ee\/?product=fs-t-drive-1500-3-1500-4","og_locale":"et_EE","og_type":"article","og_title":"S\u0117jamosios FS T DRIVE 1500\/3. 1500\/4 - Specagra","og_description":"Standartin\u0117 komplektacija\u00a0 : Prikabinimo a\u0161is 60-825\/28mm (versija 3m); Prikabinimo a\u0161is 60-965\/36mm (versija 4m); \u0160arnyrinis prikabinimo di\u0161liusu ; Dirvos \u012fdirbimas (dvi eil\u0117s l\u0117k\u0161\u010di\u0173 diam. 460 mm., su gumini\u0173 amortizatori\u0173 apsauga); Hidrauliniai \u017eymekliai; Transportavimo ratai 800mm., diagonaliniai; Elektrin\u0117s technologin\u0117s v\u0117\u017eios; Kompiuteris PILOT SEED; Pneumatin\u0117 sistema FS; Hidraulin\u0117 sistema ( 24 l\/min); Universal\u016bs i\u0161s\u0117jimo velen\u0117liai su papildomais dangteliais [&hellip;]","og_url":"https:\/\/www.specagra.ee\/?product=fs-t-drive-1500-3-1500-4","og_site_name":"Specagra","article_modified_time":"2022-09-27T08:02:11+00:00","og_image":[{"width":896,"height":503,"url":"https:\/\/www.specagra.ee\/wp-content\/uploads\/2020\/06\/Copy-of-0203139731-1280-\u00d7-720-px-896-\u00d7-503-px107.jpg","type":"image\/jpeg"}],"twitter_card":"summary_large_image","twitter_misc":{"Est. reading time":"1 minut"},"schema":{"@context":"https:\/\/schema.org","@graph":[{"@type":"WebPage","@id":"https:\/\/www.specagra.ee\/?product=fs-t-drive-1500-3-1500-4","url":"https:\/\/www.specagra.ee\/?product=fs-t-drive-1500-3-1500-4","name":"S\u0117jamosios FS T DRIVE 1500\/3. 1500\/4 - Specagra","isPartOf":{"@id":"https:\/\/www.specagra.ee\/#website"},"primaryImageOfPage":{"@id":"https:\/\/www.specagra.ee\/?product=fs-t-drive-1500-3-1500-4#primaryimage"},"image":{"@id":"https:\/\/www.specagra.ee\/?product=fs-t-drive-1500-3-1500-4#primaryimage"},"thumbnailUrl":"https:\/\/www.specagra.ee\/wp-content\/uploads\/2020\/06\/Copy-of-0203139731-1280-\u00d7-720-px-896-\u00d7-503-px107.jpg","datePublished":"2020-06-25T11:07:08+00:00","dateModified":"2022-09-27T08:02:11+00:00","breadcrumb":{"@id":"https:\/\/www.specagra.ee\/?product=fs-t-drive-1500-3-1500-4#breadcrumb"},"inLanguage":"et","potentialAction":[{"@type":"ReadAction","target":["https:\/\/www.specagra.ee\/?product=fs-t-drive-1500-3-1500-4"]}]},{"@type":"ImageObject","inLanguage":"et","@id":"https:\/\/www.specagra.ee\/?product=fs-t-drive-1500-3-1500-4#primaryimage","url":"https:\/\/www.specagra.ee\/wp-content\/uploads\/2020\/06\/Copy-of-0203139731-1280-\u00d7-720-px-896-\u00d7-503-px107.jpg","contentUrl":"https:\/\/www.specagra.ee\/wp-content\/uploads\/2020\/06\/Copy-of-0203139731-1280-\u00d7-720-px-896-\u00d7-503-px107.jpg","width":896,"height":503,"caption":"S\u0117jamosios FS T DRIVE 1500\/3, 1500\/4"},{"@type":"BreadcrumbList","@id":"https:\/\/www.specagra.ee\/?product=fs-t-drive-1500-3-1500-4#breadcrumb","itemListElement":[{"@type":"ListItem","position":1,"name":"Home","item":"https:\/\/www.specagra.ee\/"},{"@type":"ListItem","position":2,"name":"P\u00f5llumajandustehnika ja loomakasvatus","item":"https:\/\/specagra.ee\/?page_id=18493"},{"@type":"ListItem","position":3,"name":"S\u0117jamosios FS T DRIVE 1500\/3. 1500\/4"}]},{"@type":"WebSite","@id":"https:\/\/www.specagra.ee\/#website","url":"https:\/\/www.specagra.ee\/","name":"Specagra","description":"P\u00f5llumajandustehnika ja varuosad","publisher":{"@id":"https:\/\/www.specagra.ee\/#organization"},"potentialAction":[{"@type":"SearchAction","target":{"@type":"EntryPoint","urlTemplate":"https:\/\/www.specagra.ee\/?s={search_term_string}"},"query-input":{"@type":"PropertyValueSpecification","valueRequired":true,"valueName":"search_term_string"}}],"inLanguage":"et"},{"@type":"Organization","@id":"https:\/\/www.specagra.ee\/#organization","name":"UAB Specagra","url":"https:\/\/www.specagra.ee\/","logo":{"@type":"ImageObject","inLanguage":"et","@id":"https:\/\/www.specagra.ee\/#\/schema\/logo\/image\/","url":"http:\/\/www.specagra.ee\/wp-content\/uploads\/2022\/02\/SP-logo_naujas-scaled.jpg","contentUrl":"http:\/\/www.specagra.ee\/wp-content\/uploads\/2022\/02\/SP-logo_naujas-scaled.jpg","width":2560,"height":326,"caption":"UAB Specagra"},"image":{"@id":"https:\/\/www.specagra.ee\/#\/schema\/logo\/image\/"}}]}},"_links":{"self":[{"href":"https:\/\/www.specagra.ee\/index.php?rest_route=\/wp\/v2\/product\/2313","targetHints":{"allow":["GET"]}}],"collection":[{"href":"https:\/\/www.specagra.ee\/index.php?rest_route=\/wp\/v2\/product"}],"about":[{"href":"https:\/\/www.specagra.ee\/index.php?rest_route=\/wp\/v2\/types\/product"}],"wp:featuredmedia":[{"embeddable":true,"href":"https:\/\/www.specagra.ee\/index.php?rest_route=\/wp\/v2\/media\/18573"}],"wp:attachment":[{"href":"https:\/\/www.specagra.ee\/index.php?rest_route=%2Fwp%2Fv2%2Fmedia&parent=2313"}],"wp:term":[{"taxonomy":"product_brand","embeddable":true,"href":"https:\/\/www.specagra.ee\/index.php?rest_route=%2Fwp%2Fv2%2Fproduct_brand&post=2313"},{"taxonomy":"product_cat","embeddable":true,"href":"https:\/\/www.specagra.ee\/index.php?rest_route=%2Fwp%2Fv2%2Fproduct_cat&post=2313"},{"taxonomy":"product_tag","embeddable":true,"href":"https:\/\/www.specagra.ee\/index.php?rest_route=%2Fwp%2Fv2%2Fproduct_tag&post=2313"}],"curies":[{"name":"wp","href":"https:\/\/api.w.org\/{rel}","templated":true}]}}