{"id":2293,"date":"2020-06-25T07:37:17","date_gmt":"2020-06-25T09:37:17","guid":{"rendered":"https:\/\/www.specagra.ee.nemokamossvetaines.hostingas.lt\/?post_type=product&#038;p=2293"},"modified":"2022-09-27T05:43:00","modified_gmt":"2022-09-27T07:43:00","slug":"fenix-3000-3-4","status":"publish","type":"product","link":"https:\/\/www.specagra.ee\/?product=fenix-3000-3-4","title":{"rendered":"S\u0117jamosios FENIX 3000\/3\/4"},"content":{"rendered":"<p>Standartin\u0117 komplektacija :<\/p>\n<ul>\n<li>Prikabinimo a\u0161is III \u2013 kategorija;<\/li>\n<li>Prikabinimas su ratais Packer 800 (sukiojami), padangos 4x800mm;<\/li>\n<li>Dviej\u0173 eili\u0173 dirvos \u012fdirbimo diskai 485 mm, su gumini\u0173 amortizatori\u0173 apsauga, neaptarnaujamos guoliaviet\u0117s;<\/li>\n<li>Privolavimo- transportavimo ratai diametru 910 mm (420\/55-17);<\/li>\n<li>Dvigubi s\u0117jimo diskai \u201eV-TECH\u201c \u00f8350, su privolavimo- kopijavimo rateliais 300\u00d750 mm;<\/li>\n<li>Minimalus s\u0117jimo disk\u0173 sl\u0117gis \u012f dirv\u0105 40 kg;<\/li>\n<li>Atstumas tarp disk\u0173 15 cm;<\/li>\n<li>S\u0117jamosios atskira hidraulin\u0117 sistema (siurblys montuojamas ant darbinio veleno+hidraulio bakas+au\u0161intuvas) 16 l\/min;<\/li>\n<li>Hidraulikos valdymo blokas HYDROMAX;<\/li>\n<li>Elektrin\u0117s technologin\u0117s v\u0117\u017eios;<\/li>\n<li>Hidrauliniai \u017eenklintuvai;<\/li>\n<li>Kompiuteris DRILL CONTROL, galima keisti normas, prijunkti GPS, planuoti technologines v\u0117\u017eias, saugoti informacij\u0105, steb\u0117ti parametrus, naudojamas grei\u010dio radaras;<\/li>\n<li>Stov\u0117jimo platforma su laipteliu;<\/li>\n<li>Centralinis ir individualus disk\u0173 spaudimas;<\/li>\n<li>Bandomojo s\u0117klos normos nustatymo \u012franga;<\/li>\n<li>Manometras;<\/li>\n<li>\u0160oninia deflektoriai;<\/li>\n<li>Aket\u0117l\u0117s;<\/li>\n<li>Transportavimo plotis 3 m;<\/li>\n<li>Transportin\u0117s \u0161viesos.<\/li>\n<li>Transportavimo ratai 420\/55-17<\/li>\n<\/ul>\n<p>Papildoma komplektacija:<\/p>\n<ul>\n<li>Papildomi \u017eenklintuvai (rapsui);<\/li>\n<li>Priekin\u0117 segmentin\u0117 lyginimo lenta (valdoma hidrauli\u0161kai).<\/li>\n<\/ul>\n","protected":false},"excerpt":{"rendered":"<p>Standartin\u0117 komplektacija : Prikabinimo a\u0161is III \u2013 kategorija; Prikabinimas su ratais Packer 800 (sukiojami), padangos 4x800mm; Dviej\u0173 eili\u0173 dirvos \u012fdirbimo diskai 485 mm, su gumini\u0173 amortizatori\u0173 apsauga, neaptarnaujamos guoliaviet\u0117s; Privolavimo- transportavimo ratai diametru 910 mm (420\/55-17); Dvigubi s\u0117jimo diskai \u201eV-TECH\u201c \u00f8350, su privolavimo- kopijavimo rateliais 300\u00d750 mm; Minimalus s\u0117jimo disk\u0173 sl\u0117gis \u012f dirv\u0105 40 kg; [&hellip;]<\/p>\n","protected":false},"featured_media":18571,"template":"","meta":{"_et_pb_use_builder":"","_et_pb_old_content":"","_et_gb_content_width":""},"product_brand":[],"product_cat":[55,57],"product_tag":[],"class_list":{"0":"post-2293","1":"product","2":"type-product","3":"status-publish","4":"has-post-thumbnail","6":"product_cat-kulvikud","7":"product_cat-pneumaatilised","9":"first","10":"instock","11":"shipping-taxable","12":"product-type-simple"},"yoast_head":"<!-- This site is optimized with the Yoast SEO plugin v26.4 - https:\/\/yoast.com\/wordpress\/plugins\/seo\/ -->\n<title>S\u0117jamosios FENIX 3000\/3\/4 - Specagra<\/title>\n<meta name=\"robots\" content=\"index, follow, max-snippet:-1, max-image-preview:large, max-video-preview:-1\" \/>\n<link rel=\"canonical\" href=\"https:\/\/www.specagra.ee\/?product=fenix-3000-3-4\" \/>\n<meta property=\"og:locale\" content=\"et_EE\" \/>\n<meta property=\"og:type\" content=\"article\" \/>\n<meta property=\"og:title\" content=\"S\u0117jamosios FENIX 3000\/3\/4 - Specagra\" \/>\n<meta property=\"og:description\" content=\"Standartin\u0117 komplektacija : Prikabinimo a\u0161is III \u2013 kategorija; Prikabinimas su ratais Packer 800 (sukiojami), padangos 4x800mm; Dviej\u0173 eili\u0173 dirvos \u012fdirbimo diskai 485 mm, su gumini\u0173 amortizatori\u0173 apsauga, neaptarnaujamos guoliaviet\u0117s; Privolavimo- transportavimo ratai diametru 910 mm (420\/55-17); Dvigubi s\u0117jimo diskai \u201eV-TECH\u201c \u00f8350, su privolavimo- kopijavimo rateliais 300\u00d750 mm; Minimalus s\u0117jimo disk\u0173 sl\u0117gis \u012f dirv\u0105 40 kg; [&hellip;]\" \/>\n<meta property=\"og:url\" content=\"https:\/\/www.specagra.ee\/?product=fenix-3000-3-4\" \/>\n<meta property=\"og:site_name\" content=\"Specagra\" \/>\n<meta property=\"article:modified_time\" content=\"2022-09-27T07:43:00+00:00\" \/>\n<meta property=\"og:image\" content=\"https:\/\/www.specagra.ee\/wp-content\/uploads\/2020\/06\/Copy-of-0203139731-1280-\u00d7-720-px-896-\u00d7-503-px105.jpg\" \/>\n\t<meta property=\"og:image:width\" content=\"896\" \/>\n\t<meta property=\"og:image:height\" content=\"503\" \/>\n\t<meta property=\"og:image:type\" content=\"image\/jpeg\" \/>\n<meta name=\"twitter:card\" content=\"summary_large_image\" \/>\n<meta name=\"twitter:label1\" content=\"Est. reading time\" \/>\n\t<meta name=\"twitter:data1\" content=\"1 minut\" \/>\n<script type=\"application\/ld+json\" class=\"yoast-schema-graph\">{\"@context\":\"https:\/\/schema.org\",\"@graph\":[{\"@type\":\"WebPage\",\"@id\":\"https:\/\/www.specagra.ee\/?product=fenix-3000-3-4\",\"url\":\"https:\/\/www.specagra.ee\/?product=fenix-3000-3-4\",\"name\":\"S\u0117jamosios FENIX 3000\/3\/4 - Specagra\",\"isPartOf\":{\"@id\":\"https:\/\/www.specagra.ee\/#website\"},\"primaryImageOfPage\":{\"@id\":\"https:\/\/www.specagra.ee\/?product=fenix-3000-3-4#primaryimage\"},\"image\":{\"@id\":\"https:\/\/www.specagra.ee\/?product=fenix-3000-3-4#primaryimage\"},\"thumbnailUrl\":\"https:\/\/www.specagra.ee\/wp-content\/uploads\/2020\/06\/Copy-of-0203139731-1280-\u00d7-720-px-896-\u00d7-503-px105.jpg\",\"datePublished\":\"2020-06-25T09:37:17+00:00\",\"dateModified\":\"2022-09-27T07:43:00+00:00\",\"breadcrumb\":{\"@id\":\"https:\/\/www.specagra.ee\/?product=fenix-3000-3-4#breadcrumb\"},\"inLanguage\":\"et\",\"potentialAction\":[{\"@type\":\"ReadAction\",\"target\":[\"https:\/\/www.specagra.ee\/?product=fenix-3000-3-4\"]}]},{\"@type\":\"ImageObject\",\"inLanguage\":\"et\",\"@id\":\"https:\/\/www.specagra.ee\/?product=fenix-3000-3-4#primaryimage\",\"url\":\"https:\/\/www.specagra.ee\/wp-content\/uploads\/2020\/06\/Copy-of-0203139731-1280-\u00d7-720-px-896-\u00d7-503-px105.jpg\",\"contentUrl\":\"https:\/\/www.specagra.ee\/wp-content\/uploads\/2020\/06\/Copy-of-0203139731-1280-\u00d7-720-px-896-\u00d7-503-px105.jpg\",\"width\":896,\"height\":503,\"caption\":\"S\u0117jamosios FENIX 3000\/3\/4\"},{\"@type\":\"BreadcrumbList\",\"@id\":\"https:\/\/www.specagra.ee\/?product=fenix-3000-3-4#breadcrumb\",\"itemListElement\":[{\"@type\":\"ListItem\",\"position\":1,\"name\":\"Home\",\"item\":\"https:\/\/www.specagra.ee\/\"},{\"@type\":\"ListItem\",\"position\":2,\"name\":\"P\u00f5llumajandustehnika ja loomakasvatus\",\"item\":\"https:\/\/specagra.ee\/?page_id=18493\"},{\"@type\":\"ListItem\",\"position\":3,\"name\":\"S\u0117jamosios FENIX 3000\/3\/4\"}]},{\"@type\":\"WebSite\",\"@id\":\"https:\/\/www.specagra.ee\/#website\",\"url\":\"https:\/\/www.specagra.ee\/\",\"name\":\"Specagra\",\"description\":\"P\u00f5llumajandustehnika ja varuosad\",\"publisher\":{\"@id\":\"https:\/\/www.specagra.ee\/#organization\"},\"potentialAction\":[{\"@type\":\"SearchAction\",\"target\":{\"@type\":\"EntryPoint\",\"urlTemplate\":\"https:\/\/www.specagra.ee\/?s={search_term_string}\"},\"query-input\":{\"@type\":\"PropertyValueSpecification\",\"valueRequired\":true,\"valueName\":\"search_term_string\"}}],\"inLanguage\":\"et\"},{\"@type\":\"Organization\",\"@id\":\"https:\/\/www.specagra.ee\/#organization\",\"name\":\"UAB Specagra\",\"url\":\"https:\/\/www.specagra.ee\/\",\"logo\":{\"@type\":\"ImageObject\",\"inLanguage\":\"et\",\"@id\":\"https:\/\/www.specagra.ee\/#\/schema\/logo\/image\/\",\"url\":\"http:\/\/www.specagra.ee\/wp-content\/uploads\/2022\/02\/SP-logo_naujas-scaled.jpg\",\"contentUrl\":\"http:\/\/www.specagra.ee\/wp-content\/uploads\/2022\/02\/SP-logo_naujas-scaled.jpg\",\"width\":2560,\"height\":326,\"caption\":\"UAB Specagra\"},\"image\":{\"@id\":\"https:\/\/www.specagra.ee\/#\/schema\/logo\/image\/\"}}]}<\/script>\n<!-- \/ Yoast SEO plugin. -->","yoast_head_json":{"title":"S\u0117jamosios FENIX 3000\/3\/4 - Specagra","robots":{"index":"index","follow":"follow","max-snippet":"max-snippet:-1","max-image-preview":"max-image-preview:large","max-video-preview":"max-video-preview:-1"},"canonical":"https:\/\/www.specagra.ee\/?product=fenix-3000-3-4","og_locale":"et_EE","og_type":"article","og_title":"S\u0117jamosios FENIX 3000\/3\/4 - Specagra","og_description":"Standartin\u0117 komplektacija : Prikabinimo a\u0161is III \u2013 kategorija; Prikabinimas su ratais Packer 800 (sukiojami), padangos 4x800mm; Dviej\u0173 eili\u0173 dirvos \u012fdirbimo diskai 485 mm, su gumini\u0173 amortizatori\u0173 apsauga, neaptarnaujamos guoliaviet\u0117s; Privolavimo- transportavimo ratai diametru 910 mm (420\/55-17); Dvigubi s\u0117jimo diskai \u201eV-TECH\u201c \u00f8350, su privolavimo- kopijavimo rateliais 300\u00d750 mm; Minimalus s\u0117jimo disk\u0173 sl\u0117gis \u012f dirv\u0105 40 kg; [&hellip;]","og_url":"https:\/\/www.specagra.ee\/?product=fenix-3000-3-4","og_site_name":"Specagra","article_modified_time":"2022-09-27T07:43:00+00:00","og_image":[{"width":896,"height":503,"url":"https:\/\/www.specagra.ee\/wp-content\/uploads\/2020\/06\/Copy-of-0203139731-1280-\u00d7-720-px-896-\u00d7-503-px105.jpg","type":"image\/jpeg"}],"twitter_card":"summary_large_image","twitter_misc":{"Est. reading time":"1 minut"},"schema":{"@context":"https:\/\/schema.org","@graph":[{"@type":"WebPage","@id":"https:\/\/www.specagra.ee\/?product=fenix-3000-3-4","url":"https:\/\/www.specagra.ee\/?product=fenix-3000-3-4","name":"S\u0117jamosios FENIX 3000\/3\/4 - Specagra","isPartOf":{"@id":"https:\/\/www.specagra.ee\/#website"},"primaryImageOfPage":{"@id":"https:\/\/www.specagra.ee\/?product=fenix-3000-3-4#primaryimage"},"image":{"@id":"https:\/\/www.specagra.ee\/?product=fenix-3000-3-4#primaryimage"},"thumbnailUrl":"https:\/\/www.specagra.ee\/wp-content\/uploads\/2020\/06\/Copy-of-0203139731-1280-\u00d7-720-px-896-\u00d7-503-px105.jpg","datePublished":"2020-06-25T09:37:17+00:00","dateModified":"2022-09-27T07:43:00+00:00","breadcrumb":{"@id":"https:\/\/www.specagra.ee\/?product=fenix-3000-3-4#breadcrumb"},"inLanguage":"et","potentialAction":[{"@type":"ReadAction","target":["https:\/\/www.specagra.ee\/?product=fenix-3000-3-4"]}]},{"@type":"ImageObject","inLanguage":"et","@id":"https:\/\/www.specagra.ee\/?product=fenix-3000-3-4#primaryimage","url":"https:\/\/www.specagra.ee\/wp-content\/uploads\/2020\/06\/Copy-of-0203139731-1280-\u00d7-720-px-896-\u00d7-503-px105.jpg","contentUrl":"https:\/\/www.specagra.ee\/wp-content\/uploads\/2020\/06\/Copy-of-0203139731-1280-\u00d7-720-px-896-\u00d7-503-px105.jpg","width":896,"height":503,"caption":"S\u0117jamosios FENIX 3000\/3\/4"},{"@type":"BreadcrumbList","@id":"https:\/\/www.specagra.ee\/?product=fenix-3000-3-4#breadcrumb","itemListElement":[{"@type":"ListItem","position":1,"name":"Home","item":"https:\/\/www.specagra.ee\/"},{"@type":"ListItem","position":2,"name":"P\u00f5llumajandustehnika ja loomakasvatus","item":"https:\/\/specagra.ee\/?page_id=18493"},{"@type":"ListItem","position":3,"name":"S\u0117jamosios FENIX 3000\/3\/4"}]},{"@type":"WebSite","@id":"https:\/\/www.specagra.ee\/#website","url":"https:\/\/www.specagra.ee\/","name":"Specagra","description":"P\u00f5llumajandustehnika ja varuosad","publisher":{"@id":"https:\/\/www.specagra.ee\/#organization"},"potentialAction":[{"@type":"SearchAction","target":{"@type":"EntryPoint","urlTemplate":"https:\/\/www.specagra.ee\/?s={search_term_string}"},"query-input":{"@type":"PropertyValueSpecification","valueRequired":true,"valueName":"search_term_string"}}],"inLanguage":"et"},{"@type":"Organization","@id":"https:\/\/www.specagra.ee\/#organization","name":"UAB Specagra","url":"https:\/\/www.specagra.ee\/","logo":{"@type":"ImageObject","inLanguage":"et","@id":"https:\/\/www.specagra.ee\/#\/schema\/logo\/image\/","url":"http:\/\/www.specagra.ee\/wp-content\/uploads\/2022\/02\/SP-logo_naujas-scaled.jpg","contentUrl":"http:\/\/www.specagra.ee\/wp-content\/uploads\/2022\/02\/SP-logo_naujas-scaled.jpg","width":2560,"height":326,"caption":"UAB Specagra"},"image":{"@id":"https:\/\/www.specagra.ee\/#\/schema\/logo\/image\/"}}]}},"_links":{"self":[{"href":"https:\/\/www.specagra.ee\/index.php?rest_route=\/wp\/v2\/product\/2293","targetHints":{"allow":["GET"]}}],"collection":[{"href":"https:\/\/www.specagra.ee\/index.php?rest_route=\/wp\/v2\/product"}],"about":[{"href":"https:\/\/www.specagra.ee\/index.php?rest_route=\/wp\/v2\/types\/product"}],"wp:featuredmedia":[{"embeddable":true,"href":"https:\/\/www.specagra.ee\/index.php?rest_route=\/wp\/v2\/media\/18571"}],"wp:attachment":[{"href":"https:\/\/www.specagra.ee\/index.php?rest_route=%2Fwp%2Fv2%2Fmedia&parent=2293"}],"wp:term":[{"taxonomy":"product_brand","embeddable":true,"href":"https:\/\/www.specagra.ee\/index.php?rest_route=%2Fwp%2Fv2%2Fproduct_brand&post=2293"},{"taxonomy":"product_cat","embeddable":true,"href":"https:\/\/www.specagra.ee\/index.php?rest_route=%2Fwp%2Fv2%2Fproduct_cat&post=2293"},{"taxonomy":"product_tag","embeddable":true,"href":"https:\/\/www.specagra.ee\/index.php?rest_route=%2Fwp%2Fv2%2Fproduct_tag&post=2293"}],"curies":[{"name":"wp","href":"https:\/\/api.w.org\/{rel}","templated":true}]}}