{"id":2262,"date":"2020-06-25T07:17:28","date_gmt":"2020-06-25T09:17:28","guid":{"rendered":"https:\/\/www.specagra.ee.nemokamossvetaines.hostingas.lt\/?post_type=product&#038;p=2262"},"modified":"2022-07-22T04:25:34","modified_gmt":"2022-07-22T06:25:34","slug":"polonez-4","status":"publish","type":"product","link":"https:\/\/www.specagra.ee\/?product=polonez-4","title":{"rendered":"S\u0117jamosios POLONEZ 4"},"content":{"rendered":"<p>Komplektacija:<\/p>\n<ul>\n<li>Pakabinimo a\u0161is \u00f828-825\/\u00f836 mm ;<\/li>\n<li>S\u0117jimo norag\u0117liai;<\/li>\n<li>Dvigubi \u201eV\u201c formos s\u0117jimo diskai \u201eV-TECH\u201c\u00a0 \u00f8300 mm (versija D) sl\u0117gis \u012f dirv\u0105 25 kg;<\/li>\n<li>Universal\u016bs i\u0161s\u0117jimo rateliai gr\u016bdams, rapsui ir kitoms kult\u016broms;<\/li>\n<li>Belaipsn\u0117 pavar\u0173 d\u0117\u017e\u0117;<\/li>\n<li>Hidrauliniai \u017eenklintuvai;<\/li>\n<li>Padangos 10\u00d715 ;<\/li>\n<li>Aket\u0117l\u0117s;<\/li>\n<li>Individualus dvigub\u0173 s\u0117jimo disk\u0173 spaudimas \u012f dirv\u0105;<\/li>\n<li>Centralizuotas dvigub\u0173 s\u0117jimo disk\u0173 spaudimas \u012f dirv\u0105;<\/li>\n<li>Tolygaus gylio palaikymo sistema;<\/li>\n<li>Mai\u0161ytuvas ir piltuv\u0117liai bunkeryje;<\/li>\n<li>Laiptelis su stov\u0117jimo platforma;<\/li>\n<li>Elektrin\u0117s technologin\u0117s v\u0117\u017eios STARTER SEED ( elektrin\u0117s technologin\u0117s v\u0117\u017eios su valdikliu : vaizduojamos technologin\u0117s v\u0117\u017eios skai\u010diais, automatinis technologini\u0173 v\u0117\u017ei\u0173 valdymas);<\/li>\n<\/ul>\n<p>Papildoma komplektacija:<\/p>\n<ul>\n<li>Paketas PILOT SEED ( elektrin\u0117s technologin\u0117s v\u0117\u017eios su\u00a0 kompiuteriu: automatinis technologini\u0173 v\u0117\u017ei\u0173 valdymas,automatinis v\u0117\u017ei\u0173 skai\u010diavimas nuo prava\u017eiavimo \u017eenklintuvo, hektar\u0173 skai\u010diuotuvas bendras ir atskirai darbo dienos, persp\u0117jimas apie tu\u0161t\u0117jant\u012f bunker\u012f, statistika 10 lauk\u0173, klaid\u0173 signalizacija, grei\u010dio parodymai, na\u0161umo parodymai);<\/li>\n<li>Paketas : SUPERIOR \u2013 (elektrin\u0117 s\u0117jos normos nustatymo sistema, rodoma s\u0117jos norma, s\u0117kl\u0173 kiekio kontrol\u0117 procentais, technologini\u0173 v\u0117\u017ei\u0173 planavimas, hektar\u0173 skai\u010diuotuvas, \u017eenklintuv\u0173 pozicija, 10 lauk\u0173 informacija, darbo laikas, informacija apie gedimus, spalvotas monitorius 5,7 colio, naktinis ap\u0161vietimas, JOYSTICK \u2013 komfort, USB duomen\u0173 perk\u0117limui, lie\u010diamas ekranas)<\/li>\n<li>Privolavimo \u2013 kopijavimo rateliai;<\/li>\n<li>Papildomi \u017eenklintuvai rapsui (hidrauliniai);<\/li>\n<li>S\u0117jimo diskai dvigubi savaime nusivalantys \u201eSHELL\u201c 300 mm., spaudimas \u012f dirv\u0105 25 kg.<\/li>\n<li>DUPLO tr\u0105\u0161\u0173 \u012ftrpimo sistema ( tr\u0105\u0161os su gr\u016bdais atskirtu bunkeriu 50\/50);<\/li>\n<li>Transportavimo \u017eibintai;<\/li>\n<li>\u017doli\u0173 s\u0117jimo s\u0117jamoji ALFA;<\/li>\n<li>V\u0117\u017ei\u0173 u\u017eertuvai;<\/li>\n<li>Talpos paauk\u0161tinimas 300 ltr.<\/li>\n<\/ul>\n","protected":false},"excerpt":{"rendered":"<p>Komplektacija: Pakabinimo a\u0161is \u00f828-825\/\u00f836 mm ; S\u0117jimo norag\u0117liai; Dvigubi \u201eV\u201c formos s\u0117jimo diskai \u201eV-TECH\u201c\u00a0 \u00f8300 mm (versija D) sl\u0117gis \u012f dirv\u0105 25 kg; Universal\u016bs i\u0161s\u0117jimo rateliai gr\u016bdams, rapsui ir kitoms kult\u016broms; Belaipsn\u0117 pavar\u0173 d\u0117\u017e\u0117; Hidrauliniai \u017eenklintuvai; Padangos 10\u00d715 ; Aket\u0117l\u0117s; Individualus dvigub\u0173 s\u0117jimo disk\u0173 spaudimas \u012f dirv\u0105; Centralizuotas dvigub\u0173 s\u0117jimo disk\u0173 spaudimas \u012f dirv\u0105; Tolygaus [&hellip;]<\/p>\n","protected":false},"featured_media":18040,"template":"","meta":{"_acf_changed":false},"product_brand":[],"product_cat":[55,56],"product_tag":[],"class_list":{"0":"post-2262","1":"product","2":"type-product","3":"status-publish","4":"has-post-thumbnail","6":"product_cat-kulvikud","7":"product_cat-mehaanilised","9":"first","10":"instock","11":"shipping-taxable","12":"product-type-simple"},"acf":[],"yoast_head":"<!-- This site is optimized with the Yoast SEO plugin v27.4 - https:\/\/yoast.com\/product\/yoast-seo-wordpress\/ -->\n<title>S\u0117jamosios POLONEZ 4 - Specagra<\/title>\n<meta name=\"robots\" content=\"index, follow, max-snippet:-1, max-image-preview:large, max-video-preview:-1\" \/>\n<link rel=\"canonical\" href=\"https:\/\/www.specagra.ee\/?product=polonez-4\" \/>\n<meta property=\"og:locale\" content=\"et_EE\" \/>\n<meta property=\"og:type\" content=\"article\" \/>\n<meta property=\"og:title\" content=\"S\u0117jamosios POLONEZ 4 - Specagra\" \/>\n<meta property=\"og:description\" content=\"Komplektacija: Pakabinimo a\u0161is \u00f828-825\/\u00f836 mm ; S\u0117jimo norag\u0117liai; Dvigubi \u201eV\u201c formos s\u0117jimo diskai \u201eV-TECH\u201c\u00a0 \u00f8300 mm (versija D) sl\u0117gis \u012f dirv\u0105 25 kg; Universal\u016bs i\u0161s\u0117jimo rateliai gr\u016bdams, rapsui ir kitoms kult\u016broms; Belaipsn\u0117 pavar\u0173 d\u0117\u017e\u0117; Hidrauliniai \u017eenklintuvai; Padangos 10\u00d715 ; Aket\u0117l\u0117s; Individualus dvigub\u0173 s\u0117jimo disk\u0173 spaudimas \u012f dirv\u0105; Centralizuotas dvigub\u0173 s\u0117jimo disk\u0173 spaudimas \u012f dirv\u0105; Tolygaus [&hellip;]\" \/>\n<meta property=\"og:url\" content=\"https:\/\/www.specagra.ee\/?product=polonez-4\" \/>\n<meta property=\"og:site_name\" content=\"Specagra\" \/>\n<meta property=\"article:modified_time\" content=\"2022-07-22T06:25:34+00:00\" \/>\n<meta property=\"og:image\" content=\"https:\/\/www.specagra.ee\/wp-content\/uploads\/2020\/06\/Copy-of-0203139731-1280-\u00d7-720-px-896-\u00d7-503-px37.jpg\" \/>\n\t<meta property=\"og:image:width\" content=\"896\" \/>\n\t<meta property=\"og:image:height\" content=\"503\" \/>\n\t<meta property=\"og:image:type\" content=\"image\/jpeg\" \/>\n<meta name=\"twitter:card\" content=\"summary_large_image\" \/>\n<meta name=\"twitter:label1\" content=\"Est. reading time\" \/>\n\t<meta name=\"twitter:data1\" content=\"1 minut\" \/>\n<script type=\"application\/ld+json\" class=\"yoast-schema-graph\">{\"@context\":\"https:\\\/\\\/schema.org\",\"@graph\":[{\"@type\":\"WebPage\",\"@id\":\"https:\\\/\\\/www.specagra.ee\\\/?product=polonez-4\",\"url\":\"https:\\\/\\\/www.specagra.ee\\\/?product=polonez-4\",\"name\":\"S\u0117jamosios POLONEZ 4 - Specagra\",\"isPartOf\":{\"@id\":\"https:\\\/\\\/www.specagra.ee\\\/#website\"},\"primaryImageOfPage\":{\"@id\":\"https:\\\/\\\/www.specagra.ee\\\/?product=polonez-4#primaryimage\"},\"image\":{\"@id\":\"https:\\\/\\\/www.specagra.ee\\\/?product=polonez-4#primaryimage\"},\"thumbnailUrl\":\"https:\\\/\\\/www.specagra.ee\\\/wp-content\\\/uploads\\\/2020\\\/06\\\/Copy-of-0203139731-1280-\u00d7-720-px-896-\u00d7-503-px37.jpg\",\"datePublished\":\"2020-06-25T09:17:28+00:00\",\"dateModified\":\"2022-07-22T06:25:34+00:00\",\"breadcrumb\":{\"@id\":\"https:\\\/\\\/www.specagra.ee\\\/?product=polonez-4#breadcrumb\"},\"inLanguage\":\"et\",\"potentialAction\":[{\"@type\":\"ReadAction\",\"target\":[\"https:\\\/\\\/www.specagra.ee\\\/?product=polonez-4\"]}]},{\"@type\":\"ImageObject\",\"inLanguage\":\"et\",\"@id\":\"https:\\\/\\\/www.specagra.ee\\\/?product=polonez-4#primaryimage\",\"url\":\"https:\\\/\\\/www.specagra.ee\\\/wp-content\\\/uploads\\\/2020\\\/06\\\/Copy-of-0203139731-1280-\u00d7-720-px-896-\u00d7-503-px37.jpg\",\"contentUrl\":\"https:\\\/\\\/www.specagra.ee\\\/wp-content\\\/uploads\\\/2020\\\/06\\\/Copy-of-0203139731-1280-\u00d7-720-px-896-\u00d7-503-px37.jpg\",\"width\":896,\"height\":503,\"caption\":\"S\u0117jamosios POLONEZ 4\"},{\"@type\":\"BreadcrumbList\",\"@id\":\"https:\\\/\\\/www.specagra.ee\\\/?product=polonez-4#breadcrumb\",\"itemListElement\":[{\"@type\":\"ListItem\",\"position\":1,\"name\":\"Home\",\"item\":\"https:\\\/\\\/www.specagra.ee\\\/\"},{\"@type\":\"ListItem\",\"position\":2,\"name\":\"P\u00f5llumajandustehnika ja loomakasvatus\",\"item\":\"https:\\\/\\\/www.specagra.ee\\\/?page_id=18493\"},{\"@type\":\"ListItem\",\"position\":3,\"name\":\"S\u0117jamosios POLONEZ 4\"}]},{\"@type\":\"WebSite\",\"@id\":\"https:\\\/\\\/www.specagra.ee\\\/#website\",\"url\":\"https:\\\/\\\/www.specagra.ee\\\/\",\"name\":\"Specagra\",\"description\":\"P\u00f5llumajandustehnika ja varuosad\",\"publisher\":{\"@id\":\"https:\\\/\\\/www.specagra.ee\\\/#organization\"},\"potentialAction\":[{\"@type\":\"SearchAction\",\"target\":{\"@type\":\"EntryPoint\",\"urlTemplate\":\"https:\\\/\\\/www.specagra.ee\\\/?s={search_term_string}\"},\"query-input\":{\"@type\":\"PropertyValueSpecification\",\"valueRequired\":true,\"valueName\":\"search_term_string\"}}],\"inLanguage\":\"et\"},{\"@type\":\"Organization\",\"@id\":\"https:\\\/\\\/www.specagra.ee\\\/#organization\",\"name\":\"UAB Specagra\",\"url\":\"https:\\\/\\\/www.specagra.ee\\\/\",\"logo\":{\"@type\":\"ImageObject\",\"inLanguage\":\"et\",\"@id\":\"https:\\\/\\\/www.specagra.ee\\\/#\\\/schema\\\/logo\\\/image\\\/\",\"url\":\"http:\\\/\\\/www.specagra.ee\\\/wp-content\\\/uploads\\\/2022\\\/02\\\/SP-logo_naujas-scaled.jpg\",\"contentUrl\":\"http:\\\/\\\/www.specagra.ee\\\/wp-content\\\/uploads\\\/2022\\\/02\\\/SP-logo_naujas-scaled.jpg\",\"width\":2560,\"height\":326,\"caption\":\"UAB Specagra\"},\"image\":{\"@id\":\"https:\\\/\\\/www.specagra.ee\\\/#\\\/schema\\\/logo\\\/image\\\/\"}}]}<\/script>\n<!-- \/ Yoast SEO plugin. -->","yoast_head_json":{"title":"S\u0117jamosios POLONEZ 4 - Specagra","robots":{"index":"index","follow":"follow","max-snippet":"max-snippet:-1","max-image-preview":"max-image-preview:large","max-video-preview":"max-video-preview:-1"},"canonical":"https:\/\/www.specagra.ee\/?product=polonez-4","og_locale":"et_EE","og_type":"article","og_title":"S\u0117jamosios POLONEZ 4 - Specagra","og_description":"Komplektacija: Pakabinimo a\u0161is \u00f828-825\/\u00f836 mm ; S\u0117jimo norag\u0117liai; Dvigubi \u201eV\u201c formos s\u0117jimo diskai \u201eV-TECH\u201c\u00a0 \u00f8300 mm (versija D) sl\u0117gis \u012f dirv\u0105 25 kg; Universal\u016bs i\u0161s\u0117jimo rateliai gr\u016bdams, rapsui ir kitoms kult\u016broms; Belaipsn\u0117 pavar\u0173 d\u0117\u017e\u0117; Hidrauliniai \u017eenklintuvai; Padangos 10\u00d715 ; Aket\u0117l\u0117s; Individualus dvigub\u0173 s\u0117jimo disk\u0173 spaudimas \u012f dirv\u0105; Centralizuotas dvigub\u0173 s\u0117jimo disk\u0173 spaudimas \u012f dirv\u0105; Tolygaus [&hellip;]","og_url":"https:\/\/www.specagra.ee\/?product=polonez-4","og_site_name":"Specagra","article_modified_time":"2022-07-22T06:25:34+00:00","og_image":[{"width":896,"height":503,"url":"https:\/\/www.specagra.ee\/wp-content\/uploads\/2020\/06\/Copy-of-0203139731-1280-\u00d7-720-px-896-\u00d7-503-px37.jpg","type":"image\/jpeg"}],"twitter_card":"summary_large_image","twitter_misc":{"Est. reading time":"1 minut"},"schema":{"@context":"https:\/\/schema.org","@graph":[{"@type":"WebPage","@id":"https:\/\/www.specagra.ee\/?product=polonez-4","url":"https:\/\/www.specagra.ee\/?product=polonez-4","name":"S\u0117jamosios POLONEZ 4 - Specagra","isPartOf":{"@id":"https:\/\/www.specagra.ee\/#website"},"primaryImageOfPage":{"@id":"https:\/\/www.specagra.ee\/?product=polonez-4#primaryimage"},"image":{"@id":"https:\/\/www.specagra.ee\/?product=polonez-4#primaryimage"},"thumbnailUrl":"https:\/\/www.specagra.ee\/wp-content\/uploads\/2020\/06\/Copy-of-0203139731-1280-\u00d7-720-px-896-\u00d7-503-px37.jpg","datePublished":"2020-06-25T09:17:28+00:00","dateModified":"2022-07-22T06:25:34+00:00","breadcrumb":{"@id":"https:\/\/www.specagra.ee\/?product=polonez-4#breadcrumb"},"inLanguage":"et","potentialAction":[{"@type":"ReadAction","target":["https:\/\/www.specagra.ee\/?product=polonez-4"]}]},{"@type":"ImageObject","inLanguage":"et","@id":"https:\/\/www.specagra.ee\/?product=polonez-4#primaryimage","url":"https:\/\/www.specagra.ee\/wp-content\/uploads\/2020\/06\/Copy-of-0203139731-1280-\u00d7-720-px-896-\u00d7-503-px37.jpg","contentUrl":"https:\/\/www.specagra.ee\/wp-content\/uploads\/2020\/06\/Copy-of-0203139731-1280-\u00d7-720-px-896-\u00d7-503-px37.jpg","width":896,"height":503,"caption":"S\u0117jamosios POLONEZ 4"},{"@type":"BreadcrumbList","@id":"https:\/\/www.specagra.ee\/?product=polonez-4#breadcrumb","itemListElement":[{"@type":"ListItem","position":1,"name":"Home","item":"https:\/\/www.specagra.ee\/"},{"@type":"ListItem","position":2,"name":"P\u00f5llumajandustehnika ja loomakasvatus","item":"https:\/\/www.specagra.ee\/?page_id=18493"},{"@type":"ListItem","position":3,"name":"S\u0117jamosios POLONEZ 4"}]},{"@type":"WebSite","@id":"https:\/\/www.specagra.ee\/#website","url":"https:\/\/www.specagra.ee\/","name":"Specagra","description":"P\u00f5llumajandustehnika ja varuosad","publisher":{"@id":"https:\/\/www.specagra.ee\/#organization"},"potentialAction":[{"@type":"SearchAction","target":{"@type":"EntryPoint","urlTemplate":"https:\/\/www.specagra.ee\/?s={search_term_string}"},"query-input":{"@type":"PropertyValueSpecification","valueRequired":true,"valueName":"search_term_string"}}],"inLanguage":"et"},{"@type":"Organization","@id":"https:\/\/www.specagra.ee\/#organization","name":"UAB Specagra","url":"https:\/\/www.specagra.ee\/","logo":{"@type":"ImageObject","inLanguage":"et","@id":"https:\/\/www.specagra.ee\/#\/schema\/logo\/image\/","url":"http:\/\/www.specagra.ee\/wp-content\/uploads\/2022\/02\/SP-logo_naujas-scaled.jpg","contentUrl":"http:\/\/www.specagra.ee\/wp-content\/uploads\/2022\/02\/SP-logo_naujas-scaled.jpg","width":2560,"height":326,"caption":"UAB Specagra"},"image":{"@id":"https:\/\/www.specagra.ee\/#\/schema\/logo\/image\/"}}]}},"_links":{"self":[{"href":"https:\/\/www.specagra.ee\/index.php?rest_route=\/wp\/v2\/product\/2262","targetHints":{"allow":["GET"]}}],"collection":[{"href":"https:\/\/www.specagra.ee\/index.php?rest_route=\/wp\/v2\/product"}],"about":[{"href":"https:\/\/www.specagra.ee\/index.php?rest_route=\/wp\/v2\/types\/product"}],"wp:featuredmedia":[{"embeddable":true,"href":"https:\/\/www.specagra.ee\/index.php?rest_route=\/wp\/v2\/media\/18040"}],"wp:attachment":[{"href":"https:\/\/www.specagra.ee\/index.php?rest_route=%2Fwp%2Fv2%2Fmedia&parent=2262"}],"wp:term":[{"taxonomy":"product_brand","embeddable":true,"href":"https:\/\/www.specagra.ee\/index.php?rest_route=%2Fwp%2Fv2%2Fproduct_brand&post=2262"},{"taxonomy":"product_cat","embeddable":true,"href":"https:\/\/www.specagra.ee\/index.php?rest_route=%2Fwp%2Fv2%2Fproduct_cat&post=2262"},{"taxonomy":"product_tag","embeddable":true,"href":"https:\/\/www.specagra.ee\/index.php?rest_route=%2Fwp%2Fv2%2Fproduct_tag&post=2262"}],"curies":[{"name":"wp","href":"https:\/\/api.w.org\/{rel}","templated":true}]}}