{"id":2251,"date":"2020-06-25T07:09:53","date_gmt":"2020-06-25T09:09:53","guid":{"rendered":"https:\/\/www.specagra.ee.nemokamossvetaines.hostingas.lt\/?post_type=product&#038;p=2251"},"modified":"2022-07-22T04:22:17","modified_gmt":"2022-07-22T06:22:17","slug":"polonez-3","status":"publish","type":"product","link":"https:\/\/www.specagra.ee\/?product=polonez-3","title":{"rendered":"S\u0117jamosios POLONEZ 3"},"content":{"rendered":"<p>KOMPLEKTACIJA :<\/p>\n<ul>\n<li>Prikabinimo a\u0161is 28-675\/28 mm<\/li>\n<li>Dvigubi sejimo diskai tipo \u201eV-TECH\u201c disk\u0173 diametras 300 mm., spaudimas \u012f dirv\u0105 25 kg.<\/li>\n<li>DUPLO su tr\u0105\u0161\u0173 \u012fterpimu ( bunkerio talpa 50\/50)<\/li>\n<li>Centrinis s\u0117jimo gylio reguliavimas<\/li>\n<li>Centrinis ir individualus spaudimo \u012f dirv\u0105 reguliavimas<\/li>\n<li>\u0160oniniai prava\u017eiavimo \u017eymekliai<\/li>\n<li>Universal\u016bs i\u0161s\u0117jimo rateliai, gr\u016bdin\u0117s kult\u016bros, \u017eol\u0117s, rapsas<\/li>\n<li>DUPLO atskira pavar\u0173 d\u0117\u017e\u0117 tr\u0105\u0161\u0173 \u012fterpimui<\/li>\n<li>Belaipsn\u0117 pavar\u0173 d\u0117\u017e\u0117<\/li>\n<li>Aket\u0117l\u0117s su individualiu spaudimu<\/li>\n<li>Ratai 6 x16<\/li>\n<li>Metalinis bunkerio u\u017edarymo dangtis<\/li>\n<li>Aptarnavimo platforma per vis\u0105 s\u0117jamosios plot\u012f<\/li>\n<li>Transportavimo \u017eibintai<\/li>\n<\/ul>\n<p>PAPILDOMA KOMPLEKTACIJA :<\/p>\n<ul>\n<li>Paketas PILOT SEED ( elektrin\u0117s technologin\u0117s v\u0117\u017eios su\u00a0 kompiuteriu: automatinis technologini\u0173 v\u0117\u017ei\u0173 valdymas,automatinis v\u0117\u017ei\u0173 skai\u010diavimas nuo prava\u017eiavimo \u017eenklintuvo, hektar\u0173 skai\u010diuotuvas bendras ir atskirai darbo dienos, persp\u0117jimas apie tu\u0161t\u0117jant\u012f bunker\u012f, statistika 10 lauk\u0173, klaid\u0173 signalizacija, grei\u010dio parodymai, na\u0161umo parodymai);<\/li>\n<li>Paketas STARTER SEED ( elektrin\u0117s technologin\u0117s v\u0117\u017eios su valdikliu : vaizduojamos technologin\u0117s v\u0117\u017eios skai\u010diais, automatinis technologini\u0173 v\u0117\u017ei\u0173 valdymas);<\/li>\n<li>Paketas SUPERIOR (elektrin\u0117s technologin\u0117s v\u0117\u017eios, lauko pavadinimas, s\u0117jamos kult\u016bros pavadinimas, esamos s\u0117jos normos kontrol\u0117, elektronin\u0117 s\u0117klos normos kalibravimo kontrol\u0117, s\u0117kl\u0173 kiekis bunkeryje, technologini\u0173 v\u0117\u017ei\u0173 valdymas, prava\u017eiavimo \u017eenklintuv\u0173 pad\u0117ties informacija)<\/li>\n<li>Talpos paauk\u0161tinimas 200 ltr.<\/li>\n<li>Plat\u016bs ratai 10.0\/80-12<\/li>\n<li>\u017denklintuvai iki sudygimo<\/li>\n<li>Dvigubi prasilenkiantys, savaime nusivalantys diskai \u201eSHELL\u201c disko diametras 300mm., spaudimas \u012f dirv\u0105 25 kg.<\/li>\n<li>Privolavimo rateliai \u201eSHELL\u201c disk\u0173 sekcijai (diametras 300x50mm)<\/li>\n<li>Privolavimo rateliai \u201eV-TECH\u201c disk\u0173 sekcijai (diametras 250x42mm)<\/li>\n<li>V\u0117\u017ei\u0173 u\u017e\u017eer\u0117jai<\/li>\n<\/ul>\n","protected":false},"excerpt":{"rendered":"<p>KOMPLEKTACIJA : Prikabinimo a\u0161is 28-675\/28 mm Dvigubi sejimo diskai tipo \u201eV-TECH\u201c disk\u0173 diametras 300 mm., spaudimas \u012f dirv\u0105 25 kg. DUPLO su tr\u0105\u0161\u0173 \u012fterpimu ( bunkerio talpa 50\/50) Centrinis s\u0117jimo gylio reguliavimas Centrinis ir individualus spaudimo \u012f dirv\u0105 reguliavimas \u0160oniniai prava\u017eiavimo \u017eymekliai Universal\u016bs i\u0161s\u0117jimo rateliai, gr\u016bdin\u0117s kult\u016bros, \u017eol\u0117s, rapsas DUPLO atskira pavar\u0173 d\u0117\u017e\u0117 tr\u0105\u0161\u0173 \u012fterpimui [&hellip;]<\/p>\n","protected":false},"featured_media":18037,"template":"","meta":{"_acf_changed":false},"product_brand":[],"product_cat":[55,56],"product_tag":[],"class_list":{"0":"post-2251","1":"product","2":"type-product","3":"status-publish","4":"has-post-thumbnail","6":"product_cat-kulvikud","7":"product_cat-mehaanilised","9":"first","10":"instock","11":"shipping-taxable","12":"product-type-simple"},"acf":[],"yoast_head":"<!-- This site is optimized with the Yoast SEO plugin v27.4 - https:\/\/yoast.com\/product\/yoast-seo-wordpress\/ -->\n<title>S\u0117jamosios POLONEZ 3 - Specagra<\/title>\n<meta name=\"robots\" content=\"index, follow, max-snippet:-1, max-image-preview:large, max-video-preview:-1\" \/>\n<link rel=\"canonical\" href=\"https:\/\/www.specagra.ee\/?product=polonez-3\" \/>\n<meta property=\"og:locale\" content=\"et_EE\" \/>\n<meta property=\"og:type\" content=\"article\" \/>\n<meta property=\"og:title\" content=\"S\u0117jamosios POLONEZ 3 - Specagra\" \/>\n<meta property=\"og:description\" content=\"KOMPLEKTACIJA : Prikabinimo a\u0161is 28-675\/28 mm Dvigubi sejimo diskai tipo \u201eV-TECH\u201c disk\u0173 diametras 300 mm., spaudimas \u012f dirv\u0105 25 kg. DUPLO su tr\u0105\u0161\u0173 \u012fterpimu ( bunkerio talpa 50\/50) Centrinis s\u0117jimo gylio reguliavimas Centrinis ir individualus spaudimo \u012f dirv\u0105 reguliavimas \u0160oniniai prava\u017eiavimo \u017eymekliai Universal\u016bs i\u0161s\u0117jimo rateliai, gr\u016bdin\u0117s kult\u016bros, \u017eol\u0117s, rapsas DUPLO atskira pavar\u0173 d\u0117\u017e\u0117 tr\u0105\u0161\u0173 \u012fterpimui [&hellip;]\" \/>\n<meta property=\"og:url\" content=\"https:\/\/www.specagra.ee\/?product=polonez-3\" \/>\n<meta property=\"og:site_name\" content=\"Specagra\" \/>\n<meta property=\"article:modified_time\" content=\"2022-07-22T06:22:17+00:00\" \/>\n<meta property=\"og:image\" content=\"https:\/\/www.specagra.ee\/wp-content\/uploads\/2020\/06\/Copy-of-0203139731-1280-\u00d7-720-px-896-\u00d7-503-px36.jpg\" \/>\n\t<meta property=\"og:image:width\" content=\"896\" \/>\n\t<meta property=\"og:image:height\" content=\"503\" \/>\n\t<meta property=\"og:image:type\" content=\"image\/jpeg\" \/>\n<meta name=\"twitter:card\" content=\"summary_large_image\" \/>\n<meta name=\"twitter:label1\" content=\"Est. reading time\" \/>\n\t<meta name=\"twitter:data1\" content=\"1 minut\" \/>\n<script type=\"application\/ld+json\" class=\"yoast-schema-graph\">{\"@context\":\"https:\\\/\\\/schema.org\",\"@graph\":[{\"@type\":\"WebPage\",\"@id\":\"https:\\\/\\\/www.specagra.ee\\\/?product=polonez-3\",\"url\":\"https:\\\/\\\/www.specagra.ee\\\/?product=polonez-3\",\"name\":\"S\u0117jamosios POLONEZ 3 - Specagra\",\"isPartOf\":{\"@id\":\"https:\\\/\\\/www.specagra.ee\\\/#website\"},\"primaryImageOfPage\":{\"@id\":\"https:\\\/\\\/www.specagra.ee\\\/?product=polonez-3#primaryimage\"},\"image\":{\"@id\":\"https:\\\/\\\/www.specagra.ee\\\/?product=polonez-3#primaryimage\"},\"thumbnailUrl\":\"https:\\\/\\\/www.specagra.ee\\\/wp-content\\\/uploads\\\/2020\\\/06\\\/Copy-of-0203139731-1280-\u00d7-720-px-896-\u00d7-503-px36.jpg\",\"datePublished\":\"2020-06-25T09:09:53+00:00\",\"dateModified\":\"2022-07-22T06:22:17+00:00\",\"breadcrumb\":{\"@id\":\"https:\\\/\\\/www.specagra.ee\\\/?product=polonez-3#breadcrumb\"},\"inLanguage\":\"et\",\"potentialAction\":[{\"@type\":\"ReadAction\",\"target\":[\"https:\\\/\\\/www.specagra.ee\\\/?product=polonez-3\"]}]},{\"@type\":\"ImageObject\",\"inLanguage\":\"et\",\"@id\":\"https:\\\/\\\/www.specagra.ee\\\/?product=polonez-3#primaryimage\",\"url\":\"https:\\\/\\\/www.specagra.ee\\\/wp-content\\\/uploads\\\/2020\\\/06\\\/Copy-of-0203139731-1280-\u00d7-720-px-896-\u00d7-503-px36.jpg\",\"contentUrl\":\"https:\\\/\\\/www.specagra.ee\\\/wp-content\\\/uploads\\\/2020\\\/06\\\/Copy-of-0203139731-1280-\u00d7-720-px-896-\u00d7-503-px36.jpg\",\"width\":896,\"height\":503,\"caption\":\"S\u0117jamosios POLONEZ 3\"},{\"@type\":\"BreadcrumbList\",\"@id\":\"https:\\\/\\\/www.specagra.ee\\\/?product=polonez-3#breadcrumb\",\"itemListElement\":[{\"@type\":\"ListItem\",\"position\":1,\"name\":\"Home\",\"item\":\"https:\\\/\\\/www.specagra.ee\\\/\"},{\"@type\":\"ListItem\",\"position\":2,\"name\":\"P\u00f5llumajandustehnika ja loomakasvatus\",\"item\":\"https:\\\/\\\/www.specagra.ee\\\/?page_id=18493\"},{\"@type\":\"ListItem\",\"position\":3,\"name\":\"S\u0117jamosios POLONEZ 3\"}]},{\"@type\":\"WebSite\",\"@id\":\"https:\\\/\\\/www.specagra.ee\\\/#website\",\"url\":\"https:\\\/\\\/www.specagra.ee\\\/\",\"name\":\"Specagra\",\"description\":\"P\u00f5llumajandustehnika ja varuosad\",\"publisher\":{\"@id\":\"https:\\\/\\\/www.specagra.ee\\\/#organization\"},\"potentialAction\":[{\"@type\":\"SearchAction\",\"target\":{\"@type\":\"EntryPoint\",\"urlTemplate\":\"https:\\\/\\\/www.specagra.ee\\\/?s={search_term_string}\"},\"query-input\":{\"@type\":\"PropertyValueSpecification\",\"valueRequired\":true,\"valueName\":\"search_term_string\"}}],\"inLanguage\":\"et\"},{\"@type\":\"Organization\",\"@id\":\"https:\\\/\\\/www.specagra.ee\\\/#organization\",\"name\":\"UAB Specagra\",\"url\":\"https:\\\/\\\/www.specagra.ee\\\/\",\"logo\":{\"@type\":\"ImageObject\",\"inLanguage\":\"et\",\"@id\":\"https:\\\/\\\/www.specagra.ee\\\/#\\\/schema\\\/logo\\\/image\\\/\",\"url\":\"http:\\\/\\\/www.specagra.ee\\\/wp-content\\\/uploads\\\/2022\\\/02\\\/SP-logo_naujas-scaled.jpg\",\"contentUrl\":\"http:\\\/\\\/www.specagra.ee\\\/wp-content\\\/uploads\\\/2022\\\/02\\\/SP-logo_naujas-scaled.jpg\",\"width\":2560,\"height\":326,\"caption\":\"UAB Specagra\"},\"image\":{\"@id\":\"https:\\\/\\\/www.specagra.ee\\\/#\\\/schema\\\/logo\\\/image\\\/\"}}]}<\/script>\n<!-- \/ Yoast SEO plugin. -->","yoast_head_json":{"title":"S\u0117jamosios POLONEZ 3 - Specagra","robots":{"index":"index","follow":"follow","max-snippet":"max-snippet:-1","max-image-preview":"max-image-preview:large","max-video-preview":"max-video-preview:-1"},"canonical":"https:\/\/www.specagra.ee\/?product=polonez-3","og_locale":"et_EE","og_type":"article","og_title":"S\u0117jamosios POLONEZ 3 - Specagra","og_description":"KOMPLEKTACIJA : Prikabinimo a\u0161is 28-675\/28 mm Dvigubi sejimo diskai tipo \u201eV-TECH\u201c disk\u0173 diametras 300 mm., spaudimas \u012f dirv\u0105 25 kg. DUPLO su tr\u0105\u0161\u0173 \u012fterpimu ( bunkerio talpa 50\/50) Centrinis s\u0117jimo gylio reguliavimas Centrinis ir individualus spaudimo \u012f dirv\u0105 reguliavimas \u0160oniniai prava\u017eiavimo \u017eymekliai Universal\u016bs i\u0161s\u0117jimo rateliai, gr\u016bdin\u0117s kult\u016bros, \u017eol\u0117s, rapsas DUPLO atskira pavar\u0173 d\u0117\u017e\u0117 tr\u0105\u0161\u0173 \u012fterpimui [&hellip;]","og_url":"https:\/\/www.specagra.ee\/?product=polonez-3","og_site_name":"Specagra","article_modified_time":"2022-07-22T06:22:17+00:00","og_image":[{"width":896,"height":503,"url":"https:\/\/www.specagra.ee\/wp-content\/uploads\/2020\/06\/Copy-of-0203139731-1280-\u00d7-720-px-896-\u00d7-503-px36.jpg","type":"image\/jpeg"}],"twitter_card":"summary_large_image","twitter_misc":{"Est. reading time":"1 minut"},"schema":{"@context":"https:\/\/schema.org","@graph":[{"@type":"WebPage","@id":"https:\/\/www.specagra.ee\/?product=polonez-3","url":"https:\/\/www.specagra.ee\/?product=polonez-3","name":"S\u0117jamosios POLONEZ 3 - Specagra","isPartOf":{"@id":"https:\/\/www.specagra.ee\/#website"},"primaryImageOfPage":{"@id":"https:\/\/www.specagra.ee\/?product=polonez-3#primaryimage"},"image":{"@id":"https:\/\/www.specagra.ee\/?product=polonez-3#primaryimage"},"thumbnailUrl":"https:\/\/www.specagra.ee\/wp-content\/uploads\/2020\/06\/Copy-of-0203139731-1280-\u00d7-720-px-896-\u00d7-503-px36.jpg","datePublished":"2020-06-25T09:09:53+00:00","dateModified":"2022-07-22T06:22:17+00:00","breadcrumb":{"@id":"https:\/\/www.specagra.ee\/?product=polonez-3#breadcrumb"},"inLanguage":"et","potentialAction":[{"@type":"ReadAction","target":["https:\/\/www.specagra.ee\/?product=polonez-3"]}]},{"@type":"ImageObject","inLanguage":"et","@id":"https:\/\/www.specagra.ee\/?product=polonez-3#primaryimage","url":"https:\/\/www.specagra.ee\/wp-content\/uploads\/2020\/06\/Copy-of-0203139731-1280-\u00d7-720-px-896-\u00d7-503-px36.jpg","contentUrl":"https:\/\/www.specagra.ee\/wp-content\/uploads\/2020\/06\/Copy-of-0203139731-1280-\u00d7-720-px-896-\u00d7-503-px36.jpg","width":896,"height":503,"caption":"S\u0117jamosios POLONEZ 3"},{"@type":"BreadcrumbList","@id":"https:\/\/www.specagra.ee\/?product=polonez-3#breadcrumb","itemListElement":[{"@type":"ListItem","position":1,"name":"Home","item":"https:\/\/www.specagra.ee\/"},{"@type":"ListItem","position":2,"name":"P\u00f5llumajandustehnika ja loomakasvatus","item":"https:\/\/www.specagra.ee\/?page_id=18493"},{"@type":"ListItem","position":3,"name":"S\u0117jamosios POLONEZ 3"}]},{"@type":"WebSite","@id":"https:\/\/www.specagra.ee\/#website","url":"https:\/\/www.specagra.ee\/","name":"Specagra","description":"P\u00f5llumajandustehnika ja varuosad","publisher":{"@id":"https:\/\/www.specagra.ee\/#organization"},"potentialAction":[{"@type":"SearchAction","target":{"@type":"EntryPoint","urlTemplate":"https:\/\/www.specagra.ee\/?s={search_term_string}"},"query-input":{"@type":"PropertyValueSpecification","valueRequired":true,"valueName":"search_term_string"}}],"inLanguage":"et"},{"@type":"Organization","@id":"https:\/\/www.specagra.ee\/#organization","name":"UAB Specagra","url":"https:\/\/www.specagra.ee\/","logo":{"@type":"ImageObject","inLanguage":"et","@id":"https:\/\/www.specagra.ee\/#\/schema\/logo\/image\/","url":"http:\/\/www.specagra.ee\/wp-content\/uploads\/2022\/02\/SP-logo_naujas-scaled.jpg","contentUrl":"http:\/\/www.specagra.ee\/wp-content\/uploads\/2022\/02\/SP-logo_naujas-scaled.jpg","width":2560,"height":326,"caption":"UAB Specagra"},"image":{"@id":"https:\/\/www.specagra.ee\/#\/schema\/logo\/image\/"}}]}},"_links":{"self":[{"href":"https:\/\/www.specagra.ee\/index.php?rest_route=\/wp\/v2\/product\/2251","targetHints":{"allow":["GET"]}}],"collection":[{"href":"https:\/\/www.specagra.ee\/index.php?rest_route=\/wp\/v2\/product"}],"about":[{"href":"https:\/\/www.specagra.ee\/index.php?rest_route=\/wp\/v2\/types\/product"}],"wp:featuredmedia":[{"embeddable":true,"href":"https:\/\/www.specagra.ee\/index.php?rest_route=\/wp\/v2\/media\/18037"}],"wp:attachment":[{"href":"https:\/\/www.specagra.ee\/index.php?rest_route=%2Fwp%2Fv2%2Fmedia&parent=2251"}],"wp:term":[{"taxonomy":"product_brand","embeddable":true,"href":"https:\/\/www.specagra.ee\/index.php?rest_route=%2Fwp%2Fv2%2Fproduct_brand&post=2251"},{"taxonomy":"product_cat","embeddable":true,"href":"https:\/\/www.specagra.ee\/index.php?rest_route=%2Fwp%2Fv2%2Fproduct_cat&post=2251"},{"taxonomy":"product_tag","embeddable":true,"href":"https:\/\/www.specagra.ee\/index.php?rest_route=%2Fwp%2Fv2%2Fproduct_tag&post=2251"}],"curies":[{"name":"wp","href":"https:\/\/api.w.org\/{rel}","templated":true}]}}