{"id":2241,"date":"2020-06-25T07:01:18","date_gmt":"2020-06-25T09:01:18","guid":{"rendered":"https:\/\/www.specagra.ee.nemokamossvetaines.hostingas.lt\/?post_type=product&#038;p=2241"},"modified":"2020-10-05T11:00:28","modified_gmt":"2020-10-05T13:00:28","slug":"polonez-550-3-d-premium","status":"publish","type":"product","link":"https:\/\/www.specagra.ee\/?product=polonez-550-3-d-premium","title":{"rendered":"S\u0117jamosios POLONEZ 550\/3 D PREMIUM"},"content":{"rendered":"<p>Komplektacija:<\/p>\n<ul>\n<li>Pakabinimo a\u0161is \u00f828-675\/\u00f828 mm;<\/li>\n<li>Prasilenkiantys savaime nusivalantys diskai\u00a0 \u201eSHELL\u201c (diametras 350 mm) sl\u0117gis \u012f dirv\u0105 35 kg;<\/li>\n<li>Privolavimo rateliai (330x50mm)<\/li>\n<li>Hidrauliniai \u017eenklintuvai ( 2 cilindrai);<\/li>\n<li>Universal\u016bs i\u0161s\u0117jimo rateliai gr\u016bdams, rapsui ir kitoms kult\u016broms;<\/li>\n<li>Belaipsn\u0117 pavar\u0173 d\u0117\u017e\u0117;<\/li>\n<li>Elektrin\u0117s technologin\u0117s v\u0117\u017eios su valdikliu STARTER SEED<\/li>\n<li>Padangos 6\u00d716;<\/li>\n<li>Aket\u0117l\u0117s su individualiu spaudimu ir apsauga;<\/li>\n<li>Individualus dvigub\u0173 s\u0117jimo disk\u0173 spaudimas \u012f dirv\u0105;<\/li>\n<li>Centralizuotas dvigub\u0173 s\u0117jimo disk\u0173 spaudimas \u012f dirv\u0105 ( spaudimas reguliuojamas hidrauli\u0161kai);<\/li>\n<li>Tolygaus gylio palaikymo sistema;<\/li>\n<li>Mai\u0161ytuvas ir piltuv\u0117liai bunkeryje;<\/li>\n<li>Laiptelis su aptarnavimo platforma;<\/li>\n<li>\u017dibintai;<\/li>\n<li>V\u0117\u017ei\u0173 u\u017e\u017eertuvai;<\/li>\n<\/ul>\n<p>Papildoma komplektacija:<\/p>\n<ul>\n<li>Paketas PILOT SEED ( elektrin\u0117s technologin\u0117s v\u0117\u017eios su\u00a0 kompiuteriu: automatinis technologini\u0173 v\u0117\u017ei\u0173 valdymas,automatinis v\u0117\u017ei\u0173 skai\u010diavimas nuo prava\u017eiavimo \u017eenklintuvo, hektar\u0173 skai\u010diuotuvas bendras ir atskirai darbo dienos, persp\u0117jimas apie tu\u0161t\u0117jant\u012f bunker\u012f, statistika 10 lauk\u0173, klaid\u0173 signalizacija, grei\u010dio parodymai, na\u0161umo parodymai);<\/li>\n<li>Elektrin\u0117s technologin\u0117s v\u0117\u017eios : SUPERIOR \u2013 (elektrin\u0117 s\u0117jos normos nustatymo sistema, rodoma s\u0117jos norma, s\u0117kl\u0173 kiekio kontrol\u0117 procentais, technologini\u0173 v\u0117\u017ei\u0173 planavimas, hektar\u0173 skai\u010diuotuvas, \u017eenklintuv\u0173 pozicija, 10 lauk\u0173 informacija, darbo laikas, informacija apie gedimus, spalvotas monitorius 5,7 colio, naktinis ap\u0161vietimas, JOYSTICK \u2013 komfort, USB duomen\u0173 perk\u0117limui, lie\u010diamas ekranas)<\/li>\n<li>Bunkerio paauk\u0161tinimas ( 200 litr\u0173);<\/li>\n<li>Papildomi \u017eenklintuvai rapsui (hidrauliniai);<\/li>\n<li>Plat\u016bs ratai (10.0\/80-12);<\/li>\n<\/ul>\n","protected":false},"excerpt":{"rendered":"<p>Komplektacija: Pakabinimo a\u0161is \u00f828-675\/\u00f828 mm; Prasilenkiantys savaime nusivalantys diskai\u00a0 \u201eSHELL\u201c (diametras 350 mm) sl\u0117gis \u012f dirv\u0105 35 kg; Privolavimo rateliai (330x50mm) Hidrauliniai \u017eenklintuvai ( 2 cilindrai); Universal\u016bs i\u0161s\u0117jimo rateliai gr\u016bdams, rapsui ir kitoms kult\u016broms; Belaipsn\u0117 pavar\u0173 d\u0117\u017e\u0117; Elektrin\u0117s technologin\u0117s v\u0117\u017eios su valdikliu STARTER SEED Padangos 6\u00d716; Aket\u0117l\u0117s su individualiu spaudimu ir apsauga; Individualus dvigub\u0173 s\u0117jimo [&hellip;]<\/p>\n","protected":false},"featured_media":2242,"template":"","meta":{"_acf_changed":false},"product_brand":[],"product_cat":[55,56],"product_tag":[],"class_list":{"0":"post-2241","1":"product","2":"type-product","3":"status-publish","4":"has-post-thumbnail","6":"product_cat-kulvikud","7":"product_cat-mehaanilised","9":"first","10":"instock","11":"shipping-taxable","12":"product-type-simple"},"acf":[],"yoast_head":"<!-- This site is optimized with the Yoast SEO plugin v27.4 - https:\/\/yoast.com\/product\/yoast-seo-wordpress\/ -->\n<title>S\u0117jamosios POLONEZ 550\/3 D PREMIUM - Specagra<\/title>\n<meta name=\"robots\" content=\"index, follow, max-snippet:-1, max-image-preview:large, max-video-preview:-1\" \/>\n<link rel=\"canonical\" href=\"https:\/\/www.specagra.ee\/?product=polonez-550-3-d-premium\" \/>\n<meta property=\"og:locale\" content=\"et_EE\" \/>\n<meta property=\"og:type\" content=\"article\" \/>\n<meta property=\"og:title\" content=\"S\u0117jamosios POLONEZ 550\/3 D PREMIUM - Specagra\" \/>\n<meta property=\"og:description\" content=\"Komplektacija: Pakabinimo a\u0161is \u00f828-675\/\u00f828 mm; Prasilenkiantys savaime nusivalantys diskai\u00a0 \u201eSHELL\u201c (diametras 350 mm) sl\u0117gis \u012f dirv\u0105 35 kg; Privolavimo rateliai (330x50mm) Hidrauliniai \u017eenklintuvai ( 2 cilindrai); Universal\u016bs i\u0161s\u0117jimo rateliai gr\u016bdams, rapsui ir kitoms kult\u016broms; Belaipsn\u0117 pavar\u0173 d\u0117\u017e\u0117; Elektrin\u0117s technologin\u0117s v\u0117\u017eios su valdikliu STARTER SEED Padangos 6\u00d716; Aket\u0117l\u0117s su individualiu spaudimu ir apsauga; Individualus dvigub\u0173 s\u0117jimo [&hellip;]\" \/>\n<meta property=\"og:url\" content=\"https:\/\/www.specagra.ee\/?product=polonez-550-3-d-premium\" \/>\n<meta property=\"og:site_name\" content=\"Specagra\" \/>\n<meta property=\"article:modified_time\" content=\"2020-10-05T13:00:28+00:00\" \/>\n<meta property=\"og:image\" content=\"https:\/\/www.specagra.ee\/wp-content\/uploads\/2020\/06\/photo_2_69984015-600x337-1.jpg\" \/>\n\t<meta property=\"og:image:width\" content=\"600\" \/>\n\t<meta property=\"og:image:height\" content=\"337\" \/>\n\t<meta property=\"og:image:type\" content=\"image\/jpeg\" \/>\n<meta name=\"twitter:card\" content=\"summary_large_image\" \/>\n<meta name=\"twitter:label1\" content=\"Est. reading time\" \/>\n\t<meta name=\"twitter:data1\" content=\"1 minut\" \/>\n<script type=\"application\/ld+json\" class=\"yoast-schema-graph\">{\"@context\":\"https:\\\/\\\/schema.org\",\"@graph\":[{\"@type\":\"WebPage\",\"@id\":\"https:\\\/\\\/www.specagra.ee\\\/?product=polonez-550-3-d-premium\",\"url\":\"https:\\\/\\\/www.specagra.ee\\\/?product=polonez-550-3-d-premium\",\"name\":\"S\u0117jamosios POLONEZ 550\\\/3 D PREMIUM - Specagra\",\"isPartOf\":{\"@id\":\"https:\\\/\\\/www.specagra.ee\\\/#website\"},\"primaryImageOfPage\":{\"@id\":\"https:\\\/\\\/www.specagra.ee\\\/?product=polonez-550-3-d-premium#primaryimage\"},\"image\":{\"@id\":\"https:\\\/\\\/www.specagra.ee\\\/?product=polonez-550-3-d-premium#primaryimage\"},\"thumbnailUrl\":\"https:\\\/\\\/www.specagra.ee\\\/wp-content\\\/uploads\\\/2020\\\/06\\\/photo_2_69984015-600x337-1.jpg\",\"datePublished\":\"2020-06-25T09:01:18+00:00\",\"dateModified\":\"2020-10-05T13:00:28+00:00\",\"breadcrumb\":{\"@id\":\"https:\\\/\\\/www.specagra.ee\\\/?product=polonez-550-3-d-premium#breadcrumb\"},\"inLanguage\":\"et\",\"potentialAction\":[{\"@type\":\"ReadAction\",\"target\":[\"https:\\\/\\\/www.specagra.ee\\\/?product=polonez-550-3-d-premium\"]}]},{\"@type\":\"ImageObject\",\"inLanguage\":\"et\",\"@id\":\"https:\\\/\\\/www.specagra.ee\\\/?product=polonez-550-3-d-premium#primaryimage\",\"url\":\"https:\\\/\\\/www.specagra.ee\\\/wp-content\\\/uploads\\\/2020\\\/06\\\/photo_2_69984015-600x337-1.jpg\",\"contentUrl\":\"https:\\\/\\\/www.specagra.ee\\\/wp-content\\\/uploads\\\/2020\\\/06\\\/photo_2_69984015-600x337-1.jpg\",\"width\":600,\"height\":337,\"caption\":\"S\u0117jamosios POLONEZ 550\\\/3 D PREMIUM\"},{\"@type\":\"BreadcrumbList\",\"@id\":\"https:\\\/\\\/www.specagra.ee\\\/?product=polonez-550-3-d-premium#breadcrumb\",\"itemListElement\":[{\"@type\":\"ListItem\",\"position\":1,\"name\":\"Home\",\"item\":\"https:\\\/\\\/www.specagra.ee\\\/\"},{\"@type\":\"ListItem\",\"position\":2,\"name\":\"P\u00f5llumajandustehnika ja loomakasvatus\",\"item\":\"https:\\\/\\\/www.specagra.ee\\\/?page_id=18493\"},{\"@type\":\"ListItem\",\"position\":3,\"name\":\"S\u0117jamosios POLONEZ 550\\\/3 D PREMIUM\"}]},{\"@type\":\"WebSite\",\"@id\":\"https:\\\/\\\/www.specagra.ee\\\/#website\",\"url\":\"https:\\\/\\\/www.specagra.ee\\\/\",\"name\":\"Specagra\",\"description\":\"P\u00f5llumajandustehnika ja varuosad\",\"publisher\":{\"@id\":\"https:\\\/\\\/www.specagra.ee\\\/#organization\"},\"potentialAction\":[{\"@type\":\"SearchAction\",\"target\":{\"@type\":\"EntryPoint\",\"urlTemplate\":\"https:\\\/\\\/www.specagra.ee\\\/?s={search_term_string}\"},\"query-input\":{\"@type\":\"PropertyValueSpecification\",\"valueRequired\":true,\"valueName\":\"search_term_string\"}}],\"inLanguage\":\"et\"},{\"@type\":\"Organization\",\"@id\":\"https:\\\/\\\/www.specagra.ee\\\/#organization\",\"name\":\"UAB Specagra\",\"url\":\"https:\\\/\\\/www.specagra.ee\\\/\",\"logo\":{\"@type\":\"ImageObject\",\"inLanguage\":\"et\",\"@id\":\"https:\\\/\\\/www.specagra.ee\\\/#\\\/schema\\\/logo\\\/image\\\/\",\"url\":\"http:\\\/\\\/www.specagra.ee\\\/wp-content\\\/uploads\\\/2022\\\/02\\\/SP-logo_naujas-scaled.jpg\",\"contentUrl\":\"http:\\\/\\\/www.specagra.ee\\\/wp-content\\\/uploads\\\/2022\\\/02\\\/SP-logo_naujas-scaled.jpg\",\"width\":2560,\"height\":326,\"caption\":\"UAB Specagra\"},\"image\":{\"@id\":\"https:\\\/\\\/www.specagra.ee\\\/#\\\/schema\\\/logo\\\/image\\\/\"}}]}<\/script>\n<!-- \/ Yoast SEO plugin. -->","yoast_head_json":{"title":"S\u0117jamosios POLONEZ 550\/3 D PREMIUM - Specagra","robots":{"index":"index","follow":"follow","max-snippet":"max-snippet:-1","max-image-preview":"max-image-preview:large","max-video-preview":"max-video-preview:-1"},"canonical":"https:\/\/www.specagra.ee\/?product=polonez-550-3-d-premium","og_locale":"et_EE","og_type":"article","og_title":"S\u0117jamosios POLONEZ 550\/3 D PREMIUM - Specagra","og_description":"Komplektacija: Pakabinimo a\u0161is \u00f828-675\/\u00f828 mm; Prasilenkiantys savaime nusivalantys diskai\u00a0 \u201eSHELL\u201c (diametras 350 mm) sl\u0117gis \u012f dirv\u0105 35 kg; Privolavimo rateliai (330x50mm) Hidrauliniai \u017eenklintuvai ( 2 cilindrai); Universal\u016bs i\u0161s\u0117jimo rateliai gr\u016bdams, rapsui ir kitoms kult\u016broms; Belaipsn\u0117 pavar\u0173 d\u0117\u017e\u0117; Elektrin\u0117s technologin\u0117s v\u0117\u017eios su valdikliu STARTER SEED Padangos 6\u00d716; Aket\u0117l\u0117s su individualiu spaudimu ir apsauga; Individualus dvigub\u0173 s\u0117jimo [&hellip;]","og_url":"https:\/\/www.specagra.ee\/?product=polonez-550-3-d-premium","og_site_name":"Specagra","article_modified_time":"2020-10-05T13:00:28+00:00","og_image":[{"width":600,"height":337,"url":"https:\/\/www.specagra.ee\/wp-content\/uploads\/2020\/06\/photo_2_69984015-600x337-1.jpg","type":"image\/jpeg"}],"twitter_card":"summary_large_image","twitter_misc":{"Est. reading time":"1 minut"},"schema":{"@context":"https:\/\/schema.org","@graph":[{"@type":"WebPage","@id":"https:\/\/www.specagra.ee\/?product=polonez-550-3-d-premium","url":"https:\/\/www.specagra.ee\/?product=polonez-550-3-d-premium","name":"S\u0117jamosios POLONEZ 550\/3 D PREMIUM - Specagra","isPartOf":{"@id":"https:\/\/www.specagra.ee\/#website"},"primaryImageOfPage":{"@id":"https:\/\/www.specagra.ee\/?product=polonez-550-3-d-premium#primaryimage"},"image":{"@id":"https:\/\/www.specagra.ee\/?product=polonez-550-3-d-premium#primaryimage"},"thumbnailUrl":"https:\/\/www.specagra.ee\/wp-content\/uploads\/2020\/06\/photo_2_69984015-600x337-1.jpg","datePublished":"2020-06-25T09:01:18+00:00","dateModified":"2020-10-05T13:00:28+00:00","breadcrumb":{"@id":"https:\/\/www.specagra.ee\/?product=polonez-550-3-d-premium#breadcrumb"},"inLanguage":"et","potentialAction":[{"@type":"ReadAction","target":["https:\/\/www.specagra.ee\/?product=polonez-550-3-d-premium"]}]},{"@type":"ImageObject","inLanguage":"et","@id":"https:\/\/www.specagra.ee\/?product=polonez-550-3-d-premium#primaryimage","url":"https:\/\/www.specagra.ee\/wp-content\/uploads\/2020\/06\/photo_2_69984015-600x337-1.jpg","contentUrl":"https:\/\/www.specagra.ee\/wp-content\/uploads\/2020\/06\/photo_2_69984015-600x337-1.jpg","width":600,"height":337,"caption":"S\u0117jamosios POLONEZ 550\/3 D PREMIUM"},{"@type":"BreadcrumbList","@id":"https:\/\/www.specagra.ee\/?product=polonez-550-3-d-premium#breadcrumb","itemListElement":[{"@type":"ListItem","position":1,"name":"Home","item":"https:\/\/www.specagra.ee\/"},{"@type":"ListItem","position":2,"name":"P\u00f5llumajandustehnika ja loomakasvatus","item":"https:\/\/www.specagra.ee\/?page_id=18493"},{"@type":"ListItem","position":3,"name":"S\u0117jamosios POLONEZ 550\/3 D PREMIUM"}]},{"@type":"WebSite","@id":"https:\/\/www.specagra.ee\/#website","url":"https:\/\/www.specagra.ee\/","name":"Specagra","description":"P\u00f5llumajandustehnika ja varuosad","publisher":{"@id":"https:\/\/www.specagra.ee\/#organization"},"potentialAction":[{"@type":"SearchAction","target":{"@type":"EntryPoint","urlTemplate":"https:\/\/www.specagra.ee\/?s={search_term_string}"},"query-input":{"@type":"PropertyValueSpecification","valueRequired":true,"valueName":"search_term_string"}}],"inLanguage":"et"},{"@type":"Organization","@id":"https:\/\/www.specagra.ee\/#organization","name":"UAB Specagra","url":"https:\/\/www.specagra.ee\/","logo":{"@type":"ImageObject","inLanguage":"et","@id":"https:\/\/www.specagra.ee\/#\/schema\/logo\/image\/","url":"http:\/\/www.specagra.ee\/wp-content\/uploads\/2022\/02\/SP-logo_naujas-scaled.jpg","contentUrl":"http:\/\/www.specagra.ee\/wp-content\/uploads\/2022\/02\/SP-logo_naujas-scaled.jpg","width":2560,"height":326,"caption":"UAB Specagra"},"image":{"@id":"https:\/\/www.specagra.ee\/#\/schema\/logo\/image\/"}}]}},"_links":{"self":[{"href":"https:\/\/www.specagra.ee\/index.php?rest_route=\/wp\/v2\/product\/2241","targetHints":{"allow":["GET"]}}],"collection":[{"href":"https:\/\/www.specagra.ee\/index.php?rest_route=\/wp\/v2\/product"}],"about":[{"href":"https:\/\/www.specagra.ee\/index.php?rest_route=\/wp\/v2\/types\/product"}],"wp:featuredmedia":[{"embeddable":true,"href":"https:\/\/www.specagra.ee\/index.php?rest_route=\/wp\/v2\/media\/2242"}],"wp:attachment":[{"href":"https:\/\/www.specagra.ee\/index.php?rest_route=%2Fwp%2Fv2%2Fmedia&parent=2241"}],"wp:term":[{"taxonomy":"product_brand","embeddable":true,"href":"https:\/\/www.specagra.ee\/index.php?rest_route=%2Fwp%2Fv2%2Fproduct_brand&post=2241"},{"taxonomy":"product_cat","embeddable":true,"href":"https:\/\/www.specagra.ee\/index.php?rest_route=%2Fwp%2Fv2%2Fproduct_cat&post=2241"},{"taxonomy":"product_tag","embeddable":true,"href":"https:\/\/www.specagra.ee\/index.php?rest_route=%2Fwp%2Fv2%2Fproduct_tag&post=2241"}],"curies":[{"name":"wp","href":"https:\/\/api.w.org\/{rel}","templated":true}]}}