{"id":2228,"date":"2020-06-25T06:47:00","date_gmt":"2020-06-25T08:47:00","guid":{"rendered":"https:\/\/www.specagra.ee.nemokamossvetaines.hostingas.lt\/?post_type=product&#038;p=2228"},"modified":"2022-07-21T11:41:16","modified_gmt":"2022-07-21T13:41:16","slug":"mechanine-amber-3000-3500","status":"publish","type":"product","link":"https:\/\/www.specagra.ee\/?product=mechanine-amber-3000-3500","title":{"rendered":"S\u0117jamosios AMBER 3000\/3500"},"content":{"rendered":"<p>Standartin\u0117 komplektacija :<\/p>\n<ul>\n<li>Prikabinimas su keturiais kopijuojan\u010diais ratais;<\/li>\n<li>S\u0117jimo diskai : viengubas diskas su \u0161oniniu norag\u0117liu, apsauga guminiai amortizatoriai, vieno disko spaudimas \u012f dirv\u0105 100 kg;<\/li>\n<li>S\u0117jimo disko diametras 400 mm. Montuojami 2 neaptarnaujami guoliai;<\/li>\n<li>Dviej\u0173 dali\u0173 i\u0161s\u0117jimo ratukai pritaikyti s\u0117ti gr\u016bdines ir smulkias kult\u016bras;<\/li>\n<li>Belaipsn\u0117 pavar\u0173 d\u0117\u017e\u0117;<\/li>\n<li>Normos nustatymo \u012frenginys;<\/li>\n<li>Bunkerio u\u017edarymo susukamas tentas;<\/li>\n<li>Mechaninis i\u0161s\u0117jimas su \u0161oniniu ratu;<\/li>\n<li>Hidraulinis gylio reguliavimas;<\/li>\n<li>Transportavimo\/privolavimo rat\u0173 sekcija (195&#215;15);<\/li>\n<li>Aket\u0117l\u0117s u\u017e rat\u0173 sekcijos;<\/li>\n<li>Aptarnavimo platforma su laipteliu;<\/li>\n<li>Hidrauliniai prava\u017eiavimo \u017eenklintuvai (reguliuojami);<\/li>\n<li>Elektrin\u0117s technologin\u0117s v\u0117\u017eios;<\/li>\n<li>Valdymas : STARTER SEED;<\/li>\n<\/ul>\n<p>Papildoma komplektacija :<\/p>\n<ul>\n<li>Segmentin\u0117 hidraulin\u0117 lyginimo lenta;<\/li>\n<li>Dvi eil\u0117s dirbimo disk\u0173 su gumini\u0173 amortizatori\u0173 apsauga, diametras 460mm;<\/li>\n<li>Rat\u0173 sekcija u\u017e dirbimo disk\u0173 sekcijos;<\/li>\n<li>\u017denklintuvai iki sudygimo;<\/li>\n<li>Transportavimo \u017eibintai;<\/li>\n<li>Kompiuteris PILOT SEED;<\/li>\n<li>Kompiuteris SUPERIOR;<\/li>\n<\/ul>\n","protected":false},"excerpt":{"rendered":"<p>Standartin\u0117 komplektacija : Prikabinimas su keturiais kopijuojan\u010diais ratais; S\u0117jimo diskai : viengubas diskas su \u0161oniniu norag\u0117liu, apsauga guminiai amortizatoriai, vieno disko spaudimas \u012f dirv\u0105 100 kg; S\u0117jimo disko diametras 400 mm. Montuojami 2 neaptarnaujami guoliai; Dviej\u0173 dali\u0173 i\u0161s\u0117jimo ratukai pritaikyti s\u0117ti gr\u016bdines ir smulkias kult\u016bras; Belaipsn\u0117 pavar\u0173 d\u0117\u017e\u0117; Normos nustatymo \u012frenginys; Bunkerio u\u017edarymo susukamas tentas; [&hellip;]<\/p>\n","protected":false},"featured_media":18035,"template":"","meta":{"_acf_changed":false},"product_brand":[],"product_cat":[55,56],"product_tag":[],"class_list":{"0":"post-2228","1":"product","2":"type-product","3":"status-publish","4":"has-post-thumbnail","6":"product_cat-kulvikud","7":"product_cat-mehaanilised","9":"first","10":"instock","11":"shipping-taxable","12":"product-type-simple"},"acf":[],"yoast_head":"<!-- This site is optimized with the Yoast SEO plugin v27.4 - https:\/\/yoast.com\/product\/yoast-seo-wordpress\/ -->\n<title>S\u0117jamosios AMBER 3000\/3500 - Specagra<\/title>\n<meta name=\"robots\" content=\"index, follow, max-snippet:-1, max-image-preview:large, max-video-preview:-1\" \/>\n<link rel=\"canonical\" href=\"https:\/\/www.specagra.ee\/?product=mechanine-amber-3000-3500\" \/>\n<meta property=\"og:locale\" content=\"et_EE\" \/>\n<meta property=\"og:type\" content=\"article\" \/>\n<meta property=\"og:title\" content=\"S\u0117jamosios AMBER 3000\/3500 - Specagra\" \/>\n<meta property=\"og:description\" content=\"Standartin\u0117 komplektacija : Prikabinimas su keturiais kopijuojan\u010diais ratais; S\u0117jimo diskai : viengubas diskas su \u0161oniniu norag\u0117liu, apsauga guminiai amortizatoriai, vieno disko spaudimas \u012f dirv\u0105 100 kg; S\u0117jimo disko diametras 400 mm. Montuojami 2 neaptarnaujami guoliai; Dviej\u0173 dali\u0173 i\u0161s\u0117jimo ratukai pritaikyti s\u0117ti gr\u016bdines ir smulkias kult\u016bras; Belaipsn\u0117 pavar\u0173 d\u0117\u017e\u0117; Normos nustatymo \u012frenginys; Bunkerio u\u017edarymo susukamas tentas; [&hellip;]\" \/>\n<meta property=\"og:url\" content=\"https:\/\/www.specagra.ee\/?product=mechanine-amber-3000-3500\" \/>\n<meta property=\"og:site_name\" content=\"Specagra\" \/>\n<meta property=\"article:modified_time\" content=\"2022-07-21T13:41:16+00:00\" \/>\n<meta property=\"og:image\" content=\"https:\/\/www.specagra.ee\/wp-content\/uploads\/2020\/06\/Copy-of-0203139731-1280-\u00d7-720-px-896-\u00d7-503-px34.jpg\" \/>\n\t<meta property=\"og:image:width\" content=\"896\" \/>\n\t<meta property=\"og:image:height\" content=\"503\" \/>\n\t<meta property=\"og:image:type\" content=\"image\/jpeg\" \/>\n<meta name=\"twitter:card\" content=\"summary_large_image\" \/>\n<meta name=\"twitter:label1\" content=\"Est. reading time\" \/>\n\t<meta name=\"twitter:data1\" content=\"1 minut\" \/>\n<script type=\"application\/ld+json\" class=\"yoast-schema-graph\">{\"@context\":\"https:\\\/\\\/schema.org\",\"@graph\":[{\"@type\":\"WebPage\",\"@id\":\"https:\\\/\\\/www.specagra.ee\\\/?product=mechanine-amber-3000-3500\",\"url\":\"https:\\\/\\\/www.specagra.ee\\\/?product=mechanine-amber-3000-3500\",\"name\":\"S\u0117jamosios AMBER 3000\\\/3500 - Specagra\",\"isPartOf\":{\"@id\":\"https:\\\/\\\/www.specagra.ee\\\/#website\"},\"primaryImageOfPage\":{\"@id\":\"https:\\\/\\\/www.specagra.ee\\\/?product=mechanine-amber-3000-3500#primaryimage\"},\"image\":{\"@id\":\"https:\\\/\\\/www.specagra.ee\\\/?product=mechanine-amber-3000-3500#primaryimage\"},\"thumbnailUrl\":\"https:\\\/\\\/www.specagra.ee\\\/wp-content\\\/uploads\\\/2020\\\/06\\\/Copy-of-0203139731-1280-\u00d7-720-px-896-\u00d7-503-px34.jpg\",\"datePublished\":\"2020-06-25T08:47:00+00:00\",\"dateModified\":\"2022-07-21T13:41:16+00:00\",\"breadcrumb\":{\"@id\":\"https:\\\/\\\/www.specagra.ee\\\/?product=mechanine-amber-3000-3500#breadcrumb\"},\"inLanguage\":\"et\",\"potentialAction\":[{\"@type\":\"ReadAction\",\"target\":[\"https:\\\/\\\/www.specagra.ee\\\/?product=mechanine-amber-3000-3500\"]}]},{\"@type\":\"ImageObject\",\"inLanguage\":\"et\",\"@id\":\"https:\\\/\\\/www.specagra.ee\\\/?product=mechanine-amber-3000-3500#primaryimage\",\"url\":\"https:\\\/\\\/www.specagra.ee\\\/wp-content\\\/uploads\\\/2020\\\/06\\\/Copy-of-0203139731-1280-\u00d7-720-px-896-\u00d7-503-px34.jpg\",\"contentUrl\":\"https:\\\/\\\/www.specagra.ee\\\/wp-content\\\/uploads\\\/2020\\\/06\\\/Copy-of-0203139731-1280-\u00d7-720-px-896-\u00d7-503-px34.jpg\",\"width\":896,\"height\":503,\"caption\":\"S\u0117jamosios AMBER 3000\\\/3500\"},{\"@type\":\"BreadcrumbList\",\"@id\":\"https:\\\/\\\/www.specagra.ee\\\/?product=mechanine-amber-3000-3500#breadcrumb\",\"itemListElement\":[{\"@type\":\"ListItem\",\"position\":1,\"name\":\"Home\",\"item\":\"https:\\\/\\\/www.specagra.ee\\\/\"},{\"@type\":\"ListItem\",\"position\":2,\"name\":\"P\u00f5llumajandustehnika ja loomakasvatus\",\"item\":\"https:\\\/\\\/www.specagra.ee\\\/?page_id=18493\"},{\"@type\":\"ListItem\",\"position\":3,\"name\":\"S\u0117jamosios AMBER 3000\\\/3500\"}]},{\"@type\":\"WebSite\",\"@id\":\"https:\\\/\\\/www.specagra.ee\\\/#website\",\"url\":\"https:\\\/\\\/www.specagra.ee\\\/\",\"name\":\"Specagra\",\"description\":\"P\u00f5llumajandustehnika ja varuosad\",\"publisher\":{\"@id\":\"https:\\\/\\\/www.specagra.ee\\\/#organization\"},\"potentialAction\":[{\"@type\":\"SearchAction\",\"target\":{\"@type\":\"EntryPoint\",\"urlTemplate\":\"https:\\\/\\\/www.specagra.ee\\\/?s={search_term_string}\"},\"query-input\":{\"@type\":\"PropertyValueSpecification\",\"valueRequired\":true,\"valueName\":\"search_term_string\"}}],\"inLanguage\":\"et\"},{\"@type\":\"Organization\",\"@id\":\"https:\\\/\\\/www.specagra.ee\\\/#organization\",\"name\":\"UAB Specagra\",\"url\":\"https:\\\/\\\/www.specagra.ee\\\/\",\"logo\":{\"@type\":\"ImageObject\",\"inLanguage\":\"et\",\"@id\":\"https:\\\/\\\/www.specagra.ee\\\/#\\\/schema\\\/logo\\\/image\\\/\",\"url\":\"http:\\\/\\\/www.specagra.ee\\\/wp-content\\\/uploads\\\/2022\\\/02\\\/SP-logo_naujas-scaled.jpg\",\"contentUrl\":\"http:\\\/\\\/www.specagra.ee\\\/wp-content\\\/uploads\\\/2022\\\/02\\\/SP-logo_naujas-scaled.jpg\",\"width\":2560,\"height\":326,\"caption\":\"UAB Specagra\"},\"image\":{\"@id\":\"https:\\\/\\\/www.specagra.ee\\\/#\\\/schema\\\/logo\\\/image\\\/\"}}]}<\/script>\n<!-- \/ Yoast SEO plugin. -->","yoast_head_json":{"title":"S\u0117jamosios AMBER 3000\/3500 - Specagra","robots":{"index":"index","follow":"follow","max-snippet":"max-snippet:-1","max-image-preview":"max-image-preview:large","max-video-preview":"max-video-preview:-1"},"canonical":"https:\/\/www.specagra.ee\/?product=mechanine-amber-3000-3500","og_locale":"et_EE","og_type":"article","og_title":"S\u0117jamosios AMBER 3000\/3500 - Specagra","og_description":"Standartin\u0117 komplektacija : Prikabinimas su keturiais kopijuojan\u010diais ratais; S\u0117jimo diskai : viengubas diskas su \u0161oniniu norag\u0117liu, apsauga guminiai amortizatoriai, vieno disko spaudimas \u012f dirv\u0105 100 kg; S\u0117jimo disko diametras 400 mm. Montuojami 2 neaptarnaujami guoliai; Dviej\u0173 dali\u0173 i\u0161s\u0117jimo ratukai pritaikyti s\u0117ti gr\u016bdines ir smulkias kult\u016bras; Belaipsn\u0117 pavar\u0173 d\u0117\u017e\u0117; Normos nustatymo \u012frenginys; Bunkerio u\u017edarymo susukamas tentas; [&hellip;]","og_url":"https:\/\/www.specagra.ee\/?product=mechanine-amber-3000-3500","og_site_name":"Specagra","article_modified_time":"2022-07-21T13:41:16+00:00","og_image":[{"width":896,"height":503,"url":"https:\/\/www.specagra.ee\/wp-content\/uploads\/2020\/06\/Copy-of-0203139731-1280-\u00d7-720-px-896-\u00d7-503-px34.jpg","type":"image\/jpeg"}],"twitter_card":"summary_large_image","twitter_misc":{"Est. reading time":"1 minut"},"schema":{"@context":"https:\/\/schema.org","@graph":[{"@type":"WebPage","@id":"https:\/\/www.specagra.ee\/?product=mechanine-amber-3000-3500","url":"https:\/\/www.specagra.ee\/?product=mechanine-amber-3000-3500","name":"S\u0117jamosios AMBER 3000\/3500 - Specagra","isPartOf":{"@id":"https:\/\/www.specagra.ee\/#website"},"primaryImageOfPage":{"@id":"https:\/\/www.specagra.ee\/?product=mechanine-amber-3000-3500#primaryimage"},"image":{"@id":"https:\/\/www.specagra.ee\/?product=mechanine-amber-3000-3500#primaryimage"},"thumbnailUrl":"https:\/\/www.specagra.ee\/wp-content\/uploads\/2020\/06\/Copy-of-0203139731-1280-\u00d7-720-px-896-\u00d7-503-px34.jpg","datePublished":"2020-06-25T08:47:00+00:00","dateModified":"2022-07-21T13:41:16+00:00","breadcrumb":{"@id":"https:\/\/www.specagra.ee\/?product=mechanine-amber-3000-3500#breadcrumb"},"inLanguage":"et","potentialAction":[{"@type":"ReadAction","target":["https:\/\/www.specagra.ee\/?product=mechanine-amber-3000-3500"]}]},{"@type":"ImageObject","inLanguage":"et","@id":"https:\/\/www.specagra.ee\/?product=mechanine-amber-3000-3500#primaryimage","url":"https:\/\/www.specagra.ee\/wp-content\/uploads\/2020\/06\/Copy-of-0203139731-1280-\u00d7-720-px-896-\u00d7-503-px34.jpg","contentUrl":"https:\/\/www.specagra.ee\/wp-content\/uploads\/2020\/06\/Copy-of-0203139731-1280-\u00d7-720-px-896-\u00d7-503-px34.jpg","width":896,"height":503,"caption":"S\u0117jamosios AMBER 3000\/3500"},{"@type":"BreadcrumbList","@id":"https:\/\/www.specagra.ee\/?product=mechanine-amber-3000-3500#breadcrumb","itemListElement":[{"@type":"ListItem","position":1,"name":"Home","item":"https:\/\/www.specagra.ee\/"},{"@type":"ListItem","position":2,"name":"P\u00f5llumajandustehnika ja loomakasvatus","item":"https:\/\/www.specagra.ee\/?page_id=18493"},{"@type":"ListItem","position":3,"name":"S\u0117jamosios AMBER 3000\/3500"}]},{"@type":"WebSite","@id":"https:\/\/www.specagra.ee\/#website","url":"https:\/\/www.specagra.ee\/","name":"Specagra","description":"P\u00f5llumajandustehnika ja varuosad","publisher":{"@id":"https:\/\/www.specagra.ee\/#organization"},"potentialAction":[{"@type":"SearchAction","target":{"@type":"EntryPoint","urlTemplate":"https:\/\/www.specagra.ee\/?s={search_term_string}"},"query-input":{"@type":"PropertyValueSpecification","valueRequired":true,"valueName":"search_term_string"}}],"inLanguage":"et"},{"@type":"Organization","@id":"https:\/\/www.specagra.ee\/#organization","name":"UAB Specagra","url":"https:\/\/www.specagra.ee\/","logo":{"@type":"ImageObject","inLanguage":"et","@id":"https:\/\/www.specagra.ee\/#\/schema\/logo\/image\/","url":"http:\/\/www.specagra.ee\/wp-content\/uploads\/2022\/02\/SP-logo_naujas-scaled.jpg","contentUrl":"http:\/\/www.specagra.ee\/wp-content\/uploads\/2022\/02\/SP-logo_naujas-scaled.jpg","width":2560,"height":326,"caption":"UAB Specagra"},"image":{"@id":"https:\/\/www.specagra.ee\/#\/schema\/logo\/image\/"}}]}},"_links":{"self":[{"href":"https:\/\/www.specagra.ee\/index.php?rest_route=\/wp\/v2\/product\/2228","targetHints":{"allow":["GET"]}}],"collection":[{"href":"https:\/\/www.specagra.ee\/index.php?rest_route=\/wp\/v2\/product"}],"about":[{"href":"https:\/\/www.specagra.ee\/index.php?rest_route=\/wp\/v2\/types\/product"}],"wp:featuredmedia":[{"embeddable":true,"href":"https:\/\/www.specagra.ee\/index.php?rest_route=\/wp\/v2\/media\/18035"}],"wp:attachment":[{"href":"https:\/\/www.specagra.ee\/index.php?rest_route=%2Fwp%2Fv2%2Fmedia&parent=2228"}],"wp:term":[{"taxonomy":"product_brand","embeddable":true,"href":"https:\/\/www.specagra.ee\/index.php?rest_route=%2Fwp%2Fv2%2Fproduct_brand&post=2228"},{"taxonomy":"product_cat","embeddable":true,"href":"https:\/\/www.specagra.ee\/index.php?rest_route=%2Fwp%2Fv2%2Fproduct_cat&post=2228"},{"taxonomy":"product_tag","embeddable":true,"href":"https:\/\/www.specagra.ee\/index.php?rest_route=%2Fwp%2Fv2%2Fproduct_tag&post=2228"}],"curies":[{"name":"wp","href":"https:\/\/api.w.org\/{rel}","templated":true}]}}