{"id":2171,"date":"2020-06-25T05:37:21","date_gmt":"2020-06-25T07:37:21","guid":{"rendered":"https:\/\/www.specagra.ee.nemokamossvetaines.hostingas.lt\/?post_type=product&#038;p=2171"},"modified":"2022-06-10T08:49:14","modified_gmt":"2022-06-10T10:49:14","slug":"freza-kruk","status":"publish","type":"product","link":"https:\/\/www.specagra.ee\/?product=freza-kruk","title":{"rendered":"Freza KRUK"},"content":{"rendered":"<p>Standartin\u0117 komplektacija:<\/p>\n<ul>\n<li>Universalus 3 ta\u0161k\u0173 prikabinimas;<\/li>\n<li>Darbinis gylis iki 12 cm;<\/li>\n<li>Centrinio perdavimo (KRUK 1,6\/ 1,8\/ 2,0);<\/li>\n<li>\u0160oninis galios perdavimas (u\u017edara tepale sistema)KRUK 2,0 \u0161oninis;<\/li>\n<li>Gylio reguliavimas: atraminiai rateliai KRUK 1,6\/ 1,8\/ 2,0;<\/li>\n<li>Gylio reguliavimas : pa\u010di\u016b\u017eos KRUK 2,0 \u0161oninis.<\/li>\n<\/ul>\n<p><sup>\u00a0\u00a0<\/sup>Papildoma komplektacija:<\/p>\n<ul>\n<li>Hidraulinis poslinkis.<\/li>\n<\/ul>\n","protected":false},"excerpt":{"rendered":"<p>Standartin\u0117 komplektacija: Universalus 3 ta\u0161k\u0173 prikabinimas; Darbinis gylis iki 12 cm; Centrinio perdavimo (KRUK 1,6\/ 1,8\/ 2,0); \u0160oninis galios perdavimas (u\u017edara tepale sistema)KRUK 2,0 \u0161oninis; Gylio reguliavimas: atraminiai rateliai KRUK 1,6\/ 1,8\/ 2,0; Gylio reguliavimas : pa\u010di\u016b\u017eos KRUK 2,0 \u0161oninis. \u00a0\u00a0Papildoma komplektacija: Hidraulinis poslinkis.<\/p>\n","protected":false},"featured_media":17385,"template":"","meta":{"_et_pb_use_builder":"","_et_pb_old_content":"","_et_gb_content_width":""},"product_brand":[],"product_cat":[42],"product_tag":[],"class_list":{"0":"post-2171","1":"product","2":"type-product","3":"status-publish","4":"has-post-thumbnail","6":"product_cat-akked-ja-freesid","8":"first","9":"instock","10":"shipping-taxable","11":"product-type-simple"},"yoast_head":"<!-- This site is optimized with the Yoast SEO plugin v26.4 - https:\/\/yoast.com\/wordpress\/plugins\/seo\/ -->\n<title>Freza KRUK - Specagra<\/title>\n<meta name=\"robots\" content=\"index, follow, max-snippet:-1, max-image-preview:large, max-video-preview:-1\" \/>\n<link rel=\"canonical\" href=\"https:\/\/www.specagra.ee\/?product=freza-kruk\" \/>\n<meta property=\"og:locale\" content=\"et_EE\" \/>\n<meta property=\"og:type\" content=\"article\" \/>\n<meta property=\"og:title\" content=\"Freza KRUK - Specagra\" \/>\n<meta property=\"og:description\" content=\"Standartin\u0117 komplektacija: Universalus 3 ta\u0161k\u0173 prikabinimas; Darbinis gylis iki 12 cm; Centrinio perdavimo (KRUK 1,6\/ 1,8\/ 2,0); \u0160oninis galios perdavimas (u\u017edara tepale sistema)KRUK 2,0 \u0161oninis; Gylio reguliavimas: atraminiai rateliai KRUK 1,6\/ 1,8\/ 2,0; Gylio reguliavimas : pa\u010di\u016b\u017eos KRUK 2,0 \u0161oninis. \u00a0\u00a0Papildoma komplektacija: Hidraulinis poslinkis.\" \/>\n<meta property=\"og:url\" content=\"https:\/\/www.specagra.ee\/?product=freza-kruk\" \/>\n<meta property=\"og:site_name\" content=\"Specagra\" \/>\n<meta property=\"article:modified_time\" content=\"2022-06-10T10:49:14+00:00\" \/>\n<meta property=\"og:image\" content=\"https:\/\/www.specagra.ee\/wp-content\/uploads\/2020\/06\/freza-kruk.jpg\" \/>\n\t<meta property=\"og:image:width\" content=\"1280\" \/>\n\t<meta property=\"og:image:height\" content=\"720\" \/>\n\t<meta property=\"og:image:type\" content=\"image\/jpeg\" \/>\n<meta name=\"twitter:card\" content=\"summary_large_image\" \/>\n<script type=\"application\/ld+json\" class=\"yoast-schema-graph\">{\"@context\":\"https:\/\/schema.org\",\"@graph\":[{\"@type\":\"WebPage\",\"@id\":\"https:\/\/www.specagra.ee\/?product=freza-kruk\",\"url\":\"https:\/\/www.specagra.ee\/?product=freza-kruk\",\"name\":\"Freza KRUK - Specagra\",\"isPartOf\":{\"@id\":\"https:\/\/www.specagra.ee\/#website\"},\"primaryImageOfPage\":{\"@id\":\"https:\/\/www.specagra.ee\/?product=freza-kruk#primaryimage\"},\"image\":{\"@id\":\"https:\/\/www.specagra.ee\/?product=freza-kruk#primaryimage\"},\"thumbnailUrl\":\"https:\/\/specagra.ee\/wp-content\/uploads\/2020\/06\/freza-kruk.jpg\",\"datePublished\":\"2020-06-25T07:37:21+00:00\",\"dateModified\":\"2022-06-10T10:49:14+00:00\",\"breadcrumb\":{\"@id\":\"https:\/\/www.specagra.ee\/?product=freza-kruk#breadcrumb\"},\"inLanguage\":\"et\",\"potentialAction\":[{\"@type\":\"ReadAction\",\"target\":[\"https:\/\/www.specagra.ee\/?product=freza-kruk\"]}]},{\"@type\":\"ImageObject\",\"inLanguage\":\"et\",\"@id\":\"https:\/\/www.specagra.ee\/?product=freza-kruk#primaryimage\",\"url\":\"https:\/\/specagra.ee\/wp-content\/uploads\/2020\/06\/freza-kruk.jpg\",\"contentUrl\":\"https:\/\/specagra.ee\/wp-content\/uploads\/2020\/06\/freza-kruk.jpg\",\"width\":1280,\"height\":720,\"caption\":\"Freza KRUK\"},{\"@type\":\"BreadcrumbList\",\"@id\":\"https:\/\/www.specagra.ee\/?product=freza-kruk#breadcrumb\",\"itemListElement\":[{\"@type\":\"ListItem\",\"position\":1,\"name\":\"Home\",\"item\":\"https:\/\/www.specagra.ee\/\"},{\"@type\":\"ListItem\",\"position\":2,\"name\":\"P\u00f5llumajandustehnika ja loomakasvatus\",\"item\":\"https:\/\/specagra.ee\/?page_id=18493\"},{\"@type\":\"ListItem\",\"position\":3,\"name\":\"Freza KRUK\"}]},{\"@type\":\"WebSite\",\"@id\":\"https:\/\/www.specagra.ee\/#website\",\"url\":\"https:\/\/www.specagra.ee\/\",\"name\":\"Specagra\",\"description\":\"P\u00f5llumajandustehnika ja varuosad\",\"publisher\":{\"@id\":\"https:\/\/www.specagra.ee\/#organization\"},\"potentialAction\":[{\"@type\":\"SearchAction\",\"target\":{\"@type\":\"EntryPoint\",\"urlTemplate\":\"https:\/\/www.specagra.ee\/?s={search_term_string}\"},\"query-input\":{\"@type\":\"PropertyValueSpecification\",\"valueRequired\":true,\"valueName\":\"search_term_string\"}}],\"inLanguage\":\"et\"},{\"@type\":\"Organization\",\"@id\":\"https:\/\/www.specagra.ee\/#organization\",\"name\":\"UAB Specagra\",\"url\":\"https:\/\/www.specagra.ee\/\",\"logo\":{\"@type\":\"ImageObject\",\"inLanguage\":\"et\",\"@id\":\"https:\/\/www.specagra.ee\/#\/schema\/logo\/image\/\",\"url\":\"http:\/\/www.specagra.ee\/wp-content\/uploads\/2022\/02\/SP-logo_naujas-scaled.jpg\",\"contentUrl\":\"http:\/\/www.specagra.ee\/wp-content\/uploads\/2022\/02\/SP-logo_naujas-scaled.jpg\",\"width\":2560,\"height\":326,\"caption\":\"UAB Specagra\"},\"image\":{\"@id\":\"https:\/\/www.specagra.ee\/#\/schema\/logo\/image\/\"}}]}<\/script>\n<!-- \/ Yoast SEO plugin. -->","yoast_head_json":{"title":"Freza KRUK - Specagra","robots":{"index":"index","follow":"follow","max-snippet":"max-snippet:-1","max-image-preview":"max-image-preview:large","max-video-preview":"max-video-preview:-1"},"canonical":"https:\/\/www.specagra.ee\/?product=freza-kruk","og_locale":"et_EE","og_type":"article","og_title":"Freza KRUK - Specagra","og_description":"Standartin\u0117 komplektacija: Universalus 3 ta\u0161k\u0173 prikabinimas; Darbinis gylis iki 12 cm; Centrinio perdavimo (KRUK 1,6\/ 1,8\/ 2,0); \u0160oninis galios perdavimas (u\u017edara tepale sistema)KRUK 2,0 \u0161oninis; Gylio reguliavimas: atraminiai rateliai KRUK 1,6\/ 1,8\/ 2,0; Gylio reguliavimas : pa\u010di\u016b\u017eos KRUK 2,0 \u0161oninis. \u00a0\u00a0Papildoma komplektacija: Hidraulinis poslinkis.","og_url":"https:\/\/www.specagra.ee\/?product=freza-kruk","og_site_name":"Specagra","article_modified_time":"2022-06-10T10:49:14+00:00","og_image":[{"width":1280,"height":720,"url":"https:\/\/www.specagra.ee\/wp-content\/uploads\/2020\/06\/freza-kruk.jpg","type":"image\/jpeg"}],"twitter_card":"summary_large_image","schema":{"@context":"https:\/\/schema.org","@graph":[{"@type":"WebPage","@id":"https:\/\/www.specagra.ee\/?product=freza-kruk","url":"https:\/\/www.specagra.ee\/?product=freza-kruk","name":"Freza KRUK - Specagra","isPartOf":{"@id":"https:\/\/www.specagra.ee\/#website"},"primaryImageOfPage":{"@id":"https:\/\/www.specagra.ee\/?product=freza-kruk#primaryimage"},"image":{"@id":"https:\/\/www.specagra.ee\/?product=freza-kruk#primaryimage"},"thumbnailUrl":"https:\/\/specagra.ee\/wp-content\/uploads\/2020\/06\/freza-kruk.jpg","datePublished":"2020-06-25T07:37:21+00:00","dateModified":"2022-06-10T10:49:14+00:00","breadcrumb":{"@id":"https:\/\/www.specagra.ee\/?product=freza-kruk#breadcrumb"},"inLanguage":"et","potentialAction":[{"@type":"ReadAction","target":["https:\/\/www.specagra.ee\/?product=freza-kruk"]}]},{"@type":"ImageObject","inLanguage":"et","@id":"https:\/\/www.specagra.ee\/?product=freza-kruk#primaryimage","url":"https:\/\/specagra.ee\/wp-content\/uploads\/2020\/06\/freza-kruk.jpg","contentUrl":"https:\/\/specagra.ee\/wp-content\/uploads\/2020\/06\/freza-kruk.jpg","width":1280,"height":720,"caption":"Freza KRUK"},{"@type":"BreadcrumbList","@id":"https:\/\/www.specagra.ee\/?product=freza-kruk#breadcrumb","itemListElement":[{"@type":"ListItem","position":1,"name":"Home","item":"https:\/\/www.specagra.ee\/"},{"@type":"ListItem","position":2,"name":"P\u00f5llumajandustehnika ja loomakasvatus","item":"https:\/\/specagra.ee\/?page_id=18493"},{"@type":"ListItem","position":3,"name":"Freza KRUK"}]},{"@type":"WebSite","@id":"https:\/\/www.specagra.ee\/#website","url":"https:\/\/www.specagra.ee\/","name":"Specagra","description":"P\u00f5llumajandustehnika ja varuosad","publisher":{"@id":"https:\/\/www.specagra.ee\/#organization"},"potentialAction":[{"@type":"SearchAction","target":{"@type":"EntryPoint","urlTemplate":"https:\/\/www.specagra.ee\/?s={search_term_string}"},"query-input":{"@type":"PropertyValueSpecification","valueRequired":true,"valueName":"search_term_string"}}],"inLanguage":"et"},{"@type":"Organization","@id":"https:\/\/www.specagra.ee\/#organization","name":"UAB Specagra","url":"https:\/\/www.specagra.ee\/","logo":{"@type":"ImageObject","inLanguage":"et","@id":"https:\/\/www.specagra.ee\/#\/schema\/logo\/image\/","url":"http:\/\/www.specagra.ee\/wp-content\/uploads\/2022\/02\/SP-logo_naujas-scaled.jpg","contentUrl":"http:\/\/www.specagra.ee\/wp-content\/uploads\/2022\/02\/SP-logo_naujas-scaled.jpg","width":2560,"height":326,"caption":"UAB Specagra"},"image":{"@id":"https:\/\/www.specagra.ee\/#\/schema\/logo\/image\/"}}]}},"_links":{"self":[{"href":"https:\/\/www.specagra.ee\/index.php?rest_route=\/wp\/v2\/product\/2171","targetHints":{"allow":["GET"]}}],"collection":[{"href":"https:\/\/www.specagra.ee\/index.php?rest_route=\/wp\/v2\/product"}],"about":[{"href":"https:\/\/www.specagra.ee\/index.php?rest_route=\/wp\/v2\/types\/product"}],"wp:featuredmedia":[{"embeddable":true,"href":"https:\/\/www.specagra.ee\/index.php?rest_route=\/wp\/v2\/media\/17385"}],"wp:attachment":[{"href":"https:\/\/www.specagra.ee\/index.php?rest_route=%2Fwp%2Fv2%2Fmedia&parent=2171"}],"wp:term":[{"taxonomy":"product_brand","embeddable":true,"href":"https:\/\/www.specagra.ee\/index.php?rest_route=%2Fwp%2Fv2%2Fproduct_brand&post=2171"},{"taxonomy":"product_cat","embeddable":true,"href":"https:\/\/www.specagra.ee\/index.php?rest_route=%2Fwp%2Fv2%2Fproduct_cat&post=2171"},{"taxonomy":"product_tag","embeddable":true,"href":"https:\/\/www.specagra.ee\/index.php?rest_route=%2Fwp%2Fv2%2Fproduct_tag&post=2171"}],"curies":[{"name":"wp","href":"https:\/\/api.w.org\/{rel}","templated":true}]}}