{"id":2163,"date":"2020-06-25T05:30:17","date_gmt":"2020-06-25T07:30:17","guid":{"rendered":"https:\/\/www.specagra.ee.nemokamossvetaines.hostingas.lt\/?post_type=product&#038;p=2163"},"modified":"2025-03-19T04:39:55","modified_gmt":"2025-03-19T06:39:55","slug":"freza-unia-hermes","status":"publish","type":"product","link":"https:\/\/www.specagra.ee\/?product=freza-unia-hermes","title":{"rendered":"Freza UNIA HERMES"},"content":{"rendered":"<p>Standartin\u0117 komplektacija:<\/p>\n<ul>\n<li>Pakabinimo a\u0161is 825\/\u00f828 mm (versija 3m),825\/\u00f836 mm (wersja 4m);<\/li>\n<li>Pjovimo peiliai 280 mm;<\/li>\n<li>Dviej\u0173 kryp\u010di\u0173 reduktorius;<\/li>\n<li>\u0160oniniai atmu\u0161\u0117jai;<\/li>\n<li>Darbinio veleno apsisukimai 540 aps\/min;<\/li>\n<li>Vamzdinis volas \u00f8500 mm;<\/li>\n<li>Darbinis velenas su apsauga.<\/li>\n<\/ul>\n<p><sup>\u00a0\u00a0<\/sup>Papildoma komplektacija:<\/p>\n<ul>\n<li>Priekin\u0117 lyginimo lenta;<\/li>\n<li>Galin\u0117 lyginimo lenta;<\/li>\n<li>Volas \u2013 Packera \u00f8530 mm;<\/li>\n<li>Volas \u2013 gumuotas \u00f8500 mm;<\/li>\n<li>Hidraulin\u0117 pakaba s\u0117jamajai.<\/li>\n<\/ul>\n","protected":false},"excerpt":{"rendered":"<p>Standartin\u0117 komplektacija: Pakabinimo a\u0161is 825\/\u00f828 mm (versija 3m),825\/\u00f836 mm (wersja 4m); Pjovimo peiliai 280 mm; Dviej\u0173 kryp\u010di\u0173 reduktorius; \u0160oniniai atmu\u0161\u0117jai; Darbinio veleno apsisukimai 540 aps\/min; Vamzdinis volas \u00f8500 mm; Darbinis velenas su apsauga. \u00a0\u00a0Papildoma komplektacija: Priekin\u0117 lyginimo lenta; Galin\u0117 lyginimo lenta; Volas \u2013 Packera \u00f8530 mm; Volas \u2013 gumuotas \u00f8500 mm; Hidraulin\u0117 pakaba s\u0117jamajai.<\/p>\n","protected":false},"featured_media":17384,"template":"","meta":{"_et_pb_use_builder":"","_et_pb_old_content":"","_et_gb_content_width":""},"product_brand":[],"product_cat":[42],"product_tag":[],"class_list":{"0":"post-2163","1":"product","2":"type-product","3":"status-publish","4":"has-post-thumbnail","6":"product_cat-akked-ja-freesid","8":"first","9":"instock","10":"shipping-taxable","11":"product-type-simple"},"yoast_head":"<!-- This site is optimized with the Yoast SEO plugin v26.4 - https:\/\/yoast.com\/wordpress\/plugins\/seo\/ -->\n<title>Freza UNIA HERMES - Specagra<\/title>\n<meta name=\"robots\" content=\"index, follow, max-snippet:-1, max-image-preview:large, max-video-preview:-1\" \/>\n<link rel=\"canonical\" href=\"https:\/\/www.specagra.ee\/?product=freza-unia-hermes\" \/>\n<meta property=\"og:locale\" content=\"et_EE\" \/>\n<meta property=\"og:type\" content=\"article\" \/>\n<meta property=\"og:title\" content=\"Freza UNIA HERMES - Specagra\" \/>\n<meta property=\"og:description\" content=\"Standartin\u0117 komplektacija: Pakabinimo a\u0161is 825\/\u00f828 mm (versija 3m),825\/\u00f836 mm (wersja 4m); Pjovimo peiliai 280 mm; Dviej\u0173 kryp\u010di\u0173 reduktorius; \u0160oniniai atmu\u0161\u0117jai; Darbinio veleno apsisukimai 540 aps\/min; Vamzdinis volas \u00f8500 mm; Darbinis velenas su apsauga. \u00a0\u00a0Papildoma komplektacija: Priekin\u0117 lyginimo lenta; Galin\u0117 lyginimo lenta; Volas \u2013 Packera \u00f8530 mm; Volas \u2013 gumuotas \u00f8500 mm; Hidraulin\u0117 pakaba s\u0117jamajai.\" \/>\n<meta property=\"og:url\" content=\"https:\/\/www.specagra.ee\/?product=freza-unia-hermes\" \/>\n<meta property=\"og:site_name\" content=\"Specagra\" \/>\n<meta property=\"article:modified_time\" content=\"2025-03-19T06:39:55+00:00\" \/>\n<meta property=\"og:image\" content=\"https:\/\/www.specagra.ee\/wp-content\/uploads\/2020\/06\/Freza-HERMES.jpg\" \/>\n\t<meta property=\"og:image:width\" content=\"1280\" \/>\n\t<meta property=\"og:image:height\" content=\"720\" \/>\n\t<meta property=\"og:image:type\" content=\"image\/jpeg\" \/>\n<meta name=\"twitter:card\" content=\"summary_large_image\" \/>\n<meta name=\"twitter:label1\" content=\"Est. reading time\" \/>\n\t<meta name=\"twitter:data1\" content=\"1 minut\" \/>\n<script type=\"application\/ld+json\" class=\"yoast-schema-graph\">{\"@context\":\"https:\/\/schema.org\",\"@graph\":[{\"@type\":\"WebPage\",\"@id\":\"https:\/\/www.specagra.ee\/?product=freza-unia-hermes\",\"url\":\"https:\/\/www.specagra.ee\/?product=freza-unia-hermes\",\"name\":\"Freza UNIA HERMES - Specagra\",\"isPartOf\":{\"@id\":\"https:\/\/www.specagra.ee\/#website\"},\"primaryImageOfPage\":{\"@id\":\"https:\/\/www.specagra.ee\/?product=freza-unia-hermes#primaryimage\"},\"image\":{\"@id\":\"https:\/\/www.specagra.ee\/?product=freza-unia-hermes#primaryimage\"},\"thumbnailUrl\":\"https:\/\/www.specagra.ee\/wp-content\/uploads\/2020\/06\/Freza-HERMES.jpg\",\"datePublished\":\"2020-06-25T07:30:17+00:00\",\"dateModified\":\"2025-03-19T06:39:55+00:00\",\"breadcrumb\":{\"@id\":\"https:\/\/www.specagra.ee\/?product=freza-unia-hermes#breadcrumb\"},\"inLanguage\":\"et\",\"potentialAction\":[{\"@type\":\"ReadAction\",\"target\":[\"https:\/\/www.specagra.ee\/?product=freza-unia-hermes\"]}]},{\"@type\":\"ImageObject\",\"inLanguage\":\"et\",\"@id\":\"https:\/\/www.specagra.ee\/?product=freza-unia-hermes#primaryimage\",\"url\":\"https:\/\/www.specagra.ee\/wp-content\/uploads\/2020\/06\/Freza-HERMES.jpg\",\"contentUrl\":\"https:\/\/www.specagra.ee\/wp-content\/uploads\/2020\/06\/Freza-HERMES.jpg\",\"width\":1280,\"height\":720,\"caption\":\"Freza HERMES\"},{\"@type\":\"BreadcrumbList\",\"@id\":\"https:\/\/www.specagra.ee\/?product=freza-unia-hermes#breadcrumb\",\"itemListElement\":[{\"@type\":\"ListItem\",\"position\":1,\"name\":\"Home\",\"item\":\"https:\/\/www.specagra.ee\/\"},{\"@type\":\"ListItem\",\"position\":2,\"name\":\"P\u00f5llumajandustehnika ja loomakasvatus\",\"item\":\"https:\/\/specagra.ee\/?page_id=18493\"},{\"@type\":\"ListItem\",\"position\":3,\"name\":\"Freza UNIA HERMES\"}]},{\"@type\":\"WebSite\",\"@id\":\"https:\/\/www.specagra.ee\/#website\",\"url\":\"https:\/\/www.specagra.ee\/\",\"name\":\"Specagra\",\"description\":\"P\u00f5llumajandustehnika ja varuosad\",\"publisher\":{\"@id\":\"https:\/\/www.specagra.ee\/#organization\"},\"potentialAction\":[{\"@type\":\"SearchAction\",\"target\":{\"@type\":\"EntryPoint\",\"urlTemplate\":\"https:\/\/www.specagra.ee\/?s={search_term_string}\"},\"query-input\":{\"@type\":\"PropertyValueSpecification\",\"valueRequired\":true,\"valueName\":\"search_term_string\"}}],\"inLanguage\":\"et\"},{\"@type\":\"Organization\",\"@id\":\"https:\/\/www.specagra.ee\/#organization\",\"name\":\"UAB Specagra\",\"url\":\"https:\/\/www.specagra.ee\/\",\"logo\":{\"@type\":\"ImageObject\",\"inLanguage\":\"et\",\"@id\":\"https:\/\/www.specagra.ee\/#\/schema\/logo\/image\/\",\"url\":\"http:\/\/www.specagra.ee\/wp-content\/uploads\/2022\/02\/SP-logo_naujas-scaled.jpg\",\"contentUrl\":\"http:\/\/www.specagra.ee\/wp-content\/uploads\/2022\/02\/SP-logo_naujas-scaled.jpg\",\"width\":2560,\"height\":326,\"caption\":\"UAB Specagra\"},\"image\":{\"@id\":\"https:\/\/www.specagra.ee\/#\/schema\/logo\/image\/\"}}]}<\/script>\n<!-- \/ Yoast SEO plugin. -->","yoast_head_json":{"title":"Freza UNIA HERMES - Specagra","robots":{"index":"index","follow":"follow","max-snippet":"max-snippet:-1","max-image-preview":"max-image-preview:large","max-video-preview":"max-video-preview:-1"},"canonical":"https:\/\/www.specagra.ee\/?product=freza-unia-hermes","og_locale":"et_EE","og_type":"article","og_title":"Freza UNIA HERMES - Specagra","og_description":"Standartin\u0117 komplektacija: Pakabinimo a\u0161is 825\/\u00f828 mm (versija 3m),825\/\u00f836 mm (wersja 4m); Pjovimo peiliai 280 mm; Dviej\u0173 kryp\u010di\u0173 reduktorius; \u0160oniniai atmu\u0161\u0117jai; Darbinio veleno apsisukimai 540 aps\/min; Vamzdinis volas \u00f8500 mm; Darbinis velenas su apsauga. \u00a0\u00a0Papildoma komplektacija: Priekin\u0117 lyginimo lenta; Galin\u0117 lyginimo lenta; Volas \u2013 Packera \u00f8530 mm; Volas \u2013 gumuotas \u00f8500 mm; Hidraulin\u0117 pakaba s\u0117jamajai.","og_url":"https:\/\/www.specagra.ee\/?product=freza-unia-hermes","og_site_name":"Specagra","article_modified_time":"2025-03-19T06:39:55+00:00","og_image":[{"width":1280,"height":720,"url":"https:\/\/www.specagra.ee\/wp-content\/uploads\/2020\/06\/Freza-HERMES.jpg","type":"image\/jpeg"}],"twitter_card":"summary_large_image","twitter_misc":{"Est. reading time":"1 minut"},"schema":{"@context":"https:\/\/schema.org","@graph":[{"@type":"WebPage","@id":"https:\/\/www.specagra.ee\/?product=freza-unia-hermes","url":"https:\/\/www.specagra.ee\/?product=freza-unia-hermes","name":"Freza UNIA HERMES - Specagra","isPartOf":{"@id":"https:\/\/www.specagra.ee\/#website"},"primaryImageOfPage":{"@id":"https:\/\/www.specagra.ee\/?product=freza-unia-hermes#primaryimage"},"image":{"@id":"https:\/\/www.specagra.ee\/?product=freza-unia-hermes#primaryimage"},"thumbnailUrl":"https:\/\/www.specagra.ee\/wp-content\/uploads\/2020\/06\/Freza-HERMES.jpg","datePublished":"2020-06-25T07:30:17+00:00","dateModified":"2025-03-19T06:39:55+00:00","breadcrumb":{"@id":"https:\/\/www.specagra.ee\/?product=freza-unia-hermes#breadcrumb"},"inLanguage":"et","potentialAction":[{"@type":"ReadAction","target":["https:\/\/www.specagra.ee\/?product=freza-unia-hermes"]}]},{"@type":"ImageObject","inLanguage":"et","@id":"https:\/\/www.specagra.ee\/?product=freza-unia-hermes#primaryimage","url":"https:\/\/www.specagra.ee\/wp-content\/uploads\/2020\/06\/Freza-HERMES.jpg","contentUrl":"https:\/\/www.specagra.ee\/wp-content\/uploads\/2020\/06\/Freza-HERMES.jpg","width":1280,"height":720,"caption":"Freza HERMES"},{"@type":"BreadcrumbList","@id":"https:\/\/www.specagra.ee\/?product=freza-unia-hermes#breadcrumb","itemListElement":[{"@type":"ListItem","position":1,"name":"Home","item":"https:\/\/www.specagra.ee\/"},{"@type":"ListItem","position":2,"name":"P\u00f5llumajandustehnika ja loomakasvatus","item":"https:\/\/specagra.ee\/?page_id=18493"},{"@type":"ListItem","position":3,"name":"Freza UNIA HERMES"}]},{"@type":"WebSite","@id":"https:\/\/www.specagra.ee\/#website","url":"https:\/\/www.specagra.ee\/","name":"Specagra","description":"P\u00f5llumajandustehnika ja varuosad","publisher":{"@id":"https:\/\/www.specagra.ee\/#organization"},"potentialAction":[{"@type":"SearchAction","target":{"@type":"EntryPoint","urlTemplate":"https:\/\/www.specagra.ee\/?s={search_term_string}"},"query-input":{"@type":"PropertyValueSpecification","valueRequired":true,"valueName":"search_term_string"}}],"inLanguage":"et"},{"@type":"Organization","@id":"https:\/\/www.specagra.ee\/#organization","name":"UAB Specagra","url":"https:\/\/www.specagra.ee\/","logo":{"@type":"ImageObject","inLanguage":"et","@id":"https:\/\/www.specagra.ee\/#\/schema\/logo\/image\/","url":"http:\/\/www.specagra.ee\/wp-content\/uploads\/2022\/02\/SP-logo_naujas-scaled.jpg","contentUrl":"http:\/\/www.specagra.ee\/wp-content\/uploads\/2022\/02\/SP-logo_naujas-scaled.jpg","width":2560,"height":326,"caption":"UAB Specagra"},"image":{"@id":"https:\/\/www.specagra.ee\/#\/schema\/logo\/image\/"}}]}},"_links":{"self":[{"href":"https:\/\/www.specagra.ee\/index.php?rest_route=\/wp\/v2\/product\/2163","targetHints":{"allow":["GET"]}}],"collection":[{"href":"https:\/\/www.specagra.ee\/index.php?rest_route=\/wp\/v2\/product"}],"about":[{"href":"https:\/\/www.specagra.ee\/index.php?rest_route=\/wp\/v2\/types\/product"}],"wp:featuredmedia":[{"embeddable":true,"href":"https:\/\/www.specagra.ee\/index.php?rest_route=\/wp\/v2\/media\/17384"}],"wp:attachment":[{"href":"https:\/\/www.specagra.ee\/index.php?rest_route=%2Fwp%2Fv2%2Fmedia&parent=2163"}],"wp:term":[{"taxonomy":"product_brand","embeddable":true,"href":"https:\/\/www.specagra.ee\/index.php?rest_route=%2Fwp%2Fv2%2Fproduct_brand&post=2163"},{"taxonomy":"product_cat","embeddable":true,"href":"https:\/\/www.specagra.ee\/index.php?rest_route=%2Fwp%2Fv2%2Fproduct_cat&post=2163"},{"taxonomy":"product_tag","embeddable":true,"href":"https:\/\/www.specagra.ee\/index.php?rest_route=%2Fwp%2Fv2%2Fproduct_tag&post=2163"}],"curies":[{"name":"wp","href":"https:\/\/api.w.org\/{rel}","templated":true}]}}