{"id":2155,"date":"2020-06-25T05:23:55","date_gmt":"2020-06-25T07:23:55","guid":{"rendered":"https:\/\/www.specagra.ee.nemokamossvetaines.hostingas.lt\/?post_type=product&#038;p=2155"},"modified":"2022-05-27T06:01:52","modified_gmt":"2022-05-27T08:01:52","slug":"kultivatorius-max","status":"publish","type":"product","link":"https:\/\/www.specagra.ee\/?product=kultivatorius-max","title":{"rendered":"Kultivatorius MAX"},"content":{"rendered":"<div class=\"woocommerce-tabs wc-tabs-wrapper\">\n<div id=\"tab-ywtm_274\" class=\"woocommerce-Tabs-panel woocommerce-Tabs-panel--ywtm_274 panel entry-content wc-tab\" role=\"tabpanel\" aria-labelledby=\"tab-title-ywtm_274\">\n<div class=\"tab-editor-container ywtm_content_tab\">\n<p>Standartin\u0117 komplektacija:<\/p>\n<ul>\n<li>Pakabinimo a\u0161is \u00f860-825\/\u00f828 mm (versija 3\u00f74 H), \u00f870-825\/\u00f836 mm (4,5 H \u00f79 H);<\/li>\n<li>Priekinis sraigtinis tankinimo velenas diametru 390 mm;<\/li>\n<li>Keturios eil\u0117s norag\u0117li\u0173 (tipas SV 45\u00d710 mm);<\/li>\n<li>Lyginimo lenta u\u017e norag\u0117li\u0173;<\/li>\n<li>Gale dvigubi metaliniai volai: \u00f8320\/280 mm;<\/li>\n<li>Standus r\u0117mas 3,0 m;<\/li>\n<li>Hidrauli\u0161kai sulankstomas 4H -9H m;<\/li>\n<li>Galin\u0117 karpyta lyginimo lenta;<\/li>\n<li>Atskiras gylio reguliavimas;<\/li>\n<li>Kopijuojan\u010dios sekcijos;<\/li>\n<\/ul>\n<p>Papildoma komplektacija:<\/p>\n<ul>\n<li>Priekin\u0117 lyginimo lenta (vietoje priekinio volo);<\/li>\n<li>Noragai \u201eSX\u201c;<\/li>\n<li>Noragai \u201eSZ\u201c;<\/li>\n<li>Spiralinis volas \u00f8470 mm;<\/li>\n<li>Dvigubi galiniai volai Crosskill;<\/li>\n<li>Dvigubi galiniai volai Crosskill \/ plienas;<\/li>\n<li>Prikabinimo ve\u017eim\u0117lis su ratais 340\/55-16 ir \u0161arnyriniu di\u0161liumi 2100 mm (4,5\u00f76H);<\/li>\n<li>Prikabinimo ve\u017eim\u0117lis su ratais 480\/45-17 ir \u0161arnyriniu di\u0161liumi 2100 mm (9H);<\/li>\n<li>V\u0117\u017ei\u0173 u\u017e\u017eer\u0117jai;<\/li>\n<li>Transportavimo \u017eibintai.<\/li>\n<\/ul>\n<\/div>\n<\/div>\n<\/div>\n","protected":false},"excerpt":{"rendered":"<p>Standartin\u0117 komplektacija: Pakabinimo a\u0161is \u00f860-825\/\u00f828 mm (versija 3\u00f74 H), \u00f870-825\/\u00f836 mm (4,5 H \u00f79 H); Priekinis sraigtinis tankinimo velenas diametru 390 mm; Keturios eil\u0117s norag\u0117li\u0173 (tipas SV 45\u00d710 mm); Lyginimo lenta u\u017e norag\u0117li\u0173; Gale dvigubi metaliniai volai: \u00f8320\/280 mm; Standus r\u0117mas 3,0 m; Hidrauli\u0161kai sulankstomas 4H -9H m; Galin\u0117 karpyta lyginimo lenta; Atskiras gylio reguliavimas; [&hellip;]<\/p>\n","protected":false},"featured_media":17403,"template":"","meta":{"_et_pb_use_builder":"","_et_pb_old_content":"","_et_gb_content_width":""},"product_brand":[],"product_cat":[40],"product_tag":[],"class_list":{"0":"post-2155","1":"product","2":"type-product","3":"status-publish","4":"has-post-thumbnail","6":"product_cat-kultivaatorid","8":"first","9":"instock","10":"shipping-taxable","11":"product-type-simple"},"yoast_head":"<!-- This site is optimized with the Yoast SEO plugin v26.4 - https:\/\/yoast.com\/wordpress\/plugins\/seo\/ -->\n<title>Kultivatorius MAX - Specagra<\/title>\n<meta name=\"robots\" content=\"index, follow, max-snippet:-1, max-image-preview:large, max-video-preview:-1\" \/>\n<link rel=\"canonical\" href=\"https:\/\/www.specagra.ee\/?product=kultivatorius-max\" \/>\n<meta property=\"og:locale\" content=\"et_EE\" \/>\n<meta property=\"og:type\" content=\"article\" \/>\n<meta property=\"og:title\" content=\"Kultivatorius MAX - Specagra\" \/>\n<meta property=\"og:description\" content=\"Standartin\u0117 komplektacija: Pakabinimo a\u0161is \u00f860-825\/\u00f828 mm (versija 3\u00f74 H), \u00f870-825\/\u00f836 mm (4,5 H \u00f79 H); Priekinis sraigtinis tankinimo velenas diametru 390 mm; Keturios eil\u0117s norag\u0117li\u0173 (tipas SV 45\u00d710 mm); Lyginimo lenta u\u017e norag\u0117li\u0173; Gale dvigubi metaliniai volai: \u00f8320\/280 mm; Standus r\u0117mas 3,0 m; Hidrauli\u0161kai sulankstomas 4H -9H m; Galin\u0117 karpyta lyginimo lenta; Atskiras gylio reguliavimas; [&hellip;]\" \/>\n<meta property=\"og:url\" content=\"https:\/\/www.specagra.ee\/?product=kultivatorius-max\" \/>\n<meta property=\"og:site_name\" content=\"Specagra\" \/>\n<meta property=\"article:modified_time\" content=\"2022-05-27T08:01:52+00:00\" \/>\n<meta property=\"og:image\" content=\"https:\/\/www.specagra.ee\/wp-content\/uploads\/2020\/06\/kret-Sb_b-2.jpg\" \/>\n\t<meta property=\"og:image:width\" content=\"1280\" \/>\n\t<meta property=\"og:image:height\" content=\"720\" \/>\n\t<meta property=\"og:image:type\" content=\"image\/jpeg\" \/>\n<meta name=\"twitter:card\" content=\"summary_large_image\" \/>\n<meta name=\"twitter:label1\" content=\"Est. reading time\" \/>\n\t<meta name=\"twitter:data1\" content=\"1 minut\" \/>\n<script type=\"application\/ld+json\" class=\"yoast-schema-graph\">{\"@context\":\"https:\/\/schema.org\",\"@graph\":[{\"@type\":\"WebPage\",\"@id\":\"https:\/\/www.specagra.ee\/?product=kultivatorius-max\",\"url\":\"https:\/\/www.specagra.ee\/?product=kultivatorius-max\",\"name\":\"Kultivatorius MAX - Specagra\",\"isPartOf\":{\"@id\":\"https:\/\/www.specagra.ee\/#website\"},\"primaryImageOfPage\":{\"@id\":\"https:\/\/www.specagra.ee\/?product=kultivatorius-max#primaryimage\"},\"image\":{\"@id\":\"https:\/\/www.specagra.ee\/?product=kultivatorius-max#primaryimage\"},\"thumbnailUrl\":\"https:\/\/www.specagra.ee\/wp-content\/uploads\/2020\/06\/kret-Sb_b-2.jpg\",\"datePublished\":\"2020-06-25T07:23:55+00:00\",\"dateModified\":\"2022-05-27T08:01:52+00:00\",\"breadcrumb\":{\"@id\":\"https:\/\/www.specagra.ee\/?product=kultivatorius-max#breadcrumb\"},\"inLanguage\":\"et\",\"potentialAction\":[{\"@type\":\"ReadAction\",\"target\":[\"https:\/\/www.specagra.ee\/?product=kultivatorius-max\"]}]},{\"@type\":\"ImageObject\",\"inLanguage\":\"et\",\"@id\":\"https:\/\/www.specagra.ee\/?product=kultivatorius-max#primaryimage\",\"url\":\"https:\/\/www.specagra.ee\/wp-content\/uploads\/2020\/06\/kret-Sb_b-2.jpg\",\"contentUrl\":\"https:\/\/www.specagra.ee\/wp-content\/uploads\/2020\/06\/kret-Sb_b-2.jpg\",\"width\":1280,\"height\":720,\"caption\":\"Kultivatorius MAX\"},{\"@type\":\"BreadcrumbList\",\"@id\":\"https:\/\/www.specagra.ee\/?product=kultivatorius-max#breadcrumb\",\"itemListElement\":[{\"@type\":\"ListItem\",\"position\":1,\"name\":\"Home\",\"item\":\"https:\/\/www.specagra.ee\/\"},{\"@type\":\"ListItem\",\"position\":2,\"name\":\"P\u00f5llumajandustehnika ja loomakasvatus\",\"item\":\"https:\/\/specagra.ee\/?page_id=18493\"},{\"@type\":\"ListItem\",\"position\":3,\"name\":\"Kultivatorius MAX\"}]},{\"@type\":\"WebSite\",\"@id\":\"https:\/\/www.specagra.ee\/#website\",\"url\":\"https:\/\/www.specagra.ee\/\",\"name\":\"Specagra\",\"description\":\"P\u00f5llumajandustehnika ja varuosad\",\"publisher\":{\"@id\":\"https:\/\/www.specagra.ee\/#organization\"},\"potentialAction\":[{\"@type\":\"SearchAction\",\"target\":{\"@type\":\"EntryPoint\",\"urlTemplate\":\"https:\/\/www.specagra.ee\/?s={search_term_string}\"},\"query-input\":{\"@type\":\"PropertyValueSpecification\",\"valueRequired\":true,\"valueName\":\"search_term_string\"}}],\"inLanguage\":\"et\"},{\"@type\":\"Organization\",\"@id\":\"https:\/\/www.specagra.ee\/#organization\",\"name\":\"UAB Specagra\",\"url\":\"https:\/\/www.specagra.ee\/\",\"logo\":{\"@type\":\"ImageObject\",\"inLanguage\":\"et\",\"@id\":\"https:\/\/www.specagra.ee\/#\/schema\/logo\/image\/\",\"url\":\"http:\/\/www.specagra.ee\/wp-content\/uploads\/2022\/02\/SP-logo_naujas-scaled.jpg\",\"contentUrl\":\"http:\/\/www.specagra.ee\/wp-content\/uploads\/2022\/02\/SP-logo_naujas-scaled.jpg\",\"width\":2560,\"height\":326,\"caption\":\"UAB Specagra\"},\"image\":{\"@id\":\"https:\/\/www.specagra.ee\/#\/schema\/logo\/image\/\"}}]}<\/script>\n<!-- \/ Yoast SEO plugin. -->","yoast_head_json":{"title":"Kultivatorius MAX - Specagra","robots":{"index":"index","follow":"follow","max-snippet":"max-snippet:-1","max-image-preview":"max-image-preview:large","max-video-preview":"max-video-preview:-1"},"canonical":"https:\/\/www.specagra.ee\/?product=kultivatorius-max","og_locale":"et_EE","og_type":"article","og_title":"Kultivatorius MAX - Specagra","og_description":"Standartin\u0117 komplektacija: Pakabinimo a\u0161is \u00f860-825\/\u00f828 mm (versija 3\u00f74 H), \u00f870-825\/\u00f836 mm (4,5 H \u00f79 H); Priekinis sraigtinis tankinimo velenas diametru 390 mm; Keturios eil\u0117s norag\u0117li\u0173 (tipas SV 45\u00d710 mm); Lyginimo lenta u\u017e norag\u0117li\u0173; Gale dvigubi metaliniai volai: \u00f8320\/280 mm; Standus r\u0117mas 3,0 m; Hidrauli\u0161kai sulankstomas 4H -9H m; Galin\u0117 karpyta lyginimo lenta; Atskiras gylio reguliavimas; [&hellip;]","og_url":"https:\/\/www.specagra.ee\/?product=kultivatorius-max","og_site_name":"Specagra","article_modified_time":"2022-05-27T08:01:52+00:00","og_image":[{"width":1280,"height":720,"url":"https:\/\/www.specagra.ee\/wp-content\/uploads\/2020\/06\/kret-Sb_b-2.jpg","type":"image\/jpeg"}],"twitter_card":"summary_large_image","twitter_misc":{"Est. reading time":"1 minut"},"schema":{"@context":"https:\/\/schema.org","@graph":[{"@type":"WebPage","@id":"https:\/\/www.specagra.ee\/?product=kultivatorius-max","url":"https:\/\/www.specagra.ee\/?product=kultivatorius-max","name":"Kultivatorius MAX - Specagra","isPartOf":{"@id":"https:\/\/www.specagra.ee\/#website"},"primaryImageOfPage":{"@id":"https:\/\/www.specagra.ee\/?product=kultivatorius-max#primaryimage"},"image":{"@id":"https:\/\/www.specagra.ee\/?product=kultivatorius-max#primaryimage"},"thumbnailUrl":"https:\/\/www.specagra.ee\/wp-content\/uploads\/2020\/06\/kret-Sb_b-2.jpg","datePublished":"2020-06-25T07:23:55+00:00","dateModified":"2022-05-27T08:01:52+00:00","breadcrumb":{"@id":"https:\/\/www.specagra.ee\/?product=kultivatorius-max#breadcrumb"},"inLanguage":"et","potentialAction":[{"@type":"ReadAction","target":["https:\/\/www.specagra.ee\/?product=kultivatorius-max"]}]},{"@type":"ImageObject","inLanguage":"et","@id":"https:\/\/www.specagra.ee\/?product=kultivatorius-max#primaryimage","url":"https:\/\/www.specagra.ee\/wp-content\/uploads\/2020\/06\/kret-Sb_b-2.jpg","contentUrl":"https:\/\/www.specagra.ee\/wp-content\/uploads\/2020\/06\/kret-Sb_b-2.jpg","width":1280,"height":720,"caption":"Kultivatorius MAX"},{"@type":"BreadcrumbList","@id":"https:\/\/www.specagra.ee\/?product=kultivatorius-max#breadcrumb","itemListElement":[{"@type":"ListItem","position":1,"name":"Home","item":"https:\/\/www.specagra.ee\/"},{"@type":"ListItem","position":2,"name":"P\u00f5llumajandustehnika ja loomakasvatus","item":"https:\/\/specagra.ee\/?page_id=18493"},{"@type":"ListItem","position":3,"name":"Kultivatorius MAX"}]},{"@type":"WebSite","@id":"https:\/\/www.specagra.ee\/#website","url":"https:\/\/www.specagra.ee\/","name":"Specagra","description":"P\u00f5llumajandustehnika ja varuosad","publisher":{"@id":"https:\/\/www.specagra.ee\/#organization"},"potentialAction":[{"@type":"SearchAction","target":{"@type":"EntryPoint","urlTemplate":"https:\/\/www.specagra.ee\/?s={search_term_string}"},"query-input":{"@type":"PropertyValueSpecification","valueRequired":true,"valueName":"search_term_string"}}],"inLanguage":"et"},{"@type":"Organization","@id":"https:\/\/www.specagra.ee\/#organization","name":"UAB Specagra","url":"https:\/\/www.specagra.ee\/","logo":{"@type":"ImageObject","inLanguage":"et","@id":"https:\/\/www.specagra.ee\/#\/schema\/logo\/image\/","url":"http:\/\/www.specagra.ee\/wp-content\/uploads\/2022\/02\/SP-logo_naujas-scaled.jpg","contentUrl":"http:\/\/www.specagra.ee\/wp-content\/uploads\/2022\/02\/SP-logo_naujas-scaled.jpg","width":2560,"height":326,"caption":"UAB Specagra"},"image":{"@id":"https:\/\/www.specagra.ee\/#\/schema\/logo\/image\/"}}]}},"_links":{"self":[{"href":"https:\/\/www.specagra.ee\/index.php?rest_route=\/wp\/v2\/product\/2155","targetHints":{"allow":["GET"]}}],"collection":[{"href":"https:\/\/www.specagra.ee\/index.php?rest_route=\/wp\/v2\/product"}],"about":[{"href":"https:\/\/www.specagra.ee\/index.php?rest_route=\/wp\/v2\/types\/product"}],"wp:featuredmedia":[{"embeddable":true,"href":"https:\/\/www.specagra.ee\/index.php?rest_route=\/wp\/v2\/media\/17403"}],"wp:attachment":[{"href":"https:\/\/www.specagra.ee\/index.php?rest_route=%2Fwp%2Fv2%2Fmedia&parent=2155"}],"wp:term":[{"taxonomy":"product_brand","embeddable":true,"href":"https:\/\/www.specagra.ee\/index.php?rest_route=%2Fwp%2Fv2%2Fproduct_brand&post=2155"},{"taxonomy":"product_cat","embeddable":true,"href":"https:\/\/www.specagra.ee\/index.php?rest_route=%2Fwp%2Fv2%2Fproduct_cat&post=2155"},{"taxonomy":"product_tag","embeddable":true,"href":"https:\/\/www.specagra.ee\/index.php?rest_route=%2Fwp%2Fv2%2Fproduct_tag&post=2155"}],"curies":[{"name":"wp","href":"https:\/\/api.w.org\/{rel}","templated":true}]}}