{"id":2149,"date":"2020-06-25T05:13:24","date_gmt":"2020-06-25T07:13:24","guid":{"rendered":"https:\/\/www.specagra.ee.nemokamossvetaines.hostingas.lt\/?post_type=product&#038;p=2149"},"modified":"2022-05-27T05:58:07","modified_gmt":"2022-05-27T07:58:07","slug":"kultivatorius-kombi","status":"publish","type":"product","link":"https:\/\/www.specagra.ee\/?product=kultivatorius-kombi","title":{"rendered":"Kultivatorius KOMBI"},"content":{"rendered":"<p>Standartin\u0117 komplektacija KOMBI 3:<\/p>\n<ul>\n<li>Pakabinimo a\u0161is 28mm;<\/li>\n<li>Priekinis kryptinis tankinimo velenas diam.,320 mm;<\/li>\n<li>4 eil\u0117s norag\u0117li\u0173 SU (32\u00d712mm );<\/li>\n<li>Mechani\u0161kai reguliuojamas gylis;<\/li>\n<li>Dvigubi dantyti galiniai\u00a0 volai diam.,320\/280 mm;<\/li>\n<li>Standus r\u0117mas ;<\/li>\n<\/ul>\n<p>Standartin\u0117 komplektacija KOMBI XL :<\/p>\n<ul>\n<li>Pakabinimo a\u0161is \u00f860-825\/\u00f828 mm, \u00f860-825\/\u00f828 mm (3,7 H\u00f75,1 H),\u00f860-825\/\u00f836 mm (5,6 H);<\/li>\n<li>Priekinis kryptinis tankinimo velenas diam.,320 mm;<\/li>\n<li>V\u0117\u017ei\u0173 u\u017eertuvai ( reguliuojamas gylis, spyruoklin\u0117 apsauga)<\/li>\n<li>3 eil\u0117s norag\u0117li\u0173 SU (32\u00d712 mm);<\/li>\n<li>Mechani\u0161kai reguliuojamas gylis;<\/li>\n<li>Dvigubi dantyti galiniai\u00a0 volai diam.,320\/280 mm;<\/li>\n<li>Sulankstomas hidrauli\u0161kai;<\/li>\n<\/ul>\n<p>Papildoma komplektacija:<\/p>\n<ul>\n<li>Norag\u0117lis SK (45\u00d710 mm);<\/li>\n<li>Norag\u0117lis SV (45\u00d710 mm);<\/li>\n<li>Transportavimo \u017eibintai;<\/li>\n<\/ul>\n","protected":false},"excerpt":{"rendered":"<p>Standartin\u0117 komplektacija KOMBI 3: Pakabinimo a\u0161is 28mm; Priekinis kryptinis tankinimo velenas diam.,320 mm; 4 eil\u0117s norag\u0117li\u0173 SU (32\u00d712mm ); Mechani\u0161kai reguliuojamas gylis; Dvigubi dantyti galiniai\u00a0 volai diam.,320\/280 mm; Standus r\u0117mas ; Standartin\u0117 komplektacija KOMBI XL : Pakabinimo a\u0161is \u00f860-825\/\u00f828 mm, \u00f860-825\/\u00f828 mm (3,7 H\u00f75,1 H),\u00f860-825\/\u00f836 mm (5,6 H); Priekinis kryptinis tankinimo velenas diam.,320 mm; V\u0117\u017ei\u0173 [&hellip;]<\/p>\n","protected":false},"featured_media":17402,"template":"","meta":{"_et_pb_use_builder":"","_et_pb_old_content":"","_et_gb_content_width":""},"product_brand":[],"product_cat":[40],"product_tag":[],"class_list":{"0":"post-2149","1":"product","2":"type-product","3":"status-publish","4":"has-post-thumbnail","6":"product_cat-kultivaatorid","8":"first","9":"instock","10":"shipping-taxable","11":"product-type-simple"},"yoast_head":"<!-- This site is optimized with the Yoast SEO plugin v26.4 - https:\/\/yoast.com\/wordpress\/plugins\/seo\/ -->\n<title>Kultivatorius KOMBI - Specagra<\/title>\n<meta name=\"robots\" content=\"index, follow, max-snippet:-1, max-image-preview:large, max-video-preview:-1\" \/>\n<link rel=\"canonical\" href=\"https:\/\/www.specagra.ee\/?product=kultivatorius-kombi\" \/>\n<meta property=\"og:locale\" content=\"et_EE\" \/>\n<meta property=\"og:type\" content=\"article\" \/>\n<meta property=\"og:title\" content=\"Kultivatorius KOMBI - Specagra\" \/>\n<meta property=\"og:description\" content=\"Standartin\u0117 komplektacija KOMBI 3: Pakabinimo a\u0161is 28mm; Priekinis kryptinis tankinimo velenas diam.,320 mm; 4 eil\u0117s norag\u0117li\u0173 SU (32\u00d712mm ); Mechani\u0161kai reguliuojamas gylis; Dvigubi dantyti galiniai\u00a0 volai diam.,320\/280 mm; Standus r\u0117mas ; Standartin\u0117 komplektacija KOMBI XL : Pakabinimo a\u0161is \u00f860-825\/\u00f828 mm, \u00f860-825\/\u00f828 mm (3,7 H\u00f75,1 H),\u00f860-825\/\u00f836 mm (5,6 H); Priekinis kryptinis tankinimo velenas diam.,320 mm; V\u0117\u017ei\u0173 [&hellip;]\" \/>\n<meta property=\"og:url\" content=\"https:\/\/www.specagra.ee\/?product=kultivatorius-kombi\" \/>\n<meta property=\"og:site_name\" content=\"Specagra\" \/>\n<meta property=\"article:modified_time\" content=\"2022-05-27T07:58:07+00:00\" \/>\n<meta property=\"og:image\" content=\"https:\/\/www.specagra.ee\/wp-content\/uploads\/2020\/06\/kret-Sb_b-6-1.jpg\" \/>\n\t<meta property=\"og:image:width\" content=\"1280\" \/>\n\t<meta property=\"og:image:height\" content=\"720\" \/>\n\t<meta property=\"og:image:type\" content=\"image\/jpeg\" \/>\n<meta name=\"twitter:card\" content=\"summary_large_image\" \/>\n<script type=\"application\/ld+json\" class=\"yoast-schema-graph\">{\"@context\":\"https:\/\/schema.org\",\"@graph\":[{\"@type\":\"WebPage\",\"@id\":\"https:\/\/www.specagra.ee\/?product=kultivatorius-kombi\",\"url\":\"https:\/\/www.specagra.ee\/?product=kultivatorius-kombi\",\"name\":\"Kultivatorius KOMBI - Specagra\",\"isPartOf\":{\"@id\":\"https:\/\/www.specagra.ee\/#website\"},\"primaryImageOfPage\":{\"@id\":\"https:\/\/www.specagra.ee\/?product=kultivatorius-kombi#primaryimage\"},\"image\":{\"@id\":\"https:\/\/www.specagra.ee\/?product=kultivatorius-kombi#primaryimage\"},\"thumbnailUrl\":\"https:\/\/www.specagra.ee\/wp-content\/uploads\/2020\/06\/kret-Sb_b-6-1.jpg\",\"datePublished\":\"2020-06-25T07:13:24+00:00\",\"dateModified\":\"2022-05-27T07:58:07+00:00\",\"breadcrumb\":{\"@id\":\"https:\/\/www.specagra.ee\/?product=kultivatorius-kombi#breadcrumb\"},\"inLanguage\":\"et\",\"potentialAction\":[{\"@type\":\"ReadAction\",\"target\":[\"https:\/\/www.specagra.ee\/?product=kultivatorius-kombi\"]}]},{\"@type\":\"ImageObject\",\"inLanguage\":\"et\",\"@id\":\"https:\/\/www.specagra.ee\/?product=kultivatorius-kombi#primaryimage\",\"url\":\"https:\/\/www.specagra.ee\/wp-content\/uploads\/2020\/06\/kret-Sb_b-6-1.jpg\",\"contentUrl\":\"https:\/\/www.specagra.ee\/wp-content\/uploads\/2020\/06\/kret-Sb_b-6-1.jpg\",\"width\":1280,\"height\":720,\"caption\":\"Kultivatorius KOMBI\"},{\"@type\":\"BreadcrumbList\",\"@id\":\"https:\/\/www.specagra.ee\/?product=kultivatorius-kombi#breadcrumb\",\"itemListElement\":[{\"@type\":\"ListItem\",\"position\":1,\"name\":\"Home\",\"item\":\"https:\/\/www.specagra.ee\/\"},{\"@type\":\"ListItem\",\"position\":2,\"name\":\"P\u00f5llumajandustehnika ja loomakasvatus\",\"item\":\"https:\/\/specagra.ee\/?page_id=18493\"},{\"@type\":\"ListItem\",\"position\":3,\"name\":\"Kultivatorius KOMBI\"}]},{\"@type\":\"WebSite\",\"@id\":\"https:\/\/www.specagra.ee\/#website\",\"url\":\"https:\/\/www.specagra.ee\/\",\"name\":\"Specagra\",\"description\":\"P\u00f5llumajandustehnika ja varuosad\",\"publisher\":{\"@id\":\"https:\/\/www.specagra.ee\/#organization\"},\"potentialAction\":[{\"@type\":\"SearchAction\",\"target\":{\"@type\":\"EntryPoint\",\"urlTemplate\":\"https:\/\/www.specagra.ee\/?s={search_term_string}\"},\"query-input\":{\"@type\":\"PropertyValueSpecification\",\"valueRequired\":true,\"valueName\":\"search_term_string\"}}],\"inLanguage\":\"et\"},{\"@type\":\"Organization\",\"@id\":\"https:\/\/www.specagra.ee\/#organization\",\"name\":\"UAB Specagra\",\"url\":\"https:\/\/www.specagra.ee\/\",\"logo\":{\"@type\":\"ImageObject\",\"inLanguage\":\"et\",\"@id\":\"https:\/\/www.specagra.ee\/#\/schema\/logo\/image\/\",\"url\":\"http:\/\/www.specagra.ee\/wp-content\/uploads\/2022\/02\/SP-logo_naujas-scaled.jpg\",\"contentUrl\":\"http:\/\/www.specagra.ee\/wp-content\/uploads\/2022\/02\/SP-logo_naujas-scaled.jpg\",\"width\":2560,\"height\":326,\"caption\":\"UAB Specagra\"},\"image\":{\"@id\":\"https:\/\/www.specagra.ee\/#\/schema\/logo\/image\/\"}}]}<\/script>\n<!-- \/ Yoast SEO plugin. -->","yoast_head_json":{"title":"Kultivatorius KOMBI - Specagra","robots":{"index":"index","follow":"follow","max-snippet":"max-snippet:-1","max-image-preview":"max-image-preview:large","max-video-preview":"max-video-preview:-1"},"canonical":"https:\/\/www.specagra.ee\/?product=kultivatorius-kombi","og_locale":"et_EE","og_type":"article","og_title":"Kultivatorius KOMBI - Specagra","og_description":"Standartin\u0117 komplektacija KOMBI 3: Pakabinimo a\u0161is 28mm; Priekinis kryptinis tankinimo velenas diam.,320 mm; 4 eil\u0117s norag\u0117li\u0173 SU (32\u00d712mm ); Mechani\u0161kai reguliuojamas gylis; Dvigubi dantyti galiniai\u00a0 volai diam.,320\/280 mm; Standus r\u0117mas ; Standartin\u0117 komplektacija KOMBI XL : Pakabinimo a\u0161is \u00f860-825\/\u00f828 mm, \u00f860-825\/\u00f828 mm (3,7 H\u00f75,1 H),\u00f860-825\/\u00f836 mm (5,6 H); Priekinis kryptinis tankinimo velenas diam.,320 mm; V\u0117\u017ei\u0173 [&hellip;]","og_url":"https:\/\/www.specagra.ee\/?product=kultivatorius-kombi","og_site_name":"Specagra","article_modified_time":"2022-05-27T07:58:07+00:00","og_image":[{"width":1280,"height":720,"url":"https:\/\/www.specagra.ee\/wp-content\/uploads\/2020\/06\/kret-Sb_b-6-1.jpg","type":"image\/jpeg"}],"twitter_card":"summary_large_image","schema":{"@context":"https:\/\/schema.org","@graph":[{"@type":"WebPage","@id":"https:\/\/www.specagra.ee\/?product=kultivatorius-kombi","url":"https:\/\/www.specagra.ee\/?product=kultivatorius-kombi","name":"Kultivatorius KOMBI - Specagra","isPartOf":{"@id":"https:\/\/www.specagra.ee\/#website"},"primaryImageOfPage":{"@id":"https:\/\/www.specagra.ee\/?product=kultivatorius-kombi#primaryimage"},"image":{"@id":"https:\/\/www.specagra.ee\/?product=kultivatorius-kombi#primaryimage"},"thumbnailUrl":"https:\/\/www.specagra.ee\/wp-content\/uploads\/2020\/06\/kret-Sb_b-6-1.jpg","datePublished":"2020-06-25T07:13:24+00:00","dateModified":"2022-05-27T07:58:07+00:00","breadcrumb":{"@id":"https:\/\/www.specagra.ee\/?product=kultivatorius-kombi#breadcrumb"},"inLanguage":"et","potentialAction":[{"@type":"ReadAction","target":["https:\/\/www.specagra.ee\/?product=kultivatorius-kombi"]}]},{"@type":"ImageObject","inLanguage":"et","@id":"https:\/\/www.specagra.ee\/?product=kultivatorius-kombi#primaryimage","url":"https:\/\/www.specagra.ee\/wp-content\/uploads\/2020\/06\/kret-Sb_b-6-1.jpg","contentUrl":"https:\/\/www.specagra.ee\/wp-content\/uploads\/2020\/06\/kret-Sb_b-6-1.jpg","width":1280,"height":720,"caption":"Kultivatorius KOMBI"},{"@type":"BreadcrumbList","@id":"https:\/\/www.specagra.ee\/?product=kultivatorius-kombi#breadcrumb","itemListElement":[{"@type":"ListItem","position":1,"name":"Home","item":"https:\/\/www.specagra.ee\/"},{"@type":"ListItem","position":2,"name":"P\u00f5llumajandustehnika ja loomakasvatus","item":"https:\/\/specagra.ee\/?page_id=18493"},{"@type":"ListItem","position":3,"name":"Kultivatorius KOMBI"}]},{"@type":"WebSite","@id":"https:\/\/www.specagra.ee\/#website","url":"https:\/\/www.specagra.ee\/","name":"Specagra","description":"P\u00f5llumajandustehnika ja varuosad","publisher":{"@id":"https:\/\/www.specagra.ee\/#organization"},"potentialAction":[{"@type":"SearchAction","target":{"@type":"EntryPoint","urlTemplate":"https:\/\/www.specagra.ee\/?s={search_term_string}"},"query-input":{"@type":"PropertyValueSpecification","valueRequired":true,"valueName":"search_term_string"}}],"inLanguage":"et"},{"@type":"Organization","@id":"https:\/\/www.specagra.ee\/#organization","name":"UAB Specagra","url":"https:\/\/www.specagra.ee\/","logo":{"@type":"ImageObject","inLanguage":"et","@id":"https:\/\/www.specagra.ee\/#\/schema\/logo\/image\/","url":"http:\/\/www.specagra.ee\/wp-content\/uploads\/2022\/02\/SP-logo_naujas-scaled.jpg","contentUrl":"http:\/\/www.specagra.ee\/wp-content\/uploads\/2022\/02\/SP-logo_naujas-scaled.jpg","width":2560,"height":326,"caption":"UAB Specagra"},"image":{"@id":"https:\/\/www.specagra.ee\/#\/schema\/logo\/image\/"}}]}},"_links":{"self":[{"href":"https:\/\/www.specagra.ee\/index.php?rest_route=\/wp\/v2\/product\/2149","targetHints":{"allow":["GET"]}}],"collection":[{"href":"https:\/\/www.specagra.ee\/index.php?rest_route=\/wp\/v2\/product"}],"about":[{"href":"https:\/\/www.specagra.ee\/index.php?rest_route=\/wp\/v2\/types\/product"}],"wp:featuredmedia":[{"embeddable":true,"href":"https:\/\/www.specagra.ee\/index.php?rest_route=\/wp\/v2\/media\/17402"}],"wp:attachment":[{"href":"https:\/\/www.specagra.ee\/index.php?rest_route=%2Fwp%2Fv2%2Fmedia&parent=2149"}],"wp:term":[{"taxonomy":"product_brand","embeddable":true,"href":"https:\/\/www.specagra.ee\/index.php?rest_route=%2Fwp%2Fv2%2Fproduct_brand&post=2149"},{"taxonomy":"product_cat","embeddable":true,"href":"https:\/\/www.specagra.ee\/index.php?rest_route=%2Fwp%2Fv2%2Fproduct_cat&post=2149"},{"taxonomy":"product_tag","embeddable":true,"href":"https:\/\/www.specagra.ee\/index.php?rest_route=%2Fwp%2Fv2%2Fproduct_tag&post=2149"}],"curies":[{"name":"wp","href":"https:\/\/api.w.org\/{rel}","templated":true}]}}