{"id":2143,"date":"2020-06-25T05:04:18","date_gmt":"2020-06-25T07:04:18","guid":{"rendered":"https:\/\/www.specagra.ee.nemokamossvetaines.hostingas.lt\/?post_type=product&#038;p=2143"},"modified":"2022-05-27T06:30:00","modified_gmt":"2022-05-27T08:30:00","slug":"kultivatorius-viking-xl","status":"publish","type":"product","link":"https:\/\/www.specagra.ee\/?product=kultivatorius-viking-xl","title":{"rendered":"Kultivatorius VIKING XL"},"content":{"rendered":"<p>Standartin\u0117 \u012franga:<\/p>\n<ul>\n<li>Prikabinimas su kilpa Hitch \u00f840 mm;<\/li>\n<li>Sulankstomas hidrauli\u0161kai;<\/li>\n<li>Reguliuojama lyginimo lenta (mechani\u0161kai);<\/li>\n<li>Keturios eil\u0117s spyruoklini\u0173 norag\u0117li\u0173 SL;<\/li>\n<li>Dvigubi transportavimo ratai 200\/60-14,5;<\/li>\n<li>\u0160oniniai atraminiai ratai 200\/60-14,5 (VIKING 5,3\u00f76,8H);<\/li>\n<li>\u0160oniniai dvigubi atraminiai ratai 200\/60-14,5 (VIKING 8 H);<\/li>\n<li>Gale sumontuoti plieniniai voliukai \u00f8390 mm.<\/li>\n<li>Transportavimo plotis 3,60m (VIKING XL 8)<\/li>\n<\/ul>\n<p>Papildoma komplektacija:<\/p>\n<ul>\n<li>Segmentin\u0117 hidraulin\u0117 lyginimo lenta;<\/li>\n<li>Segmentin\u0117 hidraulin\u0117 lyginimo lenta gale;<\/li>\n<li>V\u0117\u017ei\u0173 u\u017eer\u0117jai;<\/li>\n<li>Prikabinimas su kilpa 50 mm;<\/li>\n<li>Trys eil\u0117s galini\u0173 agresyvi\u0173 ak\u0117\u010di\u016b;<\/li>\n<li>Transportavimo \u017eibintai;<\/li>\n<\/ul>\n","protected":false},"excerpt":{"rendered":"<p>Standartin\u0117 \u012franga: Prikabinimas su kilpa Hitch \u00f840 mm; Sulankstomas hidrauli\u0161kai; Reguliuojama lyginimo lenta (mechani\u0161kai); Keturios eil\u0117s spyruoklini\u0173 norag\u0117li\u0173 SL; Dvigubi transportavimo ratai 200\/60-14,5; \u0160oniniai atraminiai ratai 200\/60-14,5 (VIKING 5,3\u00f76,8H); \u0160oniniai dvigubi atraminiai ratai 200\/60-14,5 (VIKING 8 H); Gale sumontuoti plieniniai voliukai \u00f8390 mm. Transportavimo plotis 3,60m (VIKING XL 8) Papildoma komplektacija: Segmentin\u0117 hidraulin\u0117 lyginimo lenta; [&hellip;]<\/p>\n","protected":false},"featured_media":17409,"template":"","meta":{"_et_pb_use_builder":"","_et_pb_old_content":"","_et_gb_content_width":""},"product_brand":[],"product_cat":[40],"product_tag":[],"class_list":{"0":"post-2143","1":"product","2":"type-product","3":"status-publish","4":"has-post-thumbnail","6":"product_cat-kultivaatorid","8":"first","9":"instock","10":"shipping-taxable","11":"product-type-simple"},"yoast_head":"<!-- This site is optimized with the Yoast SEO plugin v26.4 - https:\/\/yoast.com\/wordpress\/plugins\/seo\/ -->\n<title>Kultivatorius VIKING XL - Specagra<\/title>\n<meta name=\"robots\" content=\"index, follow, max-snippet:-1, max-image-preview:large, max-video-preview:-1\" \/>\n<link rel=\"canonical\" href=\"https:\/\/www.specagra.ee\/?product=kultivatorius-viking-xl\" \/>\n<meta property=\"og:locale\" content=\"et_EE\" \/>\n<meta property=\"og:type\" content=\"article\" \/>\n<meta property=\"og:title\" content=\"Kultivatorius VIKING XL - Specagra\" \/>\n<meta property=\"og:description\" content=\"Standartin\u0117 \u012franga: Prikabinimas su kilpa Hitch \u00f840 mm; Sulankstomas hidrauli\u0161kai; Reguliuojama lyginimo lenta (mechani\u0161kai); Keturios eil\u0117s spyruoklini\u0173 norag\u0117li\u0173 SL; Dvigubi transportavimo ratai 200\/60-14,5; \u0160oniniai atraminiai ratai 200\/60-14,5 (VIKING 5,3\u00f76,8H); \u0160oniniai dvigubi atraminiai ratai 200\/60-14,5 (VIKING 8 H); Gale sumontuoti plieniniai voliukai \u00f8390 mm. Transportavimo plotis 3,60m (VIKING XL 8) Papildoma komplektacija: Segmentin\u0117 hidraulin\u0117 lyginimo lenta; [&hellip;]\" \/>\n<meta property=\"og:url\" content=\"https:\/\/www.specagra.ee\/?product=kultivatorius-viking-xl\" \/>\n<meta property=\"og:site_name\" content=\"Specagra\" \/>\n<meta property=\"article:modified_time\" content=\"2022-05-27T08:30:00+00:00\" \/>\n<meta property=\"og:image\" content=\"https:\/\/www.specagra.ee\/wp-content\/uploads\/2020\/06\/kret-Sb_b-5.jpg\" \/>\n\t<meta property=\"og:image:width\" content=\"1280\" \/>\n\t<meta property=\"og:image:height\" content=\"720\" \/>\n\t<meta property=\"og:image:type\" content=\"image\/jpeg\" \/>\n<meta name=\"twitter:card\" content=\"summary_large_image\" \/>\n<script type=\"application\/ld+json\" class=\"yoast-schema-graph\">{\"@context\":\"https:\/\/schema.org\",\"@graph\":[{\"@type\":\"WebPage\",\"@id\":\"https:\/\/www.specagra.ee\/?product=kultivatorius-viking-xl\",\"url\":\"https:\/\/www.specagra.ee\/?product=kultivatorius-viking-xl\",\"name\":\"Kultivatorius VIKING XL - Specagra\",\"isPartOf\":{\"@id\":\"https:\/\/www.specagra.ee\/#website\"},\"primaryImageOfPage\":{\"@id\":\"https:\/\/www.specagra.ee\/?product=kultivatorius-viking-xl#primaryimage\"},\"image\":{\"@id\":\"https:\/\/www.specagra.ee\/?product=kultivatorius-viking-xl#primaryimage\"},\"thumbnailUrl\":\"https:\/\/www.specagra.ee\/wp-content\/uploads\/2020\/06\/kret-Sb_b-5.jpg\",\"datePublished\":\"2020-06-25T07:04:18+00:00\",\"dateModified\":\"2022-05-27T08:30:00+00:00\",\"breadcrumb\":{\"@id\":\"https:\/\/www.specagra.ee\/?product=kultivatorius-viking-xl#breadcrumb\"},\"inLanguage\":\"et\",\"potentialAction\":[{\"@type\":\"ReadAction\",\"target\":[\"https:\/\/www.specagra.ee\/?product=kultivatorius-viking-xl\"]}]},{\"@type\":\"ImageObject\",\"inLanguage\":\"et\",\"@id\":\"https:\/\/www.specagra.ee\/?product=kultivatorius-viking-xl#primaryimage\",\"url\":\"https:\/\/www.specagra.ee\/wp-content\/uploads\/2020\/06\/kret-Sb_b-5.jpg\",\"contentUrl\":\"https:\/\/www.specagra.ee\/wp-content\/uploads\/2020\/06\/kret-Sb_b-5.jpg\",\"width\":1280,\"height\":720,\"caption\":\"Kultivatorius VIKING XL\"},{\"@type\":\"BreadcrumbList\",\"@id\":\"https:\/\/www.specagra.ee\/?product=kultivatorius-viking-xl#breadcrumb\",\"itemListElement\":[{\"@type\":\"ListItem\",\"position\":1,\"name\":\"Home\",\"item\":\"https:\/\/www.specagra.ee\/\"},{\"@type\":\"ListItem\",\"position\":2,\"name\":\"P\u00f5llumajandustehnika ja loomakasvatus\",\"item\":\"https:\/\/specagra.ee\/?page_id=18493\"},{\"@type\":\"ListItem\",\"position\":3,\"name\":\"Kultivatorius VIKING XL\"}]},{\"@type\":\"WebSite\",\"@id\":\"https:\/\/www.specagra.ee\/#website\",\"url\":\"https:\/\/www.specagra.ee\/\",\"name\":\"Specagra\",\"description\":\"P\u00f5llumajandustehnika ja varuosad\",\"publisher\":{\"@id\":\"https:\/\/www.specagra.ee\/#organization\"},\"potentialAction\":[{\"@type\":\"SearchAction\",\"target\":{\"@type\":\"EntryPoint\",\"urlTemplate\":\"https:\/\/www.specagra.ee\/?s={search_term_string}\"},\"query-input\":{\"@type\":\"PropertyValueSpecification\",\"valueRequired\":true,\"valueName\":\"search_term_string\"}}],\"inLanguage\":\"et\"},{\"@type\":\"Organization\",\"@id\":\"https:\/\/www.specagra.ee\/#organization\",\"name\":\"UAB Specagra\",\"url\":\"https:\/\/www.specagra.ee\/\",\"logo\":{\"@type\":\"ImageObject\",\"inLanguage\":\"et\",\"@id\":\"https:\/\/www.specagra.ee\/#\/schema\/logo\/image\/\",\"url\":\"http:\/\/www.specagra.ee\/wp-content\/uploads\/2022\/02\/SP-logo_naujas-scaled.jpg\",\"contentUrl\":\"http:\/\/www.specagra.ee\/wp-content\/uploads\/2022\/02\/SP-logo_naujas-scaled.jpg\",\"width\":2560,\"height\":326,\"caption\":\"UAB Specagra\"},\"image\":{\"@id\":\"https:\/\/www.specagra.ee\/#\/schema\/logo\/image\/\"}}]}<\/script>\n<!-- \/ Yoast SEO plugin. -->","yoast_head_json":{"title":"Kultivatorius VIKING XL - Specagra","robots":{"index":"index","follow":"follow","max-snippet":"max-snippet:-1","max-image-preview":"max-image-preview:large","max-video-preview":"max-video-preview:-1"},"canonical":"https:\/\/www.specagra.ee\/?product=kultivatorius-viking-xl","og_locale":"et_EE","og_type":"article","og_title":"Kultivatorius VIKING XL - Specagra","og_description":"Standartin\u0117 \u012franga: Prikabinimas su kilpa Hitch \u00f840 mm; Sulankstomas hidrauli\u0161kai; Reguliuojama lyginimo lenta (mechani\u0161kai); Keturios eil\u0117s spyruoklini\u0173 norag\u0117li\u0173 SL; Dvigubi transportavimo ratai 200\/60-14,5; \u0160oniniai atraminiai ratai 200\/60-14,5 (VIKING 5,3\u00f76,8H); \u0160oniniai dvigubi atraminiai ratai 200\/60-14,5 (VIKING 8 H); Gale sumontuoti plieniniai voliukai \u00f8390 mm. Transportavimo plotis 3,60m (VIKING XL 8) Papildoma komplektacija: Segmentin\u0117 hidraulin\u0117 lyginimo lenta; [&hellip;]","og_url":"https:\/\/www.specagra.ee\/?product=kultivatorius-viking-xl","og_site_name":"Specagra","article_modified_time":"2022-05-27T08:30:00+00:00","og_image":[{"width":1280,"height":720,"url":"https:\/\/www.specagra.ee\/wp-content\/uploads\/2020\/06\/kret-Sb_b-5.jpg","type":"image\/jpeg"}],"twitter_card":"summary_large_image","schema":{"@context":"https:\/\/schema.org","@graph":[{"@type":"WebPage","@id":"https:\/\/www.specagra.ee\/?product=kultivatorius-viking-xl","url":"https:\/\/www.specagra.ee\/?product=kultivatorius-viking-xl","name":"Kultivatorius VIKING XL - Specagra","isPartOf":{"@id":"https:\/\/www.specagra.ee\/#website"},"primaryImageOfPage":{"@id":"https:\/\/www.specagra.ee\/?product=kultivatorius-viking-xl#primaryimage"},"image":{"@id":"https:\/\/www.specagra.ee\/?product=kultivatorius-viking-xl#primaryimage"},"thumbnailUrl":"https:\/\/www.specagra.ee\/wp-content\/uploads\/2020\/06\/kret-Sb_b-5.jpg","datePublished":"2020-06-25T07:04:18+00:00","dateModified":"2022-05-27T08:30:00+00:00","breadcrumb":{"@id":"https:\/\/www.specagra.ee\/?product=kultivatorius-viking-xl#breadcrumb"},"inLanguage":"et","potentialAction":[{"@type":"ReadAction","target":["https:\/\/www.specagra.ee\/?product=kultivatorius-viking-xl"]}]},{"@type":"ImageObject","inLanguage":"et","@id":"https:\/\/www.specagra.ee\/?product=kultivatorius-viking-xl#primaryimage","url":"https:\/\/www.specagra.ee\/wp-content\/uploads\/2020\/06\/kret-Sb_b-5.jpg","contentUrl":"https:\/\/www.specagra.ee\/wp-content\/uploads\/2020\/06\/kret-Sb_b-5.jpg","width":1280,"height":720,"caption":"Kultivatorius VIKING XL"},{"@type":"BreadcrumbList","@id":"https:\/\/www.specagra.ee\/?product=kultivatorius-viking-xl#breadcrumb","itemListElement":[{"@type":"ListItem","position":1,"name":"Home","item":"https:\/\/www.specagra.ee\/"},{"@type":"ListItem","position":2,"name":"P\u00f5llumajandustehnika ja loomakasvatus","item":"https:\/\/specagra.ee\/?page_id=18493"},{"@type":"ListItem","position":3,"name":"Kultivatorius VIKING XL"}]},{"@type":"WebSite","@id":"https:\/\/www.specagra.ee\/#website","url":"https:\/\/www.specagra.ee\/","name":"Specagra","description":"P\u00f5llumajandustehnika ja varuosad","publisher":{"@id":"https:\/\/www.specagra.ee\/#organization"},"potentialAction":[{"@type":"SearchAction","target":{"@type":"EntryPoint","urlTemplate":"https:\/\/www.specagra.ee\/?s={search_term_string}"},"query-input":{"@type":"PropertyValueSpecification","valueRequired":true,"valueName":"search_term_string"}}],"inLanguage":"et"},{"@type":"Organization","@id":"https:\/\/www.specagra.ee\/#organization","name":"UAB Specagra","url":"https:\/\/www.specagra.ee\/","logo":{"@type":"ImageObject","inLanguage":"et","@id":"https:\/\/www.specagra.ee\/#\/schema\/logo\/image\/","url":"http:\/\/www.specagra.ee\/wp-content\/uploads\/2022\/02\/SP-logo_naujas-scaled.jpg","contentUrl":"http:\/\/www.specagra.ee\/wp-content\/uploads\/2022\/02\/SP-logo_naujas-scaled.jpg","width":2560,"height":326,"caption":"UAB Specagra"},"image":{"@id":"https:\/\/www.specagra.ee\/#\/schema\/logo\/image\/"}}]}},"_links":{"self":[{"href":"https:\/\/www.specagra.ee\/index.php?rest_route=\/wp\/v2\/product\/2143","targetHints":{"allow":["GET"]}}],"collection":[{"href":"https:\/\/www.specagra.ee\/index.php?rest_route=\/wp\/v2\/product"}],"about":[{"href":"https:\/\/www.specagra.ee\/index.php?rest_route=\/wp\/v2\/types\/product"}],"wp:featuredmedia":[{"embeddable":true,"href":"https:\/\/www.specagra.ee\/index.php?rest_route=\/wp\/v2\/media\/17409"}],"wp:attachment":[{"href":"https:\/\/www.specagra.ee\/index.php?rest_route=%2Fwp%2Fv2%2Fmedia&parent=2143"}],"wp:term":[{"taxonomy":"product_brand","embeddable":true,"href":"https:\/\/www.specagra.ee\/index.php?rest_route=%2Fwp%2Fv2%2Fproduct_brand&post=2143"},{"taxonomy":"product_cat","embeddable":true,"href":"https:\/\/www.specagra.ee\/index.php?rest_route=%2Fwp%2Fv2%2Fproduct_cat&post=2143"},{"taxonomy":"product_tag","embeddable":true,"href":"https:\/\/www.specagra.ee\/index.php?rest_route=%2Fwp%2Fv2%2Fproduct_tag&post=2143"}],"curies":[{"name":"wp","href":"https:\/\/api.w.org\/{rel}","templated":true}]}}