{"id":2120,"date":"2020-06-25T04:40:39","date_gmt":"2020-06-25T06:40:39","guid":{"rendered":"https:\/\/www.specagra.ee.nemokamossvetaines.hostingas.lt\/?post_type=product&#038;p=2120"},"modified":"2022-05-27T05:55:41","modified_gmt":"2022-05-27T07:55:41","slug":"kultivatorius-atlas-ii-p-ii-hp","status":"publish","type":"product","link":"https:\/\/www.specagra.ee\/?product=kultivatorius-atlas-ii-p-ii-hp","title":{"rendered":"Kultivatorius ATLAS II P \/ II HP"},"content":{"rendered":"<p>STANDARTIN\u0116 KOMPLEKTACIJA<\/p>\n<ul>\n<li>\u0160arnyrin\u0117 prikabinimo sija (825\/965-36 mm)<\/li>\n<li>Priekin\u0117 lyginimo lenta<\/li>\n<li>Traktoriaus v\u0117\u017ei\u0173 purentuvai (ATLAS II P\/II HP)<\/li>\n<li>Priekinis styginis volas (diametras 400 mm)<\/li>\n<li>Dviej\u0173 eili\u0173 spyruokliniai noragai SX<\/li>\n<li>Mechaninis norag\u0173 gylio reguliavimas<\/li>\n<li>U\u017elyginimo lenta<\/li>\n<li>Dvigubas metalinis \u201edantytas\u201c volas (diametras 400\/400 mm)<\/li>\n<li>Galin\u0117 dantyta u\u017elyginimo lenta (spyruoklinis spaudimas)<\/li>\n<li>Va\u017eiuokl\u0117 : ratai 360\/65-16 (be stabd\u017ei\u0173) ATLAS II P3-4 \/ ATLAS II HP4<\/li>\n<li>Va\u017eiuokl\u0117 : ratai 480\/45\/17 (oriniai stabd\u017eiai) ATLAS II 6\/8<\/li>\n<li>Va\u017eiuokl\u0117 : ratai 480\/45\/17 (be stabd\u017ei\u0173) ATLAS II HP 5<\/li>\n<li>Nelankstomas r\u0117mas ATLAS II 3\/4<\/li>\n<li>Sulankstomas hidrauli\u0161kai transportavimui ATLAS HP<\/li>\n<li>Hidraulinis transportavimo u\u017eraktas ATLAS HP<\/li>\n<li>Transportavimo plotis 3 m.<\/li>\n<\/ul>\n<p>PAPILDOMA KOMPLEKTACIJA<\/p>\n<ul>\n<li>Dviej\u0173 eili\u0173 SZ norag\u0173 sekcija<\/li>\n<li>Keturi\u0173 eili\u0173 SV norag\u0173 sekcija<\/li>\n<li>Trij\u0173 eili\u0173 SE norag\u0173 sekcija<\/li>\n<li>Hidraulinis norag\u0173 gylio reguliavimas<\/li>\n<li>Segmentin\u0117 hidrauli\u0161kai reguliuojama priekin\u0117 lyginimo lenta<\/li>\n<li>Banguot\u0173 disk\u0173 sekcija D vietoje priekin\u0117s lyginimo lentos<\/li>\n<li>Prikabinimas su 40 mm kilpa ( be stabd\u017ei\u0173)<\/li>\n<li>Prikabinimas su 40 mm kilpa (su oriniais stabd\u017eiais)<\/li>\n<li>Standartininis prikabinimas su oriniais stabd\u017eiais<\/li>\n<li>Pakaba s\u0117jamajai<\/li>\n<li>Galiniai dvigubi crosskill volai (diametras 400\/400mm)<\/li>\n<li>Galinis styginis volas 300 mm vietoje galin\u0117s u\u017elyginimo lentos ( tik su crosskill volais)<\/li>\n<li>Transportavimo \u017eibintai<\/li>\n<\/ul>\n","protected":false},"excerpt":{"rendered":"<p>STANDARTIN\u0116 KOMPLEKTACIJA \u0160arnyrin\u0117 prikabinimo sija (825\/965-36 mm) Priekin\u0117 lyginimo lenta Traktoriaus v\u0117\u017ei\u0173 purentuvai (ATLAS II P\/II HP) Priekinis styginis volas (diametras 400 mm) Dviej\u0173 eili\u0173 spyruokliniai noragai SX Mechaninis norag\u0173 gylio reguliavimas U\u017elyginimo lenta Dvigubas metalinis \u201edantytas\u201c volas (diametras 400\/400 mm) Galin\u0117 dantyta u\u017elyginimo lenta (spyruoklinis spaudimas) Va\u017eiuokl\u0117 : ratai 360\/65-16 (be stabd\u017ei\u0173) ATLAS II [&hellip;]<\/p>\n","protected":false},"featured_media":17400,"template":"","meta":{"_et_pb_use_builder":"","_et_pb_old_content":"","_et_gb_content_width":""},"product_brand":[],"product_cat":[40],"product_tag":[],"class_list":{"0":"post-2120","1":"product","2":"type-product","3":"status-publish","4":"has-post-thumbnail","6":"product_cat-kultivaatorid","8":"first","9":"instock","10":"shipping-taxable","11":"product-type-simple"},"yoast_head":"<!-- This site is optimized with the Yoast SEO plugin v26.4 - https:\/\/yoast.com\/wordpress\/plugins\/seo\/ -->\n<title>Kultivatorius ATLAS II P \/ II HP - Specagra<\/title>\n<meta name=\"robots\" content=\"index, follow, max-snippet:-1, max-image-preview:large, max-video-preview:-1\" \/>\n<link rel=\"canonical\" href=\"https:\/\/www.specagra.ee\/?product=kultivatorius-atlas-ii-p-ii-hp\" \/>\n<meta property=\"og:locale\" content=\"et_EE\" \/>\n<meta property=\"og:type\" content=\"article\" \/>\n<meta property=\"og:title\" content=\"Kultivatorius ATLAS II P \/ II HP - Specagra\" \/>\n<meta property=\"og:description\" content=\"STANDARTIN\u0116 KOMPLEKTACIJA \u0160arnyrin\u0117 prikabinimo sija (825\/965-36 mm) Priekin\u0117 lyginimo lenta Traktoriaus v\u0117\u017ei\u0173 purentuvai (ATLAS II P\/II HP) Priekinis styginis volas (diametras 400 mm) Dviej\u0173 eili\u0173 spyruokliniai noragai SX Mechaninis norag\u0173 gylio reguliavimas U\u017elyginimo lenta Dvigubas metalinis \u201edantytas\u201c volas (diametras 400\/400 mm) Galin\u0117 dantyta u\u017elyginimo lenta (spyruoklinis spaudimas) Va\u017eiuokl\u0117 : ratai 360\/65-16 (be stabd\u017ei\u0173) ATLAS II [&hellip;]\" \/>\n<meta property=\"og:url\" content=\"https:\/\/www.specagra.ee\/?product=kultivatorius-atlas-ii-p-ii-hp\" \/>\n<meta property=\"og:site_name\" content=\"Specagra\" \/>\n<meta property=\"article:modified_time\" content=\"2022-05-27T07:55:41+00:00\" \/>\n<meta property=\"og:image\" content=\"https:\/\/www.specagra.ee\/wp-content\/uploads\/2020\/06\/kret-Sb_b-8.jpg\" \/>\n\t<meta property=\"og:image:width\" content=\"1280\" \/>\n\t<meta property=\"og:image:height\" content=\"720\" \/>\n\t<meta property=\"og:image:type\" content=\"image\/jpeg\" \/>\n<meta name=\"twitter:card\" content=\"summary_large_image\" \/>\n<meta name=\"twitter:label1\" content=\"Est. reading time\" \/>\n\t<meta name=\"twitter:data1\" content=\"1 minut\" \/>\n<script type=\"application\/ld+json\" class=\"yoast-schema-graph\">{\"@context\":\"https:\/\/schema.org\",\"@graph\":[{\"@type\":\"WebPage\",\"@id\":\"https:\/\/www.specagra.ee\/?product=kultivatorius-atlas-ii-p-ii-hp\",\"url\":\"https:\/\/www.specagra.ee\/?product=kultivatorius-atlas-ii-p-ii-hp\",\"name\":\"Kultivatorius ATLAS II P \/ II HP - Specagra\",\"isPartOf\":{\"@id\":\"https:\/\/www.specagra.ee\/#website\"},\"primaryImageOfPage\":{\"@id\":\"https:\/\/www.specagra.ee\/?product=kultivatorius-atlas-ii-p-ii-hp#primaryimage\"},\"image\":{\"@id\":\"https:\/\/www.specagra.ee\/?product=kultivatorius-atlas-ii-p-ii-hp#primaryimage\"},\"thumbnailUrl\":\"https:\/\/www.specagra.ee\/wp-content\/uploads\/2020\/06\/kret-Sb_b-8.jpg\",\"datePublished\":\"2020-06-25T06:40:39+00:00\",\"dateModified\":\"2022-05-27T07:55:41+00:00\",\"breadcrumb\":{\"@id\":\"https:\/\/www.specagra.ee\/?product=kultivatorius-atlas-ii-p-ii-hp#breadcrumb\"},\"inLanguage\":\"et\",\"potentialAction\":[{\"@type\":\"ReadAction\",\"target\":[\"https:\/\/www.specagra.ee\/?product=kultivatorius-atlas-ii-p-ii-hp\"]}]},{\"@type\":\"ImageObject\",\"inLanguage\":\"et\",\"@id\":\"https:\/\/www.specagra.ee\/?product=kultivatorius-atlas-ii-p-ii-hp#primaryimage\",\"url\":\"https:\/\/www.specagra.ee\/wp-content\/uploads\/2020\/06\/kret-Sb_b-8.jpg\",\"contentUrl\":\"https:\/\/www.specagra.ee\/wp-content\/uploads\/2020\/06\/kret-Sb_b-8.jpg\",\"width\":1280,\"height\":720,\"caption\":\"Kultivatorius ATLAS II P \/ II HP\"},{\"@type\":\"BreadcrumbList\",\"@id\":\"https:\/\/www.specagra.ee\/?product=kultivatorius-atlas-ii-p-ii-hp#breadcrumb\",\"itemListElement\":[{\"@type\":\"ListItem\",\"position\":1,\"name\":\"Home\",\"item\":\"https:\/\/www.specagra.ee\/\"},{\"@type\":\"ListItem\",\"position\":2,\"name\":\"P\u00f5llumajandustehnika ja loomakasvatus\",\"item\":\"https:\/\/specagra.ee\/?page_id=18493\"},{\"@type\":\"ListItem\",\"position\":3,\"name\":\"Kultivatorius ATLAS II P \/ II HP\"}]},{\"@type\":\"WebSite\",\"@id\":\"https:\/\/www.specagra.ee\/#website\",\"url\":\"https:\/\/www.specagra.ee\/\",\"name\":\"Specagra\",\"description\":\"P\u00f5llumajandustehnika ja varuosad\",\"publisher\":{\"@id\":\"https:\/\/www.specagra.ee\/#organization\"},\"potentialAction\":[{\"@type\":\"SearchAction\",\"target\":{\"@type\":\"EntryPoint\",\"urlTemplate\":\"https:\/\/www.specagra.ee\/?s={search_term_string}\"},\"query-input\":{\"@type\":\"PropertyValueSpecification\",\"valueRequired\":true,\"valueName\":\"search_term_string\"}}],\"inLanguage\":\"et\"},{\"@type\":\"Organization\",\"@id\":\"https:\/\/www.specagra.ee\/#organization\",\"name\":\"UAB Specagra\",\"url\":\"https:\/\/www.specagra.ee\/\",\"logo\":{\"@type\":\"ImageObject\",\"inLanguage\":\"et\",\"@id\":\"https:\/\/www.specagra.ee\/#\/schema\/logo\/image\/\",\"url\":\"http:\/\/www.specagra.ee\/wp-content\/uploads\/2022\/02\/SP-logo_naujas-scaled.jpg\",\"contentUrl\":\"http:\/\/www.specagra.ee\/wp-content\/uploads\/2022\/02\/SP-logo_naujas-scaled.jpg\",\"width\":2560,\"height\":326,\"caption\":\"UAB Specagra\"},\"image\":{\"@id\":\"https:\/\/www.specagra.ee\/#\/schema\/logo\/image\/\"}}]}<\/script>\n<!-- \/ Yoast SEO plugin. -->","yoast_head_json":{"title":"Kultivatorius ATLAS II P \/ II HP - Specagra","robots":{"index":"index","follow":"follow","max-snippet":"max-snippet:-1","max-image-preview":"max-image-preview:large","max-video-preview":"max-video-preview:-1"},"canonical":"https:\/\/www.specagra.ee\/?product=kultivatorius-atlas-ii-p-ii-hp","og_locale":"et_EE","og_type":"article","og_title":"Kultivatorius ATLAS II P \/ II HP - Specagra","og_description":"STANDARTIN\u0116 KOMPLEKTACIJA \u0160arnyrin\u0117 prikabinimo sija (825\/965-36 mm) Priekin\u0117 lyginimo lenta Traktoriaus v\u0117\u017ei\u0173 purentuvai (ATLAS II P\/II HP) Priekinis styginis volas (diametras 400 mm) Dviej\u0173 eili\u0173 spyruokliniai noragai SX Mechaninis norag\u0173 gylio reguliavimas U\u017elyginimo lenta Dvigubas metalinis \u201edantytas\u201c volas (diametras 400\/400 mm) Galin\u0117 dantyta u\u017elyginimo lenta (spyruoklinis spaudimas) Va\u017eiuokl\u0117 : ratai 360\/65-16 (be stabd\u017ei\u0173) ATLAS II [&hellip;]","og_url":"https:\/\/www.specagra.ee\/?product=kultivatorius-atlas-ii-p-ii-hp","og_site_name":"Specagra","article_modified_time":"2022-05-27T07:55:41+00:00","og_image":[{"width":1280,"height":720,"url":"https:\/\/www.specagra.ee\/wp-content\/uploads\/2020\/06\/kret-Sb_b-8.jpg","type":"image\/jpeg"}],"twitter_card":"summary_large_image","twitter_misc":{"Est. reading time":"1 minut"},"schema":{"@context":"https:\/\/schema.org","@graph":[{"@type":"WebPage","@id":"https:\/\/www.specagra.ee\/?product=kultivatorius-atlas-ii-p-ii-hp","url":"https:\/\/www.specagra.ee\/?product=kultivatorius-atlas-ii-p-ii-hp","name":"Kultivatorius ATLAS II P \/ II HP - Specagra","isPartOf":{"@id":"https:\/\/www.specagra.ee\/#website"},"primaryImageOfPage":{"@id":"https:\/\/www.specagra.ee\/?product=kultivatorius-atlas-ii-p-ii-hp#primaryimage"},"image":{"@id":"https:\/\/www.specagra.ee\/?product=kultivatorius-atlas-ii-p-ii-hp#primaryimage"},"thumbnailUrl":"https:\/\/www.specagra.ee\/wp-content\/uploads\/2020\/06\/kret-Sb_b-8.jpg","datePublished":"2020-06-25T06:40:39+00:00","dateModified":"2022-05-27T07:55:41+00:00","breadcrumb":{"@id":"https:\/\/www.specagra.ee\/?product=kultivatorius-atlas-ii-p-ii-hp#breadcrumb"},"inLanguage":"et","potentialAction":[{"@type":"ReadAction","target":["https:\/\/www.specagra.ee\/?product=kultivatorius-atlas-ii-p-ii-hp"]}]},{"@type":"ImageObject","inLanguage":"et","@id":"https:\/\/www.specagra.ee\/?product=kultivatorius-atlas-ii-p-ii-hp#primaryimage","url":"https:\/\/www.specagra.ee\/wp-content\/uploads\/2020\/06\/kret-Sb_b-8.jpg","contentUrl":"https:\/\/www.specagra.ee\/wp-content\/uploads\/2020\/06\/kret-Sb_b-8.jpg","width":1280,"height":720,"caption":"Kultivatorius ATLAS II P \/ II HP"},{"@type":"BreadcrumbList","@id":"https:\/\/www.specagra.ee\/?product=kultivatorius-atlas-ii-p-ii-hp#breadcrumb","itemListElement":[{"@type":"ListItem","position":1,"name":"Home","item":"https:\/\/www.specagra.ee\/"},{"@type":"ListItem","position":2,"name":"P\u00f5llumajandustehnika ja loomakasvatus","item":"https:\/\/specagra.ee\/?page_id=18493"},{"@type":"ListItem","position":3,"name":"Kultivatorius ATLAS II P \/ II HP"}]},{"@type":"WebSite","@id":"https:\/\/www.specagra.ee\/#website","url":"https:\/\/www.specagra.ee\/","name":"Specagra","description":"P\u00f5llumajandustehnika ja varuosad","publisher":{"@id":"https:\/\/www.specagra.ee\/#organization"},"potentialAction":[{"@type":"SearchAction","target":{"@type":"EntryPoint","urlTemplate":"https:\/\/www.specagra.ee\/?s={search_term_string}"},"query-input":{"@type":"PropertyValueSpecification","valueRequired":true,"valueName":"search_term_string"}}],"inLanguage":"et"},{"@type":"Organization","@id":"https:\/\/www.specagra.ee\/#organization","name":"UAB Specagra","url":"https:\/\/www.specagra.ee\/","logo":{"@type":"ImageObject","inLanguage":"et","@id":"https:\/\/www.specagra.ee\/#\/schema\/logo\/image\/","url":"http:\/\/www.specagra.ee\/wp-content\/uploads\/2022\/02\/SP-logo_naujas-scaled.jpg","contentUrl":"http:\/\/www.specagra.ee\/wp-content\/uploads\/2022\/02\/SP-logo_naujas-scaled.jpg","width":2560,"height":326,"caption":"UAB Specagra"},"image":{"@id":"https:\/\/www.specagra.ee\/#\/schema\/logo\/image\/"}}]}},"_links":{"self":[{"href":"https:\/\/www.specagra.ee\/index.php?rest_route=\/wp\/v2\/product\/2120","targetHints":{"allow":["GET"]}}],"collection":[{"href":"https:\/\/www.specagra.ee\/index.php?rest_route=\/wp\/v2\/product"}],"about":[{"href":"https:\/\/www.specagra.ee\/index.php?rest_route=\/wp\/v2\/types\/product"}],"wp:featuredmedia":[{"embeddable":true,"href":"https:\/\/www.specagra.ee\/index.php?rest_route=\/wp\/v2\/media\/17400"}],"wp:attachment":[{"href":"https:\/\/www.specagra.ee\/index.php?rest_route=%2Fwp%2Fv2%2Fmedia&parent=2120"}],"wp:term":[{"taxonomy":"product_brand","embeddable":true,"href":"https:\/\/www.specagra.ee\/index.php?rest_route=%2Fwp%2Fv2%2Fproduct_brand&post=2120"},{"taxonomy":"product_cat","embeddable":true,"href":"https:\/\/www.specagra.ee\/index.php?rest_route=%2Fwp%2Fv2%2Fproduct_cat&post=2120"},{"taxonomy":"product_tag","embeddable":true,"href":"https:\/\/www.specagra.ee\/index.php?rest_route=%2Fwp%2Fv2%2Fproduct_tag&post=2120"}],"curies":[{"name":"wp","href":"https:\/\/api.w.org\/{rel}","templated":true}]}}