{"id":2012,"date":"2020-06-23T09:52:48","date_gmt":"2020-06-23T11:52:48","guid":{"rendered":"https:\/\/www.specagra.ee.nemokamossvetaines.hostingas.lt\/?post_type=product&#038;p=2012"},"modified":"2022-10-06T09:43:39","modified_gmt":"2022-10-06T11:43:39","slug":"teleskopinis-krautuvas-faresin-small-6-26","status":"publish","type":"product","link":"https:\/\/specagra.ee\/?product=teleskopinis-krautuvas-faresin-small-6-26","title":{"rendered":"Teleskopinis krautuvas Faresin Small 6.26"},"content":{"rendered":"<p><span style=\"font-weight: 400;\">Bendorios savyb\u0117s:<\/span><\/p>\n<ul>\n<li style=\"font-weight: 400;\"><span style=\"font-weight: 400;\">Variklis 51,7 kW \/ 69,3 AG su skys\u010dio au\u0161inimo sistema;<\/span><\/li>\n<li style=\"font-weight: 400;\"><span style=\"font-weight: 400;\">Hidraulinis siurblys &#8211; 80 l\/min &#8211; 230 bar;<\/span><\/li>\n<li style=\"font-weight: 400;\"><span style=\"font-weight: 400;\">Hidrostatin\u0117 transmisija su\u00a0 1 pavara ir atbulin\u0117s eigos garsiniu signalu puikiai u\u017etikrinanti jautrum\u0105 ir gali\u0105;<\/span><\/li>\n<li style=\"font-weight: 400;\"><span style=\"font-weight: 400;\">Maksimalus greitis iki 30 km\/h;<\/span><\/li>\n<li style=\"font-weight: 400;\"><span style=\"font-weight: 400;\">Du va\u017eiavimo re\u017eimai: Drive ir Eco;<\/span><\/li>\n<li style=\"font-weight: 400;\"><span style=\"font-weight: 400;\">Keturiais ratais varomas su trimis vairavimo re\u017eimais;<\/span><\/li>\n<li style=\"font-weight: 400;\"><span style=\"font-weight: 400;\">Tvirta priekin\u0117 a\u0161is;<\/span><\/li>\n<li style=\"font-weight: 400;\"><span style=\"font-weight: 400;\">Ergonomi\u0161ka bei erdvi kabina (puikus matomumas 360 laipsni\u0173);<\/span><\/li>\n<li style=\"font-weight: 400;\"><span style=\"font-weight: 400;\">LED priekiniai ir galiniai darbo \u017eibintai;<\/span><\/li>\n<li style=\"font-weight: 400;\"><span style=\"font-weight: 400;\">Daugiafunkcinis spalvotas LCD ekranas.<\/span><\/li>\n<\/ul>\n","protected":false},"excerpt":{"rendered":"<p>Bendorios savyb\u0117s: Variklis 51,7 kW \/ 69,3 AG su skys\u010dio au\u0161inimo sistema; Hidraulinis siurblys &#8211; 80 l\/min &#8211; 230 bar; Hidrostatin\u0117 transmisija su\u00a0 1 pavara ir atbulin\u0117s eigos garsiniu signalu puikiai u\u017etikrinanti jautrum\u0105 ir gali\u0105; Maksimalus greitis iki 30 km\/h; Du va\u017eiavimo re\u017eimai: Drive ir Eco; Keturiais ratais varomas su trimis vairavimo re\u017eimais; Tvirta priekin\u0117 [&hellip;]<\/p>\n","protected":false},"featured_media":19011,"template":"","meta":{"_et_pb_use_builder":"","_et_pb_old_content":"","_et_gb_content_width":""},"product_brand":[],"product_cat":[214],"product_tag":[],"class_list":{"0":"post-2012","1":"product","2":"type-product","3":"status-publish","4":"has-post-thumbnail","6":"product_cat-teleskooptostukid","8":"first","9":"instock","10":"shipping-taxable","11":"product-type-simple"},"yoast_head":"<!-- This site is optimized with the Yoast SEO plugin v26.4 - https:\/\/yoast.com\/wordpress\/plugins\/seo\/ -->\n<title>Teleskopinis krautuvas Faresin Small 6.26 - Specagra<\/title>\n<meta name=\"robots\" content=\"index, follow, max-snippet:-1, max-image-preview:large, max-video-preview:-1\" \/>\n<link rel=\"canonical\" href=\"https:\/\/specagra.ee\/?product=teleskopinis-krautuvas-faresin-small-6-26\" \/>\n<meta property=\"og:locale\" content=\"et_EE\" \/>\n<meta property=\"og:type\" content=\"article\" \/>\n<meta property=\"og:title\" content=\"Teleskopinis krautuvas Faresin Small 6.26 - Specagra\" \/>\n<meta property=\"og:description\" content=\"Bendorios savyb\u0117s: Variklis 51,7 kW \/ 69,3 AG su skys\u010dio au\u0161inimo sistema; Hidraulinis siurblys &#8211; 80 l\/min &#8211; 230 bar; Hidrostatin\u0117 transmisija su\u00a0 1 pavara ir atbulin\u0117s eigos garsiniu signalu puikiai u\u017etikrinanti jautrum\u0105 ir gali\u0105; Maksimalus greitis iki 30 km\/h; Du va\u017eiavimo re\u017eimai: Drive ir Eco; Keturiais ratais varomas su trimis vairavimo re\u017eimais; Tvirta priekin\u0117 [&hellip;]\" \/>\n<meta property=\"og:url\" content=\"https:\/\/specagra.ee\/?product=teleskopinis-krautuvas-faresin-small-6-26\" \/>\n<meta property=\"og:site_name\" content=\"Specagra\" \/>\n<meta property=\"article:modified_time\" content=\"2022-10-06T11:43:39+00:00\" \/>\n<meta property=\"og:image\" content=\"https:\/\/www.specagra.ee\/wp-content\/uploads\/2020\/06\/Copy-of-0203139731-1280-\u00d7-720-px-896-\u00d7-503-px1271.jpg\" \/>\n\t<meta property=\"og:image:width\" content=\"896\" \/>\n\t<meta property=\"og:image:height\" content=\"503\" \/>\n\t<meta property=\"og:image:type\" content=\"image\/jpeg\" \/>\n<meta name=\"twitter:card\" content=\"summary_large_image\" \/>\n<meta name=\"twitter:label1\" content=\"Est. reading time\" \/>\n\t<meta name=\"twitter:data1\" content=\"1 minut\" \/>\n<script type=\"application\/ld+json\" class=\"yoast-schema-graph\">{\"@context\":\"https:\/\/schema.org\",\"@graph\":[{\"@type\":\"WebPage\",\"@id\":\"https:\/\/specagra.ee\/?product=teleskopinis-krautuvas-faresin-small-6-26\",\"url\":\"https:\/\/specagra.ee\/?product=teleskopinis-krautuvas-faresin-small-6-26\",\"name\":\"Teleskopinis krautuvas Faresin Small 6.26 - Specagra\",\"isPartOf\":{\"@id\":\"https:\/\/specagra.ee\/#website\"},\"primaryImageOfPage\":{\"@id\":\"https:\/\/specagra.ee\/?product=teleskopinis-krautuvas-faresin-small-6-26#primaryimage\"},\"image\":{\"@id\":\"https:\/\/specagra.ee\/?product=teleskopinis-krautuvas-faresin-small-6-26#primaryimage\"},\"thumbnailUrl\":\"https:\/\/specagra.ee\/wp-content\/uploads\/2020\/06\/Copy-of-0203139731-1280-\u00d7-720-px-896-\u00d7-503-px1271.jpg\",\"datePublished\":\"2020-06-23T11:52:48+00:00\",\"dateModified\":\"2022-10-06T11:43:39+00:00\",\"breadcrumb\":{\"@id\":\"https:\/\/specagra.ee\/?product=teleskopinis-krautuvas-faresin-small-6-26#breadcrumb\"},\"inLanguage\":\"et\",\"potentialAction\":[{\"@type\":\"ReadAction\",\"target\":[\"https:\/\/specagra.ee\/?product=teleskopinis-krautuvas-faresin-small-6-26\"]}]},{\"@type\":\"ImageObject\",\"inLanguage\":\"et\",\"@id\":\"https:\/\/specagra.ee\/?product=teleskopinis-krautuvas-faresin-small-6-26#primaryimage\",\"url\":\"https:\/\/specagra.ee\/wp-content\/uploads\/2020\/06\/Copy-of-0203139731-1280-\u00d7-720-px-896-\u00d7-503-px1271.jpg\",\"contentUrl\":\"https:\/\/specagra.ee\/wp-content\/uploads\/2020\/06\/Copy-of-0203139731-1280-\u00d7-720-px-896-\u00d7-503-px1271.jpg\",\"width\":896,\"height\":503,\"caption\":\"Teleskopinis krautuvas Faresin Small 6.26\"},{\"@type\":\"BreadcrumbList\",\"@id\":\"https:\/\/specagra.ee\/?product=teleskopinis-krautuvas-faresin-small-6-26#breadcrumb\",\"itemListElement\":[{\"@type\":\"ListItem\",\"position\":1,\"name\":\"Home\",\"item\":\"https:\/\/www.specagra.ee\/\"},{\"@type\":\"ListItem\",\"position\":2,\"name\":\"P\u00f5llumajandustehnika ja loomakasvatus\",\"item\":\"https:\/\/specagra.ee\/?page_id=18493\"},{\"@type\":\"ListItem\",\"position\":3,\"name\":\"Teleskopinis krautuvas Faresin Small 6.26\"}]},{\"@type\":\"WebSite\",\"@id\":\"https:\/\/specagra.ee\/#website\",\"url\":\"https:\/\/specagra.ee\/\",\"name\":\"Specagra\",\"description\":\"P\u00f5llumajandustehnika ja varuosad\",\"publisher\":{\"@id\":\"https:\/\/specagra.ee\/#organization\"},\"potentialAction\":[{\"@type\":\"SearchAction\",\"target\":{\"@type\":\"EntryPoint\",\"urlTemplate\":\"https:\/\/specagra.ee\/?s={search_term_string}\"},\"query-input\":{\"@type\":\"PropertyValueSpecification\",\"valueRequired\":true,\"valueName\":\"search_term_string\"}}],\"inLanguage\":\"et\"},{\"@type\":\"Organization\",\"@id\":\"https:\/\/specagra.ee\/#organization\",\"name\":\"UAB Specagra\",\"url\":\"https:\/\/specagra.ee\/\",\"logo\":{\"@type\":\"ImageObject\",\"inLanguage\":\"et\",\"@id\":\"https:\/\/specagra.ee\/#\/schema\/logo\/image\/\",\"url\":\"http:\/\/www.specagra.ee\/wp-content\/uploads\/2022\/02\/SP-logo_naujas-scaled.jpg\",\"contentUrl\":\"http:\/\/www.specagra.ee\/wp-content\/uploads\/2022\/02\/SP-logo_naujas-scaled.jpg\",\"width\":2560,\"height\":326,\"caption\":\"UAB Specagra\"},\"image\":{\"@id\":\"https:\/\/specagra.ee\/#\/schema\/logo\/image\/\"}}]}<\/script>\n<!-- \/ Yoast SEO plugin. -->","yoast_head_json":{"title":"Teleskopinis krautuvas Faresin Small 6.26 - Specagra","robots":{"index":"index","follow":"follow","max-snippet":"max-snippet:-1","max-image-preview":"max-image-preview:large","max-video-preview":"max-video-preview:-1"},"canonical":"https:\/\/specagra.ee\/?product=teleskopinis-krautuvas-faresin-small-6-26","og_locale":"et_EE","og_type":"article","og_title":"Teleskopinis krautuvas Faresin Small 6.26 - Specagra","og_description":"Bendorios savyb\u0117s: Variklis 51,7 kW \/ 69,3 AG su skys\u010dio au\u0161inimo sistema; Hidraulinis siurblys &#8211; 80 l\/min &#8211; 230 bar; Hidrostatin\u0117 transmisija su\u00a0 1 pavara ir atbulin\u0117s eigos garsiniu signalu puikiai u\u017etikrinanti jautrum\u0105 ir gali\u0105; Maksimalus greitis iki 30 km\/h; Du va\u017eiavimo re\u017eimai: Drive ir Eco; Keturiais ratais varomas su trimis vairavimo re\u017eimais; Tvirta priekin\u0117 [&hellip;]","og_url":"https:\/\/specagra.ee\/?product=teleskopinis-krautuvas-faresin-small-6-26","og_site_name":"Specagra","article_modified_time":"2022-10-06T11:43:39+00:00","og_image":[{"width":896,"height":503,"url":"https:\/\/www.specagra.ee\/wp-content\/uploads\/2020\/06\/Copy-of-0203139731-1280-\u00d7-720-px-896-\u00d7-503-px1271.jpg","type":"image\/jpeg"}],"twitter_card":"summary_large_image","twitter_misc":{"Est. reading time":"1 minut"},"schema":{"@context":"https:\/\/schema.org","@graph":[{"@type":"WebPage","@id":"https:\/\/specagra.ee\/?product=teleskopinis-krautuvas-faresin-small-6-26","url":"https:\/\/specagra.ee\/?product=teleskopinis-krautuvas-faresin-small-6-26","name":"Teleskopinis krautuvas Faresin Small 6.26 - Specagra","isPartOf":{"@id":"https:\/\/specagra.ee\/#website"},"primaryImageOfPage":{"@id":"https:\/\/specagra.ee\/?product=teleskopinis-krautuvas-faresin-small-6-26#primaryimage"},"image":{"@id":"https:\/\/specagra.ee\/?product=teleskopinis-krautuvas-faresin-small-6-26#primaryimage"},"thumbnailUrl":"https:\/\/specagra.ee\/wp-content\/uploads\/2020\/06\/Copy-of-0203139731-1280-\u00d7-720-px-896-\u00d7-503-px1271.jpg","datePublished":"2020-06-23T11:52:48+00:00","dateModified":"2022-10-06T11:43:39+00:00","breadcrumb":{"@id":"https:\/\/specagra.ee\/?product=teleskopinis-krautuvas-faresin-small-6-26#breadcrumb"},"inLanguage":"et","potentialAction":[{"@type":"ReadAction","target":["https:\/\/specagra.ee\/?product=teleskopinis-krautuvas-faresin-small-6-26"]}]},{"@type":"ImageObject","inLanguage":"et","@id":"https:\/\/specagra.ee\/?product=teleskopinis-krautuvas-faresin-small-6-26#primaryimage","url":"https:\/\/specagra.ee\/wp-content\/uploads\/2020\/06\/Copy-of-0203139731-1280-\u00d7-720-px-896-\u00d7-503-px1271.jpg","contentUrl":"https:\/\/specagra.ee\/wp-content\/uploads\/2020\/06\/Copy-of-0203139731-1280-\u00d7-720-px-896-\u00d7-503-px1271.jpg","width":896,"height":503,"caption":"Teleskopinis krautuvas Faresin Small 6.26"},{"@type":"BreadcrumbList","@id":"https:\/\/specagra.ee\/?product=teleskopinis-krautuvas-faresin-small-6-26#breadcrumb","itemListElement":[{"@type":"ListItem","position":1,"name":"Home","item":"https:\/\/www.specagra.ee\/"},{"@type":"ListItem","position":2,"name":"P\u00f5llumajandustehnika ja loomakasvatus","item":"https:\/\/specagra.ee\/?page_id=18493"},{"@type":"ListItem","position":3,"name":"Teleskopinis krautuvas Faresin Small 6.26"}]},{"@type":"WebSite","@id":"https:\/\/specagra.ee\/#website","url":"https:\/\/specagra.ee\/","name":"Specagra","description":"P\u00f5llumajandustehnika ja varuosad","publisher":{"@id":"https:\/\/specagra.ee\/#organization"},"potentialAction":[{"@type":"SearchAction","target":{"@type":"EntryPoint","urlTemplate":"https:\/\/specagra.ee\/?s={search_term_string}"},"query-input":{"@type":"PropertyValueSpecification","valueRequired":true,"valueName":"search_term_string"}}],"inLanguage":"et"},{"@type":"Organization","@id":"https:\/\/specagra.ee\/#organization","name":"UAB Specagra","url":"https:\/\/specagra.ee\/","logo":{"@type":"ImageObject","inLanguage":"et","@id":"https:\/\/specagra.ee\/#\/schema\/logo\/image\/","url":"http:\/\/www.specagra.ee\/wp-content\/uploads\/2022\/02\/SP-logo_naujas-scaled.jpg","contentUrl":"http:\/\/www.specagra.ee\/wp-content\/uploads\/2022\/02\/SP-logo_naujas-scaled.jpg","width":2560,"height":326,"caption":"UAB Specagra"},"image":{"@id":"https:\/\/specagra.ee\/#\/schema\/logo\/image\/"}}]}},"_links":{"self":[{"href":"https:\/\/specagra.ee\/index.php?rest_route=\/wp\/v2\/product\/2012","targetHints":{"allow":["GET"]}}],"collection":[{"href":"https:\/\/specagra.ee\/index.php?rest_route=\/wp\/v2\/product"}],"about":[{"href":"https:\/\/specagra.ee\/index.php?rest_route=\/wp\/v2\/types\/product"}],"wp:featuredmedia":[{"embeddable":true,"href":"https:\/\/specagra.ee\/index.php?rest_route=\/wp\/v2\/media\/19011"}],"wp:attachment":[{"href":"https:\/\/specagra.ee\/index.php?rest_route=%2Fwp%2Fv2%2Fmedia&parent=2012"}],"wp:term":[{"taxonomy":"product_brand","embeddable":true,"href":"https:\/\/specagra.ee\/index.php?rest_route=%2Fwp%2Fv2%2Fproduct_brand&post=2012"},{"taxonomy":"product_cat","embeddable":true,"href":"https:\/\/specagra.ee\/index.php?rest_route=%2Fwp%2Fv2%2Fproduct_cat&post=2012"},{"taxonomy":"product_tag","embeddable":true,"href":"https:\/\/specagra.ee\/index.php?rest_route=%2Fwp%2Fv2%2Fproduct_tag&post=2012"}],"curies":[{"name":"wp","href":"https:\/\/api.w.org\/{rel}","templated":true}]}}