{"id":17706,"date":"2022-06-16T10:48:48","date_gmt":"2022-06-16T12:48:48","guid":{"rendered":"https:\/\/www.specagra.ee\/?post_type=product&#038;p=17706"},"modified":"2023-06-29T12:01:21","modified_gmt":"2023-06-29T14:01:21","slug":"sviestmuse-milky-fj-100-c","status":"publish","type":"product","link":"https:\/\/www.specagra.ee\/?product=sviestmuse-milky-fj-100-c","title":{"rendered":"Sviestmu\u0161\u0117 MILKY FJ 100 C"},"content":{"rendered":"<p>Sviestmu\u0161\u0117 MILKY FJ 100 C<\/p>\n<p>Bendrosios savyb\u0117s:<\/p>\n<ul>\n<li>100 litr\u0173 talpos sviestmu\u0161\u0117 yra skirta profesionaliam naudojimui.<\/li>\n<li>Sviestmu\u0161\u0117 paprastai ir greitai gali apdoroti nuo 22 iki 50 litr\u0173 grietin\u0117l\u0117s vienu metu.<\/li>\n<li>Visos vidin\u0117s \u012frenginio dalys yra pagamintos i\u0161 saugaus s\u0105ly\u010diui su maistu ner\u016bdijan\u010dio plieno.<\/li>\n<li>Didelis skaidrus dangtis \u012fgalina nuolatin\u0119 proceso prie\u017ei\u016br\u0105.<\/li>\n<li>D\u0117l galimyb\u0117s reguliuoti \u012frenginio darbo greit\u012f, darbo laikas gali b\u016bti sutrumpintas arba prailgintas, tuo pa\u010diu \u012ftakojant produkcijos kokyb\u0117s lyg\u012f.<\/li>\n<li>Baigus darb\u0105, sviestmu\u0161\u0117 lengvai i\u0161tu\u0161tinama per i\u0161leidimo \u010diaup\u0105.<\/li>\n<\/ul>\n","protected":false},"excerpt":{"rendered":"<p>Sviestmu\u0161\u0117 MILKY FJ 100 C Bendrosios savyb\u0117s: 100 litr\u0173 talpos sviestmu\u0161\u0117 yra skirta profesionaliam naudojimui. Sviestmu\u0161\u0117 paprastai ir greitai gali apdoroti nuo 22 iki 50 litr\u0173 grietin\u0117l\u0117s vienu metu. Visos vidin\u0117s \u012frenginio dalys yra pagamintos i\u0161 saugaus s\u0105ly\u010diui su maistu ner\u016bdijan\u010dio plieno. Didelis skaidrus dangtis \u012fgalina nuolatin\u0119 proceso prie\u017ei\u016br\u0105. D\u0117l galimyb\u0117s reguliuoti \u012frenginio darbo greit\u012f, [&hellip;]<\/p>\n","protected":false},"featured_media":18580,"template":"","meta":{"_et_pb_use_builder":"","_et_pb_old_content":"","_et_gb_content_width":""},"product_brand":[],"product_cat":[190],"product_tag":[],"class_list":{"0":"post-17706","1":"product","2":"type-product","3":"status-publish","4":"has-post-thumbnail","6":"product_cat-voimasinad","8":"first","9":"instock","10":"shipping-taxable","11":"product-type-simple"},"yoast_head":"<!-- This site is optimized with the Yoast SEO plugin v26.4 - https:\/\/yoast.com\/wordpress\/plugins\/seo\/ -->\n<title>Sviestmu\u0161\u0117 MILKY FJ 100 C - Specagra<\/title>\n<meta name=\"robots\" content=\"index, follow, max-snippet:-1, max-image-preview:large, max-video-preview:-1\" \/>\n<link rel=\"canonical\" href=\"https:\/\/www.specagra.ee\/?product=sviestmuse-milky-fj-100-c\" \/>\n<meta property=\"og:locale\" content=\"et_EE\" \/>\n<meta property=\"og:type\" content=\"article\" \/>\n<meta property=\"og:title\" content=\"Sviestmu\u0161\u0117 MILKY FJ 100 C - Specagra\" \/>\n<meta property=\"og:description\" content=\"Sviestmu\u0161\u0117 MILKY FJ 100 C Bendrosios savyb\u0117s: 100 litr\u0173 talpos sviestmu\u0161\u0117 yra skirta profesionaliam naudojimui. Sviestmu\u0161\u0117 paprastai ir greitai gali apdoroti nuo 22 iki 50 litr\u0173 grietin\u0117l\u0117s vienu metu. Visos vidin\u0117s \u012frenginio dalys yra pagamintos i\u0161 saugaus s\u0105ly\u010diui su maistu ner\u016bdijan\u010dio plieno. Didelis skaidrus dangtis \u012fgalina nuolatin\u0119 proceso prie\u017ei\u016br\u0105. D\u0117l galimyb\u0117s reguliuoti \u012frenginio darbo greit\u012f, [&hellip;]\" \/>\n<meta property=\"og:url\" content=\"https:\/\/www.specagra.ee\/?product=sviestmuse-milky-fj-100-c\" \/>\n<meta property=\"og:site_name\" content=\"Specagra\" \/>\n<meta property=\"article:modified_time\" content=\"2023-06-29T14:01:21+00:00\" \/>\n<meta property=\"og:image\" content=\"https:\/\/specagra.ee\/wp-content\/uploads\/2022\/06\/Untitled-design120.jpg\" \/>\n\t<meta property=\"og:image:width\" content=\"800\" \/>\n\t<meta property=\"og:image:height\" content=\"800\" \/>\n\t<meta property=\"og:image:type\" content=\"image\/jpeg\" \/>\n<meta name=\"twitter:card\" content=\"summary_large_image\" \/>\n<meta name=\"twitter:label1\" content=\"Est. reading time\" \/>\n\t<meta name=\"twitter:data1\" content=\"1 minut\" \/>\n<script type=\"application\/ld+json\" class=\"yoast-schema-graph\">{\"@context\":\"https:\/\/schema.org\",\"@graph\":[{\"@type\":\"WebPage\",\"@id\":\"https:\/\/www.specagra.ee\/?product=sviestmuse-milky-fj-100-c\",\"url\":\"https:\/\/www.specagra.ee\/?product=sviestmuse-milky-fj-100-c\",\"name\":\"Sviestmu\u0161\u0117 MILKY FJ 100 C - Specagra\",\"isPartOf\":{\"@id\":\"https:\/\/www.specagra.ee\/#website\"},\"primaryImageOfPage\":{\"@id\":\"https:\/\/www.specagra.ee\/?product=sviestmuse-milky-fj-100-c#primaryimage\"},\"image\":{\"@id\":\"https:\/\/www.specagra.ee\/?product=sviestmuse-milky-fj-100-c#primaryimage\"},\"thumbnailUrl\":\"https:\/\/www.specagra.ee\/wp-content\/uploads\/2022\/06\/Untitled-design120.jpg\",\"datePublished\":\"2022-06-16T12:48:48+00:00\",\"dateModified\":\"2023-06-29T14:01:21+00:00\",\"breadcrumb\":{\"@id\":\"https:\/\/www.specagra.ee\/?product=sviestmuse-milky-fj-100-c#breadcrumb\"},\"inLanguage\":\"et\",\"potentialAction\":[{\"@type\":\"ReadAction\",\"target\":[\"https:\/\/www.specagra.ee\/?product=sviestmuse-milky-fj-100-c\"]}]},{\"@type\":\"ImageObject\",\"inLanguage\":\"et\",\"@id\":\"https:\/\/www.specagra.ee\/?product=sviestmuse-milky-fj-100-c#primaryimage\",\"url\":\"https:\/\/www.specagra.ee\/wp-content\/uploads\/2022\/06\/Untitled-design120.jpg\",\"contentUrl\":\"https:\/\/www.specagra.ee\/wp-content\/uploads\/2022\/06\/Untitled-design120.jpg\",\"width\":800,\"height\":800,\"caption\":\"Sviestmu\u0161\u0117 MILKY FJ 100 C\"},{\"@type\":\"BreadcrumbList\",\"@id\":\"https:\/\/www.specagra.ee\/?product=sviestmuse-milky-fj-100-c#breadcrumb\",\"itemListElement\":[{\"@type\":\"ListItem\",\"position\":1,\"name\":\"Home\",\"item\":\"https:\/\/www.specagra.ee\/\"},{\"@type\":\"ListItem\",\"position\":2,\"name\":\"P\u00f5llumajandustehnika ja loomakasvatus\",\"item\":\"https:\/\/specagra.ee\/?page_id=18493\"},{\"@type\":\"ListItem\",\"position\":3,\"name\":\"Sviestmu\u0161\u0117 MILKY FJ 100 C\"}]},{\"@type\":\"WebSite\",\"@id\":\"https:\/\/www.specagra.ee\/#website\",\"url\":\"https:\/\/www.specagra.ee\/\",\"name\":\"Specagra\",\"description\":\"P\u00f5llumajandustehnika ja varuosad\",\"publisher\":{\"@id\":\"https:\/\/www.specagra.ee\/#organization\"},\"potentialAction\":[{\"@type\":\"SearchAction\",\"target\":{\"@type\":\"EntryPoint\",\"urlTemplate\":\"https:\/\/www.specagra.ee\/?s={search_term_string}\"},\"query-input\":{\"@type\":\"PropertyValueSpecification\",\"valueRequired\":true,\"valueName\":\"search_term_string\"}}],\"inLanguage\":\"et\"},{\"@type\":\"Organization\",\"@id\":\"https:\/\/www.specagra.ee\/#organization\",\"name\":\"UAB Specagra\",\"url\":\"https:\/\/www.specagra.ee\/\",\"logo\":{\"@type\":\"ImageObject\",\"inLanguage\":\"et\",\"@id\":\"https:\/\/www.specagra.ee\/#\/schema\/logo\/image\/\",\"url\":\"http:\/\/www.specagra.ee\/wp-content\/uploads\/2022\/02\/SP-logo_naujas-scaled.jpg\",\"contentUrl\":\"http:\/\/www.specagra.ee\/wp-content\/uploads\/2022\/02\/SP-logo_naujas-scaled.jpg\",\"width\":2560,\"height\":326,\"caption\":\"UAB Specagra\"},\"image\":{\"@id\":\"https:\/\/www.specagra.ee\/#\/schema\/logo\/image\/\"}}]}<\/script>\n<!-- \/ Yoast SEO plugin. -->","yoast_head_json":{"title":"Sviestmu\u0161\u0117 MILKY FJ 100 C - Specagra","robots":{"index":"index","follow":"follow","max-snippet":"max-snippet:-1","max-image-preview":"max-image-preview:large","max-video-preview":"max-video-preview:-1"},"canonical":"https:\/\/www.specagra.ee\/?product=sviestmuse-milky-fj-100-c","og_locale":"et_EE","og_type":"article","og_title":"Sviestmu\u0161\u0117 MILKY FJ 100 C - Specagra","og_description":"Sviestmu\u0161\u0117 MILKY FJ 100 C Bendrosios savyb\u0117s: 100 litr\u0173 talpos sviestmu\u0161\u0117 yra skirta profesionaliam naudojimui. Sviestmu\u0161\u0117 paprastai ir greitai gali apdoroti nuo 22 iki 50 litr\u0173 grietin\u0117l\u0117s vienu metu. Visos vidin\u0117s \u012frenginio dalys yra pagamintos i\u0161 saugaus s\u0105ly\u010diui su maistu ner\u016bdijan\u010dio plieno. Didelis skaidrus dangtis \u012fgalina nuolatin\u0119 proceso prie\u017ei\u016br\u0105. D\u0117l galimyb\u0117s reguliuoti \u012frenginio darbo greit\u012f, [&hellip;]","og_url":"https:\/\/www.specagra.ee\/?product=sviestmuse-milky-fj-100-c","og_site_name":"Specagra","article_modified_time":"2023-06-29T14:01:21+00:00","og_image":[{"width":800,"height":800,"url":"https:\/\/specagra.ee\/wp-content\/uploads\/2022\/06\/Untitled-design120.jpg","type":"image\/jpeg"}],"twitter_card":"summary_large_image","twitter_misc":{"Est. reading time":"1 minut"},"schema":{"@context":"https:\/\/schema.org","@graph":[{"@type":"WebPage","@id":"https:\/\/www.specagra.ee\/?product=sviestmuse-milky-fj-100-c","url":"https:\/\/www.specagra.ee\/?product=sviestmuse-milky-fj-100-c","name":"Sviestmu\u0161\u0117 MILKY FJ 100 C - Specagra","isPartOf":{"@id":"https:\/\/www.specagra.ee\/#website"},"primaryImageOfPage":{"@id":"https:\/\/www.specagra.ee\/?product=sviestmuse-milky-fj-100-c#primaryimage"},"image":{"@id":"https:\/\/www.specagra.ee\/?product=sviestmuse-milky-fj-100-c#primaryimage"},"thumbnailUrl":"https:\/\/www.specagra.ee\/wp-content\/uploads\/2022\/06\/Untitled-design120.jpg","datePublished":"2022-06-16T12:48:48+00:00","dateModified":"2023-06-29T14:01:21+00:00","breadcrumb":{"@id":"https:\/\/www.specagra.ee\/?product=sviestmuse-milky-fj-100-c#breadcrumb"},"inLanguage":"et","potentialAction":[{"@type":"ReadAction","target":["https:\/\/www.specagra.ee\/?product=sviestmuse-milky-fj-100-c"]}]},{"@type":"ImageObject","inLanguage":"et","@id":"https:\/\/www.specagra.ee\/?product=sviestmuse-milky-fj-100-c#primaryimage","url":"https:\/\/www.specagra.ee\/wp-content\/uploads\/2022\/06\/Untitled-design120.jpg","contentUrl":"https:\/\/www.specagra.ee\/wp-content\/uploads\/2022\/06\/Untitled-design120.jpg","width":800,"height":800,"caption":"Sviestmu\u0161\u0117 MILKY FJ 100 C"},{"@type":"BreadcrumbList","@id":"https:\/\/www.specagra.ee\/?product=sviestmuse-milky-fj-100-c#breadcrumb","itemListElement":[{"@type":"ListItem","position":1,"name":"Home","item":"https:\/\/www.specagra.ee\/"},{"@type":"ListItem","position":2,"name":"P\u00f5llumajandustehnika ja loomakasvatus","item":"https:\/\/specagra.ee\/?page_id=18493"},{"@type":"ListItem","position":3,"name":"Sviestmu\u0161\u0117 MILKY FJ 100 C"}]},{"@type":"WebSite","@id":"https:\/\/www.specagra.ee\/#website","url":"https:\/\/www.specagra.ee\/","name":"Specagra","description":"P\u00f5llumajandustehnika ja varuosad","publisher":{"@id":"https:\/\/www.specagra.ee\/#organization"},"potentialAction":[{"@type":"SearchAction","target":{"@type":"EntryPoint","urlTemplate":"https:\/\/www.specagra.ee\/?s={search_term_string}"},"query-input":{"@type":"PropertyValueSpecification","valueRequired":true,"valueName":"search_term_string"}}],"inLanguage":"et"},{"@type":"Organization","@id":"https:\/\/www.specagra.ee\/#organization","name":"UAB Specagra","url":"https:\/\/www.specagra.ee\/","logo":{"@type":"ImageObject","inLanguage":"et","@id":"https:\/\/www.specagra.ee\/#\/schema\/logo\/image\/","url":"http:\/\/www.specagra.ee\/wp-content\/uploads\/2022\/02\/SP-logo_naujas-scaled.jpg","contentUrl":"http:\/\/www.specagra.ee\/wp-content\/uploads\/2022\/02\/SP-logo_naujas-scaled.jpg","width":2560,"height":326,"caption":"UAB Specagra"},"image":{"@id":"https:\/\/www.specagra.ee\/#\/schema\/logo\/image\/"}}]}},"_links":{"self":[{"href":"https:\/\/www.specagra.ee\/index.php?rest_route=\/wp\/v2\/product\/17706","targetHints":{"allow":["GET"]}}],"collection":[{"href":"https:\/\/www.specagra.ee\/index.php?rest_route=\/wp\/v2\/product"}],"about":[{"href":"https:\/\/www.specagra.ee\/index.php?rest_route=\/wp\/v2\/types\/product"}],"wp:featuredmedia":[{"embeddable":true,"href":"https:\/\/www.specagra.ee\/index.php?rest_route=\/wp\/v2\/media\/18580"}],"wp:attachment":[{"href":"https:\/\/www.specagra.ee\/index.php?rest_route=%2Fwp%2Fv2%2Fmedia&parent=17706"}],"wp:term":[{"taxonomy":"product_brand","embeddable":true,"href":"https:\/\/www.specagra.ee\/index.php?rest_route=%2Fwp%2Fv2%2Fproduct_brand&post=17706"},{"taxonomy":"product_cat","embeddable":true,"href":"https:\/\/www.specagra.ee\/index.php?rest_route=%2Fwp%2Fv2%2Fproduct_cat&post=17706"},{"taxonomy":"product_tag","embeddable":true,"href":"https:\/\/www.specagra.ee\/index.php?rest_route=%2Fwp%2Fv2%2Fproduct_tag&post=17706"}],"curies":[{"name":"wp","href":"https:\/\/api.w.org\/{rel}","templated":true}]}}