{"id":17700,"date":"2022-06-16T10:39:04","date_gmt":"2022-06-16T12:39:04","guid":{"rendered":"https:\/\/www.specagra.ee\/?post_type=product&#038;p=17700"},"modified":"2023-06-29T12:01:16","modified_gmt":"2023-06-29T14:01:16","slug":"sviestmuse-milky-fj-10h-rankine","status":"publish","type":"product","link":"https:\/\/www.specagra.ee\/?product=sviestmuse-milky-fj-10h-rankine","title":{"rendered":"Sviestmu\u0161\u0117 MILKY FJ 10H (rankin\u0117)"},"content":{"rendered":"<p>Bendrosios savyb\u0117s:<\/p>\n<ul>\n<li>Tai ma\u017ea ir patogi rankin\u0117 sviestmu\u0161\u0117, kurios d\u0117ka labai palengvinamas darbas nam\u0173 \u016bkiuose.<\/li>\n<li>Visos dalys, besilie\u010dian\u010dios su grietin\u0117le yra pagamintos i\u0161 ner\u016bdijan\u010dio plieno, tod\u0117l labai paprasta j\u0105 valyti.<\/li>\n<li>10 litr\u0173 talpos rezervuaras gali b\u016bti u\u017epildomas nuo 1 iki 10 litr\u0173 grietin\u0117l\u0117s.<\/li>\n<li>Reikia 4 litr\u0173 grietin\u0117l\u0117s, norint pasiekti optimali\u0105 kokyb\u0119.<\/li>\n<\/ul>\n","protected":false},"excerpt":{"rendered":"<p>Bendrosios savyb\u0117s: Tai ma\u017ea ir patogi rankin\u0117 sviestmu\u0161\u0117, kurios d\u0117ka labai palengvinamas darbas nam\u0173 \u016bkiuose. Visos dalys, besilie\u010dian\u010dios su grietin\u0117le yra pagamintos i\u0161 ner\u016bdijan\u010dio plieno, tod\u0117l labai paprasta j\u0105 valyti. 10 litr\u0173 talpos rezervuaras gali b\u016bti u\u017epildomas nuo 1 iki 10 litr\u0173 grietin\u0117l\u0117s. Reikia 4 litr\u0173 grietin\u0117l\u0117s, norint pasiekti optimali\u0105 kokyb\u0119.<\/p>\n","protected":false},"featured_media":18603,"template":"","meta":{"_et_pb_use_builder":"","_et_pb_old_content":"","_et_gb_content_width":""},"product_brand":[],"product_cat":[190],"product_tag":[],"class_list":{"0":"post-17700","1":"product","2":"type-product","3":"status-publish","4":"has-post-thumbnail","6":"product_cat-voimasinad","8":"first","9":"instock","10":"shipping-taxable","11":"product-type-simple"},"yoast_head":"<!-- This site is optimized with the Yoast SEO plugin v26.4 - https:\/\/yoast.com\/wordpress\/plugins\/seo\/ -->\n<title>Sviestmu\u0161\u0117 MILKY FJ 10H (rankin\u0117) - Specagra<\/title>\n<meta name=\"robots\" content=\"index, follow, max-snippet:-1, max-image-preview:large, max-video-preview:-1\" \/>\n<link rel=\"canonical\" href=\"https:\/\/www.specagra.ee\/?product=sviestmuse-milky-fj-10h-rankine\" \/>\n<meta property=\"og:locale\" content=\"et_EE\" \/>\n<meta property=\"og:type\" content=\"article\" \/>\n<meta property=\"og:title\" content=\"Sviestmu\u0161\u0117 MILKY FJ 10H (rankin\u0117) - Specagra\" \/>\n<meta property=\"og:description\" content=\"Bendrosios savyb\u0117s: Tai ma\u017ea ir patogi rankin\u0117 sviestmu\u0161\u0117, kurios d\u0117ka labai palengvinamas darbas nam\u0173 \u016bkiuose. Visos dalys, besilie\u010dian\u010dios su grietin\u0117le yra pagamintos i\u0161 ner\u016bdijan\u010dio plieno, tod\u0117l labai paprasta j\u0105 valyti. 10 litr\u0173 talpos rezervuaras gali b\u016bti u\u017epildomas nuo 1 iki 10 litr\u0173 grietin\u0117l\u0117s. Reikia 4 litr\u0173 grietin\u0117l\u0117s, norint pasiekti optimali\u0105 kokyb\u0119.\" \/>\n<meta property=\"og:url\" content=\"https:\/\/www.specagra.ee\/?product=sviestmuse-milky-fj-10h-rankine\" \/>\n<meta property=\"og:site_name\" content=\"Specagra\" \/>\n<meta property=\"article:modified_time\" content=\"2023-06-29T14:01:16+00:00\" \/>\n<meta property=\"og:image\" content=\"https:\/\/www.specagra.ee\/wp-content\/uploads\/2022\/06\/Untitled-design124.jpg\" \/>\n\t<meta property=\"og:image:width\" content=\"800\" \/>\n\t<meta property=\"og:image:height\" content=\"800\" \/>\n\t<meta property=\"og:image:type\" content=\"image\/jpeg\" \/>\n<meta name=\"twitter:card\" content=\"summary_large_image\" \/>\n<meta name=\"twitter:label1\" content=\"Est. reading time\" \/>\n\t<meta name=\"twitter:data1\" content=\"1 minut\" \/>\n<script type=\"application\/ld+json\" class=\"yoast-schema-graph\">{\"@context\":\"https:\/\/schema.org\",\"@graph\":[{\"@type\":\"WebPage\",\"@id\":\"https:\/\/www.specagra.ee\/?product=sviestmuse-milky-fj-10h-rankine\",\"url\":\"https:\/\/www.specagra.ee\/?product=sviestmuse-milky-fj-10h-rankine\",\"name\":\"Sviestmu\u0161\u0117 MILKY FJ 10H (rankin\u0117) - Specagra\",\"isPartOf\":{\"@id\":\"https:\/\/www.specagra.ee\/#website\"},\"primaryImageOfPage\":{\"@id\":\"https:\/\/www.specagra.ee\/?product=sviestmuse-milky-fj-10h-rankine#primaryimage\"},\"image\":{\"@id\":\"https:\/\/www.specagra.ee\/?product=sviestmuse-milky-fj-10h-rankine#primaryimage\"},\"thumbnailUrl\":\"https:\/\/www.specagra.ee\/wp-content\/uploads\/2022\/06\/Untitled-design124.jpg\",\"datePublished\":\"2022-06-16T12:39:04+00:00\",\"dateModified\":\"2023-06-29T14:01:16+00:00\",\"breadcrumb\":{\"@id\":\"https:\/\/www.specagra.ee\/?product=sviestmuse-milky-fj-10h-rankine#breadcrumb\"},\"inLanguage\":\"et\",\"potentialAction\":[{\"@type\":\"ReadAction\",\"target\":[\"https:\/\/www.specagra.ee\/?product=sviestmuse-milky-fj-10h-rankine\"]}]},{\"@type\":\"ImageObject\",\"inLanguage\":\"et\",\"@id\":\"https:\/\/www.specagra.ee\/?product=sviestmuse-milky-fj-10h-rankine#primaryimage\",\"url\":\"https:\/\/www.specagra.ee\/wp-content\/uploads\/2022\/06\/Untitled-design124.jpg\",\"contentUrl\":\"https:\/\/www.specagra.ee\/wp-content\/uploads\/2022\/06\/Untitled-design124.jpg\",\"width\":800,\"height\":800,\"caption\":\"Sviestmu\u0161\u0117 MILKY FJ 10H (rankin\u0117)\"},{\"@type\":\"BreadcrumbList\",\"@id\":\"https:\/\/www.specagra.ee\/?product=sviestmuse-milky-fj-10h-rankine#breadcrumb\",\"itemListElement\":[{\"@type\":\"ListItem\",\"position\":1,\"name\":\"Home\",\"item\":\"https:\/\/www.specagra.ee\/\"},{\"@type\":\"ListItem\",\"position\":2,\"name\":\"P\u00f5llumajandustehnika ja loomakasvatus\",\"item\":\"https:\/\/specagra.ee\/?page_id=18493\"},{\"@type\":\"ListItem\",\"position\":3,\"name\":\"Sviestmu\u0161\u0117 MILKY FJ 10H (rankin\u0117)\"}]},{\"@type\":\"WebSite\",\"@id\":\"https:\/\/www.specagra.ee\/#website\",\"url\":\"https:\/\/www.specagra.ee\/\",\"name\":\"Specagra\",\"description\":\"P\u00f5llumajandustehnika ja varuosad\",\"publisher\":{\"@id\":\"https:\/\/www.specagra.ee\/#organization\"},\"potentialAction\":[{\"@type\":\"SearchAction\",\"target\":{\"@type\":\"EntryPoint\",\"urlTemplate\":\"https:\/\/www.specagra.ee\/?s={search_term_string}\"},\"query-input\":{\"@type\":\"PropertyValueSpecification\",\"valueRequired\":true,\"valueName\":\"search_term_string\"}}],\"inLanguage\":\"et\"},{\"@type\":\"Organization\",\"@id\":\"https:\/\/www.specagra.ee\/#organization\",\"name\":\"UAB Specagra\",\"url\":\"https:\/\/www.specagra.ee\/\",\"logo\":{\"@type\":\"ImageObject\",\"inLanguage\":\"et\",\"@id\":\"https:\/\/www.specagra.ee\/#\/schema\/logo\/image\/\",\"url\":\"http:\/\/www.specagra.ee\/wp-content\/uploads\/2022\/02\/SP-logo_naujas-scaled.jpg\",\"contentUrl\":\"http:\/\/www.specagra.ee\/wp-content\/uploads\/2022\/02\/SP-logo_naujas-scaled.jpg\",\"width\":2560,\"height\":326,\"caption\":\"UAB Specagra\"},\"image\":{\"@id\":\"https:\/\/www.specagra.ee\/#\/schema\/logo\/image\/\"}}]}<\/script>\n<!-- \/ Yoast SEO plugin. -->","yoast_head_json":{"title":"Sviestmu\u0161\u0117 MILKY FJ 10H (rankin\u0117) - Specagra","robots":{"index":"index","follow":"follow","max-snippet":"max-snippet:-1","max-image-preview":"max-image-preview:large","max-video-preview":"max-video-preview:-1"},"canonical":"https:\/\/www.specagra.ee\/?product=sviestmuse-milky-fj-10h-rankine","og_locale":"et_EE","og_type":"article","og_title":"Sviestmu\u0161\u0117 MILKY FJ 10H (rankin\u0117) - Specagra","og_description":"Bendrosios savyb\u0117s: Tai ma\u017ea ir patogi rankin\u0117 sviestmu\u0161\u0117, kurios d\u0117ka labai palengvinamas darbas nam\u0173 \u016bkiuose. Visos dalys, besilie\u010dian\u010dios su grietin\u0117le yra pagamintos i\u0161 ner\u016bdijan\u010dio plieno, tod\u0117l labai paprasta j\u0105 valyti. 10 litr\u0173 talpos rezervuaras gali b\u016bti u\u017epildomas nuo 1 iki 10 litr\u0173 grietin\u0117l\u0117s. Reikia 4 litr\u0173 grietin\u0117l\u0117s, norint pasiekti optimali\u0105 kokyb\u0119.","og_url":"https:\/\/www.specagra.ee\/?product=sviestmuse-milky-fj-10h-rankine","og_site_name":"Specagra","article_modified_time":"2023-06-29T14:01:16+00:00","og_image":[{"width":800,"height":800,"url":"https:\/\/www.specagra.ee\/wp-content\/uploads\/2022\/06\/Untitled-design124.jpg","type":"image\/jpeg"}],"twitter_card":"summary_large_image","twitter_misc":{"Est. reading time":"1 minut"},"schema":{"@context":"https:\/\/schema.org","@graph":[{"@type":"WebPage","@id":"https:\/\/www.specagra.ee\/?product=sviestmuse-milky-fj-10h-rankine","url":"https:\/\/www.specagra.ee\/?product=sviestmuse-milky-fj-10h-rankine","name":"Sviestmu\u0161\u0117 MILKY FJ 10H (rankin\u0117) - Specagra","isPartOf":{"@id":"https:\/\/www.specagra.ee\/#website"},"primaryImageOfPage":{"@id":"https:\/\/www.specagra.ee\/?product=sviestmuse-milky-fj-10h-rankine#primaryimage"},"image":{"@id":"https:\/\/www.specagra.ee\/?product=sviestmuse-milky-fj-10h-rankine#primaryimage"},"thumbnailUrl":"https:\/\/www.specagra.ee\/wp-content\/uploads\/2022\/06\/Untitled-design124.jpg","datePublished":"2022-06-16T12:39:04+00:00","dateModified":"2023-06-29T14:01:16+00:00","breadcrumb":{"@id":"https:\/\/www.specagra.ee\/?product=sviestmuse-milky-fj-10h-rankine#breadcrumb"},"inLanguage":"et","potentialAction":[{"@type":"ReadAction","target":["https:\/\/www.specagra.ee\/?product=sviestmuse-milky-fj-10h-rankine"]}]},{"@type":"ImageObject","inLanguage":"et","@id":"https:\/\/www.specagra.ee\/?product=sviestmuse-milky-fj-10h-rankine#primaryimage","url":"https:\/\/www.specagra.ee\/wp-content\/uploads\/2022\/06\/Untitled-design124.jpg","contentUrl":"https:\/\/www.specagra.ee\/wp-content\/uploads\/2022\/06\/Untitled-design124.jpg","width":800,"height":800,"caption":"Sviestmu\u0161\u0117 MILKY FJ 10H (rankin\u0117)"},{"@type":"BreadcrumbList","@id":"https:\/\/www.specagra.ee\/?product=sviestmuse-milky-fj-10h-rankine#breadcrumb","itemListElement":[{"@type":"ListItem","position":1,"name":"Home","item":"https:\/\/www.specagra.ee\/"},{"@type":"ListItem","position":2,"name":"P\u00f5llumajandustehnika ja loomakasvatus","item":"https:\/\/specagra.ee\/?page_id=18493"},{"@type":"ListItem","position":3,"name":"Sviestmu\u0161\u0117 MILKY FJ 10H (rankin\u0117)"}]},{"@type":"WebSite","@id":"https:\/\/www.specagra.ee\/#website","url":"https:\/\/www.specagra.ee\/","name":"Specagra","description":"P\u00f5llumajandustehnika ja varuosad","publisher":{"@id":"https:\/\/www.specagra.ee\/#organization"},"potentialAction":[{"@type":"SearchAction","target":{"@type":"EntryPoint","urlTemplate":"https:\/\/www.specagra.ee\/?s={search_term_string}"},"query-input":{"@type":"PropertyValueSpecification","valueRequired":true,"valueName":"search_term_string"}}],"inLanguage":"et"},{"@type":"Organization","@id":"https:\/\/www.specagra.ee\/#organization","name":"UAB Specagra","url":"https:\/\/www.specagra.ee\/","logo":{"@type":"ImageObject","inLanguage":"et","@id":"https:\/\/www.specagra.ee\/#\/schema\/logo\/image\/","url":"http:\/\/www.specagra.ee\/wp-content\/uploads\/2022\/02\/SP-logo_naujas-scaled.jpg","contentUrl":"http:\/\/www.specagra.ee\/wp-content\/uploads\/2022\/02\/SP-logo_naujas-scaled.jpg","width":2560,"height":326,"caption":"UAB Specagra"},"image":{"@id":"https:\/\/www.specagra.ee\/#\/schema\/logo\/image\/"}}]}},"_links":{"self":[{"href":"https:\/\/www.specagra.ee\/index.php?rest_route=\/wp\/v2\/product\/17700","targetHints":{"allow":["GET"]}}],"collection":[{"href":"https:\/\/www.specagra.ee\/index.php?rest_route=\/wp\/v2\/product"}],"about":[{"href":"https:\/\/www.specagra.ee\/index.php?rest_route=\/wp\/v2\/types\/product"}],"wp:featuredmedia":[{"embeddable":true,"href":"https:\/\/www.specagra.ee\/index.php?rest_route=\/wp\/v2\/media\/18603"}],"wp:attachment":[{"href":"https:\/\/www.specagra.ee\/index.php?rest_route=%2Fwp%2Fv2%2Fmedia&parent=17700"}],"wp:term":[{"taxonomy":"product_brand","embeddable":true,"href":"https:\/\/www.specagra.ee\/index.php?rest_route=%2Fwp%2Fv2%2Fproduct_brand&post=17700"},{"taxonomy":"product_cat","embeddable":true,"href":"https:\/\/www.specagra.ee\/index.php?rest_route=%2Fwp%2Fv2%2Fproduct_cat&post=17700"},{"taxonomy":"product_tag","embeddable":true,"href":"https:\/\/www.specagra.ee\/index.php?rest_route=%2Fwp%2Fv2%2Fproduct_tag&post=17700"}],"curies":[{"name":"wp","href":"https:\/\/api.w.org\/{rel}","templated":true}]}}