{"id":17692,"date":"2022-06-15T10:42:29","date_gmt":"2022-06-15T12:42:29","guid":{"rendered":"https:\/\/www.specagra.ee\/?post_type=product&#038;p=17692"},"modified":"2023-08-30T11:20:50","modified_gmt":"2023-08-30T13:20:50","slug":"vakuumo-siurbliai-kopija","status":"publish","type":"product","link":"https:\/\/www.specagra.ee\/?product=vakuumo-siurbliai-kopija","title":{"rendered":"Vakuumo siurblys AID 2.09.000"},"content":{"rendered":"<p>&nbsp;<\/p>\n<ul>\n<li>Vakuumo siurblys yra pasirenkamas, atsi\u017evelgiant \u012f vakuumo poreik\u012f, t. y. linijos ilg\u012f, mel\u017eimo aparat\u0173 skai\u010di\u0173, vakuumo reguliatorius, kranus, vakuumo vamzd\u017ei\u0173 sujungim\u0173 skai\u010di\u0173.<\/li>\n<li>Da\u017eniausiai pasitaikan\u010dios klaidos, renkantis ir \u012frengiant vakuumo siurbl\u012f, yra per ma\u017eas jo na\u0161umas ar netinkama siurblio \u012frengimo vieta.<\/li>\n<li>Kadangi vakuumo siurblys kelia triuk\u0161m\u0105, rekomenduojama jo nestatyti arti bendrojo naudojimo patalp\u0173.<\/li>\n<li>Prie vakuumo siurblio b\u016btina pasirinkti tinkam\u0105, greitai reaguojant\u012f \u012f vakuumo pakitimus ir tiksliai veikiant\u012f vakuumo reguliatori\u0173, kuris turi palaikyti pastov\u0173 reikaling\u0105 vakuumo lyg\u012f.<\/li>\n<li>Kad b\u016bt\u0173 galima steb\u0117ti vakuumo lyg\u012f, vakuumo linijoje gerai matomose vietose, turi b\u016bti \u012frengti vakuumetrai<\/li>\n<\/ul>\n<p>Specifikacija : 160L\/min<\/p>\n<p>&nbsp;<\/p>\n<p>&nbsp;<\/p>\n<p>&nbsp;<\/p>\n","protected":false},"excerpt":{"rendered":"<p>&nbsp; Vakuumo siurblys yra pasirenkamas, atsi\u017evelgiant \u012f vakuumo poreik\u012f, t. y. linijos ilg\u012f, mel\u017eimo aparat\u0173 skai\u010di\u0173, vakuumo reguliatorius, kranus, vakuumo vamzd\u017ei\u0173 sujungim\u0173 skai\u010di\u0173. Da\u017eniausiai pasitaikan\u010dios klaidos, renkantis ir \u012frengiant vakuumo siurbl\u012f, yra per ma\u017eas jo na\u0161umas ar netinkama siurblio \u012frengimo vieta. Kadangi vakuumo siurblys kelia triuk\u0161m\u0105, rekomenduojama jo nestatyti arti bendrojo naudojimo patalp\u0173. Prie vakuumo [&hellip;]<\/p>\n","protected":false},"featured_media":17693,"template":"","meta":{"_et_pb_use_builder":"","_et_pb_old_content":"","_et_gb_content_width":""},"product_brand":[],"product_cat":[249],"product_tag":[],"class_list":{"0":"post-17692","1":"product","2":"type-product","3":"status-publish","4":"has-post-thumbnail","6":"product_cat-lupsiseadmete-varuosad","8":"first","9":"instock","10":"shipping-taxable","11":"product-type-simple"},"yoast_head":"<!-- This site is optimized with the Yoast SEO plugin v26.4 - https:\/\/yoast.com\/wordpress\/plugins\/seo\/ -->\n<title>Vakuumo siurblys AID 2.09.000 - Specagra<\/title>\n<meta name=\"robots\" content=\"index, follow, max-snippet:-1, max-image-preview:large, max-video-preview:-1\" \/>\n<link rel=\"canonical\" href=\"https:\/\/www.specagra.ee\/?product=vakuumo-siurbliai-kopija\" \/>\n<meta property=\"og:locale\" content=\"et_EE\" \/>\n<meta property=\"og:type\" content=\"article\" \/>\n<meta property=\"og:title\" content=\"Vakuumo siurblys AID 2.09.000 - Specagra\" \/>\n<meta property=\"og:description\" content=\"&nbsp; Vakuumo siurblys yra pasirenkamas, atsi\u017evelgiant \u012f vakuumo poreik\u012f, t. y. linijos ilg\u012f, mel\u017eimo aparat\u0173 skai\u010di\u0173, vakuumo reguliatorius, kranus, vakuumo vamzd\u017ei\u0173 sujungim\u0173 skai\u010di\u0173. Da\u017eniausiai pasitaikan\u010dios klaidos, renkantis ir \u012frengiant vakuumo siurbl\u012f, yra per ma\u017eas jo na\u0161umas ar netinkama siurblio \u012frengimo vieta. Kadangi vakuumo siurblys kelia triuk\u0161m\u0105, rekomenduojama jo nestatyti arti bendrojo naudojimo patalp\u0173. Prie vakuumo [&hellip;]\" \/>\n<meta property=\"og:url\" content=\"https:\/\/www.specagra.ee\/?product=vakuumo-siurbliai-kopija\" \/>\n<meta property=\"og:site_name\" content=\"Specagra\" \/>\n<meta property=\"article:modified_time\" content=\"2023-08-30T13:20:50+00:00\" \/>\n<meta property=\"og:image\" content=\"https:\/\/www.specagra.ee\/wp-content\/uploads\/2022\/06\/siurblys-vakuumo-aid-209000-1.jpg\" \/>\n\t<meta property=\"og:image:width\" content=\"500\" \/>\n\t<meta property=\"og:image:height\" content=\"500\" \/>\n\t<meta property=\"og:image:type\" content=\"image\/jpeg\" \/>\n<meta name=\"twitter:card\" content=\"summary_large_image\" \/>\n<meta name=\"twitter:label1\" content=\"Est. reading time\" \/>\n\t<meta name=\"twitter:data1\" content=\"1 minut\" \/>\n<script type=\"application\/ld+json\" class=\"yoast-schema-graph\">{\"@context\":\"https:\/\/schema.org\",\"@graph\":[{\"@type\":\"WebPage\",\"@id\":\"https:\/\/www.specagra.ee\/?product=vakuumo-siurbliai-kopija\",\"url\":\"https:\/\/www.specagra.ee\/?product=vakuumo-siurbliai-kopija\",\"name\":\"Vakuumo siurblys AID 2.09.000 - Specagra\",\"isPartOf\":{\"@id\":\"https:\/\/www.specagra.ee\/#website\"},\"primaryImageOfPage\":{\"@id\":\"https:\/\/www.specagra.ee\/?product=vakuumo-siurbliai-kopija#primaryimage\"},\"image\":{\"@id\":\"https:\/\/www.specagra.ee\/?product=vakuumo-siurbliai-kopija#primaryimage\"},\"thumbnailUrl\":\"https:\/\/www.specagra.ee\/wp-content\/uploads\/2022\/06\/siurblys-vakuumo-aid-209000-1.jpg\",\"datePublished\":\"2022-06-15T12:42:29+00:00\",\"dateModified\":\"2023-08-30T13:20:50+00:00\",\"breadcrumb\":{\"@id\":\"https:\/\/www.specagra.ee\/?product=vakuumo-siurbliai-kopija#breadcrumb\"},\"inLanguage\":\"et\",\"potentialAction\":[{\"@type\":\"ReadAction\",\"target\":[\"https:\/\/www.specagra.ee\/?product=vakuumo-siurbliai-kopija\"]}]},{\"@type\":\"ImageObject\",\"inLanguage\":\"et\",\"@id\":\"https:\/\/www.specagra.ee\/?product=vakuumo-siurbliai-kopija#primaryimage\",\"url\":\"https:\/\/www.specagra.ee\/wp-content\/uploads\/2022\/06\/siurblys-vakuumo-aid-209000-1.jpg\",\"contentUrl\":\"https:\/\/www.specagra.ee\/wp-content\/uploads\/2022\/06\/siurblys-vakuumo-aid-209000-1.jpg\",\"width\":500,\"height\":500,\"caption\":\"Vakuumo siurblys AID 2.09.000\"},{\"@type\":\"BreadcrumbList\",\"@id\":\"https:\/\/www.specagra.ee\/?product=vakuumo-siurbliai-kopija#breadcrumb\",\"itemListElement\":[{\"@type\":\"ListItem\",\"position\":1,\"name\":\"Home\",\"item\":\"https:\/\/www.specagra.ee\/\"},{\"@type\":\"ListItem\",\"position\":2,\"name\":\"P\u00f5llumajandustehnika ja loomakasvatus\",\"item\":\"https:\/\/specagra.ee\/?page_id=18493\"},{\"@type\":\"ListItem\",\"position\":3,\"name\":\"Vakuumo siurblys AID 2.09.000\"}]},{\"@type\":\"WebSite\",\"@id\":\"https:\/\/www.specagra.ee\/#website\",\"url\":\"https:\/\/www.specagra.ee\/\",\"name\":\"Specagra\",\"description\":\"P\u00f5llumajandustehnika ja varuosad\",\"publisher\":{\"@id\":\"https:\/\/www.specagra.ee\/#organization\"},\"potentialAction\":[{\"@type\":\"SearchAction\",\"target\":{\"@type\":\"EntryPoint\",\"urlTemplate\":\"https:\/\/www.specagra.ee\/?s={search_term_string}\"},\"query-input\":{\"@type\":\"PropertyValueSpecification\",\"valueRequired\":true,\"valueName\":\"search_term_string\"}}],\"inLanguage\":\"et\"},{\"@type\":\"Organization\",\"@id\":\"https:\/\/www.specagra.ee\/#organization\",\"name\":\"UAB Specagra\",\"url\":\"https:\/\/www.specagra.ee\/\",\"logo\":{\"@type\":\"ImageObject\",\"inLanguage\":\"et\",\"@id\":\"https:\/\/www.specagra.ee\/#\/schema\/logo\/image\/\",\"url\":\"http:\/\/www.specagra.ee\/wp-content\/uploads\/2022\/02\/SP-logo_naujas-scaled.jpg\",\"contentUrl\":\"http:\/\/www.specagra.ee\/wp-content\/uploads\/2022\/02\/SP-logo_naujas-scaled.jpg\",\"width\":2560,\"height\":326,\"caption\":\"UAB Specagra\"},\"image\":{\"@id\":\"https:\/\/www.specagra.ee\/#\/schema\/logo\/image\/\"}}]}<\/script>\n<!-- \/ Yoast SEO plugin. -->","yoast_head_json":{"title":"Vakuumo siurblys AID 2.09.000 - Specagra","robots":{"index":"index","follow":"follow","max-snippet":"max-snippet:-1","max-image-preview":"max-image-preview:large","max-video-preview":"max-video-preview:-1"},"canonical":"https:\/\/www.specagra.ee\/?product=vakuumo-siurbliai-kopija","og_locale":"et_EE","og_type":"article","og_title":"Vakuumo siurblys AID 2.09.000 - Specagra","og_description":"&nbsp; Vakuumo siurblys yra pasirenkamas, atsi\u017evelgiant \u012f vakuumo poreik\u012f, t. y. linijos ilg\u012f, mel\u017eimo aparat\u0173 skai\u010di\u0173, vakuumo reguliatorius, kranus, vakuumo vamzd\u017ei\u0173 sujungim\u0173 skai\u010di\u0173. Da\u017eniausiai pasitaikan\u010dios klaidos, renkantis ir \u012frengiant vakuumo siurbl\u012f, yra per ma\u017eas jo na\u0161umas ar netinkama siurblio \u012frengimo vieta. Kadangi vakuumo siurblys kelia triuk\u0161m\u0105, rekomenduojama jo nestatyti arti bendrojo naudojimo patalp\u0173. Prie vakuumo [&hellip;]","og_url":"https:\/\/www.specagra.ee\/?product=vakuumo-siurbliai-kopija","og_site_name":"Specagra","article_modified_time":"2023-08-30T13:20:50+00:00","og_image":[{"width":500,"height":500,"url":"https:\/\/www.specagra.ee\/wp-content\/uploads\/2022\/06\/siurblys-vakuumo-aid-209000-1.jpg","type":"image\/jpeg"}],"twitter_card":"summary_large_image","twitter_misc":{"Est. reading time":"1 minut"},"schema":{"@context":"https:\/\/schema.org","@graph":[{"@type":"WebPage","@id":"https:\/\/www.specagra.ee\/?product=vakuumo-siurbliai-kopija","url":"https:\/\/www.specagra.ee\/?product=vakuumo-siurbliai-kopija","name":"Vakuumo siurblys AID 2.09.000 - Specagra","isPartOf":{"@id":"https:\/\/www.specagra.ee\/#website"},"primaryImageOfPage":{"@id":"https:\/\/www.specagra.ee\/?product=vakuumo-siurbliai-kopija#primaryimage"},"image":{"@id":"https:\/\/www.specagra.ee\/?product=vakuumo-siurbliai-kopija#primaryimage"},"thumbnailUrl":"https:\/\/www.specagra.ee\/wp-content\/uploads\/2022\/06\/siurblys-vakuumo-aid-209000-1.jpg","datePublished":"2022-06-15T12:42:29+00:00","dateModified":"2023-08-30T13:20:50+00:00","breadcrumb":{"@id":"https:\/\/www.specagra.ee\/?product=vakuumo-siurbliai-kopija#breadcrumb"},"inLanguage":"et","potentialAction":[{"@type":"ReadAction","target":["https:\/\/www.specagra.ee\/?product=vakuumo-siurbliai-kopija"]}]},{"@type":"ImageObject","inLanguage":"et","@id":"https:\/\/www.specagra.ee\/?product=vakuumo-siurbliai-kopija#primaryimage","url":"https:\/\/www.specagra.ee\/wp-content\/uploads\/2022\/06\/siurblys-vakuumo-aid-209000-1.jpg","contentUrl":"https:\/\/www.specagra.ee\/wp-content\/uploads\/2022\/06\/siurblys-vakuumo-aid-209000-1.jpg","width":500,"height":500,"caption":"Vakuumo siurblys AID 2.09.000"},{"@type":"BreadcrumbList","@id":"https:\/\/www.specagra.ee\/?product=vakuumo-siurbliai-kopija#breadcrumb","itemListElement":[{"@type":"ListItem","position":1,"name":"Home","item":"https:\/\/www.specagra.ee\/"},{"@type":"ListItem","position":2,"name":"P\u00f5llumajandustehnika ja loomakasvatus","item":"https:\/\/specagra.ee\/?page_id=18493"},{"@type":"ListItem","position":3,"name":"Vakuumo siurblys AID 2.09.000"}]},{"@type":"WebSite","@id":"https:\/\/www.specagra.ee\/#website","url":"https:\/\/www.specagra.ee\/","name":"Specagra","description":"P\u00f5llumajandustehnika ja varuosad","publisher":{"@id":"https:\/\/www.specagra.ee\/#organization"},"potentialAction":[{"@type":"SearchAction","target":{"@type":"EntryPoint","urlTemplate":"https:\/\/www.specagra.ee\/?s={search_term_string}"},"query-input":{"@type":"PropertyValueSpecification","valueRequired":true,"valueName":"search_term_string"}}],"inLanguage":"et"},{"@type":"Organization","@id":"https:\/\/www.specagra.ee\/#organization","name":"UAB Specagra","url":"https:\/\/www.specagra.ee\/","logo":{"@type":"ImageObject","inLanguage":"et","@id":"https:\/\/www.specagra.ee\/#\/schema\/logo\/image\/","url":"http:\/\/www.specagra.ee\/wp-content\/uploads\/2022\/02\/SP-logo_naujas-scaled.jpg","contentUrl":"http:\/\/www.specagra.ee\/wp-content\/uploads\/2022\/02\/SP-logo_naujas-scaled.jpg","width":2560,"height":326,"caption":"UAB Specagra"},"image":{"@id":"https:\/\/www.specagra.ee\/#\/schema\/logo\/image\/"}}]}},"_links":{"self":[{"href":"https:\/\/www.specagra.ee\/index.php?rest_route=\/wp\/v2\/product\/17692","targetHints":{"allow":["GET"]}}],"collection":[{"href":"https:\/\/www.specagra.ee\/index.php?rest_route=\/wp\/v2\/product"}],"about":[{"href":"https:\/\/www.specagra.ee\/index.php?rest_route=\/wp\/v2\/types\/product"}],"wp:featuredmedia":[{"embeddable":true,"href":"https:\/\/www.specagra.ee\/index.php?rest_route=\/wp\/v2\/media\/17693"}],"wp:attachment":[{"href":"https:\/\/www.specagra.ee\/index.php?rest_route=%2Fwp%2Fv2%2Fmedia&parent=17692"}],"wp:term":[{"taxonomy":"product_brand","embeddable":true,"href":"https:\/\/www.specagra.ee\/index.php?rest_route=%2Fwp%2Fv2%2Fproduct_brand&post=17692"},{"taxonomy":"product_cat","embeddable":true,"href":"https:\/\/www.specagra.ee\/index.php?rest_route=%2Fwp%2Fv2%2Fproduct_cat&post=17692"},{"taxonomy":"product_tag","embeddable":true,"href":"https:\/\/www.specagra.ee\/index.php?rest_route=%2Fwp%2Fv2%2Fproduct_tag&post=17692"}],"curies":[{"name":"wp","href":"https:\/\/api.w.org\/{rel}","templated":true}]}}