{"id":1713,"date":"2020-06-15T03:17:05","date_gmt":"2020-06-15T05:17:05","guid":{"rendered":"https:\/\/www.specagra.ee.nemokamossvetaines.hostingas.lt\/?post_type=product&#038;p=1713"},"modified":"2022-09-08T05:41:57","modified_gmt":"2022-09-08T07:41:57","slug":"frontaliniai-krautuvai-metal-fach-t812","status":"publish","type":"product","link":"https:\/\/www.specagra.ee\/?product=frontaliniai-krautuvai-metal-fach-t812","title":{"rendered":"Frontaliniai krautuvai Metal-Fach T812"},"content":{"rendered":"<p><span style=\"font-weight: 400;\">Standartin\u0117 komplektacija:<\/span><\/p>\n<ul>\n<li>EURO prikabinimas arba pagal u\u017esakym\u0105 SMS<\/li>\n<\/ul>\n<p><span style=\"font-weight: 400;\">Papildoma komplektacija:<\/span><\/p>\n<ul>\n<li><span style=\"font-weight: 400;\">elektrohidraulinis krautuvo valdymas<\/span><\/li>\n<li>greitas jungimas hidraulio jung\u010di\u0173 MULTILOCK<\/li>\n<li>hidro akumuliatorius-amortizatorius<\/li>\n<\/ul>\n","protected":false},"excerpt":{"rendered":"<p>Standartin\u0117 komplektacija: EURO prikabinimas arba pagal u\u017esakym\u0105 SMS Papildoma komplektacija: elektrohidraulinis krautuvo valdymas greitas jungimas hidraulio jung\u010di\u0173 MULTILOCK hidro akumuliatorius-amortizatorius<\/p>\n","protected":false},"featured_media":1714,"template":"","meta":{"_et_pb_use_builder":"","_et_pb_old_content":"","_et_gb_content_width":""},"product_brand":[],"product_cat":[32],"product_tag":[],"class_list":{"0":"post-1713","1":"product","2":"type-product","3":"status-publish","4":"has-post-thumbnail","6":"product_cat-esilaadurid","8":"first","9":"instock","10":"shipping-taxable","11":"product-type-simple"},"yoast_head":"<!-- This site is optimized with the Yoast SEO plugin v26.4 - https:\/\/yoast.com\/wordpress\/plugins\/seo\/ -->\n<title>Frontaliniai krautuvai Metal-Fach T812 - Specagra<\/title>\n<meta name=\"robots\" content=\"index, follow, max-snippet:-1, max-image-preview:large, max-video-preview:-1\" \/>\n<link rel=\"canonical\" href=\"https:\/\/www.specagra.ee\/?product=frontaliniai-krautuvai-metal-fach-t812\" \/>\n<meta property=\"og:locale\" content=\"et_EE\" \/>\n<meta property=\"og:type\" content=\"article\" \/>\n<meta property=\"og:title\" content=\"Frontaliniai krautuvai Metal-Fach T812 - Specagra\" \/>\n<meta property=\"og:description\" content=\"Standartin\u0117 komplektacija: EURO prikabinimas arba pagal u\u017esakym\u0105 SMS Papildoma komplektacija: elektrohidraulinis krautuvo valdymas greitas jungimas hidraulio jung\u010di\u0173 MULTILOCK hidro akumuliatorius-amortizatorius\" \/>\n<meta property=\"og:url\" content=\"https:\/\/www.specagra.ee\/?product=frontaliniai-krautuvai-metal-fach-t812\" \/>\n<meta property=\"og:site_name\" content=\"Specagra\" \/>\n<meta property=\"article:modified_time\" content=\"2022-09-08T07:41:57+00:00\" \/>\n<meta property=\"og:image\" content=\"https:\/\/www.specagra.ee\/wp-content\/uploads\/2020\/06\/ladowacz-czolowy_T812_skos-przod-2-1.webp\" \/>\n\t<meta property=\"og:image:width\" content=\"1920\" \/>\n\t<meta property=\"og:image:height\" content=\"1080\" \/>\n\t<meta property=\"og:image:type\" content=\"image\/webp\" \/>\n<meta name=\"twitter:card\" content=\"summary_large_image\" \/>\n<script type=\"application\/ld+json\" class=\"yoast-schema-graph\">{\"@context\":\"https:\/\/schema.org\",\"@graph\":[{\"@type\":\"WebPage\",\"@id\":\"https:\/\/www.specagra.ee\/?product=frontaliniai-krautuvai-metal-fach-t812\",\"url\":\"https:\/\/www.specagra.ee\/?product=frontaliniai-krautuvai-metal-fach-t812\",\"name\":\"Frontaliniai krautuvai Metal-Fach T812 - Specagra\",\"isPartOf\":{\"@id\":\"https:\/\/www.specagra.ee\/#website\"},\"primaryImageOfPage\":{\"@id\":\"https:\/\/www.specagra.ee\/?product=frontaliniai-krautuvai-metal-fach-t812#primaryimage\"},\"image\":{\"@id\":\"https:\/\/www.specagra.ee\/?product=frontaliniai-krautuvai-metal-fach-t812#primaryimage\"},\"thumbnailUrl\":\"https:\/\/specagra.ee\/wp-content\/uploads\/2020\/06\/ladowacz-czolowy_T812_skos-przod-2-1.webp\",\"datePublished\":\"2020-06-15T05:17:05+00:00\",\"dateModified\":\"2022-09-08T07:41:57+00:00\",\"breadcrumb\":{\"@id\":\"https:\/\/www.specagra.ee\/?product=frontaliniai-krautuvai-metal-fach-t812#breadcrumb\"},\"inLanguage\":\"et\",\"potentialAction\":[{\"@type\":\"ReadAction\",\"target\":[\"https:\/\/www.specagra.ee\/?product=frontaliniai-krautuvai-metal-fach-t812\"]}]},{\"@type\":\"ImageObject\",\"inLanguage\":\"et\",\"@id\":\"https:\/\/www.specagra.ee\/?product=frontaliniai-krautuvai-metal-fach-t812#primaryimage\",\"url\":\"https:\/\/specagra.ee\/wp-content\/uploads\/2020\/06\/ladowacz-czolowy_T812_skos-przod-2-1.webp\",\"contentUrl\":\"https:\/\/specagra.ee\/wp-content\/uploads\/2020\/06\/ladowacz-czolowy_T812_skos-przod-2-1.webp\",\"width\":1920,\"height\":1080,\"caption\":\"Frontalinis krautuvas Metal-Fach T812\"},{\"@type\":\"BreadcrumbList\",\"@id\":\"https:\/\/www.specagra.ee\/?product=frontaliniai-krautuvai-metal-fach-t812#breadcrumb\",\"itemListElement\":[{\"@type\":\"ListItem\",\"position\":1,\"name\":\"Home\",\"item\":\"https:\/\/www.specagra.ee\/\"},{\"@type\":\"ListItem\",\"position\":2,\"name\":\"P\u00f5llumajandustehnika ja loomakasvatus\",\"item\":\"https:\/\/specagra.ee\/?page_id=18493\"},{\"@type\":\"ListItem\",\"position\":3,\"name\":\"Frontaliniai krautuvai Metal-Fach T812\"}]},{\"@type\":\"WebSite\",\"@id\":\"https:\/\/www.specagra.ee\/#website\",\"url\":\"https:\/\/www.specagra.ee\/\",\"name\":\"Specagra\",\"description\":\"P\u00f5llumajandustehnika ja varuosad\",\"publisher\":{\"@id\":\"https:\/\/www.specagra.ee\/#organization\"},\"potentialAction\":[{\"@type\":\"SearchAction\",\"target\":{\"@type\":\"EntryPoint\",\"urlTemplate\":\"https:\/\/www.specagra.ee\/?s={search_term_string}\"},\"query-input\":{\"@type\":\"PropertyValueSpecification\",\"valueRequired\":true,\"valueName\":\"search_term_string\"}}],\"inLanguage\":\"et\"},{\"@type\":\"Organization\",\"@id\":\"https:\/\/www.specagra.ee\/#organization\",\"name\":\"UAB Specagra\",\"url\":\"https:\/\/www.specagra.ee\/\",\"logo\":{\"@type\":\"ImageObject\",\"inLanguage\":\"et\",\"@id\":\"https:\/\/www.specagra.ee\/#\/schema\/logo\/image\/\",\"url\":\"http:\/\/www.specagra.ee\/wp-content\/uploads\/2022\/02\/SP-logo_naujas-scaled.jpg\",\"contentUrl\":\"http:\/\/www.specagra.ee\/wp-content\/uploads\/2022\/02\/SP-logo_naujas-scaled.jpg\",\"width\":2560,\"height\":326,\"caption\":\"UAB Specagra\"},\"image\":{\"@id\":\"https:\/\/www.specagra.ee\/#\/schema\/logo\/image\/\"}}]}<\/script>\n<!-- \/ Yoast SEO plugin. -->","yoast_head_json":{"title":"Frontaliniai krautuvai Metal-Fach T812 - Specagra","robots":{"index":"index","follow":"follow","max-snippet":"max-snippet:-1","max-image-preview":"max-image-preview:large","max-video-preview":"max-video-preview:-1"},"canonical":"https:\/\/www.specagra.ee\/?product=frontaliniai-krautuvai-metal-fach-t812","og_locale":"et_EE","og_type":"article","og_title":"Frontaliniai krautuvai Metal-Fach T812 - Specagra","og_description":"Standartin\u0117 komplektacija: EURO prikabinimas arba pagal u\u017esakym\u0105 SMS Papildoma komplektacija: elektrohidraulinis krautuvo valdymas greitas jungimas hidraulio jung\u010di\u0173 MULTILOCK hidro akumuliatorius-amortizatorius","og_url":"https:\/\/www.specagra.ee\/?product=frontaliniai-krautuvai-metal-fach-t812","og_site_name":"Specagra","article_modified_time":"2022-09-08T07:41:57+00:00","og_image":[{"width":1920,"height":1080,"url":"https:\/\/www.specagra.ee\/wp-content\/uploads\/2020\/06\/ladowacz-czolowy_T812_skos-przod-2-1.webp","type":"image\/webp"}],"twitter_card":"summary_large_image","schema":{"@context":"https:\/\/schema.org","@graph":[{"@type":"WebPage","@id":"https:\/\/www.specagra.ee\/?product=frontaliniai-krautuvai-metal-fach-t812","url":"https:\/\/www.specagra.ee\/?product=frontaliniai-krautuvai-metal-fach-t812","name":"Frontaliniai krautuvai Metal-Fach T812 - Specagra","isPartOf":{"@id":"https:\/\/www.specagra.ee\/#website"},"primaryImageOfPage":{"@id":"https:\/\/www.specagra.ee\/?product=frontaliniai-krautuvai-metal-fach-t812#primaryimage"},"image":{"@id":"https:\/\/www.specagra.ee\/?product=frontaliniai-krautuvai-metal-fach-t812#primaryimage"},"thumbnailUrl":"https:\/\/specagra.ee\/wp-content\/uploads\/2020\/06\/ladowacz-czolowy_T812_skos-przod-2-1.webp","datePublished":"2020-06-15T05:17:05+00:00","dateModified":"2022-09-08T07:41:57+00:00","breadcrumb":{"@id":"https:\/\/www.specagra.ee\/?product=frontaliniai-krautuvai-metal-fach-t812#breadcrumb"},"inLanguage":"et","potentialAction":[{"@type":"ReadAction","target":["https:\/\/www.specagra.ee\/?product=frontaliniai-krautuvai-metal-fach-t812"]}]},{"@type":"ImageObject","inLanguage":"et","@id":"https:\/\/www.specagra.ee\/?product=frontaliniai-krautuvai-metal-fach-t812#primaryimage","url":"https:\/\/specagra.ee\/wp-content\/uploads\/2020\/06\/ladowacz-czolowy_T812_skos-przod-2-1.webp","contentUrl":"https:\/\/specagra.ee\/wp-content\/uploads\/2020\/06\/ladowacz-czolowy_T812_skos-przod-2-1.webp","width":1920,"height":1080,"caption":"Frontalinis krautuvas Metal-Fach T812"},{"@type":"BreadcrumbList","@id":"https:\/\/www.specagra.ee\/?product=frontaliniai-krautuvai-metal-fach-t812#breadcrumb","itemListElement":[{"@type":"ListItem","position":1,"name":"Home","item":"https:\/\/www.specagra.ee\/"},{"@type":"ListItem","position":2,"name":"P\u00f5llumajandustehnika ja loomakasvatus","item":"https:\/\/specagra.ee\/?page_id=18493"},{"@type":"ListItem","position":3,"name":"Frontaliniai krautuvai Metal-Fach T812"}]},{"@type":"WebSite","@id":"https:\/\/www.specagra.ee\/#website","url":"https:\/\/www.specagra.ee\/","name":"Specagra","description":"P\u00f5llumajandustehnika ja varuosad","publisher":{"@id":"https:\/\/www.specagra.ee\/#organization"},"potentialAction":[{"@type":"SearchAction","target":{"@type":"EntryPoint","urlTemplate":"https:\/\/www.specagra.ee\/?s={search_term_string}"},"query-input":{"@type":"PropertyValueSpecification","valueRequired":true,"valueName":"search_term_string"}}],"inLanguage":"et"},{"@type":"Organization","@id":"https:\/\/www.specagra.ee\/#organization","name":"UAB Specagra","url":"https:\/\/www.specagra.ee\/","logo":{"@type":"ImageObject","inLanguage":"et","@id":"https:\/\/www.specagra.ee\/#\/schema\/logo\/image\/","url":"http:\/\/www.specagra.ee\/wp-content\/uploads\/2022\/02\/SP-logo_naujas-scaled.jpg","contentUrl":"http:\/\/www.specagra.ee\/wp-content\/uploads\/2022\/02\/SP-logo_naujas-scaled.jpg","width":2560,"height":326,"caption":"UAB Specagra"},"image":{"@id":"https:\/\/www.specagra.ee\/#\/schema\/logo\/image\/"}}]}},"_links":{"self":[{"href":"https:\/\/www.specagra.ee\/index.php?rest_route=\/wp\/v2\/product\/1713","targetHints":{"allow":["GET"]}}],"collection":[{"href":"https:\/\/www.specagra.ee\/index.php?rest_route=\/wp\/v2\/product"}],"about":[{"href":"https:\/\/www.specagra.ee\/index.php?rest_route=\/wp\/v2\/types\/product"}],"wp:featuredmedia":[{"embeddable":true,"href":"https:\/\/www.specagra.ee\/index.php?rest_route=\/wp\/v2\/media\/1714"}],"wp:attachment":[{"href":"https:\/\/www.specagra.ee\/index.php?rest_route=%2Fwp%2Fv2%2Fmedia&parent=1713"}],"wp:term":[{"taxonomy":"product_brand","embeddable":true,"href":"https:\/\/www.specagra.ee\/index.php?rest_route=%2Fwp%2Fv2%2Fproduct_brand&post=1713"},{"taxonomy":"product_cat","embeddable":true,"href":"https:\/\/www.specagra.ee\/index.php?rest_route=%2Fwp%2Fv2%2Fproduct_cat&post=1713"},{"taxonomy":"product_tag","embeddable":true,"href":"https:\/\/www.specagra.ee\/index.php?rest_route=%2Fwp%2Fv2%2Fproduct_tag&post=1713"}],"curies":[{"name":"wp","href":"https:\/\/api.w.org\/{rel}","templated":true}]}}