{"id":1591,"date":"2020-06-12T09:31:41","date_gmt":"2020-06-12T11:31:41","guid":{"rendered":"https:\/\/www.specagra.ee.nemokamossvetaines.hostingas.lt\/?post_type=product&#038;p=1591"},"modified":"2022-06-23T04:05:51","modified_gmt":"2022-06-23T06:05:51","slug":"diskines-sienapjoves-rozmital-sd","status":"publish","type":"product","link":"https:\/\/www.specagra.ee\/?product=diskines-sienapjoves-rozmital-sd","title":{"rendered":"Diskin\u0117s \u0161ienapjov\u0117s Rozmital SD"},"content":{"rendered":"<p>Darbinis plotis nuo 2,20 iki 3,40 m<br \/>\nPlau\u0161intuvas \u2013 SD 260C ir SD \u2013 300C modeliuose<br \/>\nAuk\u0161ta pjovimo kokyb\u0117.<br \/>\n\u0160ienapjov\u0117s <strong>centrin\u0117 pasukimo pakaba<\/strong> tvirtinama pjovimo sijos sunkio centre.<br \/>\nHidropneumatin\u0117 sij\u0173 pak\u0117limo sistema, kuri\u0105 galima tiksliai ir greitai sureguliuoti \u012f ideali\u0105 pl\u016bduriuojan\u010di\u0105 pad\u0117t\u012f, atsi\u017evelgiant \u012f reljefo kont\u016brus.<br \/>\n<strong>Kompakti\u0161ki matmenys <\/strong>&#8211; hidrauliniai komponentai integruoti \u012f trij\u0173 ta\u0161k\u0173 prikabinim\u0105.<br \/>\nFrikcin\u0117 sankaba ant GTV apsaugo \u0161ienapjov\u0119 nuo perkrovos.<\/p>\n","protected":false},"excerpt":{"rendered":"<p>Darbinis plotis nuo 2,20 iki 3,40 m Plau\u0161intuvas \u2013 SD 260C ir SD \u2013 300C modeliuose Auk\u0161ta pjovimo kokyb\u0117. \u0160ienapjov\u0117s centrin\u0117 pasukimo pakaba tvirtinama pjovimo sijos sunkio centre. Hidropneumatin\u0117 sij\u0173 pak\u0117limo sistema, kuri\u0105 galima tiksliai ir greitai sureguliuoti \u012f ideali\u0105 pl\u016bduriuojan\u010di\u0105 pad\u0117t\u012f, atsi\u017evelgiant \u012f reljefo kont\u016brus. Kompakti\u0161ki matmenys &#8211; hidrauliniai komponentai integruoti \u012f trij\u0173 ta\u0161k\u0173 [&hellip;]<\/p>\n","protected":false},"featured_media":17742,"template":"","meta":{"_et_pb_use_builder":"","_et_pb_old_content":"","_et_gb_content_width":""},"product_brand":[],"product_cat":[75],"product_tag":[],"class_list":{"0":"post-1591","1":"product","2":"type-product","3":"status-publish","4":"has-post-thumbnail","6":"product_cat-heinaniidukid","8":"first","9":"instock","10":"shipping-taxable","11":"product-type-simple"},"yoast_head":"<!-- This site is optimized with the Yoast SEO plugin v26.4 - https:\/\/yoast.com\/wordpress\/plugins\/seo\/ -->\n<title>Diskin\u0117s \u0161ienapjov\u0117s Rozmital SD - Specagra<\/title>\n<meta name=\"robots\" content=\"index, follow, max-snippet:-1, max-image-preview:large, max-video-preview:-1\" \/>\n<link rel=\"canonical\" href=\"https:\/\/www.specagra.ee\/?product=diskines-sienapjoves-rozmital-sd\" \/>\n<meta property=\"og:locale\" content=\"et_EE\" \/>\n<meta property=\"og:type\" content=\"article\" \/>\n<meta property=\"og:title\" content=\"Diskin\u0117s \u0161ienapjov\u0117s Rozmital SD - Specagra\" \/>\n<meta property=\"og:description\" content=\"Darbinis plotis nuo 2,20 iki 3,40 m Plau\u0161intuvas \u2013 SD 260C ir SD \u2013 300C modeliuose Auk\u0161ta pjovimo kokyb\u0117. \u0160ienapjov\u0117s centrin\u0117 pasukimo pakaba tvirtinama pjovimo sijos sunkio centre. Hidropneumatin\u0117 sij\u0173 pak\u0117limo sistema, kuri\u0105 galima tiksliai ir greitai sureguliuoti \u012f ideali\u0105 pl\u016bduriuojan\u010di\u0105 pad\u0117t\u012f, atsi\u017evelgiant \u012f reljefo kont\u016brus. Kompakti\u0161ki matmenys &#8211; hidrauliniai komponentai integruoti \u012f trij\u0173 ta\u0161k\u0173 [&hellip;]\" \/>\n<meta property=\"og:url\" content=\"https:\/\/www.specagra.ee\/?product=diskines-sienapjoves-rozmital-sd\" \/>\n<meta property=\"og:site_name\" content=\"Specagra\" \/>\n<meta property=\"article:modified_time\" content=\"2022-06-23T06:05:51+00:00\" \/>\n<meta property=\"og:image\" content=\"https:\/\/specagra.ee\/wp-content\/uploads\/2020\/06\/SD-300-1.png\" \/>\n\t<meta property=\"og:image:width\" content=\"1280\" \/>\n\t<meta property=\"og:image:height\" content=\"720\" \/>\n\t<meta property=\"og:image:type\" content=\"image\/webp\" \/>\n<meta name=\"twitter:card\" content=\"summary_large_image\" \/>\n<script type=\"application\/ld+json\" class=\"yoast-schema-graph\">{\"@context\":\"https:\/\/schema.org\",\"@graph\":[{\"@type\":\"WebPage\",\"@id\":\"https:\/\/www.specagra.ee\/?product=diskines-sienapjoves-rozmital-sd\",\"url\":\"https:\/\/www.specagra.ee\/?product=diskines-sienapjoves-rozmital-sd\",\"name\":\"Diskin\u0117s \u0161ienapjov\u0117s Rozmital SD - Specagra\",\"isPartOf\":{\"@id\":\"https:\/\/www.specagra.ee\/#website\"},\"primaryImageOfPage\":{\"@id\":\"https:\/\/www.specagra.ee\/?product=diskines-sienapjoves-rozmital-sd#primaryimage\"},\"image\":{\"@id\":\"https:\/\/www.specagra.ee\/?product=diskines-sienapjoves-rozmital-sd#primaryimage\"},\"thumbnailUrl\":\"https:\/\/www.specagra.ee\/wp-content\/uploads\/2020\/06\/SD-300-1.png\",\"datePublished\":\"2020-06-12T11:31:41+00:00\",\"dateModified\":\"2022-06-23T06:05:51+00:00\",\"breadcrumb\":{\"@id\":\"https:\/\/www.specagra.ee\/?product=diskines-sienapjoves-rozmital-sd#breadcrumb\"},\"inLanguage\":\"et\",\"potentialAction\":[{\"@type\":\"ReadAction\",\"target\":[\"https:\/\/www.specagra.ee\/?product=diskines-sienapjoves-rozmital-sd\"]}]},{\"@type\":\"ImageObject\",\"inLanguage\":\"et\",\"@id\":\"https:\/\/www.specagra.ee\/?product=diskines-sienapjoves-rozmital-sd#primaryimage\",\"url\":\"https:\/\/www.specagra.ee\/wp-content\/uploads\/2020\/06\/SD-300-1.png\",\"contentUrl\":\"https:\/\/www.specagra.ee\/wp-content\/uploads\/2020\/06\/SD-300-1.png\",\"width\":1280,\"height\":720,\"caption\":\"Diskin\u0117s \u0161ienapjov\u0117s Rozmital SD\"},{\"@type\":\"BreadcrumbList\",\"@id\":\"https:\/\/www.specagra.ee\/?product=diskines-sienapjoves-rozmital-sd#breadcrumb\",\"itemListElement\":[{\"@type\":\"ListItem\",\"position\":1,\"name\":\"Home\",\"item\":\"https:\/\/www.specagra.ee\/\"},{\"@type\":\"ListItem\",\"position\":2,\"name\":\"P\u00f5llumajandustehnika ja loomakasvatus\",\"item\":\"https:\/\/specagra.ee\/?page_id=18493\"},{\"@type\":\"ListItem\",\"position\":3,\"name\":\"Diskin\u0117s \u0161ienapjov\u0117s Rozmital SD\"}]},{\"@type\":\"WebSite\",\"@id\":\"https:\/\/www.specagra.ee\/#website\",\"url\":\"https:\/\/www.specagra.ee\/\",\"name\":\"Specagra\",\"description\":\"P\u00f5llumajandustehnika ja varuosad\",\"publisher\":{\"@id\":\"https:\/\/www.specagra.ee\/#organization\"},\"potentialAction\":[{\"@type\":\"SearchAction\",\"target\":{\"@type\":\"EntryPoint\",\"urlTemplate\":\"https:\/\/www.specagra.ee\/?s={search_term_string}\"},\"query-input\":{\"@type\":\"PropertyValueSpecification\",\"valueRequired\":true,\"valueName\":\"search_term_string\"}}],\"inLanguage\":\"et\"},{\"@type\":\"Organization\",\"@id\":\"https:\/\/www.specagra.ee\/#organization\",\"name\":\"UAB Specagra\",\"url\":\"https:\/\/www.specagra.ee\/\",\"logo\":{\"@type\":\"ImageObject\",\"inLanguage\":\"et\",\"@id\":\"https:\/\/www.specagra.ee\/#\/schema\/logo\/image\/\",\"url\":\"http:\/\/www.specagra.ee\/wp-content\/uploads\/2022\/02\/SP-logo_naujas-scaled.jpg\",\"contentUrl\":\"http:\/\/www.specagra.ee\/wp-content\/uploads\/2022\/02\/SP-logo_naujas-scaled.jpg\",\"width\":2560,\"height\":326,\"caption\":\"UAB Specagra\"},\"image\":{\"@id\":\"https:\/\/www.specagra.ee\/#\/schema\/logo\/image\/\"}}]}<\/script>\n<!-- \/ Yoast SEO plugin. -->","yoast_head_json":{"title":"Diskin\u0117s \u0161ienapjov\u0117s Rozmital SD - Specagra","robots":{"index":"index","follow":"follow","max-snippet":"max-snippet:-1","max-image-preview":"max-image-preview:large","max-video-preview":"max-video-preview:-1"},"canonical":"https:\/\/www.specagra.ee\/?product=diskines-sienapjoves-rozmital-sd","og_locale":"et_EE","og_type":"article","og_title":"Diskin\u0117s \u0161ienapjov\u0117s Rozmital SD - Specagra","og_description":"Darbinis plotis nuo 2,20 iki 3,40 m Plau\u0161intuvas \u2013 SD 260C ir SD \u2013 300C modeliuose Auk\u0161ta pjovimo kokyb\u0117. \u0160ienapjov\u0117s centrin\u0117 pasukimo pakaba tvirtinama pjovimo sijos sunkio centre. Hidropneumatin\u0117 sij\u0173 pak\u0117limo sistema, kuri\u0105 galima tiksliai ir greitai sureguliuoti \u012f ideali\u0105 pl\u016bduriuojan\u010di\u0105 pad\u0117t\u012f, atsi\u017evelgiant \u012f reljefo kont\u016brus. Kompakti\u0161ki matmenys &#8211; hidrauliniai komponentai integruoti \u012f trij\u0173 ta\u0161k\u0173 [&hellip;]","og_url":"https:\/\/www.specagra.ee\/?product=diskines-sienapjoves-rozmital-sd","og_site_name":"Specagra","article_modified_time":"2022-06-23T06:05:51+00:00","og_image":[{"width":1280,"height":720,"url":"https:\/\/specagra.ee\/wp-content\/uploads\/2020\/06\/SD-300-1.png","type":"image\/webp"}],"twitter_card":"summary_large_image","schema":{"@context":"https:\/\/schema.org","@graph":[{"@type":"WebPage","@id":"https:\/\/www.specagra.ee\/?product=diskines-sienapjoves-rozmital-sd","url":"https:\/\/www.specagra.ee\/?product=diskines-sienapjoves-rozmital-sd","name":"Diskin\u0117s \u0161ienapjov\u0117s Rozmital SD - Specagra","isPartOf":{"@id":"https:\/\/www.specagra.ee\/#website"},"primaryImageOfPage":{"@id":"https:\/\/www.specagra.ee\/?product=diskines-sienapjoves-rozmital-sd#primaryimage"},"image":{"@id":"https:\/\/www.specagra.ee\/?product=diskines-sienapjoves-rozmital-sd#primaryimage"},"thumbnailUrl":"https:\/\/www.specagra.ee\/wp-content\/uploads\/2020\/06\/SD-300-1.png","datePublished":"2020-06-12T11:31:41+00:00","dateModified":"2022-06-23T06:05:51+00:00","breadcrumb":{"@id":"https:\/\/www.specagra.ee\/?product=diskines-sienapjoves-rozmital-sd#breadcrumb"},"inLanguage":"et","potentialAction":[{"@type":"ReadAction","target":["https:\/\/www.specagra.ee\/?product=diskines-sienapjoves-rozmital-sd"]}]},{"@type":"ImageObject","inLanguage":"et","@id":"https:\/\/www.specagra.ee\/?product=diskines-sienapjoves-rozmital-sd#primaryimage","url":"https:\/\/www.specagra.ee\/wp-content\/uploads\/2020\/06\/SD-300-1.png","contentUrl":"https:\/\/www.specagra.ee\/wp-content\/uploads\/2020\/06\/SD-300-1.png","width":1280,"height":720,"caption":"Diskin\u0117s \u0161ienapjov\u0117s Rozmital SD"},{"@type":"BreadcrumbList","@id":"https:\/\/www.specagra.ee\/?product=diskines-sienapjoves-rozmital-sd#breadcrumb","itemListElement":[{"@type":"ListItem","position":1,"name":"Home","item":"https:\/\/www.specagra.ee\/"},{"@type":"ListItem","position":2,"name":"P\u00f5llumajandustehnika ja loomakasvatus","item":"https:\/\/specagra.ee\/?page_id=18493"},{"@type":"ListItem","position":3,"name":"Diskin\u0117s \u0161ienapjov\u0117s Rozmital SD"}]},{"@type":"WebSite","@id":"https:\/\/www.specagra.ee\/#website","url":"https:\/\/www.specagra.ee\/","name":"Specagra","description":"P\u00f5llumajandustehnika ja varuosad","publisher":{"@id":"https:\/\/www.specagra.ee\/#organization"},"potentialAction":[{"@type":"SearchAction","target":{"@type":"EntryPoint","urlTemplate":"https:\/\/www.specagra.ee\/?s={search_term_string}"},"query-input":{"@type":"PropertyValueSpecification","valueRequired":true,"valueName":"search_term_string"}}],"inLanguage":"et"},{"@type":"Organization","@id":"https:\/\/www.specagra.ee\/#organization","name":"UAB Specagra","url":"https:\/\/www.specagra.ee\/","logo":{"@type":"ImageObject","inLanguage":"et","@id":"https:\/\/www.specagra.ee\/#\/schema\/logo\/image\/","url":"http:\/\/www.specagra.ee\/wp-content\/uploads\/2022\/02\/SP-logo_naujas-scaled.jpg","contentUrl":"http:\/\/www.specagra.ee\/wp-content\/uploads\/2022\/02\/SP-logo_naujas-scaled.jpg","width":2560,"height":326,"caption":"UAB Specagra"},"image":{"@id":"https:\/\/www.specagra.ee\/#\/schema\/logo\/image\/"}}]}},"_links":{"self":[{"href":"https:\/\/www.specagra.ee\/index.php?rest_route=\/wp\/v2\/product\/1591","targetHints":{"allow":["GET"]}}],"collection":[{"href":"https:\/\/www.specagra.ee\/index.php?rest_route=\/wp\/v2\/product"}],"about":[{"href":"https:\/\/www.specagra.ee\/index.php?rest_route=\/wp\/v2\/types\/product"}],"wp:featuredmedia":[{"embeddable":true,"href":"https:\/\/www.specagra.ee\/index.php?rest_route=\/wp\/v2\/media\/17742"}],"wp:attachment":[{"href":"https:\/\/www.specagra.ee\/index.php?rest_route=%2Fwp%2Fv2%2Fmedia&parent=1591"}],"wp:term":[{"taxonomy":"product_brand","embeddable":true,"href":"https:\/\/www.specagra.ee\/index.php?rest_route=%2Fwp%2Fv2%2Fproduct_brand&post=1591"},{"taxonomy":"product_cat","embeddable":true,"href":"https:\/\/www.specagra.ee\/index.php?rest_route=%2Fwp%2Fv2%2Fproduct_cat&post=1591"},{"taxonomy":"product_tag","embeddable":true,"href":"https:\/\/www.specagra.ee\/index.php?rest_route=%2Fwp%2Fv2%2Fproduct_tag&post=1591"}],"curies":[{"name":"wp","href":"https:\/\/api.w.org\/{rel}","templated":true}]}}