{"id":15098,"date":"2021-03-23T06:10:43","date_gmt":"2021-03-23T08:10:43","guid":{"rendered":"https:\/\/www.specagra.ee\/?post_type=product&#038;p=15098"},"modified":"2022-09-27T06:11:56","modified_gmt":"2022-09-27T08:11:56","slug":"zoliu-sejamoji-fenix-g-1000-3","status":"publish","type":"product","link":"https:\/\/www.specagra.ee\/?product=zoliu-sejamoji-fenix-g-1000-3","title":{"rendered":"\u017doli\u0173 s\u0117jamoji FENIX G 1000\/3"},"content":{"rendered":"<p>STANDARTIN\u0116 KOMPLEKTACIJA :<\/p>\n<ul>\n<li>Prikabinimo a\u0161is \u00f860-825\/\u00f836 mm<\/li>\n<li>Talpa 1000 l<\/li>\n<li>Tentinis bunkerio u\u017edarymas<\/li>\n<li>Pneumatin\u0117 i\u0161s\u0117jimo sistema FENIX (vienas aparatas)<\/li>\n<li>Valdymo kompiuteris BASIC SEED<\/li>\n<li>Viengubi s\u0117jimo diskai \u00a0\u00f8405 mm<\/li>\n<li>Vieno disko spaudimas \u012f dirv\u0105 P = 90 kg<\/li>\n<li>Disk\u0173 skai\u010dius 32 vnt.<\/li>\n<li>Atstumas tarp disk\u0173 90 mm.<\/li>\n<li>Atstumas tarp disk\u0173 eili\u0173 600 mm.<\/li>\n<li>S\u0117kl\u0173 skirstytuvas 1&#215;32<\/li>\n<li>Hidraulinis ventiliatorius (24 l\/min) , traktoriaus hidraulika<\/li>\n<li>Manometras (sl\u0117gio nustatymui)<\/li>\n<li>Mechaninis i\u0161s\u0117jimas (\u0161oninis mechaninis ratas)<\/li>\n<li>Transportavimo \u017eibintai<\/li>\n<\/ul>\n<p>PAPILDOMA KOMPLEKTACIJA :<\/p>\n<ul>\n<li>Papildomi 300 kg., svoriai<\/li>\n<li>Prava\u017eiavimo \u017eymekliai<\/li>\n<li>Elektrinis i\u0161s\u0117jimas, valdymas su kompiuteriu DRILL CONTROL<\/li>\n<\/ul>\n","protected":false},"excerpt":{"rendered":"<p>STANDARTIN\u0116 KOMPLEKTACIJA : Prikabinimo a\u0161is \u00f860-825\/\u00f836 mm Talpa 1000 l Tentinis bunkerio u\u017edarymas Pneumatin\u0117 i\u0161s\u0117jimo sistema FENIX (vienas aparatas) Valdymo kompiuteris BASIC SEED Viengubi s\u0117jimo diskai \u00a0\u00f8405 mm Vieno disko spaudimas \u012f dirv\u0105 P = 90 kg Disk\u0173 skai\u010dius 32 vnt. Atstumas tarp disk\u0173 90 mm. Atstumas tarp disk\u0173 eili\u0173 600 mm. S\u0117kl\u0173 skirstytuvas 1&#215;32 [&hellip;]<\/p>\n","protected":false},"featured_media":18574,"template":"","meta":{"_et_pb_use_builder":"","_et_pb_old_content":"","_et_gb_content_width":""},"product_brand":[],"product_cat":[55,57],"product_tag":[],"class_list":{"0":"post-15098","1":"product","2":"type-product","3":"status-publish","4":"has-post-thumbnail","6":"product_cat-kulvikud","7":"product_cat-pneumaatilised","9":"first","10":"instock","11":"shipping-taxable","12":"product-type-simple"},"yoast_head":"<!-- This site is optimized with the Yoast SEO plugin v26.4 - https:\/\/yoast.com\/wordpress\/plugins\/seo\/ -->\n<title>\u017doli\u0173 s\u0117jamoji FENIX G 1000\/3 - Specagra<\/title>\n<meta name=\"robots\" content=\"index, follow, max-snippet:-1, max-image-preview:large, max-video-preview:-1\" \/>\n<link rel=\"canonical\" href=\"https:\/\/www.specagra.ee\/?product=zoliu-sejamoji-fenix-g-1000-3\" \/>\n<meta property=\"og:locale\" content=\"et_EE\" \/>\n<meta property=\"og:type\" content=\"article\" \/>\n<meta property=\"og:title\" content=\"\u017doli\u0173 s\u0117jamoji FENIX G 1000\/3 - Specagra\" \/>\n<meta property=\"og:description\" content=\"STANDARTIN\u0116 KOMPLEKTACIJA : Prikabinimo a\u0161is \u00f860-825\/\u00f836 mm Talpa 1000 l Tentinis bunkerio u\u017edarymas Pneumatin\u0117 i\u0161s\u0117jimo sistema FENIX (vienas aparatas) Valdymo kompiuteris BASIC SEED Viengubi s\u0117jimo diskai \u00a0\u00f8405 mm Vieno disko spaudimas \u012f dirv\u0105 P = 90 kg Disk\u0173 skai\u010dius 32 vnt. Atstumas tarp disk\u0173 90 mm. Atstumas tarp disk\u0173 eili\u0173 600 mm. S\u0117kl\u0173 skirstytuvas 1&#215;32 [&hellip;]\" \/>\n<meta property=\"og:url\" content=\"https:\/\/www.specagra.ee\/?product=zoliu-sejamoji-fenix-g-1000-3\" \/>\n<meta property=\"og:site_name\" content=\"Specagra\" \/>\n<meta property=\"article:modified_time\" content=\"2022-09-27T08:11:56+00:00\" \/>\n<meta property=\"og:image\" content=\"https:\/\/www.specagra.ee\/wp-content\/uploads\/2021\/03\/Copy-of-0203139731-1280-\u00d7-720-px-896-\u00d7-503-px108.jpg\" \/>\n\t<meta property=\"og:image:width\" content=\"896\" \/>\n\t<meta property=\"og:image:height\" content=\"503\" \/>\n\t<meta property=\"og:image:type\" content=\"image\/jpeg\" \/>\n<meta name=\"twitter:card\" content=\"summary_large_image\" \/>\n<script type=\"application\/ld+json\" class=\"yoast-schema-graph\">{\"@context\":\"https:\/\/schema.org\",\"@graph\":[{\"@type\":\"WebPage\",\"@id\":\"https:\/\/www.specagra.ee\/?product=zoliu-sejamoji-fenix-g-1000-3\",\"url\":\"https:\/\/www.specagra.ee\/?product=zoliu-sejamoji-fenix-g-1000-3\",\"name\":\"\u017doli\u0173 s\u0117jamoji FENIX G 1000\/3 - Specagra\",\"isPartOf\":{\"@id\":\"https:\/\/www.specagra.ee\/#website\"},\"primaryImageOfPage\":{\"@id\":\"https:\/\/www.specagra.ee\/?product=zoliu-sejamoji-fenix-g-1000-3#primaryimage\"},\"image\":{\"@id\":\"https:\/\/www.specagra.ee\/?product=zoliu-sejamoji-fenix-g-1000-3#primaryimage\"},\"thumbnailUrl\":\"https:\/\/www.specagra.ee\/wp-content\/uploads\/2021\/03\/Copy-of-0203139731-1280-\u00d7-720-px-896-\u00d7-503-px108.jpg\",\"datePublished\":\"2021-03-23T08:10:43+00:00\",\"dateModified\":\"2022-09-27T08:11:56+00:00\",\"breadcrumb\":{\"@id\":\"https:\/\/www.specagra.ee\/?product=zoliu-sejamoji-fenix-g-1000-3#breadcrumb\"},\"inLanguage\":\"et\",\"potentialAction\":[{\"@type\":\"ReadAction\",\"target\":[\"https:\/\/www.specagra.ee\/?product=zoliu-sejamoji-fenix-g-1000-3\"]}]},{\"@type\":\"ImageObject\",\"inLanguage\":\"et\",\"@id\":\"https:\/\/www.specagra.ee\/?product=zoliu-sejamoji-fenix-g-1000-3#primaryimage\",\"url\":\"https:\/\/www.specagra.ee\/wp-content\/uploads\/2021\/03\/Copy-of-0203139731-1280-\u00d7-720-px-896-\u00d7-503-px108.jpg\",\"contentUrl\":\"https:\/\/www.specagra.ee\/wp-content\/uploads\/2021\/03\/Copy-of-0203139731-1280-\u00d7-720-px-896-\u00d7-503-px108.jpg\",\"width\":896,\"height\":503,\"caption\":\"\u017doli\u0173 s\u0117jamoji FENIX G 1000\/3\"},{\"@type\":\"BreadcrumbList\",\"@id\":\"https:\/\/www.specagra.ee\/?product=zoliu-sejamoji-fenix-g-1000-3#breadcrumb\",\"itemListElement\":[{\"@type\":\"ListItem\",\"position\":1,\"name\":\"Home\",\"item\":\"https:\/\/www.specagra.ee\/\"},{\"@type\":\"ListItem\",\"position\":2,\"name\":\"P\u00f5llumajandustehnika ja loomakasvatus\",\"item\":\"https:\/\/specagra.ee\/?page_id=18493\"},{\"@type\":\"ListItem\",\"position\":3,\"name\":\"\u017doli\u0173 s\u0117jamoji FENIX G 1000\/3\"}]},{\"@type\":\"WebSite\",\"@id\":\"https:\/\/www.specagra.ee\/#website\",\"url\":\"https:\/\/www.specagra.ee\/\",\"name\":\"Specagra\",\"description\":\"P\u00f5llumajandustehnika ja varuosad\",\"publisher\":{\"@id\":\"https:\/\/www.specagra.ee\/#organization\"},\"potentialAction\":[{\"@type\":\"SearchAction\",\"target\":{\"@type\":\"EntryPoint\",\"urlTemplate\":\"https:\/\/www.specagra.ee\/?s={search_term_string}\"},\"query-input\":{\"@type\":\"PropertyValueSpecification\",\"valueRequired\":true,\"valueName\":\"search_term_string\"}}],\"inLanguage\":\"et\"},{\"@type\":\"Organization\",\"@id\":\"https:\/\/www.specagra.ee\/#organization\",\"name\":\"UAB Specagra\",\"url\":\"https:\/\/www.specagra.ee\/\",\"logo\":{\"@type\":\"ImageObject\",\"inLanguage\":\"et\",\"@id\":\"https:\/\/www.specagra.ee\/#\/schema\/logo\/image\/\",\"url\":\"http:\/\/www.specagra.ee\/wp-content\/uploads\/2022\/02\/SP-logo_naujas-scaled.jpg\",\"contentUrl\":\"http:\/\/www.specagra.ee\/wp-content\/uploads\/2022\/02\/SP-logo_naujas-scaled.jpg\",\"width\":2560,\"height\":326,\"caption\":\"UAB Specagra\"},\"image\":{\"@id\":\"https:\/\/www.specagra.ee\/#\/schema\/logo\/image\/\"}}]}<\/script>\n<!-- \/ Yoast SEO plugin. -->","yoast_head_json":{"title":"\u017doli\u0173 s\u0117jamoji FENIX G 1000\/3 - Specagra","robots":{"index":"index","follow":"follow","max-snippet":"max-snippet:-1","max-image-preview":"max-image-preview:large","max-video-preview":"max-video-preview:-1"},"canonical":"https:\/\/www.specagra.ee\/?product=zoliu-sejamoji-fenix-g-1000-3","og_locale":"et_EE","og_type":"article","og_title":"\u017doli\u0173 s\u0117jamoji FENIX G 1000\/3 - Specagra","og_description":"STANDARTIN\u0116 KOMPLEKTACIJA : Prikabinimo a\u0161is \u00f860-825\/\u00f836 mm Talpa 1000 l Tentinis bunkerio u\u017edarymas Pneumatin\u0117 i\u0161s\u0117jimo sistema FENIX (vienas aparatas) Valdymo kompiuteris BASIC SEED Viengubi s\u0117jimo diskai \u00a0\u00f8405 mm Vieno disko spaudimas \u012f dirv\u0105 P = 90 kg Disk\u0173 skai\u010dius 32 vnt. Atstumas tarp disk\u0173 90 mm. Atstumas tarp disk\u0173 eili\u0173 600 mm. S\u0117kl\u0173 skirstytuvas 1&#215;32 [&hellip;]","og_url":"https:\/\/www.specagra.ee\/?product=zoliu-sejamoji-fenix-g-1000-3","og_site_name":"Specagra","article_modified_time":"2022-09-27T08:11:56+00:00","og_image":[{"width":896,"height":503,"url":"https:\/\/www.specagra.ee\/wp-content\/uploads\/2021\/03\/Copy-of-0203139731-1280-\u00d7-720-px-896-\u00d7-503-px108.jpg","type":"image\/jpeg"}],"twitter_card":"summary_large_image","schema":{"@context":"https:\/\/schema.org","@graph":[{"@type":"WebPage","@id":"https:\/\/www.specagra.ee\/?product=zoliu-sejamoji-fenix-g-1000-3","url":"https:\/\/www.specagra.ee\/?product=zoliu-sejamoji-fenix-g-1000-3","name":"\u017doli\u0173 s\u0117jamoji FENIX G 1000\/3 - Specagra","isPartOf":{"@id":"https:\/\/www.specagra.ee\/#website"},"primaryImageOfPage":{"@id":"https:\/\/www.specagra.ee\/?product=zoliu-sejamoji-fenix-g-1000-3#primaryimage"},"image":{"@id":"https:\/\/www.specagra.ee\/?product=zoliu-sejamoji-fenix-g-1000-3#primaryimage"},"thumbnailUrl":"https:\/\/www.specagra.ee\/wp-content\/uploads\/2021\/03\/Copy-of-0203139731-1280-\u00d7-720-px-896-\u00d7-503-px108.jpg","datePublished":"2021-03-23T08:10:43+00:00","dateModified":"2022-09-27T08:11:56+00:00","breadcrumb":{"@id":"https:\/\/www.specagra.ee\/?product=zoliu-sejamoji-fenix-g-1000-3#breadcrumb"},"inLanguage":"et","potentialAction":[{"@type":"ReadAction","target":["https:\/\/www.specagra.ee\/?product=zoliu-sejamoji-fenix-g-1000-3"]}]},{"@type":"ImageObject","inLanguage":"et","@id":"https:\/\/www.specagra.ee\/?product=zoliu-sejamoji-fenix-g-1000-3#primaryimage","url":"https:\/\/www.specagra.ee\/wp-content\/uploads\/2021\/03\/Copy-of-0203139731-1280-\u00d7-720-px-896-\u00d7-503-px108.jpg","contentUrl":"https:\/\/www.specagra.ee\/wp-content\/uploads\/2021\/03\/Copy-of-0203139731-1280-\u00d7-720-px-896-\u00d7-503-px108.jpg","width":896,"height":503,"caption":"\u017doli\u0173 s\u0117jamoji FENIX G 1000\/3"},{"@type":"BreadcrumbList","@id":"https:\/\/www.specagra.ee\/?product=zoliu-sejamoji-fenix-g-1000-3#breadcrumb","itemListElement":[{"@type":"ListItem","position":1,"name":"Home","item":"https:\/\/www.specagra.ee\/"},{"@type":"ListItem","position":2,"name":"P\u00f5llumajandustehnika ja loomakasvatus","item":"https:\/\/specagra.ee\/?page_id=18493"},{"@type":"ListItem","position":3,"name":"\u017doli\u0173 s\u0117jamoji FENIX G 1000\/3"}]},{"@type":"WebSite","@id":"https:\/\/www.specagra.ee\/#website","url":"https:\/\/www.specagra.ee\/","name":"Specagra","description":"P\u00f5llumajandustehnika ja varuosad","publisher":{"@id":"https:\/\/www.specagra.ee\/#organization"},"potentialAction":[{"@type":"SearchAction","target":{"@type":"EntryPoint","urlTemplate":"https:\/\/www.specagra.ee\/?s={search_term_string}"},"query-input":{"@type":"PropertyValueSpecification","valueRequired":true,"valueName":"search_term_string"}}],"inLanguage":"et"},{"@type":"Organization","@id":"https:\/\/www.specagra.ee\/#organization","name":"UAB Specagra","url":"https:\/\/www.specagra.ee\/","logo":{"@type":"ImageObject","inLanguage":"et","@id":"https:\/\/www.specagra.ee\/#\/schema\/logo\/image\/","url":"http:\/\/www.specagra.ee\/wp-content\/uploads\/2022\/02\/SP-logo_naujas-scaled.jpg","contentUrl":"http:\/\/www.specagra.ee\/wp-content\/uploads\/2022\/02\/SP-logo_naujas-scaled.jpg","width":2560,"height":326,"caption":"UAB Specagra"},"image":{"@id":"https:\/\/www.specagra.ee\/#\/schema\/logo\/image\/"}}]}},"_links":{"self":[{"href":"https:\/\/www.specagra.ee\/index.php?rest_route=\/wp\/v2\/product\/15098","targetHints":{"allow":["GET"]}}],"collection":[{"href":"https:\/\/www.specagra.ee\/index.php?rest_route=\/wp\/v2\/product"}],"about":[{"href":"https:\/\/www.specagra.ee\/index.php?rest_route=\/wp\/v2\/types\/product"}],"wp:featuredmedia":[{"embeddable":true,"href":"https:\/\/www.specagra.ee\/index.php?rest_route=\/wp\/v2\/media\/18574"}],"wp:attachment":[{"href":"https:\/\/www.specagra.ee\/index.php?rest_route=%2Fwp%2Fv2%2Fmedia&parent=15098"}],"wp:term":[{"taxonomy":"product_brand","embeddable":true,"href":"https:\/\/www.specagra.ee\/index.php?rest_route=%2Fwp%2Fv2%2Fproduct_brand&post=15098"},{"taxonomy":"product_cat","embeddable":true,"href":"https:\/\/www.specagra.ee\/index.php?rest_route=%2Fwp%2Fv2%2Fproduct_cat&post=15098"},{"taxonomy":"product_tag","embeddable":true,"href":"https:\/\/www.specagra.ee\/index.php?rest_route=%2Fwp%2Fv2%2Fproduct_tag&post=15098"}],"curies":[{"name":"wp","href":"https:\/\/api.w.org\/{rel}","templated":true}]}}