{"id":14333,"date":"2020-10-12T07:55:05","date_gmt":"2020-10-12T09:55:05","guid":{"rendered":"https:\/\/www.specagra.ee.nemokamossvetaines.hostingas.lt\/?post_type=product&#038;p=14333"},"modified":"2022-07-07T11:56:19","modified_gmt":"2022-07-07T13:56:19","slug":"talpa-top","status":"publish","type":"product","link":"https:\/\/www.specagra.ee\/?product=talpa-top","title":{"rendered":"Talpa TOP"},"content":{"rendered":"<p>TOP 1200 H REX, 1200 H LUX<\/p>\n<ul>\n<li>Trij\u0173 kamer\u0173 talpa;<\/li>\n<li>Pagrindin\u0117 talpa 1350 ltr;<\/li>\n<li>Praplovimui vandens talpa 125 l;<\/li>\n<li>\u0160varaus vandens rankoms talpa 25l;<\/li>\n<li>Hidraulinis mai\u0161ymas;<\/li>\n<li>Siurblys 85l\/min;<\/li>\n<li>Elektrinis valdymas;<\/li>\n<li>Rateliai;<\/li>\n<li>\u017dibintai;<\/li>\n<li>Filtras;<\/li>\n<\/ul>\n<p>TOP 1200 E REX, 1200 E LUX<\/p>\n<ul>\n<li>Dviej\u0173 kamer\u0173 talpa;<\/li>\n<li>Pagrindin\u0117 talpa 1350 ltr;<\/li>\n<li>\u0160varaus vandens rankoms talpa 25l;<\/li>\n<li>Mai\u0161ytuvas;<\/li>\n<li>Siurblys 19l\/min. su elektriniu 12 V varikliu;<\/li>\n<li>Elektrinis valdymas;<\/li>\n<li>Rateliai;<\/li>\n<li>\u017dibintai;<\/li>\n<li>Filtras;<\/li>\n<\/ul>\n","protected":false},"excerpt":{"rendered":"<p>TOP 1200 H REX, 1200 H LUX Trij\u0173 kamer\u0173 talpa; Pagrindin\u0117 talpa 1350 ltr; Praplovimui vandens talpa 125 l; \u0160varaus vandens rankoms talpa 25l; Hidraulinis mai\u0161ymas; Siurblys 85l\/min; Elektrinis valdymas; Rateliai; \u017dibintai; Filtras; TOP 1200 E REX, 1200 E LUX Dviej\u0173 kamer\u0173 talpa; Pagrindin\u0117 talpa 1350 ltr; \u0160varaus vandens rankoms talpa 25l; Mai\u0161ytuvas; Siurblys 19l\/min. [&hellip;]<\/p>\n","protected":false},"featured_media":17783,"template":"","meta":{"_et_pb_use_builder":"","_et_pb_old_content":"","_et_gb_content_width":""},"product_brand":[],"product_cat":[58],"product_tag":[],"class_list":{"0":"post-14333","1":"product","2":"type-product","3":"status-publish","4":"has-post-thumbnail","6":"product_cat-pritsid","8":"first","9":"instock","10":"shipping-taxable","11":"product-type-simple"},"yoast_head":"<!-- This site is optimized with the Yoast SEO plugin v26.4 - https:\/\/yoast.com\/wordpress\/plugins\/seo\/ -->\n<title>Talpa TOP - Specagra<\/title>\n<meta name=\"robots\" content=\"index, follow, max-snippet:-1, max-image-preview:large, max-video-preview:-1\" \/>\n<link rel=\"canonical\" href=\"https:\/\/www.specagra.ee\/?product=talpa-top\" \/>\n<meta property=\"og:locale\" content=\"et_EE\" \/>\n<meta property=\"og:type\" content=\"article\" \/>\n<meta property=\"og:title\" content=\"Talpa TOP - Specagra\" \/>\n<meta property=\"og:description\" content=\"TOP 1200 H REX, 1200 H LUX Trij\u0173 kamer\u0173 talpa; Pagrindin\u0117 talpa 1350 ltr; Praplovimui vandens talpa 125 l; \u0160varaus vandens rankoms talpa 25l; Hidraulinis mai\u0161ymas; Siurblys 85l\/min; Elektrinis valdymas; Rateliai; \u017dibintai; Filtras; TOP 1200 E REX, 1200 E LUX Dviej\u0173 kamer\u0173 talpa; Pagrindin\u0117 talpa 1350 ltr; \u0160varaus vandens rankoms talpa 25l; Mai\u0161ytuvas; Siurblys 19l\/min. [&hellip;]\" \/>\n<meta property=\"og:url\" content=\"https:\/\/www.specagra.ee\/?product=talpa-top\" \/>\n<meta property=\"og:site_name\" content=\"Specagra\" \/>\n<meta property=\"article:modified_time\" content=\"2022-07-07T13:56:19+00:00\" \/>\n<meta property=\"og:image\" content=\"https:\/\/www.specagra.ee\/wp-content\/uploads\/2020\/10\/490-5.jpg\" \/>\n\t<meta property=\"og:image:width\" content=\"896\" \/>\n\t<meta property=\"og:image:height\" content=\"503\" \/>\n\t<meta property=\"og:image:type\" content=\"image\/jpeg\" \/>\n<meta name=\"twitter:card\" content=\"summary_large_image\" \/>\n<script type=\"application\/ld+json\" class=\"yoast-schema-graph\">{\"@context\":\"https:\/\/schema.org\",\"@graph\":[{\"@type\":\"WebPage\",\"@id\":\"https:\/\/www.specagra.ee\/?product=talpa-top\",\"url\":\"https:\/\/www.specagra.ee\/?product=talpa-top\",\"name\":\"Talpa TOP - Specagra\",\"isPartOf\":{\"@id\":\"https:\/\/www.specagra.ee\/#website\"},\"primaryImageOfPage\":{\"@id\":\"https:\/\/www.specagra.ee\/?product=talpa-top#primaryimage\"},\"image\":{\"@id\":\"https:\/\/www.specagra.ee\/?product=talpa-top#primaryimage\"},\"thumbnailUrl\":\"https:\/\/www.specagra.ee\/wp-content\/uploads\/2020\/10\/490-5.jpg\",\"datePublished\":\"2020-10-12T09:55:05+00:00\",\"dateModified\":\"2022-07-07T13:56:19+00:00\",\"breadcrumb\":{\"@id\":\"https:\/\/www.specagra.ee\/?product=talpa-top#breadcrumb\"},\"inLanguage\":\"et\",\"potentialAction\":[{\"@type\":\"ReadAction\",\"target\":[\"https:\/\/www.specagra.ee\/?product=talpa-top\"]}]},{\"@type\":\"ImageObject\",\"inLanguage\":\"et\",\"@id\":\"https:\/\/www.specagra.ee\/?product=talpa-top#primaryimage\",\"url\":\"https:\/\/www.specagra.ee\/wp-content\/uploads\/2020\/10\/490-5.jpg\",\"contentUrl\":\"https:\/\/www.specagra.ee\/wp-content\/uploads\/2020\/10\/490-5.jpg\",\"width\":896,\"height\":503,\"caption\":\"Talpa TOP\"},{\"@type\":\"BreadcrumbList\",\"@id\":\"https:\/\/www.specagra.ee\/?product=talpa-top#breadcrumb\",\"itemListElement\":[{\"@type\":\"ListItem\",\"position\":1,\"name\":\"Home\",\"item\":\"https:\/\/www.specagra.ee\/\"},{\"@type\":\"ListItem\",\"position\":2,\"name\":\"P\u00f5llumajandustehnika ja loomakasvatus\",\"item\":\"https:\/\/specagra.ee\/?page_id=18493\"},{\"@type\":\"ListItem\",\"position\":3,\"name\":\"Talpa TOP\"}]},{\"@type\":\"WebSite\",\"@id\":\"https:\/\/www.specagra.ee\/#website\",\"url\":\"https:\/\/www.specagra.ee\/\",\"name\":\"Specagra\",\"description\":\"P\u00f5llumajandustehnika ja varuosad\",\"publisher\":{\"@id\":\"https:\/\/www.specagra.ee\/#organization\"},\"potentialAction\":[{\"@type\":\"SearchAction\",\"target\":{\"@type\":\"EntryPoint\",\"urlTemplate\":\"https:\/\/www.specagra.ee\/?s={search_term_string}\"},\"query-input\":{\"@type\":\"PropertyValueSpecification\",\"valueRequired\":true,\"valueName\":\"search_term_string\"}}],\"inLanguage\":\"et\"},{\"@type\":\"Organization\",\"@id\":\"https:\/\/www.specagra.ee\/#organization\",\"name\":\"UAB Specagra\",\"url\":\"https:\/\/www.specagra.ee\/\",\"logo\":{\"@type\":\"ImageObject\",\"inLanguage\":\"et\",\"@id\":\"https:\/\/www.specagra.ee\/#\/schema\/logo\/image\/\",\"url\":\"http:\/\/www.specagra.ee\/wp-content\/uploads\/2022\/02\/SP-logo_naujas-scaled.jpg\",\"contentUrl\":\"http:\/\/www.specagra.ee\/wp-content\/uploads\/2022\/02\/SP-logo_naujas-scaled.jpg\",\"width\":2560,\"height\":326,\"caption\":\"UAB Specagra\"},\"image\":{\"@id\":\"https:\/\/www.specagra.ee\/#\/schema\/logo\/image\/\"}}]}<\/script>\n<!-- \/ Yoast SEO plugin. -->","yoast_head_json":{"title":"Talpa TOP - Specagra","robots":{"index":"index","follow":"follow","max-snippet":"max-snippet:-1","max-image-preview":"max-image-preview:large","max-video-preview":"max-video-preview:-1"},"canonical":"https:\/\/www.specagra.ee\/?product=talpa-top","og_locale":"et_EE","og_type":"article","og_title":"Talpa TOP - Specagra","og_description":"TOP 1200 H REX, 1200 H LUX Trij\u0173 kamer\u0173 talpa; Pagrindin\u0117 talpa 1350 ltr; Praplovimui vandens talpa 125 l; \u0160varaus vandens rankoms talpa 25l; Hidraulinis mai\u0161ymas; Siurblys 85l\/min; Elektrinis valdymas; Rateliai; \u017dibintai; Filtras; TOP 1200 E REX, 1200 E LUX Dviej\u0173 kamer\u0173 talpa; Pagrindin\u0117 talpa 1350 ltr; \u0160varaus vandens rankoms talpa 25l; Mai\u0161ytuvas; Siurblys 19l\/min. [&hellip;]","og_url":"https:\/\/www.specagra.ee\/?product=talpa-top","og_site_name":"Specagra","article_modified_time":"2022-07-07T13:56:19+00:00","og_image":[{"width":896,"height":503,"url":"https:\/\/www.specagra.ee\/wp-content\/uploads\/2020\/10\/490-5.jpg","type":"image\/jpeg"}],"twitter_card":"summary_large_image","schema":{"@context":"https:\/\/schema.org","@graph":[{"@type":"WebPage","@id":"https:\/\/www.specagra.ee\/?product=talpa-top","url":"https:\/\/www.specagra.ee\/?product=talpa-top","name":"Talpa TOP - Specagra","isPartOf":{"@id":"https:\/\/www.specagra.ee\/#website"},"primaryImageOfPage":{"@id":"https:\/\/www.specagra.ee\/?product=talpa-top#primaryimage"},"image":{"@id":"https:\/\/www.specagra.ee\/?product=talpa-top#primaryimage"},"thumbnailUrl":"https:\/\/www.specagra.ee\/wp-content\/uploads\/2020\/10\/490-5.jpg","datePublished":"2020-10-12T09:55:05+00:00","dateModified":"2022-07-07T13:56:19+00:00","breadcrumb":{"@id":"https:\/\/www.specagra.ee\/?product=talpa-top#breadcrumb"},"inLanguage":"et","potentialAction":[{"@type":"ReadAction","target":["https:\/\/www.specagra.ee\/?product=talpa-top"]}]},{"@type":"ImageObject","inLanguage":"et","@id":"https:\/\/www.specagra.ee\/?product=talpa-top#primaryimage","url":"https:\/\/www.specagra.ee\/wp-content\/uploads\/2020\/10\/490-5.jpg","contentUrl":"https:\/\/www.specagra.ee\/wp-content\/uploads\/2020\/10\/490-5.jpg","width":896,"height":503,"caption":"Talpa TOP"},{"@type":"BreadcrumbList","@id":"https:\/\/www.specagra.ee\/?product=talpa-top#breadcrumb","itemListElement":[{"@type":"ListItem","position":1,"name":"Home","item":"https:\/\/www.specagra.ee\/"},{"@type":"ListItem","position":2,"name":"P\u00f5llumajandustehnika ja loomakasvatus","item":"https:\/\/specagra.ee\/?page_id=18493"},{"@type":"ListItem","position":3,"name":"Talpa TOP"}]},{"@type":"WebSite","@id":"https:\/\/www.specagra.ee\/#website","url":"https:\/\/www.specagra.ee\/","name":"Specagra","description":"P\u00f5llumajandustehnika ja varuosad","publisher":{"@id":"https:\/\/www.specagra.ee\/#organization"},"potentialAction":[{"@type":"SearchAction","target":{"@type":"EntryPoint","urlTemplate":"https:\/\/www.specagra.ee\/?s={search_term_string}"},"query-input":{"@type":"PropertyValueSpecification","valueRequired":true,"valueName":"search_term_string"}}],"inLanguage":"et"},{"@type":"Organization","@id":"https:\/\/www.specagra.ee\/#organization","name":"UAB Specagra","url":"https:\/\/www.specagra.ee\/","logo":{"@type":"ImageObject","inLanguage":"et","@id":"https:\/\/www.specagra.ee\/#\/schema\/logo\/image\/","url":"http:\/\/www.specagra.ee\/wp-content\/uploads\/2022\/02\/SP-logo_naujas-scaled.jpg","contentUrl":"http:\/\/www.specagra.ee\/wp-content\/uploads\/2022\/02\/SP-logo_naujas-scaled.jpg","width":2560,"height":326,"caption":"UAB Specagra"},"image":{"@id":"https:\/\/www.specagra.ee\/#\/schema\/logo\/image\/"}}]}},"_links":{"self":[{"href":"https:\/\/www.specagra.ee\/index.php?rest_route=\/wp\/v2\/product\/14333","targetHints":{"allow":["GET"]}}],"collection":[{"href":"https:\/\/www.specagra.ee\/index.php?rest_route=\/wp\/v2\/product"}],"about":[{"href":"https:\/\/www.specagra.ee\/index.php?rest_route=\/wp\/v2\/types\/product"}],"wp:featuredmedia":[{"embeddable":true,"href":"https:\/\/www.specagra.ee\/index.php?rest_route=\/wp\/v2\/media\/17783"}],"wp:attachment":[{"href":"https:\/\/www.specagra.ee\/index.php?rest_route=%2Fwp%2Fv2%2Fmedia&parent=14333"}],"wp:term":[{"taxonomy":"product_brand","embeddable":true,"href":"https:\/\/www.specagra.ee\/index.php?rest_route=%2Fwp%2Fv2%2Fproduct_brand&post=14333"},{"taxonomy":"product_cat","embeddable":true,"href":"https:\/\/www.specagra.ee\/index.php?rest_route=%2Fwp%2Fv2%2Fproduct_cat&post=14333"},{"taxonomy":"product_tag","embeddable":true,"href":"https:\/\/www.specagra.ee\/index.php?rest_route=%2Fwp%2Fv2%2Fproduct_tag&post=14333"}],"curies":[{"name":"wp","href":"https:\/\/api.w.org\/{rel}","templated":true}]}}