{"id":14322,"date":"2020-10-12T05:12:36","date_gmt":"2020-10-12T07:12:36","guid":{"rendered":"https:\/\/www.specagra.ee.nemokamossvetaines.hostingas.lt\/?post_type=product&#038;p=14322"},"modified":"2022-07-07T11:52:16","modified_gmt":"2022-07-07T13:52:16","slug":"purkstuvas-pilmet","status":"publish","type":"product","link":"https:\/\/www.specagra.ee\/?product=purkstuvas-pilmet","title":{"rendered":"Purk\u0161tuvas PILMET"},"content":{"rendered":"<p>Standartin\u0117 komplektacija:<\/p>\n<ul>\n<li>Bakas \u2013 poliesterinis su pertvaromis;<\/li>\n<li>Bako vidaus i\u0161plovimo \u012franga;<\/li>\n<li>\u0160varaus vandens talpa (rankoms);<\/li>\n<li>Atskira vandens talpa bako i\u0161plovimui;<\/li>\n<li>Standus prikabinimas kilpa 40mm;<\/li>\n<li>Membraninis siurblys;<\/li>\n<li>Rankinis purk\u0161tuvo valdymas;<\/li>\n<li>Simetrinis- hidraulinis sij\u0173 i\u0161lankstymas;<\/li>\n<li>Sij\u0173 sulankstimas su galimyb\u0119 dirbti kitu plo\u010diu : 18\/15;<\/li>\n<li>Sekcij\u0173 filtrai;<\/li>\n<li>Hidraulinis sij\u0173 pak\u0117limas iki 2,3 m. su mechanine amortizacija;<\/li>\n<li>Sij\u0173 stabilizacija su amortizacija;<\/li>\n<li>Ner\u016bdijan\u010dio plieno vamzdeliai, purk\u0161tukai sumontuoti kas 0,5 m;<\/li>\n<li>3 pozicijos purk\u0161tukai;<\/li>\n<li>Ratai :9,5\u00d736\u2033 \u2013 1200 \/ 1500 \/ 1600 l talpos;<\/li>\n<li>Ratai :9,5&#215;44&#8243; &#8211; 2000 \/ 2500 l talpos;<\/li>\n<li>Reguliuojamas a\u0161ies plotis : 1,35-1,8 ( 1600 l purk\u0161tuvams) \/ 1,5-2,0 (2000 ir 2500 purk\u0161tuvams);<\/li>\n<li>Vieno kont\u016bro oriniai stabd\u017eiai ;<\/li>\n<li>LED \u017eibintai;<\/li>\n<\/ul>\n<p>Papildoma komplektacija:<\/p>\n<ul>\n<li>Elektrinis valdymas su manometru 5 sekcijoms;<\/li>\n<li>Elektrinis valdymas su manometru 7 sekcijoms;<\/li>\n<li>Papildomos 2 sekcijos ( i\u0161 5 \u012f 7 ) b\u016btinas kompiuteris SPRAY MULLER;<\/li>\n<li>\u0160oninis chemikal\u0173 \u012fpilimo bakelis;<\/li>\n<li>Kompiuteris SPRAY MULLER;<\/li>\n<li>Kompiuteris RADION 8140;<\/li>\n<li>Sekcij\u0173 valdymas, lygegretus vairavimas\u00a0 MATRIX 840 (kartu su RADION 8140);<\/li>\n<li>NAVI \u2014 GPS su funkcija SECTION CONTROL ir TRACK LEADER II;<br \/>\n(tolygus va\u017eiavimas ) komplektuojama su Komputeriu SPRAY;<\/li>\n<li>Kompiuterio laikiklis (tvirtinamas ant stiklo);<\/li>\n<li>Nepriklausomas sij\u0173 i\u0161lankstymas (elektrohidraulika &#8211; viena hidraulin\u0117 pora);<\/li>\n<li>Pusiau automatinis sekimas (b\u016btina komplektacija su kompiuteriu SPRAY ir elektrohidraulika);<\/li>\n<li>A\u0161ies mechanin\u0117 amortizacija;<\/li>\n<li>Ratai : 11,2\u00d742;<\/li>\n<li>Ratai : 13,6R38;<\/li>\n<li>Purvasargiai;<\/li>\n<li>\u017dym\u0117jimas putomis+ 5 l koncentrato;<\/li>\n<li>\u0160viesos darbui nakt\u012f;<\/li>\n<li>Kardaninis velenas (didelio pos\u016bkio);<\/li>\n<li>Prisitraukimo \u017earna su pl\u016bduru (6 m);<\/li>\n<li>Hidranto pajungimas;<\/li>\n<\/ul>\n","protected":false},"excerpt":{"rendered":"<p>Standartin\u0117 komplektacija: Bakas \u2013 poliesterinis su pertvaromis; Bako vidaus i\u0161plovimo \u012franga; \u0160varaus vandens talpa (rankoms); Atskira vandens talpa bako i\u0161plovimui; Standus prikabinimas kilpa 40mm; Membraninis siurblys; Rankinis purk\u0161tuvo valdymas; Simetrinis- hidraulinis sij\u0173 i\u0161lankstymas; Sij\u0173 sulankstimas su galimyb\u0119 dirbti kitu plo\u010diu : 18\/15; Sekcij\u0173 filtrai; Hidraulinis sij\u0173 pak\u0117limas iki 2,3 m. su mechanine amortizacija; Sij\u0173 stabilizacija [&hellip;]<\/p>\n","protected":false},"featured_media":17777,"template":"","meta":{"_et_pb_use_builder":"","_et_pb_old_content":"","_et_gb_content_width":""},"product_brand":[],"product_cat":[58],"product_tag":[],"class_list":{"0":"post-14322","1":"product","2":"type-product","3":"status-publish","4":"has-post-thumbnail","6":"product_cat-pritsid","8":"first","9":"instock","10":"shipping-taxable","11":"product-type-simple"},"yoast_head":"<!-- This site is optimized with the Yoast SEO plugin v26.4 - https:\/\/yoast.com\/wordpress\/plugins\/seo\/ -->\n<title>Purk\u0161tuvas PILMET - Specagra<\/title>\n<meta name=\"robots\" content=\"index, follow, max-snippet:-1, max-image-preview:large, max-video-preview:-1\" \/>\n<link rel=\"canonical\" href=\"https:\/\/www.specagra.ee\/?product=purkstuvas-pilmet\" \/>\n<meta property=\"og:locale\" content=\"et_EE\" \/>\n<meta property=\"og:type\" content=\"article\" \/>\n<meta property=\"og:title\" content=\"Purk\u0161tuvas PILMET - Specagra\" \/>\n<meta property=\"og:description\" content=\"Standartin\u0117 komplektacija: Bakas \u2013 poliesterinis su pertvaromis; Bako vidaus i\u0161plovimo \u012franga; \u0160varaus vandens talpa (rankoms); Atskira vandens talpa bako i\u0161plovimui; Standus prikabinimas kilpa 40mm; Membraninis siurblys; Rankinis purk\u0161tuvo valdymas; Simetrinis- hidraulinis sij\u0173 i\u0161lankstymas; Sij\u0173 sulankstimas su galimyb\u0119 dirbti kitu plo\u010diu : 18\/15; Sekcij\u0173 filtrai; Hidraulinis sij\u0173 pak\u0117limas iki 2,3 m. su mechanine amortizacija; Sij\u0173 stabilizacija [&hellip;]\" \/>\n<meta property=\"og:url\" content=\"https:\/\/www.specagra.ee\/?product=purkstuvas-pilmet\" \/>\n<meta property=\"og:site_name\" content=\"Specagra\" \/>\n<meta property=\"article:modified_time\" content=\"2022-07-07T13:52:16+00:00\" \/>\n<meta property=\"og:image\" content=\"https:\/\/www.specagra.ee\/wp-content\/uploads\/2020\/10\/490-3-1.jpg\" \/>\n\t<meta property=\"og:image:width\" content=\"896\" \/>\n\t<meta property=\"og:image:height\" content=\"503\" \/>\n\t<meta property=\"og:image:type\" content=\"image\/jpeg\" \/>\n<meta name=\"twitter:card\" content=\"summary_large_image\" \/>\n<meta name=\"twitter:label1\" content=\"Est. reading time\" \/>\n\t<meta name=\"twitter:data1\" content=\"1 minut\" \/>\n<script type=\"application\/ld+json\" class=\"yoast-schema-graph\">{\"@context\":\"https:\/\/schema.org\",\"@graph\":[{\"@type\":\"WebPage\",\"@id\":\"https:\/\/www.specagra.ee\/?product=purkstuvas-pilmet\",\"url\":\"https:\/\/www.specagra.ee\/?product=purkstuvas-pilmet\",\"name\":\"Purk\u0161tuvas PILMET - Specagra\",\"isPartOf\":{\"@id\":\"https:\/\/www.specagra.ee\/#website\"},\"primaryImageOfPage\":{\"@id\":\"https:\/\/www.specagra.ee\/?product=purkstuvas-pilmet#primaryimage\"},\"image\":{\"@id\":\"https:\/\/www.specagra.ee\/?product=purkstuvas-pilmet#primaryimage\"},\"thumbnailUrl\":\"https:\/\/www.specagra.ee\/wp-content\/uploads\/2020\/10\/490-3-1.jpg\",\"datePublished\":\"2020-10-12T07:12:36+00:00\",\"dateModified\":\"2022-07-07T13:52:16+00:00\",\"breadcrumb\":{\"@id\":\"https:\/\/www.specagra.ee\/?product=purkstuvas-pilmet#breadcrumb\"},\"inLanguage\":\"et\",\"potentialAction\":[{\"@type\":\"ReadAction\",\"target\":[\"https:\/\/www.specagra.ee\/?product=purkstuvas-pilmet\"]}]},{\"@type\":\"ImageObject\",\"inLanguage\":\"et\",\"@id\":\"https:\/\/www.specagra.ee\/?product=purkstuvas-pilmet#primaryimage\",\"url\":\"https:\/\/www.specagra.ee\/wp-content\/uploads\/2020\/10\/490-3-1.jpg\",\"contentUrl\":\"https:\/\/www.specagra.ee\/wp-content\/uploads\/2020\/10\/490-3-1.jpg\",\"width\":896,\"height\":503,\"caption\":\"Purk\u0161tuvas PILMET\"},{\"@type\":\"BreadcrumbList\",\"@id\":\"https:\/\/www.specagra.ee\/?product=purkstuvas-pilmet#breadcrumb\",\"itemListElement\":[{\"@type\":\"ListItem\",\"position\":1,\"name\":\"Home\",\"item\":\"https:\/\/www.specagra.ee\/\"},{\"@type\":\"ListItem\",\"position\":2,\"name\":\"P\u00f5llumajandustehnika ja loomakasvatus\",\"item\":\"https:\/\/specagra.ee\/?page_id=18493\"},{\"@type\":\"ListItem\",\"position\":3,\"name\":\"Purk\u0161tuvas PILMET\"}]},{\"@type\":\"WebSite\",\"@id\":\"https:\/\/www.specagra.ee\/#website\",\"url\":\"https:\/\/www.specagra.ee\/\",\"name\":\"Specagra\",\"description\":\"P\u00f5llumajandustehnika ja varuosad\",\"publisher\":{\"@id\":\"https:\/\/www.specagra.ee\/#organization\"},\"potentialAction\":[{\"@type\":\"SearchAction\",\"target\":{\"@type\":\"EntryPoint\",\"urlTemplate\":\"https:\/\/www.specagra.ee\/?s={search_term_string}\"},\"query-input\":{\"@type\":\"PropertyValueSpecification\",\"valueRequired\":true,\"valueName\":\"search_term_string\"}}],\"inLanguage\":\"et\"},{\"@type\":\"Organization\",\"@id\":\"https:\/\/www.specagra.ee\/#organization\",\"name\":\"UAB Specagra\",\"url\":\"https:\/\/www.specagra.ee\/\",\"logo\":{\"@type\":\"ImageObject\",\"inLanguage\":\"et\",\"@id\":\"https:\/\/www.specagra.ee\/#\/schema\/logo\/image\/\",\"url\":\"http:\/\/www.specagra.ee\/wp-content\/uploads\/2022\/02\/SP-logo_naujas-scaled.jpg\",\"contentUrl\":\"http:\/\/www.specagra.ee\/wp-content\/uploads\/2022\/02\/SP-logo_naujas-scaled.jpg\",\"width\":2560,\"height\":326,\"caption\":\"UAB Specagra\"},\"image\":{\"@id\":\"https:\/\/www.specagra.ee\/#\/schema\/logo\/image\/\"}}]}<\/script>\n<!-- \/ Yoast SEO plugin. -->","yoast_head_json":{"title":"Purk\u0161tuvas PILMET - Specagra","robots":{"index":"index","follow":"follow","max-snippet":"max-snippet:-1","max-image-preview":"max-image-preview:large","max-video-preview":"max-video-preview:-1"},"canonical":"https:\/\/www.specagra.ee\/?product=purkstuvas-pilmet","og_locale":"et_EE","og_type":"article","og_title":"Purk\u0161tuvas PILMET - Specagra","og_description":"Standartin\u0117 komplektacija: Bakas \u2013 poliesterinis su pertvaromis; Bako vidaus i\u0161plovimo \u012franga; \u0160varaus vandens talpa (rankoms); Atskira vandens talpa bako i\u0161plovimui; Standus prikabinimas kilpa 40mm; Membraninis siurblys; Rankinis purk\u0161tuvo valdymas; Simetrinis- hidraulinis sij\u0173 i\u0161lankstymas; Sij\u0173 sulankstimas su galimyb\u0119 dirbti kitu plo\u010diu : 18\/15; Sekcij\u0173 filtrai; Hidraulinis sij\u0173 pak\u0117limas iki 2,3 m. su mechanine amortizacija; Sij\u0173 stabilizacija [&hellip;]","og_url":"https:\/\/www.specagra.ee\/?product=purkstuvas-pilmet","og_site_name":"Specagra","article_modified_time":"2022-07-07T13:52:16+00:00","og_image":[{"width":896,"height":503,"url":"https:\/\/www.specagra.ee\/wp-content\/uploads\/2020\/10\/490-3-1.jpg","type":"image\/jpeg"}],"twitter_card":"summary_large_image","twitter_misc":{"Est. reading time":"1 minut"},"schema":{"@context":"https:\/\/schema.org","@graph":[{"@type":"WebPage","@id":"https:\/\/www.specagra.ee\/?product=purkstuvas-pilmet","url":"https:\/\/www.specagra.ee\/?product=purkstuvas-pilmet","name":"Purk\u0161tuvas PILMET - Specagra","isPartOf":{"@id":"https:\/\/www.specagra.ee\/#website"},"primaryImageOfPage":{"@id":"https:\/\/www.specagra.ee\/?product=purkstuvas-pilmet#primaryimage"},"image":{"@id":"https:\/\/www.specagra.ee\/?product=purkstuvas-pilmet#primaryimage"},"thumbnailUrl":"https:\/\/www.specagra.ee\/wp-content\/uploads\/2020\/10\/490-3-1.jpg","datePublished":"2020-10-12T07:12:36+00:00","dateModified":"2022-07-07T13:52:16+00:00","breadcrumb":{"@id":"https:\/\/www.specagra.ee\/?product=purkstuvas-pilmet#breadcrumb"},"inLanguage":"et","potentialAction":[{"@type":"ReadAction","target":["https:\/\/www.specagra.ee\/?product=purkstuvas-pilmet"]}]},{"@type":"ImageObject","inLanguage":"et","@id":"https:\/\/www.specagra.ee\/?product=purkstuvas-pilmet#primaryimage","url":"https:\/\/www.specagra.ee\/wp-content\/uploads\/2020\/10\/490-3-1.jpg","contentUrl":"https:\/\/www.specagra.ee\/wp-content\/uploads\/2020\/10\/490-3-1.jpg","width":896,"height":503,"caption":"Purk\u0161tuvas PILMET"},{"@type":"BreadcrumbList","@id":"https:\/\/www.specagra.ee\/?product=purkstuvas-pilmet#breadcrumb","itemListElement":[{"@type":"ListItem","position":1,"name":"Home","item":"https:\/\/www.specagra.ee\/"},{"@type":"ListItem","position":2,"name":"P\u00f5llumajandustehnika ja loomakasvatus","item":"https:\/\/specagra.ee\/?page_id=18493"},{"@type":"ListItem","position":3,"name":"Purk\u0161tuvas PILMET"}]},{"@type":"WebSite","@id":"https:\/\/www.specagra.ee\/#website","url":"https:\/\/www.specagra.ee\/","name":"Specagra","description":"P\u00f5llumajandustehnika ja varuosad","publisher":{"@id":"https:\/\/www.specagra.ee\/#organization"},"potentialAction":[{"@type":"SearchAction","target":{"@type":"EntryPoint","urlTemplate":"https:\/\/www.specagra.ee\/?s={search_term_string}"},"query-input":{"@type":"PropertyValueSpecification","valueRequired":true,"valueName":"search_term_string"}}],"inLanguage":"et"},{"@type":"Organization","@id":"https:\/\/www.specagra.ee\/#organization","name":"UAB Specagra","url":"https:\/\/www.specagra.ee\/","logo":{"@type":"ImageObject","inLanguage":"et","@id":"https:\/\/www.specagra.ee\/#\/schema\/logo\/image\/","url":"http:\/\/www.specagra.ee\/wp-content\/uploads\/2022\/02\/SP-logo_naujas-scaled.jpg","contentUrl":"http:\/\/www.specagra.ee\/wp-content\/uploads\/2022\/02\/SP-logo_naujas-scaled.jpg","width":2560,"height":326,"caption":"UAB Specagra"},"image":{"@id":"https:\/\/www.specagra.ee\/#\/schema\/logo\/image\/"}}]}},"_links":{"self":[{"href":"https:\/\/www.specagra.ee\/index.php?rest_route=\/wp\/v2\/product\/14322","targetHints":{"allow":["GET"]}}],"collection":[{"href":"https:\/\/www.specagra.ee\/index.php?rest_route=\/wp\/v2\/product"}],"about":[{"href":"https:\/\/www.specagra.ee\/index.php?rest_route=\/wp\/v2\/types\/product"}],"wp:featuredmedia":[{"embeddable":true,"href":"https:\/\/www.specagra.ee\/index.php?rest_route=\/wp\/v2\/media\/17777"}],"wp:attachment":[{"href":"https:\/\/www.specagra.ee\/index.php?rest_route=%2Fwp%2Fv2%2Fmedia&parent=14322"}],"wp:term":[{"taxonomy":"product_brand","embeddable":true,"href":"https:\/\/www.specagra.ee\/index.php?rest_route=%2Fwp%2Fv2%2Fproduct_brand&post=14322"},{"taxonomy":"product_cat","embeddable":true,"href":"https:\/\/www.specagra.ee\/index.php?rest_route=%2Fwp%2Fv2%2Fproduct_cat&post=14322"},{"taxonomy":"product_tag","embeddable":true,"href":"https:\/\/www.specagra.ee\/index.php?rest_route=%2Fwp%2Fv2%2Fproduct_tag&post=14322"}],"curies":[{"name":"wp","href":"https:\/\/api.w.org\/{rel}","templated":true}]}}