{"id":13736,"date":"2020-10-05T06:16:11","date_gmt":"2020-10-05T08:16:11","guid":{"rendered":"https:\/\/www.specagra.ee.nemokamossvetaines.hostingas.lt\/?post_type=product&#038;p=13736"},"modified":"2022-09-09T10:13:44","modified_gmt":"2022-09-09T12:13:44","slug":"trestuvas-mxl-premium-2","status":"publish","type":"product","link":"https:\/\/www.specagra.ee\/?product=trestuvas-mxl-premium-2","title":{"rendered":"Tr\u0119\u0161tuvas RCW PLUS"},"content":{"rendered":"<p>Komplektacija:<\/p>\n<ul>\n<li>Guminis transporteris;<\/li>\n<li>Vienos a\u0161ies;<\/li>\n<li>Transporteris sukamas hidro varikliu \u2013 valdiklis KP-03<\/li>\n<li>B\u0117rimo diskai sukami mechani\u0161kai;<\/li>\n<li>Vir\u0161utinis arba apatinis prikabinimas;<\/li>\n<li>Mechanin\u0117 pastatymo koja;<\/li>\n<li>Bunkeryje sumontuoti sietai;<\/li>\n<li>Vieno kont\u016bro pneumatiniai stabd\u017eiai;<\/li>\n<li>Rankinis stov\u0117jimo stabdys;<\/li>\n<li>Transportavimo \u017eibintai;<\/li>\n<li>Pakra\u0161\u010dio b\u0117rimo diskas;<\/li>\n<li>Purvasargiai;<\/li>\n<li>B\u0117rimo diskai ir kiti elementai pagaminti i\u0161 ner\u016bdijan\u010dio plieno;<\/li>\n<li>B\u0117rimo disk\u0173 2 komplektai ( tr\u0105\u0161os ir kalk\u0117s);<\/li>\n<li>Galios perdavimo velenas;<\/li>\n<li>Reguliojama a\u0161is : RCW 5500 PLUS &#8211; 1800-2250mm; RCW 8200 PLUS &#8211; 2000-2250mm; RCW 5500 PLUS M &#8211; 1800-2250mm; RCW 8200 PLUS M &#8211; 1850-2250mm;<\/li>\n<\/ul>\n<p><sup>\u00a0\u00a0<\/sup>Papildoma komplektacija:<\/p>\n<ul>\n<li>Hidrauli\u0161kai valdomas bunkerio dangtis;<\/li>\n<li>Pakra\u0161\u010dio tr\u0119\u0161imas su LIMITERIU (mechani\u0161kai valdomas);<\/li>\n<li>Pakra\u0161\u010dio tr\u0119\u0161imas su LIMITERIU (hidrauli\u0161kai valdomas);<\/li>\n<li>Dviej\u0173 kontur\u0173 oriniai stabd\u017eiai;<\/li>\n<li>Valdymas kompiuteriu Komputer Superior \u2013 nepriklausomai nuo va\u017eiavimo grei\u010dio \u2013 dozavimas.<\/li>\n<li>Hidraulin\u0117 sklend\u0117;<\/li>\n<\/ul>\n","protected":false},"excerpt":{"rendered":"<p>Komplektacija: Guminis transporteris; Vienos a\u0161ies; Transporteris sukamas hidro varikliu \u2013 valdiklis KP-03 B\u0117rimo diskai sukami mechani\u0161kai; Vir\u0161utinis arba apatinis prikabinimas; Mechanin\u0117 pastatymo koja; Bunkeryje sumontuoti sietai; Vieno kont\u016bro pneumatiniai stabd\u017eiai; Rankinis stov\u0117jimo stabdys; Transportavimo \u017eibintai; Pakra\u0161\u010dio b\u0117rimo diskas; Purvasargiai; B\u0117rimo diskai ir kiti elementai pagaminti i\u0161 ner\u016bdijan\u010dio plieno; B\u0117rimo disk\u0173 2 komplektai ( tr\u0105\u0161os ir [&hellip;]<\/p>\n","protected":false},"featured_media":18507,"template":"","meta":{"_et_pb_use_builder":"","_et_pb_old_content":"","_et_gb_content_width":""},"product_brand":[],"product_cat":[61,220],"product_tag":[],"class_list":{"0":"post-13736","1":"product","2":"type-product","3":"status-publish","4":"has-post-thumbnail","6":"product_cat-vaetisekulvikud","7":"product_cat-haagitavad-vaetisekulvikud","9":"first","10":"instock","11":"shipping-taxable","12":"product-type-simple"},"yoast_head":"<!-- This site is optimized with the Yoast SEO plugin v26.4 - https:\/\/yoast.com\/wordpress\/plugins\/seo\/ -->\n<title>Tr\u0119\u0161tuvas RCW PLUS - Specagra<\/title>\n<meta name=\"robots\" content=\"index, follow, max-snippet:-1, max-image-preview:large, max-video-preview:-1\" \/>\n<link rel=\"canonical\" href=\"https:\/\/www.specagra.ee\/?product=trestuvas-mxl-premium-2\" \/>\n<meta property=\"og:locale\" content=\"et_EE\" \/>\n<meta property=\"og:type\" content=\"article\" \/>\n<meta property=\"og:title\" content=\"Tr\u0119\u0161tuvas RCW PLUS - Specagra\" \/>\n<meta property=\"og:description\" content=\"Komplektacija: Guminis transporteris; Vienos a\u0161ies; Transporteris sukamas hidro varikliu \u2013 valdiklis KP-03 B\u0117rimo diskai sukami mechani\u0161kai; Vir\u0161utinis arba apatinis prikabinimas; Mechanin\u0117 pastatymo koja; Bunkeryje sumontuoti sietai; Vieno kont\u016bro pneumatiniai stabd\u017eiai; Rankinis stov\u0117jimo stabdys; Transportavimo \u017eibintai; Pakra\u0161\u010dio b\u0117rimo diskas; Purvasargiai; B\u0117rimo diskai ir kiti elementai pagaminti i\u0161 ner\u016bdijan\u010dio plieno; B\u0117rimo disk\u0173 2 komplektai ( tr\u0105\u0161os ir [&hellip;]\" \/>\n<meta property=\"og:url\" content=\"https:\/\/www.specagra.ee\/?product=trestuvas-mxl-premium-2\" \/>\n<meta property=\"og:site_name\" content=\"Specagra\" \/>\n<meta property=\"article:modified_time\" content=\"2022-09-09T12:13:44+00:00\" \/>\n<meta property=\"og:image\" content=\"https:\/\/www.specagra.ee\/wp-content\/uploads\/2020\/10\/Copy-of-0203139731-1280-\u00d7-720-px-896-\u00d7-503-px101.jpg\" \/>\n\t<meta property=\"og:image:width\" content=\"896\" \/>\n\t<meta property=\"og:image:height\" content=\"503\" \/>\n\t<meta property=\"og:image:type\" content=\"image\/jpeg\" \/>\n<meta name=\"twitter:card\" content=\"summary_large_image\" \/>\n<meta name=\"twitter:label1\" content=\"Est. reading time\" \/>\n\t<meta name=\"twitter:data1\" content=\"1 minut\" \/>\n<script type=\"application\/ld+json\" class=\"yoast-schema-graph\">{\"@context\":\"https:\/\/schema.org\",\"@graph\":[{\"@type\":\"WebPage\",\"@id\":\"https:\/\/www.specagra.ee\/?product=trestuvas-mxl-premium-2\",\"url\":\"https:\/\/www.specagra.ee\/?product=trestuvas-mxl-premium-2\",\"name\":\"Tr\u0119\u0161tuvas RCW PLUS - Specagra\",\"isPartOf\":{\"@id\":\"https:\/\/www.specagra.ee\/#website\"},\"primaryImageOfPage\":{\"@id\":\"https:\/\/www.specagra.ee\/?product=trestuvas-mxl-premium-2#primaryimage\"},\"image\":{\"@id\":\"https:\/\/www.specagra.ee\/?product=trestuvas-mxl-premium-2#primaryimage\"},\"thumbnailUrl\":\"https:\/\/www.specagra.ee\/wp-content\/uploads\/2020\/10\/Copy-of-0203139731-1280-\u00d7-720-px-896-\u00d7-503-px101.jpg\",\"datePublished\":\"2020-10-05T08:16:11+00:00\",\"dateModified\":\"2022-09-09T12:13:44+00:00\",\"breadcrumb\":{\"@id\":\"https:\/\/www.specagra.ee\/?product=trestuvas-mxl-premium-2#breadcrumb\"},\"inLanguage\":\"et\",\"potentialAction\":[{\"@type\":\"ReadAction\",\"target\":[\"https:\/\/www.specagra.ee\/?product=trestuvas-mxl-premium-2\"]}]},{\"@type\":\"ImageObject\",\"inLanguage\":\"et\",\"@id\":\"https:\/\/www.specagra.ee\/?product=trestuvas-mxl-premium-2#primaryimage\",\"url\":\"https:\/\/www.specagra.ee\/wp-content\/uploads\/2020\/10\/Copy-of-0203139731-1280-\u00d7-720-px-896-\u00d7-503-px101.jpg\",\"contentUrl\":\"https:\/\/www.specagra.ee\/wp-content\/uploads\/2020\/10\/Copy-of-0203139731-1280-\u00d7-720-px-896-\u00d7-503-px101.jpg\",\"width\":896,\"height\":503,\"caption\":\"Tr\u0119\u0161tuvas RCW PLUS\"},{\"@type\":\"BreadcrumbList\",\"@id\":\"https:\/\/www.specagra.ee\/?product=trestuvas-mxl-premium-2#breadcrumb\",\"itemListElement\":[{\"@type\":\"ListItem\",\"position\":1,\"name\":\"Home\",\"item\":\"https:\/\/www.specagra.ee\/\"},{\"@type\":\"ListItem\",\"position\":2,\"name\":\"P\u00f5llumajandustehnika ja loomakasvatus\",\"item\":\"https:\/\/specagra.ee\/?page_id=18493\"},{\"@type\":\"ListItem\",\"position\":3,\"name\":\"Tr\u0119\u0161tuvas RCW PLUS\"}]},{\"@type\":\"WebSite\",\"@id\":\"https:\/\/www.specagra.ee\/#website\",\"url\":\"https:\/\/www.specagra.ee\/\",\"name\":\"Specagra\",\"description\":\"P\u00f5llumajandustehnika ja varuosad\",\"publisher\":{\"@id\":\"https:\/\/www.specagra.ee\/#organization\"},\"potentialAction\":[{\"@type\":\"SearchAction\",\"target\":{\"@type\":\"EntryPoint\",\"urlTemplate\":\"https:\/\/www.specagra.ee\/?s={search_term_string}\"},\"query-input\":{\"@type\":\"PropertyValueSpecification\",\"valueRequired\":true,\"valueName\":\"search_term_string\"}}],\"inLanguage\":\"et\"},{\"@type\":\"Organization\",\"@id\":\"https:\/\/www.specagra.ee\/#organization\",\"name\":\"UAB Specagra\",\"url\":\"https:\/\/www.specagra.ee\/\",\"logo\":{\"@type\":\"ImageObject\",\"inLanguage\":\"et\",\"@id\":\"https:\/\/www.specagra.ee\/#\/schema\/logo\/image\/\",\"url\":\"http:\/\/www.specagra.ee\/wp-content\/uploads\/2022\/02\/SP-logo_naujas-scaled.jpg\",\"contentUrl\":\"http:\/\/www.specagra.ee\/wp-content\/uploads\/2022\/02\/SP-logo_naujas-scaled.jpg\",\"width\":2560,\"height\":326,\"caption\":\"UAB Specagra\"},\"image\":{\"@id\":\"https:\/\/www.specagra.ee\/#\/schema\/logo\/image\/\"}}]}<\/script>\n<!-- \/ Yoast SEO plugin. -->","yoast_head_json":{"title":"Tr\u0119\u0161tuvas RCW PLUS - Specagra","robots":{"index":"index","follow":"follow","max-snippet":"max-snippet:-1","max-image-preview":"max-image-preview:large","max-video-preview":"max-video-preview:-1"},"canonical":"https:\/\/www.specagra.ee\/?product=trestuvas-mxl-premium-2","og_locale":"et_EE","og_type":"article","og_title":"Tr\u0119\u0161tuvas RCW PLUS - Specagra","og_description":"Komplektacija: Guminis transporteris; Vienos a\u0161ies; Transporteris sukamas hidro varikliu \u2013 valdiklis KP-03 B\u0117rimo diskai sukami mechani\u0161kai; Vir\u0161utinis arba apatinis prikabinimas; Mechanin\u0117 pastatymo koja; Bunkeryje sumontuoti sietai; Vieno kont\u016bro pneumatiniai stabd\u017eiai; Rankinis stov\u0117jimo stabdys; Transportavimo \u017eibintai; Pakra\u0161\u010dio b\u0117rimo diskas; Purvasargiai; B\u0117rimo diskai ir kiti elementai pagaminti i\u0161 ner\u016bdijan\u010dio plieno; B\u0117rimo disk\u0173 2 komplektai ( tr\u0105\u0161os ir [&hellip;]","og_url":"https:\/\/www.specagra.ee\/?product=trestuvas-mxl-premium-2","og_site_name":"Specagra","article_modified_time":"2022-09-09T12:13:44+00:00","og_image":[{"width":896,"height":503,"url":"https:\/\/www.specagra.ee\/wp-content\/uploads\/2020\/10\/Copy-of-0203139731-1280-\u00d7-720-px-896-\u00d7-503-px101.jpg","type":"image\/jpeg"}],"twitter_card":"summary_large_image","twitter_misc":{"Est. reading time":"1 minut"},"schema":{"@context":"https:\/\/schema.org","@graph":[{"@type":"WebPage","@id":"https:\/\/www.specagra.ee\/?product=trestuvas-mxl-premium-2","url":"https:\/\/www.specagra.ee\/?product=trestuvas-mxl-premium-2","name":"Tr\u0119\u0161tuvas RCW PLUS - Specagra","isPartOf":{"@id":"https:\/\/www.specagra.ee\/#website"},"primaryImageOfPage":{"@id":"https:\/\/www.specagra.ee\/?product=trestuvas-mxl-premium-2#primaryimage"},"image":{"@id":"https:\/\/www.specagra.ee\/?product=trestuvas-mxl-premium-2#primaryimage"},"thumbnailUrl":"https:\/\/www.specagra.ee\/wp-content\/uploads\/2020\/10\/Copy-of-0203139731-1280-\u00d7-720-px-896-\u00d7-503-px101.jpg","datePublished":"2020-10-05T08:16:11+00:00","dateModified":"2022-09-09T12:13:44+00:00","breadcrumb":{"@id":"https:\/\/www.specagra.ee\/?product=trestuvas-mxl-premium-2#breadcrumb"},"inLanguage":"et","potentialAction":[{"@type":"ReadAction","target":["https:\/\/www.specagra.ee\/?product=trestuvas-mxl-premium-2"]}]},{"@type":"ImageObject","inLanguage":"et","@id":"https:\/\/www.specagra.ee\/?product=trestuvas-mxl-premium-2#primaryimage","url":"https:\/\/www.specagra.ee\/wp-content\/uploads\/2020\/10\/Copy-of-0203139731-1280-\u00d7-720-px-896-\u00d7-503-px101.jpg","contentUrl":"https:\/\/www.specagra.ee\/wp-content\/uploads\/2020\/10\/Copy-of-0203139731-1280-\u00d7-720-px-896-\u00d7-503-px101.jpg","width":896,"height":503,"caption":"Tr\u0119\u0161tuvas RCW PLUS"},{"@type":"BreadcrumbList","@id":"https:\/\/www.specagra.ee\/?product=trestuvas-mxl-premium-2#breadcrumb","itemListElement":[{"@type":"ListItem","position":1,"name":"Home","item":"https:\/\/www.specagra.ee\/"},{"@type":"ListItem","position":2,"name":"P\u00f5llumajandustehnika ja loomakasvatus","item":"https:\/\/specagra.ee\/?page_id=18493"},{"@type":"ListItem","position":3,"name":"Tr\u0119\u0161tuvas RCW PLUS"}]},{"@type":"WebSite","@id":"https:\/\/www.specagra.ee\/#website","url":"https:\/\/www.specagra.ee\/","name":"Specagra","description":"P\u00f5llumajandustehnika ja varuosad","publisher":{"@id":"https:\/\/www.specagra.ee\/#organization"},"potentialAction":[{"@type":"SearchAction","target":{"@type":"EntryPoint","urlTemplate":"https:\/\/www.specagra.ee\/?s={search_term_string}"},"query-input":{"@type":"PropertyValueSpecification","valueRequired":true,"valueName":"search_term_string"}}],"inLanguage":"et"},{"@type":"Organization","@id":"https:\/\/www.specagra.ee\/#organization","name":"UAB Specagra","url":"https:\/\/www.specagra.ee\/","logo":{"@type":"ImageObject","inLanguage":"et","@id":"https:\/\/www.specagra.ee\/#\/schema\/logo\/image\/","url":"http:\/\/www.specagra.ee\/wp-content\/uploads\/2022\/02\/SP-logo_naujas-scaled.jpg","contentUrl":"http:\/\/www.specagra.ee\/wp-content\/uploads\/2022\/02\/SP-logo_naujas-scaled.jpg","width":2560,"height":326,"caption":"UAB Specagra"},"image":{"@id":"https:\/\/www.specagra.ee\/#\/schema\/logo\/image\/"}}]}},"_links":{"self":[{"href":"https:\/\/www.specagra.ee\/index.php?rest_route=\/wp\/v2\/product\/13736","targetHints":{"allow":["GET"]}}],"collection":[{"href":"https:\/\/www.specagra.ee\/index.php?rest_route=\/wp\/v2\/product"}],"about":[{"href":"https:\/\/www.specagra.ee\/index.php?rest_route=\/wp\/v2\/types\/product"}],"wp:featuredmedia":[{"embeddable":true,"href":"https:\/\/www.specagra.ee\/index.php?rest_route=\/wp\/v2\/media\/18507"}],"wp:attachment":[{"href":"https:\/\/www.specagra.ee\/index.php?rest_route=%2Fwp%2Fv2%2Fmedia&parent=13736"}],"wp:term":[{"taxonomy":"product_brand","embeddable":true,"href":"https:\/\/www.specagra.ee\/index.php?rest_route=%2Fwp%2Fv2%2Fproduct_brand&post=13736"},{"taxonomy":"product_cat","embeddable":true,"href":"https:\/\/www.specagra.ee\/index.php?rest_route=%2Fwp%2Fv2%2Fproduct_cat&post=13736"},{"taxonomy":"product_tag","embeddable":true,"href":"https:\/\/www.specagra.ee\/index.php?rest_route=%2Fwp%2Fv2%2Fproduct_tag&post=13736"}],"curies":[{"name":"wp","href":"https:\/\/api.w.org\/{rel}","templated":true}]}}