{"id":13731,"date":"2020-10-05T06:00:05","date_gmt":"2020-10-05T08:00:05","guid":{"rendered":"https:\/\/www.specagra.ee.nemokamossvetaines.hostingas.lt\/?post_type=product&#038;p=13731"},"modified":"2022-07-08T05:21:28","modified_gmt":"2022-07-08T07:21:28","slug":"trestuvas-mxl-premium","status":"publish","type":"product","link":"https:\/\/www.specagra.ee\/?product=trestuvas-mxl-premium","title":{"rendered":"Tr\u0119\u0161tuvas MXL PREMIUM"},"content":{"rendered":"<p>Komplektacija:<\/p>\n<ul>\n<li>Skleidimas reguliuojamas su sraigtais (valdoma elektrohidraulika \u2013 tikslus padavimas);<\/li>\n<li>Reguliuojami sraigt\u0173 apsisukimai;<\/li>\n<li>Automatinis dozavimas nepriklausomai kokiu grei\u010diu va\u017eiuojama;<\/li>\n<li>Bunkerio viduje: sietai ;<\/li>\n<li>Bunkeris da\u017eytas milteliniu b\u016bdu;<\/li>\n<li>Darbiniai elementai pagaminti i\u0161 ner\u016bdijan\u010dio plieno;<\/li>\n<li>B\u0117rimo plotis reguliuojamas i\u0161b\u0117rimo mentel\u0117mis (nereikalingi \u012frankiai);<\/li>\n<li>Du nepriklausomi hidrauliniai varikliai;<\/li>\n<li>Transportavimo \u017eibintai;<\/li>\n<li>Kompiuteris UTS ;<\/li>\n<\/ul>\n<p><sup>\u00a0\u00a0<\/sup>Papildoma komplektacija:<\/p>\n<ul>\n<li>Bunkeris i\u0161 ner\u016bdyjan\u010dio plieno;<\/li>\n<li>GPS; TRACK Leader;<\/li>\n<li>Valdymo kompiuteris TOUCH 800;<\/li>\n<li>Grei\u010dio matavimo laidas \u012f traktori\u0173 (ISO 7 ISO -11786)<\/li>\n<li>Bunkerio dangtis;<\/li>\n<li>Bunkeris i\u0161 ner\u016bdyjan\u010dio plieno;<\/li>\n<li>Rateliai;<\/li>\n<li>Galios perdavimo velenas;<\/li>\n<li>Pakra\u0161\u010dio tr\u0119\u0161imo sistema su LIMITERIU (mechaninis arba hidraulinis valdymai);<\/li>\n<\/ul>\n","protected":false},"excerpt":{"rendered":"<p>Komplektacija: Skleidimas reguliuojamas su sraigtais (valdoma elektrohidraulika \u2013 tikslus padavimas); Reguliuojami sraigt\u0173 apsisukimai; Automatinis dozavimas nepriklausomai kokiu grei\u010diu va\u017eiuojama; Bunkerio viduje: sietai ; Bunkeris da\u017eytas milteliniu b\u016bdu; Darbiniai elementai pagaminti i\u0161 ner\u016bdijan\u010dio plieno; B\u0117rimo plotis reguliuojamas i\u0161b\u0117rimo mentel\u0117mis (nereikalingi \u012frankiai); Du nepriklausomi hidrauliniai varikliai; Transportavimo \u017eibintai; Kompiuteris UTS ; \u00a0\u00a0Papildoma komplektacija: Bunkeris i\u0161 ner\u016bdyjan\u010dio plieno; [&hellip;]<\/p>\n","protected":false},"featured_media":17792,"template":"","meta":{"_et_pb_use_builder":"","_et_pb_old_content":"","_et_gb_content_width":""},"product_brand":[],"product_cat":[61,219],"product_tag":[],"class_list":{"0":"post-13731","1":"product","2":"type-product","3":"status-publish","4":"has-post-thumbnail","6":"product_cat-vaetisekulvikud","7":"product_cat-riputatavad-vaetisekulvikud","9":"first","10":"instock","11":"shipping-taxable","12":"product-type-simple"},"yoast_head":"<!-- This site is optimized with the Yoast SEO plugin v26.4 - https:\/\/yoast.com\/wordpress\/plugins\/seo\/ -->\n<title>Tr\u0119\u0161tuvas MXL PREMIUM - Specagra<\/title>\n<meta name=\"robots\" content=\"index, follow, max-snippet:-1, max-image-preview:large, max-video-preview:-1\" \/>\n<link rel=\"canonical\" href=\"https:\/\/www.specagra.ee\/?product=trestuvas-mxl-premium\" \/>\n<meta property=\"og:locale\" content=\"et_EE\" \/>\n<meta property=\"og:type\" content=\"article\" \/>\n<meta property=\"og:title\" content=\"Tr\u0119\u0161tuvas MXL PREMIUM - Specagra\" \/>\n<meta property=\"og:description\" content=\"Komplektacija: Skleidimas reguliuojamas su sraigtais (valdoma elektrohidraulika \u2013 tikslus padavimas); Reguliuojami sraigt\u0173 apsisukimai; Automatinis dozavimas nepriklausomai kokiu grei\u010diu va\u017eiuojama; Bunkerio viduje: sietai ; Bunkeris da\u017eytas milteliniu b\u016bdu; Darbiniai elementai pagaminti i\u0161 ner\u016bdijan\u010dio plieno; B\u0117rimo plotis reguliuojamas i\u0161b\u0117rimo mentel\u0117mis (nereikalingi \u012frankiai); Du nepriklausomi hidrauliniai varikliai; Transportavimo \u017eibintai; Kompiuteris UTS ; \u00a0\u00a0Papildoma komplektacija: Bunkeris i\u0161 ner\u016bdyjan\u010dio plieno; [&hellip;]\" \/>\n<meta property=\"og:url\" content=\"https:\/\/www.specagra.ee\/?product=trestuvas-mxl-premium\" \/>\n<meta property=\"og:site_name\" content=\"Specagra\" \/>\n<meta property=\"article:modified_time\" content=\"2022-07-08T07:21:28+00:00\" \/>\n<meta property=\"og:image\" content=\"https:\/\/www.specagra.ee\/wp-content\/uploads\/2020\/10\/490-3-2.jpg\" \/>\n\t<meta property=\"og:image:width\" content=\"896\" \/>\n\t<meta property=\"og:image:height\" content=\"503\" \/>\n\t<meta property=\"og:image:type\" content=\"image\/jpeg\" \/>\n<meta name=\"twitter:card\" content=\"summary_large_image\" \/>\n<meta name=\"twitter:label1\" content=\"Est. reading time\" \/>\n\t<meta name=\"twitter:data1\" content=\"1 minut\" \/>\n<script type=\"application\/ld+json\" class=\"yoast-schema-graph\">{\"@context\":\"https:\/\/schema.org\",\"@graph\":[{\"@type\":\"WebPage\",\"@id\":\"https:\/\/www.specagra.ee\/?product=trestuvas-mxl-premium\",\"url\":\"https:\/\/www.specagra.ee\/?product=trestuvas-mxl-premium\",\"name\":\"Tr\u0119\u0161tuvas MXL PREMIUM - Specagra\",\"isPartOf\":{\"@id\":\"https:\/\/www.specagra.ee\/#website\"},\"primaryImageOfPage\":{\"@id\":\"https:\/\/www.specagra.ee\/?product=trestuvas-mxl-premium#primaryimage\"},\"image\":{\"@id\":\"https:\/\/www.specagra.ee\/?product=trestuvas-mxl-premium#primaryimage\"},\"thumbnailUrl\":\"https:\/\/www.specagra.ee\/wp-content\/uploads\/2020\/10\/490-3-2.jpg\",\"datePublished\":\"2020-10-05T08:00:05+00:00\",\"dateModified\":\"2022-07-08T07:21:28+00:00\",\"breadcrumb\":{\"@id\":\"https:\/\/www.specagra.ee\/?product=trestuvas-mxl-premium#breadcrumb\"},\"inLanguage\":\"et\",\"potentialAction\":[{\"@type\":\"ReadAction\",\"target\":[\"https:\/\/www.specagra.ee\/?product=trestuvas-mxl-premium\"]}]},{\"@type\":\"ImageObject\",\"inLanguage\":\"et\",\"@id\":\"https:\/\/www.specagra.ee\/?product=trestuvas-mxl-premium#primaryimage\",\"url\":\"https:\/\/www.specagra.ee\/wp-content\/uploads\/2020\/10\/490-3-2.jpg\",\"contentUrl\":\"https:\/\/www.specagra.ee\/wp-content\/uploads\/2020\/10\/490-3-2.jpg\",\"width\":896,\"height\":503,\"caption\":\"Tr\u0119\u0161tuvas MXL PREMIUM\"},{\"@type\":\"BreadcrumbList\",\"@id\":\"https:\/\/www.specagra.ee\/?product=trestuvas-mxl-premium#breadcrumb\",\"itemListElement\":[{\"@type\":\"ListItem\",\"position\":1,\"name\":\"Home\",\"item\":\"https:\/\/www.specagra.ee\/\"},{\"@type\":\"ListItem\",\"position\":2,\"name\":\"P\u00f5llumajandustehnika ja loomakasvatus\",\"item\":\"https:\/\/specagra.ee\/?page_id=18493\"},{\"@type\":\"ListItem\",\"position\":3,\"name\":\"Tr\u0119\u0161tuvas MXL PREMIUM\"}]},{\"@type\":\"WebSite\",\"@id\":\"https:\/\/www.specagra.ee\/#website\",\"url\":\"https:\/\/www.specagra.ee\/\",\"name\":\"Specagra\",\"description\":\"P\u00f5llumajandustehnika ja varuosad\",\"publisher\":{\"@id\":\"https:\/\/www.specagra.ee\/#organization\"},\"potentialAction\":[{\"@type\":\"SearchAction\",\"target\":{\"@type\":\"EntryPoint\",\"urlTemplate\":\"https:\/\/www.specagra.ee\/?s={search_term_string}\"},\"query-input\":{\"@type\":\"PropertyValueSpecification\",\"valueRequired\":true,\"valueName\":\"search_term_string\"}}],\"inLanguage\":\"et\"},{\"@type\":\"Organization\",\"@id\":\"https:\/\/www.specagra.ee\/#organization\",\"name\":\"UAB Specagra\",\"url\":\"https:\/\/www.specagra.ee\/\",\"logo\":{\"@type\":\"ImageObject\",\"inLanguage\":\"et\",\"@id\":\"https:\/\/www.specagra.ee\/#\/schema\/logo\/image\/\",\"url\":\"http:\/\/www.specagra.ee\/wp-content\/uploads\/2022\/02\/SP-logo_naujas-scaled.jpg\",\"contentUrl\":\"http:\/\/www.specagra.ee\/wp-content\/uploads\/2022\/02\/SP-logo_naujas-scaled.jpg\",\"width\":2560,\"height\":326,\"caption\":\"UAB Specagra\"},\"image\":{\"@id\":\"https:\/\/www.specagra.ee\/#\/schema\/logo\/image\/\"}}]}<\/script>\n<!-- \/ Yoast SEO plugin. -->","yoast_head_json":{"title":"Tr\u0119\u0161tuvas MXL PREMIUM - Specagra","robots":{"index":"index","follow":"follow","max-snippet":"max-snippet:-1","max-image-preview":"max-image-preview:large","max-video-preview":"max-video-preview:-1"},"canonical":"https:\/\/www.specagra.ee\/?product=trestuvas-mxl-premium","og_locale":"et_EE","og_type":"article","og_title":"Tr\u0119\u0161tuvas MXL PREMIUM - Specagra","og_description":"Komplektacija: Skleidimas reguliuojamas su sraigtais (valdoma elektrohidraulika \u2013 tikslus padavimas); Reguliuojami sraigt\u0173 apsisukimai; Automatinis dozavimas nepriklausomai kokiu grei\u010diu va\u017eiuojama; Bunkerio viduje: sietai ; Bunkeris da\u017eytas milteliniu b\u016bdu; Darbiniai elementai pagaminti i\u0161 ner\u016bdijan\u010dio plieno; B\u0117rimo plotis reguliuojamas i\u0161b\u0117rimo mentel\u0117mis (nereikalingi \u012frankiai); Du nepriklausomi hidrauliniai varikliai; Transportavimo \u017eibintai; Kompiuteris UTS ; \u00a0\u00a0Papildoma komplektacija: Bunkeris i\u0161 ner\u016bdyjan\u010dio plieno; [&hellip;]","og_url":"https:\/\/www.specagra.ee\/?product=trestuvas-mxl-premium","og_site_name":"Specagra","article_modified_time":"2022-07-08T07:21:28+00:00","og_image":[{"width":896,"height":503,"url":"https:\/\/www.specagra.ee\/wp-content\/uploads\/2020\/10\/490-3-2.jpg","type":"image\/jpeg"}],"twitter_card":"summary_large_image","twitter_misc":{"Est. reading time":"1 minut"},"schema":{"@context":"https:\/\/schema.org","@graph":[{"@type":"WebPage","@id":"https:\/\/www.specagra.ee\/?product=trestuvas-mxl-premium","url":"https:\/\/www.specagra.ee\/?product=trestuvas-mxl-premium","name":"Tr\u0119\u0161tuvas MXL PREMIUM - Specagra","isPartOf":{"@id":"https:\/\/www.specagra.ee\/#website"},"primaryImageOfPage":{"@id":"https:\/\/www.specagra.ee\/?product=trestuvas-mxl-premium#primaryimage"},"image":{"@id":"https:\/\/www.specagra.ee\/?product=trestuvas-mxl-premium#primaryimage"},"thumbnailUrl":"https:\/\/www.specagra.ee\/wp-content\/uploads\/2020\/10\/490-3-2.jpg","datePublished":"2020-10-05T08:00:05+00:00","dateModified":"2022-07-08T07:21:28+00:00","breadcrumb":{"@id":"https:\/\/www.specagra.ee\/?product=trestuvas-mxl-premium#breadcrumb"},"inLanguage":"et","potentialAction":[{"@type":"ReadAction","target":["https:\/\/www.specagra.ee\/?product=trestuvas-mxl-premium"]}]},{"@type":"ImageObject","inLanguage":"et","@id":"https:\/\/www.specagra.ee\/?product=trestuvas-mxl-premium#primaryimage","url":"https:\/\/www.specagra.ee\/wp-content\/uploads\/2020\/10\/490-3-2.jpg","contentUrl":"https:\/\/www.specagra.ee\/wp-content\/uploads\/2020\/10\/490-3-2.jpg","width":896,"height":503,"caption":"Tr\u0119\u0161tuvas MXL PREMIUM"},{"@type":"BreadcrumbList","@id":"https:\/\/www.specagra.ee\/?product=trestuvas-mxl-premium#breadcrumb","itemListElement":[{"@type":"ListItem","position":1,"name":"Home","item":"https:\/\/www.specagra.ee\/"},{"@type":"ListItem","position":2,"name":"P\u00f5llumajandustehnika ja loomakasvatus","item":"https:\/\/specagra.ee\/?page_id=18493"},{"@type":"ListItem","position":3,"name":"Tr\u0119\u0161tuvas MXL PREMIUM"}]},{"@type":"WebSite","@id":"https:\/\/www.specagra.ee\/#website","url":"https:\/\/www.specagra.ee\/","name":"Specagra","description":"P\u00f5llumajandustehnika ja varuosad","publisher":{"@id":"https:\/\/www.specagra.ee\/#organization"},"potentialAction":[{"@type":"SearchAction","target":{"@type":"EntryPoint","urlTemplate":"https:\/\/www.specagra.ee\/?s={search_term_string}"},"query-input":{"@type":"PropertyValueSpecification","valueRequired":true,"valueName":"search_term_string"}}],"inLanguage":"et"},{"@type":"Organization","@id":"https:\/\/www.specagra.ee\/#organization","name":"UAB Specagra","url":"https:\/\/www.specagra.ee\/","logo":{"@type":"ImageObject","inLanguage":"et","@id":"https:\/\/www.specagra.ee\/#\/schema\/logo\/image\/","url":"http:\/\/www.specagra.ee\/wp-content\/uploads\/2022\/02\/SP-logo_naujas-scaled.jpg","contentUrl":"http:\/\/www.specagra.ee\/wp-content\/uploads\/2022\/02\/SP-logo_naujas-scaled.jpg","width":2560,"height":326,"caption":"UAB Specagra"},"image":{"@id":"https:\/\/www.specagra.ee\/#\/schema\/logo\/image\/"}}]}},"_links":{"self":[{"href":"https:\/\/www.specagra.ee\/index.php?rest_route=\/wp\/v2\/product\/13731","targetHints":{"allow":["GET"]}}],"collection":[{"href":"https:\/\/www.specagra.ee\/index.php?rest_route=\/wp\/v2\/product"}],"about":[{"href":"https:\/\/www.specagra.ee\/index.php?rest_route=\/wp\/v2\/types\/product"}],"wp:featuredmedia":[{"embeddable":true,"href":"https:\/\/www.specagra.ee\/index.php?rest_route=\/wp\/v2\/media\/17792"}],"wp:attachment":[{"href":"https:\/\/www.specagra.ee\/index.php?rest_route=%2Fwp%2Fv2%2Fmedia&parent=13731"}],"wp:term":[{"taxonomy":"product_brand","embeddable":true,"href":"https:\/\/www.specagra.ee\/index.php?rest_route=%2Fwp%2Fv2%2Fproduct_brand&post=13731"},{"taxonomy":"product_cat","embeddable":true,"href":"https:\/\/www.specagra.ee\/index.php?rest_route=%2Fwp%2Fv2%2Fproduct_cat&post=13731"},{"taxonomy":"product_tag","embeddable":true,"href":"https:\/\/www.specagra.ee\/index.php?rest_route=%2Fwp%2Fv2%2Fproduct_tag&post=13731"}],"curies":[{"name":"wp","href":"https:\/\/api.w.org\/{rel}","templated":true}]}}