{"id":13694,"date":"2020-10-05T05:05:15","date_gmt":"2020-10-05T07:05:15","guid":{"rendered":"https:\/\/www.specagra.ee.nemokamossvetaines.hostingas.lt\/?post_type=product&#038;p=13694"},"modified":"2022-07-08T05:20:42","modified_gmt":"2022-07-08T07:20:42","slug":"trestuvas-mx","status":"publish","type":"product","link":"https:\/\/www.specagra.ee\/?product=trestuvas-mx","title":{"rendered":"Tr\u0119\u0161tuvas MX"},"content":{"rendered":"<p>Komplektacija:<\/p>\n<ul>\n<li>Hidraulinis i\u0161b\u0117rimo sklend\u017ei\u0173 u\u017edarymas\/atidarymas;<\/li>\n<li>Bunkerio viduje : sietai, mai\u0161ytuvas;<\/li>\n<li>Bunkeris da\u017eytas milteliniu b\u016bdu;<\/li>\n<li>Darbiniai elementai pagaminti i\u0161 ner\u016bdijan\u010dio plieno;<\/li>\n<li>Kilpa priekabai;<\/li>\n<li>\u0160onin\u0117s rankenos;<\/li>\n<li>B\u0117rimo plotis reguliuojamas i\u0161b\u0117rimo mentel\u0117mis (nereikalingi \u012frankiai);<\/li>\n<li>Transportavimo \u017eibintai (MX 1600-3000)<\/li>\n<\/ul>\n<p><sup>\u00a0\u00a0<\/sup>Papildoma komplektacija:<\/p>\n<ul>\n<li>Bunkeris i\u0161 ner\u016bdijan\u010dio plieno;<\/li>\n<li>Nepriklausomas hidraulinis sklend\u017ei\u0173 valdymas;<\/li>\n<li>Bunkerio dangtis;<\/li>\n<li>Pakra\u0161\u010dio tr\u0119\u0161imo diskas;<\/li>\n<li>Pakra\u0161\u010dio tr\u0119\u0161imo sistema LIMITER (valdomas mechani\u0161kai)<\/li>\n<li>Rateliai;<\/li>\n<li>Transportavimo \u0161viesos;<\/li>\n<li>Galios perdavimo velenas;<\/li>\n<\/ul>\n","protected":false},"excerpt":{"rendered":"<p>Komplektacija: Hidraulinis i\u0161b\u0117rimo sklend\u017ei\u0173 u\u017edarymas\/atidarymas; Bunkerio viduje : sietai, mai\u0161ytuvas; Bunkeris da\u017eytas milteliniu b\u016bdu; Darbiniai elementai pagaminti i\u0161 ner\u016bdijan\u010dio plieno; Kilpa priekabai; \u0160onin\u0117s rankenos; B\u0117rimo plotis reguliuojamas i\u0161b\u0117rimo mentel\u0117mis (nereikalingi \u012frankiai); Transportavimo \u017eibintai (MX 1600-3000) \u00a0\u00a0Papildoma komplektacija: Bunkeris i\u0161 ner\u016bdijan\u010dio plieno; Nepriklausomas hidraulinis sklend\u017ei\u0173 valdymas; Bunkerio dangtis; Pakra\u0161\u010dio tr\u0119\u0161imo diskas; Pakra\u0161\u010dio tr\u0119\u0161imo sistema LIMITER (valdomas [&hellip;]<\/p>\n","protected":false},"featured_media":17790,"template":"","meta":{"_et_pb_use_builder":"on","_et_pb_old_content":"Komplektacija:\r\n<ul>\r\n \t<li>Hidraulinis i\u0161b\u0117rimo sklend\u017ei\u0173 u\u017edarymas\/atidarymas;<\/li>\r\n \t<li>Bunkerio viduje : sietai, mai\u0161ytuvas;<\/li>\r\n \t<li>Bunkeris da\u017eytas milteliniu b\u016bdu;<\/li>\r\n \t<li>Darbiniai elementai pagaminti i\u0161 ner\u016bdijan\u010dio plieno;<\/li>\r\n \t<li>Kilpa priekabai;<\/li>\r\n \t<li>\u0160onin\u0117s rankenos;<\/li>\r\n \t<li>B\u0117rimo plotis reguliuojamas i\u0161b\u0117rimo mentel\u0117mis (nereikalingi \u012frankiai);<\/li>\r\n \t<li>Transportavimo \u017eibintai (MX 1600-3000)<\/li>\r\n<\/ul>\r\n<sup>\u00a0\u00a0<\/sup>Papildoma komplektacija:\r\n<ul>\r\n \t<li>Bunkeris i\u0161 ner\u016bdijan\u010dio plieno;<\/li>\r\n \t<li>Nepriklausomas hidraulinis sklend\u017ei\u0173 valdymas;<\/li>\r\n \t<li>Bunkerio dangtis;<\/li>\r\n \t<li>Pakra\u0161\u010dio tr\u0119\u0161imo diskas;<\/li>\r\n \t<li>Pakra\u0161\u010dio tr\u0119\u0161imo sistema LIMITER (valdomas mechani\u0161kai)<\/li>\r\n \t<li>Rateliai;<\/li>\r\n \t<li>Transportavimo \u0161viesos;<\/li>\r\n \t<li>Galios perdavimo velenas;<\/li>\r\n<\/ul>","_et_gb_content_width":""},"product_brand":[],"product_cat":[61,219],"product_tag":[],"class_list":{"0":"post-13694","1":"product","2":"type-product","3":"status-publish","4":"has-post-thumbnail","6":"product_cat-vaetisekulvikud","7":"product_cat-riputatavad-vaetisekulvikud","9":"first","10":"instock","11":"shipping-taxable","12":"product-type-simple"},"yoast_head":"<!-- This site is optimized with the Yoast SEO plugin v26.4 - https:\/\/yoast.com\/wordpress\/plugins\/seo\/ -->\n<title>Tr\u0119\u0161tuvas MX - Specagra<\/title>\n<meta name=\"robots\" content=\"index, follow, max-snippet:-1, max-image-preview:large, max-video-preview:-1\" \/>\n<link rel=\"canonical\" href=\"https:\/\/www.specagra.ee\/?product=trestuvas-mx\" \/>\n<meta property=\"og:locale\" content=\"et_EE\" \/>\n<meta property=\"og:type\" content=\"article\" \/>\n<meta property=\"og:title\" content=\"Tr\u0119\u0161tuvas MX - Specagra\" \/>\n<meta property=\"og:description\" content=\"Komplektacija: Hidraulinis i\u0161b\u0117rimo sklend\u017ei\u0173 u\u017edarymas\/atidarymas; Bunkerio viduje : sietai, mai\u0161ytuvas; Bunkeris da\u017eytas milteliniu b\u016bdu; Darbiniai elementai pagaminti i\u0161 ner\u016bdijan\u010dio plieno; Kilpa priekabai; \u0160onin\u0117s rankenos; B\u0117rimo plotis reguliuojamas i\u0161b\u0117rimo mentel\u0117mis (nereikalingi \u012frankiai); Transportavimo \u017eibintai (MX 1600-3000) \u00a0\u00a0Papildoma komplektacija: Bunkeris i\u0161 ner\u016bdijan\u010dio plieno; Nepriklausomas hidraulinis sklend\u017ei\u0173 valdymas; Bunkerio dangtis; Pakra\u0161\u010dio tr\u0119\u0161imo diskas; Pakra\u0161\u010dio tr\u0119\u0161imo sistema LIMITER (valdomas [&hellip;]\" \/>\n<meta property=\"og:url\" content=\"https:\/\/www.specagra.ee\/?product=trestuvas-mx\" \/>\n<meta property=\"og:site_name\" content=\"Specagra\" \/>\n<meta property=\"article:modified_time\" content=\"2022-07-08T07:20:42+00:00\" \/>\n<meta property=\"og:image\" content=\"https:\/\/www.specagra.ee\/wp-content\/uploads\/2020\/10\/490.jpg\" \/>\n\t<meta property=\"og:image:width\" content=\"896\" \/>\n\t<meta property=\"og:image:height\" content=\"503\" \/>\n\t<meta property=\"og:image:type\" content=\"image\/jpeg\" \/>\n<meta name=\"twitter:card\" content=\"summary_large_image\" \/>\n<script type=\"application\/ld+json\" class=\"yoast-schema-graph\">{\"@context\":\"https:\/\/schema.org\",\"@graph\":[{\"@type\":\"WebPage\",\"@id\":\"https:\/\/www.specagra.ee\/?product=trestuvas-mx\",\"url\":\"https:\/\/www.specagra.ee\/?product=trestuvas-mx\",\"name\":\"Tr\u0119\u0161tuvas MX - Specagra\",\"isPartOf\":{\"@id\":\"https:\/\/www.specagra.ee\/#website\"},\"primaryImageOfPage\":{\"@id\":\"https:\/\/www.specagra.ee\/?product=trestuvas-mx#primaryimage\"},\"image\":{\"@id\":\"https:\/\/www.specagra.ee\/?product=trestuvas-mx#primaryimage\"},\"thumbnailUrl\":\"https:\/\/www.specagra.ee\/wp-content\/uploads\/2020\/10\/490.jpg\",\"datePublished\":\"2020-10-05T07:05:15+00:00\",\"dateModified\":\"2022-07-08T07:20:42+00:00\",\"breadcrumb\":{\"@id\":\"https:\/\/www.specagra.ee\/?product=trestuvas-mx#breadcrumb\"},\"inLanguage\":\"et\",\"potentialAction\":[{\"@type\":\"ReadAction\",\"target\":[\"https:\/\/www.specagra.ee\/?product=trestuvas-mx\"]}]},{\"@type\":\"ImageObject\",\"inLanguage\":\"et\",\"@id\":\"https:\/\/www.specagra.ee\/?product=trestuvas-mx#primaryimage\",\"url\":\"https:\/\/www.specagra.ee\/wp-content\/uploads\/2020\/10\/490.jpg\",\"contentUrl\":\"https:\/\/www.specagra.ee\/wp-content\/uploads\/2020\/10\/490.jpg\",\"width\":896,\"height\":503,\"caption\":\"Tr\u0119\u0161tuvas MX\"},{\"@type\":\"BreadcrumbList\",\"@id\":\"https:\/\/www.specagra.ee\/?product=trestuvas-mx#breadcrumb\",\"itemListElement\":[{\"@type\":\"ListItem\",\"position\":1,\"name\":\"Home\",\"item\":\"https:\/\/www.specagra.ee\/\"},{\"@type\":\"ListItem\",\"position\":2,\"name\":\"P\u00f5llumajandustehnika ja loomakasvatus\",\"item\":\"https:\/\/specagra.ee\/?page_id=18493\"},{\"@type\":\"ListItem\",\"position\":3,\"name\":\"Tr\u0119\u0161tuvas MX\"}]},{\"@type\":\"WebSite\",\"@id\":\"https:\/\/www.specagra.ee\/#website\",\"url\":\"https:\/\/www.specagra.ee\/\",\"name\":\"Specagra\",\"description\":\"P\u00f5llumajandustehnika ja varuosad\",\"publisher\":{\"@id\":\"https:\/\/www.specagra.ee\/#organization\"},\"potentialAction\":[{\"@type\":\"SearchAction\",\"target\":{\"@type\":\"EntryPoint\",\"urlTemplate\":\"https:\/\/www.specagra.ee\/?s={search_term_string}\"},\"query-input\":{\"@type\":\"PropertyValueSpecification\",\"valueRequired\":true,\"valueName\":\"search_term_string\"}}],\"inLanguage\":\"et\"},{\"@type\":\"Organization\",\"@id\":\"https:\/\/www.specagra.ee\/#organization\",\"name\":\"UAB Specagra\",\"url\":\"https:\/\/www.specagra.ee\/\",\"logo\":{\"@type\":\"ImageObject\",\"inLanguage\":\"et\",\"@id\":\"https:\/\/www.specagra.ee\/#\/schema\/logo\/image\/\",\"url\":\"http:\/\/www.specagra.ee\/wp-content\/uploads\/2022\/02\/SP-logo_naujas-scaled.jpg\",\"contentUrl\":\"http:\/\/www.specagra.ee\/wp-content\/uploads\/2022\/02\/SP-logo_naujas-scaled.jpg\",\"width\":2560,\"height\":326,\"caption\":\"UAB Specagra\"},\"image\":{\"@id\":\"https:\/\/www.specagra.ee\/#\/schema\/logo\/image\/\"}}]}<\/script>\n<!-- \/ Yoast SEO plugin. -->","yoast_head_json":{"title":"Tr\u0119\u0161tuvas MX - Specagra","robots":{"index":"index","follow":"follow","max-snippet":"max-snippet:-1","max-image-preview":"max-image-preview:large","max-video-preview":"max-video-preview:-1"},"canonical":"https:\/\/www.specagra.ee\/?product=trestuvas-mx","og_locale":"et_EE","og_type":"article","og_title":"Tr\u0119\u0161tuvas MX - Specagra","og_description":"Komplektacija: Hidraulinis i\u0161b\u0117rimo sklend\u017ei\u0173 u\u017edarymas\/atidarymas; Bunkerio viduje : sietai, mai\u0161ytuvas; Bunkeris da\u017eytas milteliniu b\u016bdu; Darbiniai elementai pagaminti i\u0161 ner\u016bdijan\u010dio plieno; Kilpa priekabai; \u0160onin\u0117s rankenos; B\u0117rimo plotis reguliuojamas i\u0161b\u0117rimo mentel\u0117mis (nereikalingi \u012frankiai); Transportavimo \u017eibintai (MX 1600-3000) \u00a0\u00a0Papildoma komplektacija: Bunkeris i\u0161 ner\u016bdijan\u010dio plieno; Nepriklausomas hidraulinis sklend\u017ei\u0173 valdymas; Bunkerio dangtis; Pakra\u0161\u010dio tr\u0119\u0161imo diskas; Pakra\u0161\u010dio tr\u0119\u0161imo sistema LIMITER (valdomas [&hellip;]","og_url":"https:\/\/www.specagra.ee\/?product=trestuvas-mx","og_site_name":"Specagra","article_modified_time":"2022-07-08T07:20:42+00:00","og_image":[{"width":896,"height":503,"url":"https:\/\/www.specagra.ee\/wp-content\/uploads\/2020\/10\/490.jpg","type":"image\/jpeg"}],"twitter_card":"summary_large_image","schema":{"@context":"https:\/\/schema.org","@graph":[{"@type":"WebPage","@id":"https:\/\/www.specagra.ee\/?product=trestuvas-mx","url":"https:\/\/www.specagra.ee\/?product=trestuvas-mx","name":"Tr\u0119\u0161tuvas MX - Specagra","isPartOf":{"@id":"https:\/\/www.specagra.ee\/#website"},"primaryImageOfPage":{"@id":"https:\/\/www.specagra.ee\/?product=trestuvas-mx#primaryimage"},"image":{"@id":"https:\/\/www.specagra.ee\/?product=trestuvas-mx#primaryimage"},"thumbnailUrl":"https:\/\/www.specagra.ee\/wp-content\/uploads\/2020\/10\/490.jpg","datePublished":"2020-10-05T07:05:15+00:00","dateModified":"2022-07-08T07:20:42+00:00","breadcrumb":{"@id":"https:\/\/www.specagra.ee\/?product=trestuvas-mx#breadcrumb"},"inLanguage":"et","potentialAction":[{"@type":"ReadAction","target":["https:\/\/www.specagra.ee\/?product=trestuvas-mx"]}]},{"@type":"ImageObject","inLanguage":"et","@id":"https:\/\/www.specagra.ee\/?product=trestuvas-mx#primaryimage","url":"https:\/\/www.specagra.ee\/wp-content\/uploads\/2020\/10\/490.jpg","contentUrl":"https:\/\/www.specagra.ee\/wp-content\/uploads\/2020\/10\/490.jpg","width":896,"height":503,"caption":"Tr\u0119\u0161tuvas MX"},{"@type":"BreadcrumbList","@id":"https:\/\/www.specagra.ee\/?product=trestuvas-mx#breadcrumb","itemListElement":[{"@type":"ListItem","position":1,"name":"Home","item":"https:\/\/www.specagra.ee\/"},{"@type":"ListItem","position":2,"name":"P\u00f5llumajandustehnika ja loomakasvatus","item":"https:\/\/specagra.ee\/?page_id=18493"},{"@type":"ListItem","position":3,"name":"Tr\u0119\u0161tuvas MX"}]},{"@type":"WebSite","@id":"https:\/\/www.specagra.ee\/#website","url":"https:\/\/www.specagra.ee\/","name":"Specagra","description":"P\u00f5llumajandustehnika ja varuosad","publisher":{"@id":"https:\/\/www.specagra.ee\/#organization"},"potentialAction":[{"@type":"SearchAction","target":{"@type":"EntryPoint","urlTemplate":"https:\/\/www.specagra.ee\/?s={search_term_string}"},"query-input":{"@type":"PropertyValueSpecification","valueRequired":true,"valueName":"search_term_string"}}],"inLanguage":"et"},{"@type":"Organization","@id":"https:\/\/www.specagra.ee\/#organization","name":"UAB Specagra","url":"https:\/\/www.specagra.ee\/","logo":{"@type":"ImageObject","inLanguage":"et","@id":"https:\/\/www.specagra.ee\/#\/schema\/logo\/image\/","url":"http:\/\/www.specagra.ee\/wp-content\/uploads\/2022\/02\/SP-logo_naujas-scaled.jpg","contentUrl":"http:\/\/www.specagra.ee\/wp-content\/uploads\/2022\/02\/SP-logo_naujas-scaled.jpg","width":2560,"height":326,"caption":"UAB Specagra"},"image":{"@id":"https:\/\/www.specagra.ee\/#\/schema\/logo\/image\/"}}]}},"_links":{"self":[{"href":"https:\/\/www.specagra.ee\/index.php?rest_route=\/wp\/v2\/product\/13694","targetHints":{"allow":["GET"]}}],"collection":[{"href":"https:\/\/www.specagra.ee\/index.php?rest_route=\/wp\/v2\/product"}],"about":[{"href":"https:\/\/www.specagra.ee\/index.php?rest_route=\/wp\/v2\/types\/product"}],"wp:featuredmedia":[{"embeddable":true,"href":"https:\/\/www.specagra.ee\/index.php?rest_route=\/wp\/v2\/media\/17790"}],"wp:attachment":[{"href":"https:\/\/www.specagra.ee\/index.php?rest_route=%2Fwp%2Fv2%2Fmedia&parent=13694"}],"wp:term":[{"taxonomy":"product_brand","embeddable":true,"href":"https:\/\/www.specagra.ee\/index.php?rest_route=%2Fwp%2Fv2%2Fproduct_brand&post=13694"},{"taxonomy":"product_cat","embeddable":true,"href":"https:\/\/www.specagra.ee\/index.php?rest_route=%2Fwp%2Fv2%2Fproduct_cat&post=13694"},{"taxonomy":"product_tag","embeddable":true,"href":"https:\/\/www.specagra.ee\/index.php?rest_route=%2Fwp%2Fv2%2Fproduct_tag&post=13694"}],"curies":[{"name":"wp","href":"https:\/\/api.w.org\/{rel}","templated":true}]}}