{"id":13632,"date":"2020-10-01T08:16:34","date_gmt":"2020-10-01T10:16:34","guid":{"rendered":"https:\/\/www.specagra.ee.nemokamossvetaines.hostingas.lt\/?post_type=product&#038;p=13632"},"modified":"2022-08-18T11:17:26","modified_gmt":"2022-08-18T13:17:26","slug":"smulkintuvas-metal-fach-z022-duo","status":"publish","type":"product","link":"https:\/\/www.specagra.ee\/?product=smulkintuvas-metal-fach-z022-duo","title":{"rendered":"Smulkintuvas METAL-FACH Z022 DUO"},"content":{"rendered":"<p>Standartin\u0117 \u012franga:<\/p>\n<ul>\n<li>Kardaninis velenas<\/li>\n<\/ul>\n<p>Papildoma \u012franga:<\/p>\n<ul>\n<li>Y tipo peiliukai arba metaliniai plaktukai<\/li>\n<li>Atraminiai rateliai<\/li>\n<li>Atraminis volas<\/li>\n<\/ul>\n","protected":false},"excerpt":{"rendered":"<p>Standartin\u0117 \u012franga: Kardaninis velenas Papildoma \u012franga: Y tipo peiliukai arba metaliniai plaktukai Atraminiai rateliai Atraminis volas<\/p>\n","protected":false},"featured_media":18313,"template":"","meta":{"_et_pb_use_builder":"","_et_pb_old_content":"","_et_gb_content_width":""},"product_brand":[],"product_cat":[96],"product_tag":[],"class_list":{"0":"post-13632","1":"product","2":"type-product","3":"status-publish","4":"has-post-thumbnail","6":"product_cat-kommunaaltehnika","8":"first","9":"instock","10":"shipping-taxable","11":"product-type-simple"},"yoast_head":"<!-- This site is optimized with the Yoast SEO plugin v26.4 - https:\/\/yoast.com\/wordpress\/plugins\/seo\/ -->\n<title>Smulkintuvas METAL-FACH Z022 DUO - Specagra<\/title>\n<meta name=\"robots\" content=\"index, follow, max-snippet:-1, max-image-preview:large, max-video-preview:-1\" \/>\n<link rel=\"canonical\" href=\"https:\/\/www.specagra.ee\/?product=smulkintuvas-metal-fach-z022-duo\" \/>\n<meta property=\"og:locale\" content=\"et_EE\" \/>\n<meta property=\"og:type\" content=\"article\" \/>\n<meta property=\"og:title\" content=\"Smulkintuvas METAL-FACH Z022 DUO - Specagra\" \/>\n<meta property=\"og:description\" content=\"Standartin\u0117 \u012franga: Kardaninis velenas Papildoma \u012franga: Y tipo peiliukai arba metaliniai plaktukai Atraminiai rateliai Atraminis volas\" \/>\n<meta property=\"og:url\" content=\"https:\/\/www.specagra.ee\/?product=smulkintuvas-metal-fach-z022-duo\" \/>\n<meta property=\"og:site_name\" content=\"Specagra\" \/>\n<meta property=\"article:modified_time\" content=\"2022-08-18T13:17:26+00:00\" \/>\n<meta property=\"og:image\" content=\"https:\/\/specagra.ee\/wp-content\/uploads\/2020\/10\/Copy-of-0203139731-1280-\u00d7-720-px-896-\u00d7-503-px52.jpg\" \/>\n\t<meta property=\"og:image:width\" content=\"896\" \/>\n\t<meta property=\"og:image:height\" content=\"503\" \/>\n\t<meta property=\"og:image:type\" content=\"image\/jpeg\" \/>\n<meta name=\"twitter:card\" content=\"summary_large_image\" \/>\n<script type=\"application\/ld+json\" class=\"yoast-schema-graph\">{\"@context\":\"https:\/\/schema.org\",\"@graph\":[{\"@type\":\"WebPage\",\"@id\":\"https:\/\/www.specagra.ee\/?product=smulkintuvas-metal-fach-z022-duo\",\"url\":\"https:\/\/www.specagra.ee\/?product=smulkintuvas-metal-fach-z022-duo\",\"name\":\"Smulkintuvas METAL-FACH Z022 DUO - Specagra\",\"isPartOf\":{\"@id\":\"https:\/\/www.specagra.ee\/#website\"},\"primaryImageOfPage\":{\"@id\":\"https:\/\/www.specagra.ee\/?product=smulkintuvas-metal-fach-z022-duo#primaryimage\"},\"image\":{\"@id\":\"https:\/\/www.specagra.ee\/?product=smulkintuvas-metal-fach-z022-duo#primaryimage\"},\"thumbnailUrl\":\"https:\/\/www.specagra.ee\/wp-content\/uploads\/2020\/10\/Copy-of-0203139731-1280-\u00d7-720-px-896-\u00d7-503-px52.jpg\",\"datePublished\":\"2020-10-01T10:16:34+00:00\",\"dateModified\":\"2022-08-18T13:17:26+00:00\",\"breadcrumb\":{\"@id\":\"https:\/\/www.specagra.ee\/?product=smulkintuvas-metal-fach-z022-duo#breadcrumb\"},\"inLanguage\":\"et\",\"potentialAction\":[{\"@type\":\"ReadAction\",\"target\":[\"https:\/\/www.specagra.ee\/?product=smulkintuvas-metal-fach-z022-duo\"]}]},{\"@type\":\"ImageObject\",\"inLanguage\":\"et\",\"@id\":\"https:\/\/www.specagra.ee\/?product=smulkintuvas-metal-fach-z022-duo#primaryimage\",\"url\":\"https:\/\/www.specagra.ee\/wp-content\/uploads\/2020\/10\/Copy-of-0203139731-1280-\u00d7-720-px-896-\u00d7-503-px52.jpg\",\"contentUrl\":\"https:\/\/www.specagra.ee\/wp-content\/uploads\/2020\/10\/Copy-of-0203139731-1280-\u00d7-720-px-896-\u00d7-503-px52.jpg\",\"width\":896,\"height\":503,\"caption\":\"Smulkintuvas METAL-FACH Z022 DUO\"},{\"@type\":\"BreadcrumbList\",\"@id\":\"https:\/\/www.specagra.ee\/?product=smulkintuvas-metal-fach-z022-duo#breadcrumb\",\"itemListElement\":[{\"@type\":\"ListItem\",\"position\":1,\"name\":\"Home\",\"item\":\"https:\/\/www.specagra.ee\/\"},{\"@type\":\"ListItem\",\"position\":2,\"name\":\"P\u00f5llumajandustehnika ja loomakasvatus\",\"item\":\"https:\/\/specagra.ee\/?page_id=18493\"},{\"@type\":\"ListItem\",\"position\":3,\"name\":\"Smulkintuvas METAL-FACH Z022 DUO\"}]},{\"@type\":\"WebSite\",\"@id\":\"https:\/\/www.specagra.ee\/#website\",\"url\":\"https:\/\/www.specagra.ee\/\",\"name\":\"Specagra\",\"description\":\"P\u00f5llumajandustehnika ja varuosad\",\"publisher\":{\"@id\":\"https:\/\/www.specagra.ee\/#organization\"},\"potentialAction\":[{\"@type\":\"SearchAction\",\"target\":{\"@type\":\"EntryPoint\",\"urlTemplate\":\"https:\/\/www.specagra.ee\/?s={search_term_string}\"},\"query-input\":{\"@type\":\"PropertyValueSpecification\",\"valueRequired\":true,\"valueName\":\"search_term_string\"}}],\"inLanguage\":\"et\"},{\"@type\":\"Organization\",\"@id\":\"https:\/\/www.specagra.ee\/#organization\",\"name\":\"UAB Specagra\",\"url\":\"https:\/\/www.specagra.ee\/\",\"logo\":{\"@type\":\"ImageObject\",\"inLanguage\":\"et\",\"@id\":\"https:\/\/www.specagra.ee\/#\/schema\/logo\/image\/\",\"url\":\"http:\/\/www.specagra.ee\/wp-content\/uploads\/2022\/02\/SP-logo_naujas-scaled.jpg\",\"contentUrl\":\"http:\/\/www.specagra.ee\/wp-content\/uploads\/2022\/02\/SP-logo_naujas-scaled.jpg\",\"width\":2560,\"height\":326,\"caption\":\"UAB Specagra\"},\"image\":{\"@id\":\"https:\/\/www.specagra.ee\/#\/schema\/logo\/image\/\"}}]}<\/script>\n<!-- \/ Yoast SEO plugin. -->","yoast_head_json":{"title":"Smulkintuvas METAL-FACH Z022 DUO - Specagra","robots":{"index":"index","follow":"follow","max-snippet":"max-snippet:-1","max-image-preview":"max-image-preview:large","max-video-preview":"max-video-preview:-1"},"canonical":"https:\/\/www.specagra.ee\/?product=smulkintuvas-metal-fach-z022-duo","og_locale":"et_EE","og_type":"article","og_title":"Smulkintuvas METAL-FACH Z022 DUO - Specagra","og_description":"Standartin\u0117 \u012franga: Kardaninis velenas Papildoma \u012franga: Y tipo peiliukai arba metaliniai plaktukai Atraminiai rateliai Atraminis volas","og_url":"https:\/\/www.specagra.ee\/?product=smulkintuvas-metal-fach-z022-duo","og_site_name":"Specagra","article_modified_time":"2022-08-18T13:17:26+00:00","og_image":[{"width":896,"height":503,"url":"https:\/\/specagra.ee\/wp-content\/uploads\/2020\/10\/Copy-of-0203139731-1280-\u00d7-720-px-896-\u00d7-503-px52.jpg","type":"image\/jpeg"}],"twitter_card":"summary_large_image","schema":{"@context":"https:\/\/schema.org","@graph":[{"@type":"WebPage","@id":"https:\/\/www.specagra.ee\/?product=smulkintuvas-metal-fach-z022-duo","url":"https:\/\/www.specagra.ee\/?product=smulkintuvas-metal-fach-z022-duo","name":"Smulkintuvas METAL-FACH Z022 DUO - Specagra","isPartOf":{"@id":"https:\/\/www.specagra.ee\/#website"},"primaryImageOfPage":{"@id":"https:\/\/www.specagra.ee\/?product=smulkintuvas-metal-fach-z022-duo#primaryimage"},"image":{"@id":"https:\/\/www.specagra.ee\/?product=smulkintuvas-metal-fach-z022-duo#primaryimage"},"thumbnailUrl":"https:\/\/www.specagra.ee\/wp-content\/uploads\/2020\/10\/Copy-of-0203139731-1280-\u00d7-720-px-896-\u00d7-503-px52.jpg","datePublished":"2020-10-01T10:16:34+00:00","dateModified":"2022-08-18T13:17:26+00:00","breadcrumb":{"@id":"https:\/\/www.specagra.ee\/?product=smulkintuvas-metal-fach-z022-duo#breadcrumb"},"inLanguage":"et","potentialAction":[{"@type":"ReadAction","target":["https:\/\/www.specagra.ee\/?product=smulkintuvas-metal-fach-z022-duo"]}]},{"@type":"ImageObject","inLanguage":"et","@id":"https:\/\/www.specagra.ee\/?product=smulkintuvas-metal-fach-z022-duo#primaryimage","url":"https:\/\/www.specagra.ee\/wp-content\/uploads\/2020\/10\/Copy-of-0203139731-1280-\u00d7-720-px-896-\u00d7-503-px52.jpg","contentUrl":"https:\/\/www.specagra.ee\/wp-content\/uploads\/2020\/10\/Copy-of-0203139731-1280-\u00d7-720-px-896-\u00d7-503-px52.jpg","width":896,"height":503,"caption":"Smulkintuvas METAL-FACH Z022 DUO"},{"@type":"BreadcrumbList","@id":"https:\/\/www.specagra.ee\/?product=smulkintuvas-metal-fach-z022-duo#breadcrumb","itemListElement":[{"@type":"ListItem","position":1,"name":"Home","item":"https:\/\/www.specagra.ee\/"},{"@type":"ListItem","position":2,"name":"P\u00f5llumajandustehnika ja loomakasvatus","item":"https:\/\/specagra.ee\/?page_id=18493"},{"@type":"ListItem","position":3,"name":"Smulkintuvas METAL-FACH Z022 DUO"}]},{"@type":"WebSite","@id":"https:\/\/www.specagra.ee\/#website","url":"https:\/\/www.specagra.ee\/","name":"Specagra","description":"P\u00f5llumajandustehnika ja varuosad","publisher":{"@id":"https:\/\/www.specagra.ee\/#organization"},"potentialAction":[{"@type":"SearchAction","target":{"@type":"EntryPoint","urlTemplate":"https:\/\/www.specagra.ee\/?s={search_term_string}"},"query-input":{"@type":"PropertyValueSpecification","valueRequired":true,"valueName":"search_term_string"}}],"inLanguage":"et"},{"@type":"Organization","@id":"https:\/\/www.specagra.ee\/#organization","name":"UAB Specagra","url":"https:\/\/www.specagra.ee\/","logo":{"@type":"ImageObject","inLanguage":"et","@id":"https:\/\/www.specagra.ee\/#\/schema\/logo\/image\/","url":"http:\/\/www.specagra.ee\/wp-content\/uploads\/2022\/02\/SP-logo_naujas-scaled.jpg","contentUrl":"http:\/\/www.specagra.ee\/wp-content\/uploads\/2022\/02\/SP-logo_naujas-scaled.jpg","width":2560,"height":326,"caption":"UAB Specagra"},"image":{"@id":"https:\/\/www.specagra.ee\/#\/schema\/logo\/image\/"}}]}},"_links":{"self":[{"href":"https:\/\/www.specagra.ee\/index.php?rest_route=\/wp\/v2\/product\/13632","targetHints":{"allow":["GET"]}}],"collection":[{"href":"https:\/\/www.specagra.ee\/index.php?rest_route=\/wp\/v2\/product"}],"about":[{"href":"https:\/\/www.specagra.ee\/index.php?rest_route=\/wp\/v2\/types\/product"}],"wp:featuredmedia":[{"embeddable":true,"href":"https:\/\/www.specagra.ee\/index.php?rest_route=\/wp\/v2\/media\/18313"}],"wp:attachment":[{"href":"https:\/\/www.specagra.ee\/index.php?rest_route=%2Fwp%2Fv2%2Fmedia&parent=13632"}],"wp:term":[{"taxonomy":"product_brand","embeddable":true,"href":"https:\/\/www.specagra.ee\/index.php?rest_route=%2Fwp%2Fv2%2Fproduct_brand&post=13632"},{"taxonomy":"product_cat","embeddable":true,"href":"https:\/\/www.specagra.ee\/index.php?rest_route=%2Fwp%2Fv2%2Fproduct_cat&post=13632"},{"taxonomy":"product_tag","embeddable":true,"href":"https:\/\/www.specagra.ee\/index.php?rest_route=%2Fwp%2Fv2%2Fproduct_tag&post=13632"}],"curies":[{"name":"wp","href":"https:\/\/api.w.org\/{rel}","templated":true}]}}