{"id":13600,"date":"2020-10-01T04:30:43","date_gmt":"2020-10-01T06:30:43","guid":{"rendered":"https:\/\/www.specagra.ee.nemokamossvetaines.hostingas.lt\/?post_type=product&#038;p=13600"},"modified":"2020-10-02T05:45:46","modified_gmt":"2020-10-02T07:45:46","slug":"puspriekabe-metal-fach-t935-6","status":"publish","type":"product","link":"https:\/\/www.specagra.ee\/?product=puspriekabe-metal-fach-t935-6","title":{"rendered":"Puspriekab\u0117 METAL-FACH T935\/6"},"content":{"rendered":"<p>Standartin\u0117 \u012franga:<\/p>\n<ul>\n<li>Parabolin\u0117 spyruoklin\u0117 pakaba;<\/li>\n<li>Ratai 550\/60 R22,5;<\/li>\n<li>&#8220;Haldex&#8221; pneumatin\u0117 stabd\u017ei\u0173 sistema;<\/li>\n<li>Pneumatinis stov\u0117jimo stabdys;<\/li>\n<li>Hidrauli\u0161kai stumdoma priekin\u0117 sienel\u0117;<\/li>\n<li>Priekin\u0117s sienel\u0117s stumdymo reguliavimas;<\/li>\n<li>Prikabinimo sija amortizuojanti su i\u0161ilgine spyruokle;<\/li>\n<li>Priekinis tinklelis, mechani\u0161kai reguliuojamas;<\/li>\n<li>Hidrauli\u0161kai valdomas galinis dangtis su u\u017eraktais;<\/li>\n<li>Hidraulin\u0117 pastatymo koja;<\/li>\n<li>Prikabinimo sijos kilpa \u00d840 mm;<\/li>\n<li>Paki\u0161os po ratais.<\/li>\n<\/ul>\n","protected":false},"excerpt":{"rendered":"<p>Standartin\u0117 \u012franga: Parabolin\u0117 spyruoklin\u0117 pakaba; Ratai 550\/60 R22,5; &#8220;Haldex&#8221; pneumatin\u0117 stabd\u017ei\u0173 sistema; Pneumatinis stov\u0117jimo stabdys; Hidrauli\u0161kai stumdoma priekin\u0117 sienel\u0117; Priekin\u0117s sienel\u0117s stumdymo reguliavimas; Prikabinimo sija amortizuojanti su i\u0161ilgine spyruokle; Priekinis tinklelis, mechani\u0161kai reguliuojamas; Hidrauli\u0161kai valdomas galinis dangtis su u\u017eraktais; Hidraulin\u0117 pastatymo koja; Prikabinimo sijos kilpa \u00d840 mm; Paki\u0161os po ratais.<\/p>\n","protected":false},"featured_media":13601,"template":"","meta":{"_et_pb_use_builder":"","_et_pb_old_content":"","_et_gb_content_width":""},"product_brand":[],"product_cat":[95],"product_tag":[],"class_list":{"0":"post-13600","1":"product","2":"type-product","3":"status-publish","4":"has-post-thumbnail","6":"product_cat-traktorikarud-ja-poolhaagised","8":"first","9":"instock","10":"shipping-taxable","11":"product-type-simple"},"yoast_head":"<!-- This site is optimized with the Yoast SEO plugin v26.4 - https:\/\/yoast.com\/wordpress\/plugins\/seo\/ -->\n<title>Puspriekab\u0117 METAL-FACH T935\/6 - Specagra<\/title>\n<meta name=\"robots\" content=\"index, follow, max-snippet:-1, max-image-preview:large, max-video-preview:-1\" \/>\n<link rel=\"canonical\" href=\"https:\/\/www.specagra.ee\/?product=puspriekabe-metal-fach-t935-6\" \/>\n<meta property=\"og:locale\" content=\"et_EE\" \/>\n<meta property=\"og:type\" content=\"article\" \/>\n<meta property=\"og:title\" content=\"Puspriekab\u0117 METAL-FACH T935\/6 - Specagra\" \/>\n<meta property=\"og:description\" content=\"Standartin\u0117 \u012franga: Parabolin\u0117 spyruoklin\u0117 pakaba; Ratai 550\/60 R22,5; &#8220;Haldex&#8221; pneumatin\u0117 stabd\u017ei\u0173 sistema; Pneumatinis stov\u0117jimo stabdys; Hidrauli\u0161kai stumdoma priekin\u0117 sienel\u0117; Priekin\u0117s sienel\u0117s stumdymo reguliavimas; Prikabinimo sija amortizuojanti su i\u0161ilgine spyruokle; Priekinis tinklelis, mechani\u0161kai reguliuojamas; Hidrauli\u0161kai valdomas galinis dangtis su u\u017eraktais; Hidraulin\u0117 pastatymo koja; Prikabinimo sijos kilpa \u00d840 mm; Paki\u0161os po ratais.\" \/>\n<meta property=\"og:url\" content=\"https:\/\/www.specagra.ee\/?product=puspriekabe-metal-fach-t935-6\" \/>\n<meta property=\"og:site_name\" content=\"Specagra\" \/>\n<meta property=\"article:modified_time\" content=\"2020-10-02T07:45:46+00:00\" \/>\n<meta property=\"og:image\" content=\"https:\/\/specagra.ee\/wp-content\/uploads\/2020\/10\/przyczepa-z-ukladem-zsuwajacym_T691.webp\" \/>\n\t<meta property=\"og:image:width\" content=\"1920\" \/>\n\t<meta property=\"og:image:height\" content=\"1080\" \/>\n\t<meta property=\"og:image:type\" content=\"image\/webp\" \/>\n<meta name=\"twitter:card\" content=\"summary_large_image\" \/>\n<script type=\"application\/ld+json\" class=\"yoast-schema-graph\">{\"@context\":\"https:\/\/schema.org\",\"@graph\":[{\"@type\":\"WebPage\",\"@id\":\"https:\/\/www.specagra.ee\/?product=puspriekabe-metal-fach-t935-6\",\"url\":\"https:\/\/www.specagra.ee\/?product=puspriekabe-metal-fach-t935-6\",\"name\":\"Puspriekab\u0117 METAL-FACH T935\/6 - Specagra\",\"isPartOf\":{\"@id\":\"https:\/\/www.specagra.ee\/#website\"},\"primaryImageOfPage\":{\"@id\":\"https:\/\/www.specagra.ee\/?product=puspriekabe-metal-fach-t935-6#primaryimage\"},\"image\":{\"@id\":\"https:\/\/www.specagra.ee\/?product=puspriekabe-metal-fach-t935-6#primaryimage\"},\"thumbnailUrl\":\"https:\/\/www.specagra.ee\/wp-content\/uploads\/2020\/10\/przyczepa-z-ukladem-zsuwajacym_T691.webp\",\"datePublished\":\"2020-10-01T06:30:43+00:00\",\"dateModified\":\"2020-10-02T07:45:46+00:00\",\"breadcrumb\":{\"@id\":\"https:\/\/www.specagra.ee\/?product=puspriekabe-metal-fach-t935-6#breadcrumb\"},\"inLanguage\":\"et\",\"potentialAction\":[{\"@type\":\"ReadAction\",\"target\":[\"https:\/\/www.specagra.ee\/?product=puspriekabe-metal-fach-t935-6\"]}]},{\"@type\":\"ImageObject\",\"inLanguage\":\"et\",\"@id\":\"https:\/\/www.specagra.ee\/?product=puspriekabe-metal-fach-t935-6#primaryimage\",\"url\":\"https:\/\/www.specagra.ee\/wp-content\/uploads\/2020\/10\/przyczepa-z-ukladem-zsuwajacym_T691.webp\",\"contentUrl\":\"https:\/\/www.specagra.ee\/wp-content\/uploads\/2020\/10\/przyczepa-z-ukladem-zsuwajacym_T691.webp\",\"width\":1920,\"height\":1080,\"caption\":\"Puspriekab\u0117 METAL-FACH T935\/6\"},{\"@type\":\"BreadcrumbList\",\"@id\":\"https:\/\/www.specagra.ee\/?product=puspriekabe-metal-fach-t935-6#breadcrumb\",\"itemListElement\":[{\"@type\":\"ListItem\",\"position\":1,\"name\":\"Home\",\"item\":\"https:\/\/www.specagra.ee\/\"},{\"@type\":\"ListItem\",\"position\":2,\"name\":\"P\u00f5llumajandustehnika ja loomakasvatus\",\"item\":\"https:\/\/specagra.ee\/?page_id=18493\"},{\"@type\":\"ListItem\",\"position\":3,\"name\":\"Puspriekab\u0117 METAL-FACH T935\/6\"}]},{\"@type\":\"WebSite\",\"@id\":\"https:\/\/www.specagra.ee\/#website\",\"url\":\"https:\/\/www.specagra.ee\/\",\"name\":\"Specagra\",\"description\":\"P\u00f5llumajandustehnika ja varuosad\",\"publisher\":{\"@id\":\"https:\/\/www.specagra.ee\/#organization\"},\"potentialAction\":[{\"@type\":\"SearchAction\",\"target\":{\"@type\":\"EntryPoint\",\"urlTemplate\":\"https:\/\/www.specagra.ee\/?s={search_term_string}\"},\"query-input\":{\"@type\":\"PropertyValueSpecification\",\"valueRequired\":true,\"valueName\":\"search_term_string\"}}],\"inLanguage\":\"et\"},{\"@type\":\"Organization\",\"@id\":\"https:\/\/www.specagra.ee\/#organization\",\"name\":\"UAB Specagra\",\"url\":\"https:\/\/www.specagra.ee\/\",\"logo\":{\"@type\":\"ImageObject\",\"inLanguage\":\"et\",\"@id\":\"https:\/\/www.specagra.ee\/#\/schema\/logo\/image\/\",\"url\":\"http:\/\/www.specagra.ee\/wp-content\/uploads\/2022\/02\/SP-logo_naujas-scaled.jpg\",\"contentUrl\":\"http:\/\/www.specagra.ee\/wp-content\/uploads\/2022\/02\/SP-logo_naujas-scaled.jpg\",\"width\":2560,\"height\":326,\"caption\":\"UAB Specagra\"},\"image\":{\"@id\":\"https:\/\/www.specagra.ee\/#\/schema\/logo\/image\/\"}}]}<\/script>\n<!-- \/ Yoast SEO plugin. -->","yoast_head_json":{"title":"Puspriekab\u0117 METAL-FACH T935\/6 - Specagra","robots":{"index":"index","follow":"follow","max-snippet":"max-snippet:-1","max-image-preview":"max-image-preview:large","max-video-preview":"max-video-preview:-1"},"canonical":"https:\/\/www.specagra.ee\/?product=puspriekabe-metal-fach-t935-6","og_locale":"et_EE","og_type":"article","og_title":"Puspriekab\u0117 METAL-FACH T935\/6 - Specagra","og_description":"Standartin\u0117 \u012franga: Parabolin\u0117 spyruoklin\u0117 pakaba; Ratai 550\/60 R22,5; &#8220;Haldex&#8221; pneumatin\u0117 stabd\u017ei\u0173 sistema; Pneumatinis stov\u0117jimo stabdys; Hidrauli\u0161kai stumdoma priekin\u0117 sienel\u0117; Priekin\u0117s sienel\u0117s stumdymo reguliavimas; Prikabinimo sija amortizuojanti su i\u0161ilgine spyruokle; Priekinis tinklelis, mechani\u0161kai reguliuojamas; Hidrauli\u0161kai valdomas galinis dangtis su u\u017eraktais; Hidraulin\u0117 pastatymo koja; Prikabinimo sijos kilpa \u00d840 mm; Paki\u0161os po ratais.","og_url":"https:\/\/www.specagra.ee\/?product=puspriekabe-metal-fach-t935-6","og_site_name":"Specagra","article_modified_time":"2020-10-02T07:45:46+00:00","og_image":[{"width":1920,"height":1080,"url":"https:\/\/specagra.ee\/wp-content\/uploads\/2020\/10\/przyczepa-z-ukladem-zsuwajacym_T691.webp","type":"image\/webp"}],"twitter_card":"summary_large_image","schema":{"@context":"https:\/\/schema.org","@graph":[{"@type":"WebPage","@id":"https:\/\/www.specagra.ee\/?product=puspriekabe-metal-fach-t935-6","url":"https:\/\/www.specagra.ee\/?product=puspriekabe-metal-fach-t935-6","name":"Puspriekab\u0117 METAL-FACH T935\/6 - Specagra","isPartOf":{"@id":"https:\/\/www.specagra.ee\/#website"},"primaryImageOfPage":{"@id":"https:\/\/www.specagra.ee\/?product=puspriekabe-metal-fach-t935-6#primaryimage"},"image":{"@id":"https:\/\/www.specagra.ee\/?product=puspriekabe-metal-fach-t935-6#primaryimage"},"thumbnailUrl":"https:\/\/www.specagra.ee\/wp-content\/uploads\/2020\/10\/przyczepa-z-ukladem-zsuwajacym_T691.webp","datePublished":"2020-10-01T06:30:43+00:00","dateModified":"2020-10-02T07:45:46+00:00","breadcrumb":{"@id":"https:\/\/www.specagra.ee\/?product=puspriekabe-metal-fach-t935-6#breadcrumb"},"inLanguage":"et","potentialAction":[{"@type":"ReadAction","target":["https:\/\/www.specagra.ee\/?product=puspriekabe-metal-fach-t935-6"]}]},{"@type":"ImageObject","inLanguage":"et","@id":"https:\/\/www.specagra.ee\/?product=puspriekabe-metal-fach-t935-6#primaryimage","url":"https:\/\/www.specagra.ee\/wp-content\/uploads\/2020\/10\/przyczepa-z-ukladem-zsuwajacym_T691.webp","contentUrl":"https:\/\/www.specagra.ee\/wp-content\/uploads\/2020\/10\/przyczepa-z-ukladem-zsuwajacym_T691.webp","width":1920,"height":1080,"caption":"Puspriekab\u0117 METAL-FACH T935\/6"},{"@type":"BreadcrumbList","@id":"https:\/\/www.specagra.ee\/?product=puspriekabe-metal-fach-t935-6#breadcrumb","itemListElement":[{"@type":"ListItem","position":1,"name":"Home","item":"https:\/\/www.specagra.ee\/"},{"@type":"ListItem","position":2,"name":"P\u00f5llumajandustehnika ja loomakasvatus","item":"https:\/\/specagra.ee\/?page_id=18493"},{"@type":"ListItem","position":3,"name":"Puspriekab\u0117 METAL-FACH T935\/6"}]},{"@type":"WebSite","@id":"https:\/\/www.specagra.ee\/#website","url":"https:\/\/www.specagra.ee\/","name":"Specagra","description":"P\u00f5llumajandustehnika ja varuosad","publisher":{"@id":"https:\/\/www.specagra.ee\/#organization"},"potentialAction":[{"@type":"SearchAction","target":{"@type":"EntryPoint","urlTemplate":"https:\/\/www.specagra.ee\/?s={search_term_string}"},"query-input":{"@type":"PropertyValueSpecification","valueRequired":true,"valueName":"search_term_string"}}],"inLanguage":"et"},{"@type":"Organization","@id":"https:\/\/www.specagra.ee\/#organization","name":"UAB Specagra","url":"https:\/\/www.specagra.ee\/","logo":{"@type":"ImageObject","inLanguage":"et","@id":"https:\/\/www.specagra.ee\/#\/schema\/logo\/image\/","url":"http:\/\/www.specagra.ee\/wp-content\/uploads\/2022\/02\/SP-logo_naujas-scaled.jpg","contentUrl":"http:\/\/www.specagra.ee\/wp-content\/uploads\/2022\/02\/SP-logo_naujas-scaled.jpg","width":2560,"height":326,"caption":"UAB Specagra"},"image":{"@id":"https:\/\/www.specagra.ee\/#\/schema\/logo\/image\/"}}]}},"_links":{"self":[{"href":"https:\/\/www.specagra.ee\/index.php?rest_route=\/wp\/v2\/product\/13600","targetHints":{"allow":["GET"]}}],"collection":[{"href":"https:\/\/www.specagra.ee\/index.php?rest_route=\/wp\/v2\/product"}],"about":[{"href":"https:\/\/www.specagra.ee\/index.php?rest_route=\/wp\/v2\/types\/product"}],"wp:featuredmedia":[{"embeddable":true,"href":"https:\/\/www.specagra.ee\/index.php?rest_route=\/wp\/v2\/media\/13601"}],"wp:attachment":[{"href":"https:\/\/www.specagra.ee\/index.php?rest_route=%2Fwp%2Fv2%2Fmedia&parent=13600"}],"wp:term":[{"taxonomy":"product_brand","embeddable":true,"href":"https:\/\/www.specagra.ee\/index.php?rest_route=%2Fwp%2Fv2%2Fproduct_brand&post=13600"},{"taxonomy":"product_cat","embeddable":true,"href":"https:\/\/www.specagra.ee\/index.php?rest_route=%2Fwp%2Fv2%2Fproduct_cat&post=13600"},{"taxonomy":"product_tag","embeddable":true,"href":"https:\/\/www.specagra.ee\/index.php?rest_route=%2Fwp%2Fv2%2Fproduct_tag&post=13600"}],"curies":[{"name":"wp","href":"https:\/\/api.w.org\/{rel}","templated":true}]}}