{"id":13057,"date":"2020-09-24T07:48:04","date_gmt":"2020-09-24T09:48:04","guid":{"rendered":"https:\/\/www.specagra.ee.nemokamossvetaines.hostingas.lt\/?post_type=product&#038;p=13057"},"modified":"2022-10-04T10:12:22","modified_gmt":"2022-10-04T12:12:22","slug":"puspriekabe-metal-fach-t935","status":"publish","type":"product","link":"https:\/\/www.specagra.ee\/?product=puspriekabe-metal-fach-t935","title":{"rendered":"Puspriekab\u0117 METAL-FACH T935"},"content":{"rendered":"<p>Standartin\u0117 \u012franga:<\/p>\n<ul>\n<li>kop\u0117\u010dios su auk\u0161\u010dio reguliavimu priekin\u0117je sienel\u0117je<\/li>\n<li>galinis bortas pakeliamas hidrauli\u0161kai<\/li>\n<li>automatiniai u\u017edaromieji prietaisai galiniame borte<\/li>\n<li>plok\u0161\u010dias sparnas vir\u0161 rat\u0173<\/li>\n<li>langas priekin\u0117je sienel\u0117je<\/li>\n<li>parabolin\u0117 pakaba<\/li>\n<li>a\u0161ys 130&#215;130 mm fiksuotos<\/li>\n<li>\u00d850 mm prikabinimo sijos kilpa<\/li>\n<li>ratai 385\/65 R22,5<\/li>\n<li>lingin\u0117 amortizacija prikabinimo sijos<\/li>\n<li>2-j\u0173 kont\u016br\u0173 pneumatiniai stabd\u017eiai<\/li>\n<li>pneumatinis stov\u0117jimo stabdys<\/li>\n<li>hidraulin\u0117 pastatymo koja<\/li>\n<li>paki\u0161os po ratais<\/li>\n<li>u\u017elenkiamas galinis buferis<\/li>\n<li>i\u0161vertimo hidraulika<\/li>\n<\/ul>\n<p>Papildoma \u012franga:<\/p>\n<ul>\n<li>I\u0161pylimo anga galiniame borte<\/li>\n<li>papildomi metaliniai bortai 300 mm<\/li>\n<li>papildomi metaliniai bortai 500 mm<\/li>\n<li>papildomi aliuminiai bortai 600 mm<\/li>\n<li>papildomi aliuminiai bortai 800 mm (tik T935\/1; T935\/2)<\/li>\n<li>tentas su tvirtinimu T935\u00a0\u00a0 rankinis suvyniojimas<\/li>\n<li>darbin\u0117 aik\u0161tel\u0117<\/li>\n<li>tentas vidinis<\/li>\n<li>a\u0161is 130&#215;130 (tik T935\/1)<\/li>\n<li>a\u0161is pasyvi 130&#215;130<\/li>\n<li>a\u0161is vairuojama 130&#215;130<\/li>\n<li>a\u0161is pasyvi 150&#215;150<\/li>\n<li>va\u017eiuokl\u0117 BOOGIE (a\u0161ys 150&#215;150)<\/li>\n<li>hidraulinis a\u0161ies stabilizavimas<\/li>\n<li>hidrauliniai stabd\u017eiai<\/li>\n<li>hidrauliniai-pneumatiniai su ALB kranu stabd\u017eiai<\/li>\n<li>pneumatiniai stabd\u017eiai su ALB kranu<\/li>\n<li>ratai 560\/60-22,5<\/li>\n<li>ratai 600\/55-22,5 &#8220;ALLIANCE&#8221; (netinka T935\/2)<\/li>\n<li>ratai 650\/55-26,5 &#8220;ALLIANCE&#8221; (netinka T935\/2)<\/li>\n<li>ratai 600\/50-22,5 &#8220;MICHELIN&#8221;<\/li>\n<li>rankinis galinis prikabinimo \u012ftaisas<\/li>\n<li>automatinis galinis prikabinimo \u012ftaisas<\/li>\n<li>prikabinimas burbulinis K80<\/li>\n<li>hidraulin\u0117 prikabinimo sijos amortizacija<\/li>\n<li>nuosava hidraulika<\/li>\n<li>purvasaugiai 4 vnt.<\/li>\n<li>bakelis vandeniui<\/li>\n<li>daiktad\u0117\u017e\u0117<\/li>\n<li>apsauginis r\u0117mas (juostos) po puspriekabe<\/li>\n<li>i\u0161vadai gale kitos priekabos prijungimui<\/li>\n<\/ul>\n","protected":false},"excerpt":{"rendered":"<p>Standartin\u0117 \u012franga: kop\u0117\u010dios su auk\u0161\u010dio reguliavimu priekin\u0117je sienel\u0117je galinis bortas pakeliamas hidrauli\u0161kai automatiniai u\u017edaromieji prietaisai galiniame borte plok\u0161\u010dias sparnas vir\u0161 rat\u0173 langas priekin\u0117je sienel\u0117je parabolin\u0117 pakaba a\u0161ys 130&#215;130 mm fiksuotos \u00d850 mm prikabinimo sijos kilpa ratai 385\/65 R22,5 lingin\u0117 amortizacija prikabinimo sijos 2-j\u0173 kont\u016br\u0173 pneumatiniai stabd\u017eiai pneumatinis stov\u0117jimo stabdys hidraulin\u0117 pastatymo koja paki\u0161os po ratais [&hellip;]<\/p>\n","protected":false},"featured_media":18991,"template":"","meta":{"_et_pb_use_builder":"","_et_pb_old_content":"","_et_gb_content_width":""},"product_brand":[],"product_cat":[95],"product_tag":[],"class_list":{"0":"post-13057","1":"product","2":"type-product","3":"status-publish","4":"has-post-thumbnail","6":"product_cat-traktorikarud-ja-poolhaagised","8":"first","9":"instock","10":"shipping-taxable","11":"product-type-simple"},"yoast_head":"<!-- This site is optimized with the Yoast SEO plugin v26.4 - https:\/\/yoast.com\/wordpress\/plugins\/seo\/ -->\n<title>Puspriekab\u0117 METAL-FACH T935 - Specagra<\/title>\n<meta name=\"robots\" content=\"index, follow, max-snippet:-1, max-image-preview:large, max-video-preview:-1\" \/>\n<link rel=\"canonical\" href=\"https:\/\/www.specagra.ee\/?product=puspriekabe-metal-fach-t935\" \/>\n<meta property=\"og:locale\" content=\"et_EE\" \/>\n<meta property=\"og:type\" content=\"article\" \/>\n<meta property=\"og:title\" content=\"Puspriekab\u0117 METAL-FACH T935 - Specagra\" \/>\n<meta property=\"og:description\" content=\"Standartin\u0117 \u012franga: kop\u0117\u010dios su auk\u0161\u010dio reguliavimu priekin\u0117je sienel\u0117je galinis bortas pakeliamas hidrauli\u0161kai automatiniai u\u017edaromieji prietaisai galiniame borte plok\u0161\u010dias sparnas vir\u0161 rat\u0173 langas priekin\u0117je sienel\u0117je parabolin\u0117 pakaba a\u0161ys 130&#215;130 mm fiksuotos \u00d850 mm prikabinimo sijos kilpa ratai 385\/65 R22,5 lingin\u0117 amortizacija prikabinimo sijos 2-j\u0173 kont\u016br\u0173 pneumatiniai stabd\u017eiai pneumatinis stov\u0117jimo stabdys hidraulin\u0117 pastatymo koja paki\u0161os po ratais [&hellip;]\" \/>\n<meta property=\"og:url\" content=\"https:\/\/www.specagra.ee\/?product=puspriekabe-metal-fach-t935\" \/>\n<meta property=\"og:site_name\" content=\"Specagra\" \/>\n<meta property=\"article:modified_time\" content=\"2022-10-04T12:12:22+00:00\" \/>\n<meta property=\"og:image\" content=\"https:\/\/www.specagra.ee\/wp-content\/uploads\/2020\/09\/Copy-of-0203139731-1280-\u00d7-720-px-896-\u00d7-503-px115.jpg\" \/>\n\t<meta property=\"og:image:width\" content=\"896\" \/>\n\t<meta property=\"og:image:height\" content=\"503\" \/>\n\t<meta property=\"og:image:type\" content=\"image\/jpeg\" \/>\n<meta name=\"twitter:card\" content=\"summary_large_image\" \/>\n<meta name=\"twitter:label1\" content=\"Est. reading time\" \/>\n\t<meta name=\"twitter:data1\" content=\"1 minut\" \/>\n<script type=\"application\/ld+json\" class=\"yoast-schema-graph\">{\"@context\":\"https:\/\/schema.org\",\"@graph\":[{\"@type\":\"WebPage\",\"@id\":\"https:\/\/www.specagra.ee\/?product=puspriekabe-metal-fach-t935\",\"url\":\"https:\/\/www.specagra.ee\/?product=puspriekabe-metal-fach-t935\",\"name\":\"Puspriekab\u0117 METAL-FACH T935 - Specagra\",\"isPartOf\":{\"@id\":\"https:\/\/www.specagra.ee\/#website\"},\"primaryImageOfPage\":{\"@id\":\"https:\/\/www.specagra.ee\/?product=puspriekabe-metal-fach-t935#primaryimage\"},\"image\":{\"@id\":\"https:\/\/www.specagra.ee\/?product=puspriekabe-metal-fach-t935#primaryimage\"},\"thumbnailUrl\":\"https:\/\/www.specagra.ee\/wp-content\/uploads\/2020\/09\/Copy-of-0203139731-1280-\u00d7-720-px-896-\u00d7-503-px115.jpg\",\"datePublished\":\"2020-09-24T09:48:04+00:00\",\"dateModified\":\"2022-10-04T12:12:22+00:00\",\"breadcrumb\":{\"@id\":\"https:\/\/www.specagra.ee\/?product=puspriekabe-metal-fach-t935#breadcrumb\"},\"inLanguage\":\"et\",\"potentialAction\":[{\"@type\":\"ReadAction\",\"target\":[\"https:\/\/www.specagra.ee\/?product=puspriekabe-metal-fach-t935\"]}]},{\"@type\":\"ImageObject\",\"inLanguage\":\"et\",\"@id\":\"https:\/\/www.specagra.ee\/?product=puspriekabe-metal-fach-t935#primaryimage\",\"url\":\"https:\/\/www.specagra.ee\/wp-content\/uploads\/2020\/09\/Copy-of-0203139731-1280-\u00d7-720-px-896-\u00d7-503-px115.jpg\",\"contentUrl\":\"https:\/\/www.specagra.ee\/wp-content\/uploads\/2020\/09\/Copy-of-0203139731-1280-\u00d7-720-px-896-\u00d7-503-px115.jpg\",\"width\":896,\"height\":503,\"caption\":\"Puspriekab\u0117 METAL-FACH T935\"},{\"@type\":\"BreadcrumbList\",\"@id\":\"https:\/\/www.specagra.ee\/?product=puspriekabe-metal-fach-t935#breadcrumb\",\"itemListElement\":[{\"@type\":\"ListItem\",\"position\":1,\"name\":\"Home\",\"item\":\"https:\/\/www.specagra.ee\/\"},{\"@type\":\"ListItem\",\"position\":2,\"name\":\"P\u00f5llumajandustehnika ja loomakasvatus\",\"item\":\"https:\/\/specagra.ee\/?page_id=18493\"},{\"@type\":\"ListItem\",\"position\":3,\"name\":\"Puspriekab\u0117 METAL-FACH T935\"}]},{\"@type\":\"WebSite\",\"@id\":\"https:\/\/www.specagra.ee\/#website\",\"url\":\"https:\/\/www.specagra.ee\/\",\"name\":\"Specagra\",\"description\":\"P\u00f5llumajandustehnika ja varuosad\",\"publisher\":{\"@id\":\"https:\/\/www.specagra.ee\/#organization\"},\"potentialAction\":[{\"@type\":\"SearchAction\",\"target\":{\"@type\":\"EntryPoint\",\"urlTemplate\":\"https:\/\/www.specagra.ee\/?s={search_term_string}\"},\"query-input\":{\"@type\":\"PropertyValueSpecification\",\"valueRequired\":true,\"valueName\":\"search_term_string\"}}],\"inLanguage\":\"et\"},{\"@type\":\"Organization\",\"@id\":\"https:\/\/www.specagra.ee\/#organization\",\"name\":\"UAB Specagra\",\"url\":\"https:\/\/www.specagra.ee\/\",\"logo\":{\"@type\":\"ImageObject\",\"inLanguage\":\"et\",\"@id\":\"https:\/\/www.specagra.ee\/#\/schema\/logo\/image\/\",\"url\":\"http:\/\/www.specagra.ee\/wp-content\/uploads\/2022\/02\/SP-logo_naujas-scaled.jpg\",\"contentUrl\":\"http:\/\/www.specagra.ee\/wp-content\/uploads\/2022\/02\/SP-logo_naujas-scaled.jpg\",\"width\":2560,\"height\":326,\"caption\":\"UAB Specagra\"},\"image\":{\"@id\":\"https:\/\/www.specagra.ee\/#\/schema\/logo\/image\/\"}}]}<\/script>\n<!-- \/ Yoast SEO plugin. -->","yoast_head_json":{"title":"Puspriekab\u0117 METAL-FACH T935 - Specagra","robots":{"index":"index","follow":"follow","max-snippet":"max-snippet:-1","max-image-preview":"max-image-preview:large","max-video-preview":"max-video-preview:-1"},"canonical":"https:\/\/www.specagra.ee\/?product=puspriekabe-metal-fach-t935","og_locale":"et_EE","og_type":"article","og_title":"Puspriekab\u0117 METAL-FACH T935 - Specagra","og_description":"Standartin\u0117 \u012franga: kop\u0117\u010dios su auk\u0161\u010dio reguliavimu priekin\u0117je sienel\u0117je galinis bortas pakeliamas hidrauli\u0161kai automatiniai u\u017edaromieji prietaisai galiniame borte plok\u0161\u010dias sparnas vir\u0161 rat\u0173 langas priekin\u0117je sienel\u0117je parabolin\u0117 pakaba a\u0161ys 130&#215;130 mm fiksuotos \u00d850 mm prikabinimo sijos kilpa ratai 385\/65 R22,5 lingin\u0117 amortizacija prikabinimo sijos 2-j\u0173 kont\u016br\u0173 pneumatiniai stabd\u017eiai pneumatinis stov\u0117jimo stabdys hidraulin\u0117 pastatymo koja paki\u0161os po ratais [&hellip;]","og_url":"https:\/\/www.specagra.ee\/?product=puspriekabe-metal-fach-t935","og_site_name":"Specagra","article_modified_time":"2022-10-04T12:12:22+00:00","og_image":[{"width":896,"height":503,"url":"https:\/\/www.specagra.ee\/wp-content\/uploads\/2020\/09\/Copy-of-0203139731-1280-\u00d7-720-px-896-\u00d7-503-px115.jpg","type":"image\/jpeg"}],"twitter_card":"summary_large_image","twitter_misc":{"Est. reading time":"1 minut"},"schema":{"@context":"https:\/\/schema.org","@graph":[{"@type":"WebPage","@id":"https:\/\/www.specagra.ee\/?product=puspriekabe-metal-fach-t935","url":"https:\/\/www.specagra.ee\/?product=puspriekabe-metal-fach-t935","name":"Puspriekab\u0117 METAL-FACH T935 - Specagra","isPartOf":{"@id":"https:\/\/www.specagra.ee\/#website"},"primaryImageOfPage":{"@id":"https:\/\/www.specagra.ee\/?product=puspriekabe-metal-fach-t935#primaryimage"},"image":{"@id":"https:\/\/www.specagra.ee\/?product=puspriekabe-metal-fach-t935#primaryimage"},"thumbnailUrl":"https:\/\/www.specagra.ee\/wp-content\/uploads\/2020\/09\/Copy-of-0203139731-1280-\u00d7-720-px-896-\u00d7-503-px115.jpg","datePublished":"2020-09-24T09:48:04+00:00","dateModified":"2022-10-04T12:12:22+00:00","breadcrumb":{"@id":"https:\/\/www.specagra.ee\/?product=puspriekabe-metal-fach-t935#breadcrumb"},"inLanguage":"et","potentialAction":[{"@type":"ReadAction","target":["https:\/\/www.specagra.ee\/?product=puspriekabe-metal-fach-t935"]}]},{"@type":"ImageObject","inLanguage":"et","@id":"https:\/\/www.specagra.ee\/?product=puspriekabe-metal-fach-t935#primaryimage","url":"https:\/\/www.specagra.ee\/wp-content\/uploads\/2020\/09\/Copy-of-0203139731-1280-\u00d7-720-px-896-\u00d7-503-px115.jpg","contentUrl":"https:\/\/www.specagra.ee\/wp-content\/uploads\/2020\/09\/Copy-of-0203139731-1280-\u00d7-720-px-896-\u00d7-503-px115.jpg","width":896,"height":503,"caption":"Puspriekab\u0117 METAL-FACH T935"},{"@type":"BreadcrumbList","@id":"https:\/\/www.specagra.ee\/?product=puspriekabe-metal-fach-t935#breadcrumb","itemListElement":[{"@type":"ListItem","position":1,"name":"Home","item":"https:\/\/www.specagra.ee\/"},{"@type":"ListItem","position":2,"name":"P\u00f5llumajandustehnika ja loomakasvatus","item":"https:\/\/specagra.ee\/?page_id=18493"},{"@type":"ListItem","position":3,"name":"Puspriekab\u0117 METAL-FACH T935"}]},{"@type":"WebSite","@id":"https:\/\/www.specagra.ee\/#website","url":"https:\/\/www.specagra.ee\/","name":"Specagra","description":"P\u00f5llumajandustehnika ja varuosad","publisher":{"@id":"https:\/\/www.specagra.ee\/#organization"},"potentialAction":[{"@type":"SearchAction","target":{"@type":"EntryPoint","urlTemplate":"https:\/\/www.specagra.ee\/?s={search_term_string}"},"query-input":{"@type":"PropertyValueSpecification","valueRequired":true,"valueName":"search_term_string"}}],"inLanguage":"et"},{"@type":"Organization","@id":"https:\/\/www.specagra.ee\/#organization","name":"UAB Specagra","url":"https:\/\/www.specagra.ee\/","logo":{"@type":"ImageObject","inLanguage":"et","@id":"https:\/\/www.specagra.ee\/#\/schema\/logo\/image\/","url":"http:\/\/www.specagra.ee\/wp-content\/uploads\/2022\/02\/SP-logo_naujas-scaled.jpg","contentUrl":"http:\/\/www.specagra.ee\/wp-content\/uploads\/2022\/02\/SP-logo_naujas-scaled.jpg","width":2560,"height":326,"caption":"UAB Specagra"},"image":{"@id":"https:\/\/www.specagra.ee\/#\/schema\/logo\/image\/"}}]}},"_links":{"self":[{"href":"https:\/\/www.specagra.ee\/index.php?rest_route=\/wp\/v2\/product\/13057","targetHints":{"allow":["GET"]}}],"collection":[{"href":"https:\/\/www.specagra.ee\/index.php?rest_route=\/wp\/v2\/product"}],"about":[{"href":"https:\/\/www.specagra.ee\/index.php?rest_route=\/wp\/v2\/types\/product"}],"wp:featuredmedia":[{"embeddable":true,"href":"https:\/\/www.specagra.ee\/index.php?rest_route=\/wp\/v2\/media\/18991"}],"wp:attachment":[{"href":"https:\/\/www.specagra.ee\/index.php?rest_route=%2Fwp%2Fv2%2Fmedia&parent=13057"}],"wp:term":[{"taxonomy":"product_brand","embeddable":true,"href":"https:\/\/www.specagra.ee\/index.php?rest_route=%2Fwp%2Fv2%2Fproduct_brand&post=13057"},{"taxonomy":"product_cat","embeddable":true,"href":"https:\/\/www.specagra.ee\/index.php?rest_route=%2Fwp%2Fv2%2Fproduct_cat&post=13057"},{"taxonomy":"product_tag","embeddable":true,"href":"https:\/\/www.specagra.ee\/index.php?rest_route=%2Fwp%2Fv2%2Fproduct_tag&post=13057"}],"curies":[{"name":"wp","href":"https:\/\/api.w.org\/{rel}","templated":true}]}}