{"id":12989,"date":"2020-09-23T05:41:33","date_gmt":"2020-09-23T07:41:33","guid":{"rendered":"https:\/\/www.specagra.ee.nemokamossvetaines.hostingas.lt\/?post_type=product&#038;p=12989"},"modified":"2022-07-20T10:28:50","modified_gmt":"2022-07-20T12:28:50","slug":"z237","status":"publish","type":"product","link":"https:\/\/www.specagra.ee\/?product=z237","title":{"rendered":"Vyniotuvas METAL-FACH Z237"},"content":{"rendered":"<p>Standartin\u0117 \u012franga:<\/p>\n<ul>\n<li>sujungimas su traktoriumi per \u017eem\u0117s \u016bkio kabl\u012f arba vir\u0161utin\u012f transporto kabl\u012f<\/li>\n<li>elektroninis apvyniojim\u0173 skaitiklis<\/li>\n<li>pastatymo koja<\/li>\n<li>automatinis pl\u0117vel\u0117s nupjovimas<\/li>\n<li>mechaninis arba hidraulinis valdymas<\/li>\n<li>pl\u0117vel\u0117s tiektuvas &#8211; 500\/750 mm<\/li>\n<\/ul>\n","protected":false},"excerpt":{"rendered":"<p>Standartin\u0117 \u012franga: sujungimas su traktoriumi per \u017eem\u0117s \u016bkio kabl\u012f arba vir\u0161utin\u012f transporto kabl\u012f elektroninis apvyniojim\u0173 skaitiklis pastatymo koja automatinis pl\u0117vel\u0117s nupjovimas mechaninis arba hidraulinis valdymas pl\u0117vel\u0117s tiektuvas &#8211; 500\/750 mm<\/p>\n","protected":false},"featured_media":18010,"template":"","meta":{"_et_pb_use_builder":"","_et_pb_old_content":"","_et_gb_content_width":""},"product_brand":[],"product_cat":[93],"product_tag":[],"class_list":{"0":"post-12989","1":"product","2":"type-product","3":"status-publish","4":"has-post-thumbnail","6":"product_cat-mahkimismasinad-lahtivotumasinad","8":"first","9":"instock","10":"shipping-taxable","11":"product-type-simple"},"yoast_head":"<!-- This site is optimized with the Yoast SEO plugin v26.4 - https:\/\/yoast.com\/wordpress\/plugins\/seo\/ -->\n<title>Vyniotuvas METAL-FACH Z237 - Specagra<\/title>\n<meta name=\"robots\" content=\"index, follow, max-snippet:-1, max-image-preview:large, max-video-preview:-1\" \/>\n<link rel=\"canonical\" href=\"https:\/\/www.specagra.ee\/?product=z237\" \/>\n<meta property=\"og:locale\" content=\"et_EE\" \/>\n<meta property=\"og:type\" content=\"article\" \/>\n<meta property=\"og:title\" content=\"Vyniotuvas METAL-FACH Z237 - Specagra\" \/>\n<meta property=\"og:description\" content=\"Standartin\u0117 \u012franga: sujungimas su traktoriumi per \u017eem\u0117s \u016bkio kabl\u012f arba vir\u0161utin\u012f transporto kabl\u012f elektroninis apvyniojim\u0173 skaitiklis pastatymo koja automatinis pl\u0117vel\u0117s nupjovimas mechaninis arba hidraulinis valdymas pl\u0117vel\u0117s tiektuvas &#8211; 500\/750 mm\" \/>\n<meta property=\"og:url\" content=\"https:\/\/www.specagra.ee\/?product=z237\" \/>\n<meta property=\"og:site_name\" content=\"Specagra\" \/>\n<meta property=\"article:modified_time\" content=\"2022-07-20T12:28:50+00:00\" \/>\n<meta property=\"og:image\" content=\"https:\/\/www.specagra.ee\/wp-content\/uploads\/2020\/09\/z237.png\" \/>\n\t<meta property=\"og:image:width\" content=\"1280\" \/>\n\t<meta property=\"og:image:height\" content=\"720\" \/>\n\t<meta property=\"og:image:type\" content=\"image\/png\" \/>\n<meta name=\"twitter:card\" content=\"summary_large_image\" \/>\n<script type=\"application\/ld+json\" class=\"yoast-schema-graph\">{\"@context\":\"https:\/\/schema.org\",\"@graph\":[{\"@type\":\"WebPage\",\"@id\":\"https:\/\/www.specagra.ee\/?product=z237\",\"url\":\"https:\/\/www.specagra.ee\/?product=z237\",\"name\":\"Vyniotuvas METAL-FACH Z237 - Specagra\",\"isPartOf\":{\"@id\":\"https:\/\/www.specagra.ee\/#website\"},\"primaryImageOfPage\":{\"@id\":\"https:\/\/www.specagra.ee\/?product=z237#primaryimage\"},\"image\":{\"@id\":\"https:\/\/www.specagra.ee\/?product=z237#primaryimage\"},\"thumbnailUrl\":\"https:\/\/www.specagra.ee\/wp-content\/uploads\/2020\/09\/z237.png\",\"datePublished\":\"2020-09-23T07:41:33+00:00\",\"dateModified\":\"2022-07-20T12:28:50+00:00\",\"breadcrumb\":{\"@id\":\"https:\/\/www.specagra.ee\/?product=z237#breadcrumb\"},\"inLanguage\":\"et\",\"potentialAction\":[{\"@type\":\"ReadAction\",\"target\":[\"https:\/\/www.specagra.ee\/?product=z237\"]}]},{\"@type\":\"ImageObject\",\"inLanguage\":\"et\",\"@id\":\"https:\/\/www.specagra.ee\/?product=z237#primaryimage\",\"url\":\"https:\/\/www.specagra.ee\/wp-content\/uploads\/2020\/09\/z237.png\",\"contentUrl\":\"https:\/\/www.specagra.ee\/wp-content\/uploads\/2020\/09\/z237.png\",\"width\":1280,\"height\":720,\"caption\":\"Vyniotuvas METAL-FACH Z237\"},{\"@type\":\"BreadcrumbList\",\"@id\":\"https:\/\/www.specagra.ee\/?product=z237#breadcrumb\",\"itemListElement\":[{\"@type\":\"ListItem\",\"position\":1,\"name\":\"Home\",\"item\":\"https:\/\/www.specagra.ee\/\"},{\"@type\":\"ListItem\",\"position\":2,\"name\":\"P\u00f5llumajandustehnika ja loomakasvatus\",\"item\":\"https:\/\/specagra.ee\/?page_id=18493\"},{\"@type\":\"ListItem\",\"position\":3,\"name\":\"Vyniotuvas METAL-FACH Z237\"}]},{\"@type\":\"WebSite\",\"@id\":\"https:\/\/www.specagra.ee\/#website\",\"url\":\"https:\/\/www.specagra.ee\/\",\"name\":\"Specagra\",\"description\":\"P\u00f5llumajandustehnika ja varuosad\",\"publisher\":{\"@id\":\"https:\/\/www.specagra.ee\/#organization\"},\"potentialAction\":[{\"@type\":\"SearchAction\",\"target\":{\"@type\":\"EntryPoint\",\"urlTemplate\":\"https:\/\/www.specagra.ee\/?s={search_term_string}\"},\"query-input\":{\"@type\":\"PropertyValueSpecification\",\"valueRequired\":true,\"valueName\":\"search_term_string\"}}],\"inLanguage\":\"et\"},{\"@type\":\"Organization\",\"@id\":\"https:\/\/www.specagra.ee\/#organization\",\"name\":\"UAB Specagra\",\"url\":\"https:\/\/www.specagra.ee\/\",\"logo\":{\"@type\":\"ImageObject\",\"inLanguage\":\"et\",\"@id\":\"https:\/\/www.specagra.ee\/#\/schema\/logo\/image\/\",\"url\":\"http:\/\/www.specagra.ee\/wp-content\/uploads\/2022\/02\/SP-logo_naujas-scaled.jpg\",\"contentUrl\":\"http:\/\/www.specagra.ee\/wp-content\/uploads\/2022\/02\/SP-logo_naujas-scaled.jpg\",\"width\":2560,\"height\":326,\"caption\":\"UAB Specagra\"},\"image\":{\"@id\":\"https:\/\/www.specagra.ee\/#\/schema\/logo\/image\/\"}}]}<\/script>\n<!-- \/ Yoast SEO plugin. -->","yoast_head_json":{"title":"Vyniotuvas METAL-FACH Z237 - Specagra","robots":{"index":"index","follow":"follow","max-snippet":"max-snippet:-1","max-image-preview":"max-image-preview:large","max-video-preview":"max-video-preview:-1"},"canonical":"https:\/\/www.specagra.ee\/?product=z237","og_locale":"et_EE","og_type":"article","og_title":"Vyniotuvas METAL-FACH Z237 - Specagra","og_description":"Standartin\u0117 \u012franga: sujungimas su traktoriumi per \u017eem\u0117s \u016bkio kabl\u012f arba vir\u0161utin\u012f transporto kabl\u012f elektroninis apvyniojim\u0173 skaitiklis pastatymo koja automatinis pl\u0117vel\u0117s nupjovimas mechaninis arba hidraulinis valdymas pl\u0117vel\u0117s tiektuvas &#8211; 500\/750 mm","og_url":"https:\/\/www.specagra.ee\/?product=z237","og_site_name":"Specagra","article_modified_time":"2022-07-20T12:28:50+00:00","og_image":[{"width":1280,"height":720,"url":"https:\/\/www.specagra.ee\/wp-content\/uploads\/2020\/09\/z237.png","type":"image\/png"}],"twitter_card":"summary_large_image","schema":{"@context":"https:\/\/schema.org","@graph":[{"@type":"WebPage","@id":"https:\/\/www.specagra.ee\/?product=z237","url":"https:\/\/www.specagra.ee\/?product=z237","name":"Vyniotuvas METAL-FACH Z237 - Specagra","isPartOf":{"@id":"https:\/\/www.specagra.ee\/#website"},"primaryImageOfPage":{"@id":"https:\/\/www.specagra.ee\/?product=z237#primaryimage"},"image":{"@id":"https:\/\/www.specagra.ee\/?product=z237#primaryimage"},"thumbnailUrl":"https:\/\/www.specagra.ee\/wp-content\/uploads\/2020\/09\/z237.png","datePublished":"2020-09-23T07:41:33+00:00","dateModified":"2022-07-20T12:28:50+00:00","breadcrumb":{"@id":"https:\/\/www.specagra.ee\/?product=z237#breadcrumb"},"inLanguage":"et","potentialAction":[{"@type":"ReadAction","target":["https:\/\/www.specagra.ee\/?product=z237"]}]},{"@type":"ImageObject","inLanguage":"et","@id":"https:\/\/www.specagra.ee\/?product=z237#primaryimage","url":"https:\/\/www.specagra.ee\/wp-content\/uploads\/2020\/09\/z237.png","contentUrl":"https:\/\/www.specagra.ee\/wp-content\/uploads\/2020\/09\/z237.png","width":1280,"height":720,"caption":"Vyniotuvas METAL-FACH Z237"},{"@type":"BreadcrumbList","@id":"https:\/\/www.specagra.ee\/?product=z237#breadcrumb","itemListElement":[{"@type":"ListItem","position":1,"name":"Home","item":"https:\/\/www.specagra.ee\/"},{"@type":"ListItem","position":2,"name":"P\u00f5llumajandustehnika ja loomakasvatus","item":"https:\/\/specagra.ee\/?page_id=18493"},{"@type":"ListItem","position":3,"name":"Vyniotuvas METAL-FACH Z237"}]},{"@type":"WebSite","@id":"https:\/\/www.specagra.ee\/#website","url":"https:\/\/www.specagra.ee\/","name":"Specagra","description":"P\u00f5llumajandustehnika ja varuosad","publisher":{"@id":"https:\/\/www.specagra.ee\/#organization"},"potentialAction":[{"@type":"SearchAction","target":{"@type":"EntryPoint","urlTemplate":"https:\/\/www.specagra.ee\/?s={search_term_string}"},"query-input":{"@type":"PropertyValueSpecification","valueRequired":true,"valueName":"search_term_string"}}],"inLanguage":"et"},{"@type":"Organization","@id":"https:\/\/www.specagra.ee\/#organization","name":"UAB Specagra","url":"https:\/\/www.specagra.ee\/","logo":{"@type":"ImageObject","inLanguage":"et","@id":"https:\/\/www.specagra.ee\/#\/schema\/logo\/image\/","url":"http:\/\/www.specagra.ee\/wp-content\/uploads\/2022\/02\/SP-logo_naujas-scaled.jpg","contentUrl":"http:\/\/www.specagra.ee\/wp-content\/uploads\/2022\/02\/SP-logo_naujas-scaled.jpg","width":2560,"height":326,"caption":"UAB Specagra"},"image":{"@id":"https:\/\/www.specagra.ee\/#\/schema\/logo\/image\/"}}]}},"_links":{"self":[{"href":"https:\/\/www.specagra.ee\/index.php?rest_route=\/wp\/v2\/product\/12989","targetHints":{"allow":["GET"]}}],"collection":[{"href":"https:\/\/www.specagra.ee\/index.php?rest_route=\/wp\/v2\/product"}],"about":[{"href":"https:\/\/www.specagra.ee\/index.php?rest_route=\/wp\/v2\/types\/product"}],"wp:featuredmedia":[{"embeddable":true,"href":"https:\/\/www.specagra.ee\/index.php?rest_route=\/wp\/v2\/media\/18010"}],"wp:attachment":[{"href":"https:\/\/www.specagra.ee\/index.php?rest_route=%2Fwp%2Fv2%2Fmedia&parent=12989"}],"wp:term":[{"taxonomy":"product_brand","embeddable":true,"href":"https:\/\/www.specagra.ee\/index.php?rest_route=%2Fwp%2Fv2%2Fproduct_brand&post=12989"},{"taxonomy":"product_cat","embeddable":true,"href":"https:\/\/www.specagra.ee\/index.php?rest_route=%2Fwp%2Fv2%2Fproduct_cat&post=12989"},{"taxonomy":"product_tag","embeddable":true,"href":"https:\/\/www.specagra.ee\/index.php?rest_route=%2Fwp%2Fv2%2Fproduct_tag&post=12989"}],"curies":[{"name":"wp","href":"https:\/\/api.w.org\/{rel}","templated":true}]}}