{"id":12817,"date":"2020-09-22T09:51:34","date_gmt":"2020-09-22T11:51:34","guid":{"rendered":"https:\/\/www.specagra.ee.nemokamossvetaines.hostingas.lt\/?post_type=product&#038;p=12817"},"modified":"2022-05-27T05:56:33","modified_gmt":"2022-05-27T07:56:33","slug":"ceres-l-xl","status":"publish","type":"product","link":"https:\/\/www.specagra.ee\/?product=ceres-l-xl","title":{"rendered":"Kultivatorius CERES L\/XL"},"content":{"rendered":"<p>Komplektacija CERES L :<\/p>\n<ul>\n<li>Pakabinimo a\u0161is diam. 60-825\/28 mm ;<\/li>\n<li>Juostinis priekinis metalinis volas (diametras 300mm);<\/li>\n<li>Dvi eil\u0117s norag\u0173 SU -CERES L 2;<\/li>\n<li>Trys eil\u0117s norag\u0173 SU -CERES L 3;<\/li>\n<li>S\u0117jamosios pakaba su vienu cilindru;<\/li>\n<li>S\u0117jamosios rat\u0173 atramos;<\/li>\n<\/ul>\n<p>Komplektacija CERES XL :<\/p>\n<ul>\n<li>Pakabinimo a\u0161is diam. 60-825\/28 mm ;<\/li>\n<li>Juostinis priekinis metalinis volas (diametras 320mm);<\/li>\n<li>Trys eil\u0117s norag\u0173 SV;<\/li>\n<li>S\u0117jamosios pakaba su vienu cilindru;<\/li>\n<li>S\u0117jamosios rat\u0173 atramos;<\/li>\n<\/ul>\n<p>Papildoma \u012franga:<\/p>\n<ul>\n<li>Transportavimo \u017eibintai;<\/li>\n<li>Prikabinimo sija 60-825\/36; 60-965\/36<\/li>\n<\/ul>\n","protected":false},"excerpt":{"rendered":"<p>Komplektacija CERES L : Pakabinimo a\u0161is diam. 60-825\/28 mm ; Juostinis priekinis metalinis volas (diametras 300mm); Dvi eil\u0117s norag\u0173 SU -CERES L 2; Trys eil\u0117s norag\u0173 SU -CERES L 3; S\u0117jamosios pakaba su vienu cilindru; S\u0117jamosios rat\u0173 atramos; Komplektacija CERES XL : Pakabinimo a\u0161is diam. 60-825\/28 mm ; Juostinis priekinis metalinis volas (diametras 320mm); Trys [&hellip;]<\/p>\n","protected":false},"featured_media":17401,"template":"","meta":{"_et_pb_use_builder":"","_et_pb_old_content":"","_et_gb_content_width":""},"product_brand":[],"product_cat":[40],"product_tag":[],"class_list":{"0":"post-12817","1":"product","2":"type-product","3":"status-publish","4":"has-post-thumbnail","6":"product_cat-kultivaatorid","8":"first","9":"instock","10":"shipping-taxable","11":"product-type-simple"},"yoast_head":"<!-- This site is optimized with the Yoast SEO plugin v26.4 - https:\/\/yoast.com\/wordpress\/plugins\/seo\/ -->\n<title>Kultivatorius CERES L\/XL - Specagra<\/title>\n<meta name=\"robots\" content=\"index, follow, max-snippet:-1, max-image-preview:large, max-video-preview:-1\" \/>\n<link rel=\"canonical\" href=\"https:\/\/www.specagra.ee\/?product=ceres-l-xl\" \/>\n<meta property=\"og:locale\" content=\"et_EE\" \/>\n<meta property=\"og:type\" content=\"article\" \/>\n<meta property=\"og:title\" content=\"Kultivatorius CERES L\/XL - Specagra\" \/>\n<meta property=\"og:description\" content=\"Komplektacija CERES L : Pakabinimo a\u0161is diam. 60-825\/28 mm ; Juostinis priekinis metalinis volas (diametras 300mm); Dvi eil\u0117s norag\u0173 SU -CERES L 2; Trys eil\u0117s norag\u0173 SU -CERES L 3; S\u0117jamosios pakaba su vienu cilindru; S\u0117jamosios rat\u0173 atramos; Komplektacija CERES XL : Pakabinimo a\u0161is diam. 60-825\/28 mm ; Juostinis priekinis metalinis volas (diametras 320mm); Trys [&hellip;]\" \/>\n<meta property=\"og:url\" content=\"https:\/\/www.specagra.ee\/?product=ceres-l-xl\" \/>\n<meta property=\"og:site_name\" content=\"Specagra\" \/>\n<meta property=\"article:modified_time\" content=\"2022-05-27T07:56:33+00:00\" \/>\n<meta property=\"og:image\" content=\"https:\/\/www.specagra.ee\/wp-content\/uploads\/2020\/09\/kret-Sb_b-9.jpg\" \/>\n\t<meta property=\"og:image:width\" content=\"1280\" \/>\n\t<meta property=\"og:image:height\" content=\"720\" \/>\n\t<meta property=\"og:image:type\" content=\"image\/jpeg\" \/>\n<meta name=\"twitter:card\" content=\"summary_large_image\" \/>\n<script type=\"application\/ld+json\" class=\"yoast-schema-graph\">{\"@context\":\"https:\/\/schema.org\",\"@graph\":[{\"@type\":\"WebPage\",\"@id\":\"https:\/\/www.specagra.ee\/?product=ceres-l-xl\",\"url\":\"https:\/\/www.specagra.ee\/?product=ceres-l-xl\",\"name\":\"Kultivatorius CERES L\/XL - Specagra\",\"isPartOf\":{\"@id\":\"https:\/\/www.specagra.ee\/#website\"},\"primaryImageOfPage\":{\"@id\":\"https:\/\/www.specagra.ee\/?product=ceres-l-xl#primaryimage\"},\"image\":{\"@id\":\"https:\/\/www.specagra.ee\/?product=ceres-l-xl#primaryimage\"},\"thumbnailUrl\":\"https:\/\/www.specagra.ee\/wp-content\/uploads\/2020\/09\/kret-Sb_b-9.jpg\",\"datePublished\":\"2020-09-22T11:51:34+00:00\",\"dateModified\":\"2022-05-27T07:56:33+00:00\",\"breadcrumb\":{\"@id\":\"https:\/\/www.specagra.ee\/?product=ceres-l-xl#breadcrumb\"},\"inLanguage\":\"et\",\"potentialAction\":[{\"@type\":\"ReadAction\",\"target\":[\"https:\/\/www.specagra.ee\/?product=ceres-l-xl\"]}]},{\"@type\":\"ImageObject\",\"inLanguage\":\"et\",\"@id\":\"https:\/\/www.specagra.ee\/?product=ceres-l-xl#primaryimage\",\"url\":\"https:\/\/www.specagra.ee\/wp-content\/uploads\/2020\/09\/kret-Sb_b-9.jpg\",\"contentUrl\":\"https:\/\/www.specagra.ee\/wp-content\/uploads\/2020\/09\/kret-Sb_b-9.jpg\",\"width\":1280,\"height\":720,\"caption\":\"Kultivatorius CERES L\/XL\"},{\"@type\":\"BreadcrumbList\",\"@id\":\"https:\/\/www.specagra.ee\/?product=ceres-l-xl#breadcrumb\",\"itemListElement\":[{\"@type\":\"ListItem\",\"position\":1,\"name\":\"Home\",\"item\":\"https:\/\/www.specagra.ee\/\"},{\"@type\":\"ListItem\",\"position\":2,\"name\":\"P\u00f5llumajandustehnika ja loomakasvatus\",\"item\":\"https:\/\/specagra.ee\/?page_id=18493\"},{\"@type\":\"ListItem\",\"position\":3,\"name\":\"Kultivatorius CERES L\/XL\"}]},{\"@type\":\"WebSite\",\"@id\":\"https:\/\/www.specagra.ee\/#website\",\"url\":\"https:\/\/www.specagra.ee\/\",\"name\":\"Specagra\",\"description\":\"P\u00f5llumajandustehnika ja varuosad\",\"publisher\":{\"@id\":\"https:\/\/www.specagra.ee\/#organization\"},\"potentialAction\":[{\"@type\":\"SearchAction\",\"target\":{\"@type\":\"EntryPoint\",\"urlTemplate\":\"https:\/\/www.specagra.ee\/?s={search_term_string}\"},\"query-input\":{\"@type\":\"PropertyValueSpecification\",\"valueRequired\":true,\"valueName\":\"search_term_string\"}}],\"inLanguage\":\"et\"},{\"@type\":\"Organization\",\"@id\":\"https:\/\/www.specagra.ee\/#organization\",\"name\":\"UAB Specagra\",\"url\":\"https:\/\/www.specagra.ee\/\",\"logo\":{\"@type\":\"ImageObject\",\"inLanguage\":\"et\",\"@id\":\"https:\/\/www.specagra.ee\/#\/schema\/logo\/image\/\",\"url\":\"http:\/\/www.specagra.ee\/wp-content\/uploads\/2022\/02\/SP-logo_naujas-scaled.jpg\",\"contentUrl\":\"http:\/\/www.specagra.ee\/wp-content\/uploads\/2022\/02\/SP-logo_naujas-scaled.jpg\",\"width\":2560,\"height\":326,\"caption\":\"UAB Specagra\"},\"image\":{\"@id\":\"https:\/\/www.specagra.ee\/#\/schema\/logo\/image\/\"}}]}<\/script>\n<!-- \/ Yoast SEO plugin. -->","yoast_head_json":{"title":"Kultivatorius CERES L\/XL - Specagra","robots":{"index":"index","follow":"follow","max-snippet":"max-snippet:-1","max-image-preview":"max-image-preview:large","max-video-preview":"max-video-preview:-1"},"canonical":"https:\/\/www.specagra.ee\/?product=ceres-l-xl","og_locale":"et_EE","og_type":"article","og_title":"Kultivatorius CERES L\/XL - Specagra","og_description":"Komplektacija CERES L : Pakabinimo a\u0161is diam. 60-825\/28 mm ; Juostinis priekinis metalinis volas (diametras 300mm); Dvi eil\u0117s norag\u0173 SU -CERES L 2; Trys eil\u0117s norag\u0173 SU -CERES L 3; S\u0117jamosios pakaba su vienu cilindru; S\u0117jamosios rat\u0173 atramos; Komplektacija CERES XL : Pakabinimo a\u0161is diam. 60-825\/28 mm ; Juostinis priekinis metalinis volas (diametras 320mm); Trys [&hellip;]","og_url":"https:\/\/www.specagra.ee\/?product=ceres-l-xl","og_site_name":"Specagra","article_modified_time":"2022-05-27T07:56:33+00:00","og_image":[{"width":1280,"height":720,"url":"https:\/\/www.specagra.ee\/wp-content\/uploads\/2020\/09\/kret-Sb_b-9.jpg","type":"image\/jpeg"}],"twitter_card":"summary_large_image","schema":{"@context":"https:\/\/schema.org","@graph":[{"@type":"WebPage","@id":"https:\/\/www.specagra.ee\/?product=ceres-l-xl","url":"https:\/\/www.specagra.ee\/?product=ceres-l-xl","name":"Kultivatorius CERES L\/XL - Specagra","isPartOf":{"@id":"https:\/\/www.specagra.ee\/#website"},"primaryImageOfPage":{"@id":"https:\/\/www.specagra.ee\/?product=ceres-l-xl#primaryimage"},"image":{"@id":"https:\/\/www.specagra.ee\/?product=ceres-l-xl#primaryimage"},"thumbnailUrl":"https:\/\/www.specagra.ee\/wp-content\/uploads\/2020\/09\/kret-Sb_b-9.jpg","datePublished":"2020-09-22T11:51:34+00:00","dateModified":"2022-05-27T07:56:33+00:00","breadcrumb":{"@id":"https:\/\/www.specagra.ee\/?product=ceres-l-xl#breadcrumb"},"inLanguage":"et","potentialAction":[{"@type":"ReadAction","target":["https:\/\/www.specagra.ee\/?product=ceres-l-xl"]}]},{"@type":"ImageObject","inLanguage":"et","@id":"https:\/\/www.specagra.ee\/?product=ceres-l-xl#primaryimage","url":"https:\/\/www.specagra.ee\/wp-content\/uploads\/2020\/09\/kret-Sb_b-9.jpg","contentUrl":"https:\/\/www.specagra.ee\/wp-content\/uploads\/2020\/09\/kret-Sb_b-9.jpg","width":1280,"height":720,"caption":"Kultivatorius CERES L\/XL"},{"@type":"BreadcrumbList","@id":"https:\/\/www.specagra.ee\/?product=ceres-l-xl#breadcrumb","itemListElement":[{"@type":"ListItem","position":1,"name":"Home","item":"https:\/\/www.specagra.ee\/"},{"@type":"ListItem","position":2,"name":"P\u00f5llumajandustehnika ja loomakasvatus","item":"https:\/\/specagra.ee\/?page_id=18493"},{"@type":"ListItem","position":3,"name":"Kultivatorius CERES L\/XL"}]},{"@type":"WebSite","@id":"https:\/\/www.specagra.ee\/#website","url":"https:\/\/www.specagra.ee\/","name":"Specagra","description":"P\u00f5llumajandustehnika ja varuosad","publisher":{"@id":"https:\/\/www.specagra.ee\/#organization"},"potentialAction":[{"@type":"SearchAction","target":{"@type":"EntryPoint","urlTemplate":"https:\/\/www.specagra.ee\/?s={search_term_string}"},"query-input":{"@type":"PropertyValueSpecification","valueRequired":true,"valueName":"search_term_string"}}],"inLanguage":"et"},{"@type":"Organization","@id":"https:\/\/www.specagra.ee\/#organization","name":"UAB Specagra","url":"https:\/\/www.specagra.ee\/","logo":{"@type":"ImageObject","inLanguage":"et","@id":"https:\/\/www.specagra.ee\/#\/schema\/logo\/image\/","url":"http:\/\/www.specagra.ee\/wp-content\/uploads\/2022\/02\/SP-logo_naujas-scaled.jpg","contentUrl":"http:\/\/www.specagra.ee\/wp-content\/uploads\/2022\/02\/SP-logo_naujas-scaled.jpg","width":2560,"height":326,"caption":"UAB Specagra"},"image":{"@id":"https:\/\/www.specagra.ee\/#\/schema\/logo\/image\/"}}]}},"_links":{"self":[{"href":"https:\/\/www.specagra.ee\/index.php?rest_route=\/wp\/v2\/product\/12817","targetHints":{"allow":["GET"]}}],"collection":[{"href":"https:\/\/www.specagra.ee\/index.php?rest_route=\/wp\/v2\/product"}],"about":[{"href":"https:\/\/www.specagra.ee\/index.php?rest_route=\/wp\/v2\/types\/product"}],"wp:featuredmedia":[{"embeddable":true,"href":"https:\/\/www.specagra.ee\/index.php?rest_route=\/wp\/v2\/media\/17401"}],"wp:attachment":[{"href":"https:\/\/www.specagra.ee\/index.php?rest_route=%2Fwp%2Fv2%2Fmedia&parent=12817"}],"wp:term":[{"taxonomy":"product_brand","embeddable":true,"href":"https:\/\/www.specagra.ee\/index.php?rest_route=%2Fwp%2Fv2%2Fproduct_brand&post=12817"},{"taxonomy":"product_cat","embeddable":true,"href":"https:\/\/www.specagra.ee\/index.php?rest_route=%2Fwp%2Fv2%2Fproduct_cat&post=12817"},{"taxonomy":"product_tag","embeddable":true,"href":"https:\/\/www.specagra.ee\/index.php?rest_route=%2Fwp%2Fv2%2Fproduct_tag&post=12817"}],"curies":[{"name":"wp","href":"https:\/\/api.w.org\/{rel}","templated":true}]}}