{"id":12785,"date":"2020-09-22T09:16:46","date_gmt":"2020-09-22T11:16:46","guid":{"rendered":"https:\/\/www.specagra.ee.nemokamossvetaines.hostingas.lt\/?post_type=product&#038;p=12785"},"modified":"2022-10-04T05:39:29","modified_gmt":"2022-10-04T07:39:29","slug":"n-276-falcon","status":"publish","type":"product","link":"https:\/\/www.specagra.ee\/?product=n-276-falcon","title":{"rendered":"M\u0117\u0161lo kratytuvas METAL-FACH N276 FALCON"},"content":{"rendered":"<p>Standartin\u0117 \u012franga:<\/p>\n<ul>\n<li>k\u0117bulo skl\u0105stis<\/li>\n<li>vertikalus adapteris 2 rotori\u0173<\/li>\n<li>kop\u0117\u010dios<\/li>\n<li>\u00d850 mm fiksuota prikabinimo sijos kilpa<\/li>\n<li>2-j\u0173 kont\u016br\u0173 pneumatiniai stabd\u017eiai<\/li>\n<li>ratai 480\/70 R30<\/li>\n<li>kardaninis velenas<\/li>\n<li>3 sekcij\u0173 hidraulika<\/li>\n<li>mechanin\u0117 pastatymo koja<\/li>\n<\/ul>\n<p>Papildoma \u012franga:<\/p>\n<ul>\n<li>papildomi bortai 400 mm (tinkliniai)<\/li>\n<li>papildomi bortai 600 mm (tinkliniai)<\/li>\n<li>sustiprintas vertikalus adapteris 2 rotori\u0173<\/li>\n<li>deflektoriai<\/li>\n<li>hidraulin\u0117 pastatymo koja<\/li>\n<li>prikabinimo sijos kilpa sukiojama \u00d850 mm diametro<\/li>\n<li>prikabinimas burbulinis K80<\/li>\n<li>ratai 580\/70 R38<\/li>\n<li>hidrauliniai stabd\u017eiai<\/li>\n<li>plataus kampo kardaninis velenas<\/li>\n<li>elektrinis transporterio valdymas<\/li>\n<li>nestandartin\u0117 spalva (standartin\u0117 raudona)<\/li>\n<\/ul>\n","protected":false},"excerpt":{"rendered":"<p>Standartin\u0117 \u012franga: k\u0117bulo skl\u0105stis vertikalus adapteris 2 rotori\u0173 kop\u0117\u010dios \u00d850 mm fiksuota prikabinimo sijos kilpa 2-j\u0173 kont\u016br\u0173 pneumatiniai stabd\u017eiai ratai 480\/70 R30 kardaninis velenas 3 sekcij\u0173 hidraulika mechanin\u0117 pastatymo koja Papildoma \u012franga: papildomi bortai 400 mm (tinkliniai) papildomi bortai 600 mm (tinkliniai) sustiprintas vertikalus adapteris 2 rotori\u0173 deflektoriai hidraulin\u0117 pastatymo koja prikabinimo sijos kilpa sukiojama [&hellip;]<\/p>\n","protected":false},"featured_media":18784,"template":"","meta":{"_et_pb_use_builder":"","_et_pb_old_content":"","_et_gb_content_width":""},"product_brand":[],"product_cat":[133],"product_tag":[],"class_list":{"0":"post-12785","1":"product","2":"type-product","3":"status-publish","4":"has-post-thumbnail","6":"product_cat-sonniku-raputid","8":"first","9":"instock","10":"shipping-taxable","11":"product-type-simple"},"yoast_head":"<!-- This site is optimized with the Yoast SEO plugin v26.4 - https:\/\/yoast.com\/wordpress\/plugins\/seo\/ -->\n<title>M\u0117\u0161lo kratytuvas METAL-FACH N276 FALCON - Specagra<\/title>\n<meta name=\"robots\" content=\"index, follow, max-snippet:-1, max-image-preview:large, max-video-preview:-1\" \/>\n<link rel=\"canonical\" href=\"https:\/\/www.specagra.ee\/?product=n-276-falcon\" \/>\n<meta property=\"og:locale\" content=\"et_EE\" \/>\n<meta property=\"og:type\" content=\"article\" \/>\n<meta property=\"og:title\" content=\"M\u0117\u0161lo kratytuvas METAL-FACH N276 FALCON - Specagra\" \/>\n<meta property=\"og:description\" content=\"Standartin\u0117 \u012franga: k\u0117bulo skl\u0105stis vertikalus adapteris 2 rotori\u0173 kop\u0117\u010dios \u00d850 mm fiksuota prikabinimo sijos kilpa 2-j\u0173 kont\u016br\u0173 pneumatiniai stabd\u017eiai ratai 480\/70 R30 kardaninis velenas 3 sekcij\u0173 hidraulika mechanin\u0117 pastatymo koja Papildoma \u012franga: papildomi bortai 400 mm (tinkliniai) papildomi bortai 600 mm (tinkliniai) sustiprintas vertikalus adapteris 2 rotori\u0173 deflektoriai hidraulin\u0117 pastatymo koja prikabinimo sijos kilpa sukiojama [&hellip;]\" \/>\n<meta property=\"og:url\" content=\"https:\/\/www.specagra.ee\/?product=n-276-falcon\" \/>\n<meta property=\"og:site_name\" content=\"Specagra\" \/>\n<meta property=\"article:modified_time\" content=\"2022-10-04T07:39:29+00:00\" \/>\n<meta property=\"og:image\" content=\"https:\/\/specagra.ee\/wp-content\/uploads\/2020\/09\/Copy-of-0203139731-1280-\u00d7-720-px-896-\u00d7-503-px1121.jpg\" \/>\n\t<meta property=\"og:image:width\" content=\"896\" \/>\n\t<meta property=\"og:image:height\" content=\"503\" \/>\n\t<meta property=\"og:image:type\" content=\"image\/jpeg\" \/>\n<meta name=\"twitter:card\" content=\"summary_large_image\" \/>\n<script type=\"application\/ld+json\" class=\"yoast-schema-graph\">{\"@context\":\"https:\/\/schema.org\",\"@graph\":[{\"@type\":\"WebPage\",\"@id\":\"https:\/\/www.specagra.ee\/?product=n-276-falcon\",\"url\":\"https:\/\/www.specagra.ee\/?product=n-276-falcon\",\"name\":\"M\u0117\u0161lo kratytuvas METAL-FACH N276 FALCON - Specagra\",\"isPartOf\":{\"@id\":\"https:\/\/www.specagra.ee\/#website\"},\"primaryImageOfPage\":{\"@id\":\"https:\/\/www.specagra.ee\/?product=n-276-falcon#primaryimage\"},\"image\":{\"@id\":\"https:\/\/www.specagra.ee\/?product=n-276-falcon#primaryimage\"},\"thumbnailUrl\":\"https:\/\/www.specagra.ee\/wp-content\/uploads\/2020\/09\/Copy-of-0203139731-1280-\u00d7-720-px-896-\u00d7-503-px1121.jpg\",\"datePublished\":\"2020-09-22T11:16:46+00:00\",\"dateModified\":\"2022-10-04T07:39:29+00:00\",\"breadcrumb\":{\"@id\":\"https:\/\/www.specagra.ee\/?product=n-276-falcon#breadcrumb\"},\"inLanguage\":\"et\",\"potentialAction\":[{\"@type\":\"ReadAction\",\"target\":[\"https:\/\/www.specagra.ee\/?product=n-276-falcon\"]}]},{\"@type\":\"ImageObject\",\"inLanguage\":\"et\",\"@id\":\"https:\/\/www.specagra.ee\/?product=n-276-falcon#primaryimage\",\"url\":\"https:\/\/www.specagra.ee\/wp-content\/uploads\/2020\/09\/Copy-of-0203139731-1280-\u00d7-720-px-896-\u00d7-503-px1121.jpg\",\"contentUrl\":\"https:\/\/www.specagra.ee\/wp-content\/uploads\/2020\/09\/Copy-of-0203139731-1280-\u00d7-720-px-896-\u00d7-503-px1121.jpg\",\"width\":896,\"height\":503,\"caption\":\"M\u0117\u0161lo kratytuvas METAL-FACH N276 FALCON\"},{\"@type\":\"BreadcrumbList\",\"@id\":\"https:\/\/www.specagra.ee\/?product=n-276-falcon#breadcrumb\",\"itemListElement\":[{\"@type\":\"ListItem\",\"position\":1,\"name\":\"Home\",\"item\":\"https:\/\/www.specagra.ee\/\"},{\"@type\":\"ListItem\",\"position\":2,\"name\":\"P\u00f5llumajandustehnika ja loomakasvatus\",\"item\":\"https:\/\/specagra.ee\/?page_id=18493\"},{\"@type\":\"ListItem\",\"position\":3,\"name\":\"M\u0117\u0161lo kratytuvas METAL-FACH N276 FALCON\"}]},{\"@type\":\"WebSite\",\"@id\":\"https:\/\/www.specagra.ee\/#website\",\"url\":\"https:\/\/www.specagra.ee\/\",\"name\":\"Specagra\",\"description\":\"P\u00f5llumajandustehnika ja varuosad\",\"publisher\":{\"@id\":\"https:\/\/www.specagra.ee\/#organization\"},\"potentialAction\":[{\"@type\":\"SearchAction\",\"target\":{\"@type\":\"EntryPoint\",\"urlTemplate\":\"https:\/\/www.specagra.ee\/?s={search_term_string}\"},\"query-input\":{\"@type\":\"PropertyValueSpecification\",\"valueRequired\":true,\"valueName\":\"search_term_string\"}}],\"inLanguage\":\"et\"},{\"@type\":\"Organization\",\"@id\":\"https:\/\/www.specagra.ee\/#organization\",\"name\":\"UAB Specagra\",\"url\":\"https:\/\/www.specagra.ee\/\",\"logo\":{\"@type\":\"ImageObject\",\"inLanguage\":\"et\",\"@id\":\"https:\/\/www.specagra.ee\/#\/schema\/logo\/image\/\",\"url\":\"http:\/\/www.specagra.ee\/wp-content\/uploads\/2022\/02\/SP-logo_naujas-scaled.jpg\",\"contentUrl\":\"http:\/\/www.specagra.ee\/wp-content\/uploads\/2022\/02\/SP-logo_naujas-scaled.jpg\",\"width\":2560,\"height\":326,\"caption\":\"UAB Specagra\"},\"image\":{\"@id\":\"https:\/\/www.specagra.ee\/#\/schema\/logo\/image\/\"}}]}<\/script>\n<!-- \/ Yoast SEO plugin. -->","yoast_head_json":{"title":"M\u0117\u0161lo kratytuvas METAL-FACH N276 FALCON - Specagra","robots":{"index":"index","follow":"follow","max-snippet":"max-snippet:-1","max-image-preview":"max-image-preview:large","max-video-preview":"max-video-preview:-1"},"canonical":"https:\/\/www.specagra.ee\/?product=n-276-falcon","og_locale":"et_EE","og_type":"article","og_title":"M\u0117\u0161lo kratytuvas METAL-FACH N276 FALCON - Specagra","og_description":"Standartin\u0117 \u012franga: k\u0117bulo skl\u0105stis vertikalus adapteris 2 rotori\u0173 kop\u0117\u010dios \u00d850 mm fiksuota prikabinimo sijos kilpa 2-j\u0173 kont\u016br\u0173 pneumatiniai stabd\u017eiai ratai 480\/70 R30 kardaninis velenas 3 sekcij\u0173 hidraulika mechanin\u0117 pastatymo koja Papildoma \u012franga: papildomi bortai 400 mm (tinkliniai) papildomi bortai 600 mm (tinkliniai) sustiprintas vertikalus adapteris 2 rotori\u0173 deflektoriai hidraulin\u0117 pastatymo koja prikabinimo sijos kilpa sukiojama [&hellip;]","og_url":"https:\/\/www.specagra.ee\/?product=n-276-falcon","og_site_name":"Specagra","article_modified_time":"2022-10-04T07:39:29+00:00","og_image":[{"width":896,"height":503,"url":"https:\/\/specagra.ee\/wp-content\/uploads\/2020\/09\/Copy-of-0203139731-1280-\u00d7-720-px-896-\u00d7-503-px1121.jpg","type":"image\/jpeg"}],"twitter_card":"summary_large_image","schema":{"@context":"https:\/\/schema.org","@graph":[{"@type":"WebPage","@id":"https:\/\/www.specagra.ee\/?product=n-276-falcon","url":"https:\/\/www.specagra.ee\/?product=n-276-falcon","name":"M\u0117\u0161lo kratytuvas METAL-FACH N276 FALCON - Specagra","isPartOf":{"@id":"https:\/\/www.specagra.ee\/#website"},"primaryImageOfPage":{"@id":"https:\/\/www.specagra.ee\/?product=n-276-falcon#primaryimage"},"image":{"@id":"https:\/\/www.specagra.ee\/?product=n-276-falcon#primaryimage"},"thumbnailUrl":"https:\/\/www.specagra.ee\/wp-content\/uploads\/2020\/09\/Copy-of-0203139731-1280-\u00d7-720-px-896-\u00d7-503-px1121.jpg","datePublished":"2020-09-22T11:16:46+00:00","dateModified":"2022-10-04T07:39:29+00:00","breadcrumb":{"@id":"https:\/\/www.specagra.ee\/?product=n-276-falcon#breadcrumb"},"inLanguage":"et","potentialAction":[{"@type":"ReadAction","target":["https:\/\/www.specagra.ee\/?product=n-276-falcon"]}]},{"@type":"ImageObject","inLanguage":"et","@id":"https:\/\/www.specagra.ee\/?product=n-276-falcon#primaryimage","url":"https:\/\/www.specagra.ee\/wp-content\/uploads\/2020\/09\/Copy-of-0203139731-1280-\u00d7-720-px-896-\u00d7-503-px1121.jpg","contentUrl":"https:\/\/www.specagra.ee\/wp-content\/uploads\/2020\/09\/Copy-of-0203139731-1280-\u00d7-720-px-896-\u00d7-503-px1121.jpg","width":896,"height":503,"caption":"M\u0117\u0161lo kratytuvas METAL-FACH N276 FALCON"},{"@type":"BreadcrumbList","@id":"https:\/\/www.specagra.ee\/?product=n-276-falcon#breadcrumb","itemListElement":[{"@type":"ListItem","position":1,"name":"Home","item":"https:\/\/www.specagra.ee\/"},{"@type":"ListItem","position":2,"name":"P\u00f5llumajandustehnika ja loomakasvatus","item":"https:\/\/specagra.ee\/?page_id=18493"},{"@type":"ListItem","position":3,"name":"M\u0117\u0161lo kratytuvas METAL-FACH N276 FALCON"}]},{"@type":"WebSite","@id":"https:\/\/www.specagra.ee\/#website","url":"https:\/\/www.specagra.ee\/","name":"Specagra","description":"P\u00f5llumajandustehnika ja varuosad","publisher":{"@id":"https:\/\/www.specagra.ee\/#organization"},"potentialAction":[{"@type":"SearchAction","target":{"@type":"EntryPoint","urlTemplate":"https:\/\/www.specagra.ee\/?s={search_term_string}"},"query-input":{"@type":"PropertyValueSpecification","valueRequired":true,"valueName":"search_term_string"}}],"inLanguage":"et"},{"@type":"Organization","@id":"https:\/\/www.specagra.ee\/#organization","name":"UAB Specagra","url":"https:\/\/www.specagra.ee\/","logo":{"@type":"ImageObject","inLanguage":"et","@id":"https:\/\/www.specagra.ee\/#\/schema\/logo\/image\/","url":"http:\/\/www.specagra.ee\/wp-content\/uploads\/2022\/02\/SP-logo_naujas-scaled.jpg","contentUrl":"http:\/\/www.specagra.ee\/wp-content\/uploads\/2022\/02\/SP-logo_naujas-scaled.jpg","width":2560,"height":326,"caption":"UAB Specagra"},"image":{"@id":"https:\/\/www.specagra.ee\/#\/schema\/logo\/image\/"}}]}},"_links":{"self":[{"href":"https:\/\/www.specagra.ee\/index.php?rest_route=\/wp\/v2\/product\/12785","targetHints":{"allow":["GET"]}}],"collection":[{"href":"https:\/\/www.specagra.ee\/index.php?rest_route=\/wp\/v2\/product"}],"about":[{"href":"https:\/\/www.specagra.ee\/index.php?rest_route=\/wp\/v2\/types\/product"}],"wp:featuredmedia":[{"embeddable":true,"href":"https:\/\/www.specagra.ee\/index.php?rest_route=\/wp\/v2\/media\/18784"}],"wp:attachment":[{"href":"https:\/\/www.specagra.ee\/index.php?rest_route=%2Fwp%2Fv2%2Fmedia&parent=12785"}],"wp:term":[{"taxonomy":"product_brand","embeddable":true,"href":"https:\/\/www.specagra.ee\/index.php?rest_route=%2Fwp%2Fv2%2Fproduct_brand&post=12785"},{"taxonomy":"product_cat","embeddable":true,"href":"https:\/\/www.specagra.ee\/index.php?rest_route=%2Fwp%2Fv2%2Fproduct_cat&post=12785"},{"taxonomy":"product_tag","embeddable":true,"href":"https:\/\/www.specagra.ee\/index.php?rest_route=%2Fwp%2Fv2%2Fproduct_tag&post=12785"}],"curies":[{"name":"wp","href":"https:\/\/api.w.org\/{rel}","templated":true}]}}