{"id":12765,"date":"2020-09-22T08:45:56","date_gmt":"2020-09-22T10:45:56","guid":{"rendered":"https:\/\/www.specagra.ee.nemokamossvetaines.hostingas.lt\/?post_type=product&#038;p=12765"},"modified":"2023-04-14T06:24:53","modified_gmt":"2023-04-14T08:24:53","slug":"n-272-taurus","status":"publish","type":"product","link":"https:\/\/www.specagra.ee\/?product=n-272-taurus","title":{"rendered":"M\u0117\u0161lo kratytuvai METAL-FACH N272 TAURUS"},"content":{"rendered":"<p>Standartin\u0117 \u012franga:<\/p>\n<ul>\n<li>k\u0117bulo skl\u0105stis<\/li>\n<li>vertikalus adapteris 2 arba 4 rotori\u0173<\/li>\n<li>kop\u0117\u010dios<\/li>\n<li>\u00d850 mm prikabinimo sijos kilpa<\/li>\n<li>darbinis velenas<\/li>\n<li>2-j\u0173 kont\u016br\u0173 pneumatiniai stabd\u017eiai<\/li>\n<li>ratai 550\/60-22,5<\/li>\n<li>4 sekcij\u0173 hidraulika<\/li>\n<\/ul>\n<p>Papildoma \u012franga:<\/p>\n<ul>\n<li>papildomi bortai 500 mm<\/li>\n<li>papildomi bortai 500 mm (tinkliniai)<\/li>\n<li>papildomi bortai 800 mm (tinkliniai)<\/li>\n<li>adapteris (dviem horizontaliais sraigtais)<\/li>\n<li>hidrauliniai stabd\u017eiai<\/li>\n<li>hidrauliniai-pneumatiniai stabd\u017eiai<\/li>\n<li>automatinis reguliuojamas stabd\u017ei\u0173 kranas ALB<\/li>\n<li>ratai 600\/50-22,5<\/li>\n<li>prikabinimo sijos kilpa sukiojama \u00d850 mm<\/li>\n<li>prikabinimas burbulinis K80<\/li>\n<li>plataus kampo kardaninis velenas<\/li>\n<li>paskirstytojo valdymas (vienos sekcijos hidraulika)<\/li>\n<li>elektrinis transporterio valdymas<\/li>\n<li>nestandartin\u0117 spalva (standartin\u0117 raudona)<\/li>\n<\/ul>\n","protected":false},"excerpt":{"rendered":"<p>Standartin\u0117 \u012franga: k\u0117bulo skl\u0105stis vertikalus adapteris 2 arba 4 rotori\u0173 kop\u0117\u010dios \u00d850 mm prikabinimo sijos kilpa darbinis velenas 2-j\u0173 kont\u016br\u0173 pneumatiniai stabd\u017eiai ratai 550\/60-22,5 4 sekcij\u0173 hidraulika Papildoma \u012franga: papildomi bortai 500 mm papildomi bortai 500 mm (tinkliniai) papildomi bortai 800 mm (tinkliniai) adapteris (dviem horizontaliais sraigtais) hidrauliniai stabd\u017eiai hidrauliniai-pneumatiniai stabd\u017eiai automatinis reguliuojamas stabd\u017ei\u0173 kranas [&hellip;]<\/p>\n","protected":false},"featured_media":17626,"template":"","meta":{"_et_pb_use_builder":"","_et_pb_old_content":"","_et_gb_content_width":""},"product_brand":[],"product_cat":[133],"product_tag":[],"class_list":{"0":"post-12765","1":"product","2":"type-product","3":"status-publish","4":"has-post-thumbnail","6":"product_cat-sonniku-raputid","8":"first","9":"instock","10":"shipping-taxable","11":"product-type-simple"},"yoast_head":"<!-- This site is optimized with the Yoast SEO plugin v26.4 - https:\/\/yoast.com\/wordpress\/plugins\/seo\/ -->\n<title>M\u0117\u0161lo kratytuvai METAL-FACH N272 TAURUS - Specagra<\/title>\n<meta name=\"robots\" content=\"index, follow, max-snippet:-1, max-image-preview:large, max-video-preview:-1\" \/>\n<link rel=\"canonical\" href=\"https:\/\/www.specagra.ee\/?product=n-272-taurus\" \/>\n<meta property=\"og:locale\" content=\"et_EE\" \/>\n<meta property=\"og:type\" content=\"article\" \/>\n<meta property=\"og:title\" content=\"M\u0117\u0161lo kratytuvai METAL-FACH N272 TAURUS - Specagra\" \/>\n<meta property=\"og:description\" content=\"Standartin\u0117 \u012franga: k\u0117bulo skl\u0105stis vertikalus adapteris 2 arba 4 rotori\u0173 kop\u0117\u010dios \u00d850 mm prikabinimo sijos kilpa darbinis velenas 2-j\u0173 kont\u016br\u0173 pneumatiniai stabd\u017eiai ratai 550\/60-22,5 4 sekcij\u0173 hidraulika Papildoma \u012franga: papildomi bortai 500 mm papildomi bortai 500 mm (tinkliniai) papildomi bortai 800 mm (tinkliniai) adapteris (dviem horizontaliais sraigtais) hidrauliniai stabd\u017eiai hidrauliniai-pneumatiniai stabd\u017eiai automatinis reguliuojamas stabd\u017ei\u0173 kranas [&hellip;]\" \/>\n<meta property=\"og:url\" content=\"https:\/\/www.specagra.ee\/?product=n-272-taurus\" \/>\n<meta property=\"og:site_name\" content=\"Specagra\" \/>\n<meta property=\"article:modified_time\" content=\"2023-04-14T08:24:53+00:00\" \/>\n<meta property=\"og:image\" content=\"https:\/\/www.specagra.ee\/wp-content\/uploads\/2020\/09\/METAL-FACH-N-272-TAURUS.png\" \/>\n\t<meta property=\"og:image:width\" content=\"1280\" \/>\n\t<meta property=\"og:image:height\" content=\"720\" \/>\n\t<meta property=\"og:image:type\" content=\"image\/webp\" \/>\n<meta name=\"twitter:card\" content=\"summary_large_image\" \/>\n<meta name=\"twitter:label1\" content=\"Est. reading time\" \/>\n\t<meta name=\"twitter:data1\" content=\"1 minut\" \/>\n<script type=\"application\/ld+json\" class=\"yoast-schema-graph\">{\"@context\":\"https:\/\/schema.org\",\"@graph\":[{\"@type\":\"WebPage\",\"@id\":\"https:\/\/www.specagra.ee\/?product=n-272-taurus\",\"url\":\"https:\/\/www.specagra.ee\/?product=n-272-taurus\",\"name\":\"M\u0117\u0161lo kratytuvai METAL-FACH N272 TAURUS - Specagra\",\"isPartOf\":{\"@id\":\"https:\/\/www.specagra.ee\/#website\"},\"primaryImageOfPage\":{\"@id\":\"https:\/\/www.specagra.ee\/?product=n-272-taurus#primaryimage\"},\"image\":{\"@id\":\"https:\/\/www.specagra.ee\/?product=n-272-taurus#primaryimage\"},\"thumbnailUrl\":\"https:\/\/www.specagra.ee\/wp-content\/uploads\/2020\/09\/METAL-FACH-N-272-TAURUS.png\",\"datePublished\":\"2020-09-22T10:45:56+00:00\",\"dateModified\":\"2023-04-14T08:24:53+00:00\",\"breadcrumb\":{\"@id\":\"https:\/\/www.specagra.ee\/?product=n-272-taurus#breadcrumb\"},\"inLanguage\":\"et\",\"potentialAction\":[{\"@type\":\"ReadAction\",\"target\":[\"https:\/\/www.specagra.ee\/?product=n-272-taurus\"]}]},{\"@type\":\"ImageObject\",\"inLanguage\":\"et\",\"@id\":\"https:\/\/www.specagra.ee\/?product=n-272-taurus#primaryimage\",\"url\":\"https:\/\/www.specagra.ee\/wp-content\/uploads\/2020\/09\/METAL-FACH-N-272-TAURUS.png\",\"contentUrl\":\"https:\/\/www.specagra.ee\/wp-content\/uploads\/2020\/09\/METAL-FACH-N-272-TAURUS.png\",\"width\":1280,\"height\":720,\"caption\":\"M\u0117\u0161lo kratytuvai METAL-FACH N272 TAURUS\"},{\"@type\":\"BreadcrumbList\",\"@id\":\"https:\/\/www.specagra.ee\/?product=n-272-taurus#breadcrumb\",\"itemListElement\":[{\"@type\":\"ListItem\",\"position\":1,\"name\":\"Home\",\"item\":\"https:\/\/www.specagra.ee\/\"},{\"@type\":\"ListItem\",\"position\":2,\"name\":\"P\u00f5llumajandustehnika ja loomakasvatus\",\"item\":\"https:\/\/specagra.ee\/?page_id=18493\"},{\"@type\":\"ListItem\",\"position\":3,\"name\":\"M\u0117\u0161lo kratytuvai METAL-FACH N272 TAURUS\"}]},{\"@type\":\"WebSite\",\"@id\":\"https:\/\/www.specagra.ee\/#website\",\"url\":\"https:\/\/www.specagra.ee\/\",\"name\":\"Specagra\",\"description\":\"P\u00f5llumajandustehnika ja varuosad\",\"publisher\":{\"@id\":\"https:\/\/www.specagra.ee\/#organization\"},\"potentialAction\":[{\"@type\":\"SearchAction\",\"target\":{\"@type\":\"EntryPoint\",\"urlTemplate\":\"https:\/\/www.specagra.ee\/?s={search_term_string}\"},\"query-input\":{\"@type\":\"PropertyValueSpecification\",\"valueRequired\":true,\"valueName\":\"search_term_string\"}}],\"inLanguage\":\"et\"},{\"@type\":\"Organization\",\"@id\":\"https:\/\/www.specagra.ee\/#organization\",\"name\":\"UAB Specagra\",\"url\":\"https:\/\/www.specagra.ee\/\",\"logo\":{\"@type\":\"ImageObject\",\"inLanguage\":\"et\",\"@id\":\"https:\/\/www.specagra.ee\/#\/schema\/logo\/image\/\",\"url\":\"http:\/\/www.specagra.ee\/wp-content\/uploads\/2022\/02\/SP-logo_naujas-scaled.jpg\",\"contentUrl\":\"http:\/\/www.specagra.ee\/wp-content\/uploads\/2022\/02\/SP-logo_naujas-scaled.jpg\",\"width\":2560,\"height\":326,\"caption\":\"UAB Specagra\"},\"image\":{\"@id\":\"https:\/\/www.specagra.ee\/#\/schema\/logo\/image\/\"}}]}<\/script>\n<!-- \/ Yoast SEO plugin. -->","yoast_head_json":{"title":"M\u0117\u0161lo kratytuvai METAL-FACH N272 TAURUS - Specagra","robots":{"index":"index","follow":"follow","max-snippet":"max-snippet:-1","max-image-preview":"max-image-preview:large","max-video-preview":"max-video-preview:-1"},"canonical":"https:\/\/www.specagra.ee\/?product=n-272-taurus","og_locale":"et_EE","og_type":"article","og_title":"M\u0117\u0161lo kratytuvai METAL-FACH N272 TAURUS - Specagra","og_description":"Standartin\u0117 \u012franga: k\u0117bulo skl\u0105stis vertikalus adapteris 2 arba 4 rotori\u0173 kop\u0117\u010dios \u00d850 mm prikabinimo sijos kilpa darbinis velenas 2-j\u0173 kont\u016br\u0173 pneumatiniai stabd\u017eiai ratai 550\/60-22,5 4 sekcij\u0173 hidraulika Papildoma \u012franga: papildomi bortai 500 mm papildomi bortai 500 mm (tinkliniai) papildomi bortai 800 mm (tinkliniai) adapteris (dviem horizontaliais sraigtais) hidrauliniai stabd\u017eiai hidrauliniai-pneumatiniai stabd\u017eiai automatinis reguliuojamas stabd\u017ei\u0173 kranas [&hellip;]","og_url":"https:\/\/www.specagra.ee\/?product=n-272-taurus","og_site_name":"Specagra","article_modified_time":"2023-04-14T08:24:53+00:00","og_image":[{"width":1280,"height":720,"url":"https:\/\/www.specagra.ee\/wp-content\/uploads\/2020\/09\/METAL-FACH-N-272-TAURUS.png","type":"image\/webp"}],"twitter_card":"summary_large_image","twitter_misc":{"Est. reading time":"1 minut"},"schema":{"@context":"https:\/\/schema.org","@graph":[{"@type":"WebPage","@id":"https:\/\/www.specagra.ee\/?product=n-272-taurus","url":"https:\/\/www.specagra.ee\/?product=n-272-taurus","name":"M\u0117\u0161lo kratytuvai METAL-FACH N272 TAURUS - Specagra","isPartOf":{"@id":"https:\/\/www.specagra.ee\/#website"},"primaryImageOfPage":{"@id":"https:\/\/www.specagra.ee\/?product=n-272-taurus#primaryimage"},"image":{"@id":"https:\/\/www.specagra.ee\/?product=n-272-taurus#primaryimage"},"thumbnailUrl":"https:\/\/www.specagra.ee\/wp-content\/uploads\/2020\/09\/METAL-FACH-N-272-TAURUS.png","datePublished":"2020-09-22T10:45:56+00:00","dateModified":"2023-04-14T08:24:53+00:00","breadcrumb":{"@id":"https:\/\/www.specagra.ee\/?product=n-272-taurus#breadcrumb"},"inLanguage":"et","potentialAction":[{"@type":"ReadAction","target":["https:\/\/www.specagra.ee\/?product=n-272-taurus"]}]},{"@type":"ImageObject","inLanguage":"et","@id":"https:\/\/www.specagra.ee\/?product=n-272-taurus#primaryimage","url":"https:\/\/www.specagra.ee\/wp-content\/uploads\/2020\/09\/METAL-FACH-N-272-TAURUS.png","contentUrl":"https:\/\/www.specagra.ee\/wp-content\/uploads\/2020\/09\/METAL-FACH-N-272-TAURUS.png","width":1280,"height":720,"caption":"M\u0117\u0161lo kratytuvai METAL-FACH N272 TAURUS"},{"@type":"BreadcrumbList","@id":"https:\/\/www.specagra.ee\/?product=n-272-taurus#breadcrumb","itemListElement":[{"@type":"ListItem","position":1,"name":"Home","item":"https:\/\/www.specagra.ee\/"},{"@type":"ListItem","position":2,"name":"P\u00f5llumajandustehnika ja loomakasvatus","item":"https:\/\/specagra.ee\/?page_id=18493"},{"@type":"ListItem","position":3,"name":"M\u0117\u0161lo kratytuvai METAL-FACH N272 TAURUS"}]},{"@type":"WebSite","@id":"https:\/\/www.specagra.ee\/#website","url":"https:\/\/www.specagra.ee\/","name":"Specagra","description":"P\u00f5llumajandustehnika ja varuosad","publisher":{"@id":"https:\/\/www.specagra.ee\/#organization"},"potentialAction":[{"@type":"SearchAction","target":{"@type":"EntryPoint","urlTemplate":"https:\/\/www.specagra.ee\/?s={search_term_string}"},"query-input":{"@type":"PropertyValueSpecification","valueRequired":true,"valueName":"search_term_string"}}],"inLanguage":"et"},{"@type":"Organization","@id":"https:\/\/www.specagra.ee\/#organization","name":"UAB Specagra","url":"https:\/\/www.specagra.ee\/","logo":{"@type":"ImageObject","inLanguage":"et","@id":"https:\/\/www.specagra.ee\/#\/schema\/logo\/image\/","url":"http:\/\/www.specagra.ee\/wp-content\/uploads\/2022\/02\/SP-logo_naujas-scaled.jpg","contentUrl":"http:\/\/www.specagra.ee\/wp-content\/uploads\/2022\/02\/SP-logo_naujas-scaled.jpg","width":2560,"height":326,"caption":"UAB Specagra"},"image":{"@id":"https:\/\/www.specagra.ee\/#\/schema\/logo\/image\/"}}]}},"_links":{"self":[{"href":"https:\/\/www.specagra.ee\/index.php?rest_route=\/wp\/v2\/product\/12765","targetHints":{"allow":["GET"]}}],"collection":[{"href":"https:\/\/www.specagra.ee\/index.php?rest_route=\/wp\/v2\/product"}],"about":[{"href":"https:\/\/www.specagra.ee\/index.php?rest_route=\/wp\/v2\/types\/product"}],"wp:featuredmedia":[{"embeddable":true,"href":"https:\/\/www.specagra.ee\/index.php?rest_route=\/wp\/v2\/media\/17626"}],"wp:attachment":[{"href":"https:\/\/www.specagra.ee\/index.php?rest_route=%2Fwp%2Fv2%2Fmedia&parent=12765"}],"wp:term":[{"taxonomy":"product_brand","embeddable":true,"href":"https:\/\/www.specagra.ee\/index.php?rest_route=%2Fwp%2Fv2%2Fproduct_brand&post=12765"},{"taxonomy":"product_cat","embeddable":true,"href":"https:\/\/www.specagra.ee\/index.php?rest_route=%2Fwp%2Fv2%2Fproduct_cat&post=12765"},{"taxonomy":"product_tag","embeddable":true,"href":"https:\/\/www.specagra.ee\/index.php?rest_route=%2Fwp%2Fv2%2Fproduct_tag&post=12765"}],"curies":[{"name":"wp","href":"https:\/\/api.w.org\/{rel}","templated":true}]}}