{"id":12763,"date":"2020-09-22T08:43:14","date_gmt":"2020-09-22T10:43:14","guid":{"rendered":"https:\/\/www.specagra.ee.nemokamossvetaines.hostingas.lt\/?post_type=product&#038;p=12763"},"modified":"2022-10-04T05:18:16","modified_gmt":"2022-10-04T07:18:16","slug":"n-280","status":"publish","type":"product","link":"https:\/\/www.specagra.ee\/?product=n-280","title":{"rendered":"M\u0117\u0161lo kratytuvas METAL-FACH N280 BATALION"},"content":{"rendered":"<p>Bendrosios savyb\u0117s:<\/p>\n<ul>\n<li>\u00ad Montuojami ant tandeminio tipo va\u017eiuokl\u0117s su lak\u0161tin\u0117mis ling\u0117mis.<\/li>\n<li>\u00ad Su pirmyn pasvirusiu keturi\u0173 b\u016bgn\u0173 vertikaliuoju adapteriu, u\u017etikrinan\u010diu tolyg\u0173 ir plat\u0173 m\u0117\u0161lo i\u0161kratym\u0105.<\/li>\n<li>\u00ad Poromis vienas prie\u0161ais kit\u0105 besisukantys b\u016bgnai; kad kratytuvas kuo ma\u017eiau vibruot\u0173, kiekvienas b\u016bgnas subalansuotas.<\/li>\n<li>\u00ad Kei\u010diami prisukamieji dantys i\u0161 auk\u0161tos kokyb\u0117s plieno.<\/li>\n<li>\u00ad Lengvas sujungimas su traktoriumi, naudojant reguliuojam\u0105j\u012f apatin\u012f prikabinimo \u012ftais\u0105.<\/li>\n<li>\u00ad Siekiant apsaugoti pavar\u0105, naudojama frikcin\u0117 apsaugos nuo perkrovos sankaba.<\/li>\n<li>\u00ad Standartiniame komplekte yra apatin\u0117je dalyje gumine juosta sandarinamas hidrauli\u0161kai pakeliamas dangtis, jis transportuojant neleid\u017eia med\u017eiagai byr\u0117ti.<\/li>\n<li>\u00ad Siekiant u\u017etikrinti dang\u010dio veikimo tolygum\u0105, naudojamas grandininis sinchronizatorius.<\/li>\n<li>\u00ad Siekiant u\u017etikrinti saug\u0105 va\u017eiuojant vie\u0161aisiais keliais, ant adapterio b\u016bgno tvirtinamas hidrauli\u0161kai pakeliamas dangtis.<\/li>\n<li>\u00ad Atidaromas ir i\u0161montuojamas bortas palengvina krovim\u0105 ir i\u0161ple\u010dia panaudojimo \u016bkyje galimybes.<\/li>\n<li>\u00ad Ma\u0161ina valdoma naudojant dviej\u0173 kont\u016br\u0173 arba vieno kont\u016bro hidraulik\u0105 ir Boudeno trosus. Tai suteikia galimyb\u0119 vienu metu prie traktoriaus jungti kitus hidrauli\u0161kai valdomus \u012frenginius (pvz., priekin\u012f krautuv\u0105).<\/li>\n<li>\u00ad Didelis kratymo plotis.<\/li>\n<li>\u00ad D\u0117l didel\u0117s kratytuvo keliamosios galios i\u0161 ilg\u0173 \u0161iaud\u0173 susidedan\u010dio m\u0117\u0161lo galima prikrauti 10 cm vir\u0161 k\u0117bulo kra\u0161t\u0173.<\/li>\n<li>\u00ad Kratytuvai turi 12 V elektros instaliacij\u0105.<\/li>\n<li>\u00ad Kratytuvai N280, N280\/1 ir N280\/2 i\u0161siskiria ypa\u010d paprasta kasdiene prie\u017ei\u016bra.<\/li>\n<\/ul>\n<p>&nbsp;<\/p>\n<p>Standartin\u0117 \u012franga:<\/p>\n<ul>\n<li>k\u0117bulo skl\u0105stis<\/li>\n<li>vertikalus adapteris 4 rotori\u0173<\/li>\n<li>kop\u0117\u010dios<\/li>\n<li>40 mm prikabinimo sijos kilpa<\/li>\n<li>darbinis velenas<\/li>\n<li>2-j\u0173 kont\u016br\u0173 pneumatiniai stabd\u017eiai<\/li>\n<li>ratai 400\/600-17 (N280 bei N280\/1 modeliams)<\/li>\n<li>ratai 500\/50-17 (N280\/2 modeliui)<\/li>\n<li>2 sekcij\u0173 hidrauika<\/li>\n<li>paki\u0161os po ratais<\/li>\n<\/ul>\n<p>Papildoma \u012franga:<\/p>\n<ul>\n<li>m\u0117\u0161lo m\u0117tymo krypties deflektoriai<\/li>\n<li>hidrauliniai stabd\u017eiai<\/li>\n<li>automatinis reguliuojamas stabd\u017ei\u0173 kranas ALB<\/li>\n<li>ratai 500\/50-17<\/li>\n<li>purvasaugiai<\/li>\n<li>plataus kampo kardaninis velenas<\/li>\n<li>elekrtinis transporterio valdymas<\/li>\n<li>nestandartin\u0117 spalva (standartin\u0117 raudona)<\/li>\n<\/ul>\n","protected":false},"excerpt":{"rendered":"<p>Bendrosios savyb\u0117s: \u00ad Montuojami ant tandeminio tipo va\u017eiuokl\u0117s su lak\u0161tin\u0117mis ling\u0117mis. \u00ad Su pirmyn pasvirusiu keturi\u0173 b\u016bgn\u0173 vertikaliuoju adapteriu, u\u017etikrinan\u010diu tolyg\u0173 ir plat\u0173 m\u0117\u0161lo i\u0161kratym\u0105. \u00ad Poromis vienas prie\u0161ais kit\u0105 besisukantys b\u016bgnai; kad kratytuvas kuo ma\u017eiau vibruot\u0173, kiekvienas b\u016bgnas subalansuotas. \u00ad Kei\u010diami prisukamieji dantys i\u0161 auk\u0161tos kokyb\u0117s plieno. \u00ad Lengvas sujungimas su traktoriumi, naudojant reguliuojam\u0105j\u012f [&hellip;]<\/p>\n","protected":false},"featured_media":17648,"template":"","meta":{"_et_pb_use_builder":"","_et_pb_old_content":"","_et_gb_content_width":""},"product_brand":[],"product_cat":[133],"product_tag":[],"class_list":{"0":"post-12763","1":"product","2":"type-product","3":"status-publish","4":"has-post-thumbnail","6":"product_cat-sonniku-raputid","8":"first","9":"instock","10":"shipping-taxable","11":"product-type-simple"},"yoast_head":"<!-- This site is optimized with the Yoast SEO plugin v26.4 - https:\/\/yoast.com\/wordpress\/plugins\/seo\/ -->\n<title>M\u0117\u0161lo kratytuvas METAL-FACH N280 BATALION - Specagra<\/title>\n<meta name=\"robots\" content=\"index, follow, max-snippet:-1, max-image-preview:large, max-video-preview:-1\" \/>\n<link rel=\"canonical\" href=\"https:\/\/www.specagra.ee\/?product=n-280\" \/>\n<meta property=\"og:locale\" content=\"et_EE\" \/>\n<meta property=\"og:type\" content=\"article\" \/>\n<meta property=\"og:title\" content=\"M\u0117\u0161lo kratytuvas METAL-FACH N280 BATALION - Specagra\" \/>\n<meta property=\"og:description\" content=\"Bendrosios savyb\u0117s: \u00ad Montuojami ant tandeminio tipo va\u017eiuokl\u0117s su lak\u0161tin\u0117mis ling\u0117mis. \u00ad Su pirmyn pasvirusiu keturi\u0173 b\u016bgn\u0173 vertikaliuoju adapteriu, u\u017etikrinan\u010diu tolyg\u0173 ir plat\u0173 m\u0117\u0161lo i\u0161kratym\u0105. \u00ad Poromis vienas prie\u0161ais kit\u0105 besisukantys b\u016bgnai; kad kratytuvas kuo ma\u017eiau vibruot\u0173, kiekvienas b\u016bgnas subalansuotas. \u00ad Kei\u010diami prisukamieji dantys i\u0161 auk\u0161tos kokyb\u0117s plieno. \u00ad Lengvas sujungimas su traktoriumi, naudojant reguliuojam\u0105j\u012f [&hellip;]\" \/>\n<meta property=\"og:url\" content=\"https:\/\/www.specagra.ee\/?product=n-280\" \/>\n<meta property=\"og:site_name\" content=\"Specagra\" \/>\n<meta property=\"article:modified_time\" content=\"2022-10-04T07:18:16+00:00\" \/>\n<meta property=\"og:image\" content=\"https:\/\/www.specagra.ee\/wp-content\/uploads\/2020\/09\/N-280.png\" \/>\n\t<meta property=\"og:image:width\" content=\"1280\" \/>\n\t<meta property=\"og:image:height\" content=\"720\" \/>\n\t<meta property=\"og:image:type\" content=\"image\/png\" \/>\n<meta name=\"twitter:card\" content=\"summary_large_image\" \/>\n<meta name=\"twitter:label1\" content=\"Est. reading time\" \/>\n\t<meta name=\"twitter:data1\" content=\"2 minutit\" \/>\n<script type=\"application\/ld+json\" class=\"yoast-schema-graph\">{\"@context\":\"https:\/\/schema.org\",\"@graph\":[{\"@type\":\"WebPage\",\"@id\":\"https:\/\/www.specagra.ee\/?product=n-280\",\"url\":\"https:\/\/www.specagra.ee\/?product=n-280\",\"name\":\"M\u0117\u0161lo kratytuvas METAL-FACH N280 BATALION - Specagra\",\"isPartOf\":{\"@id\":\"https:\/\/www.specagra.ee\/#website\"},\"primaryImageOfPage\":{\"@id\":\"https:\/\/www.specagra.ee\/?product=n-280#primaryimage\"},\"image\":{\"@id\":\"https:\/\/www.specagra.ee\/?product=n-280#primaryimage\"},\"thumbnailUrl\":\"https:\/\/specagra.ee\/wp-content\/uploads\/2020\/09\/N-280.png\",\"datePublished\":\"2020-09-22T10:43:14+00:00\",\"dateModified\":\"2022-10-04T07:18:16+00:00\",\"breadcrumb\":{\"@id\":\"https:\/\/www.specagra.ee\/?product=n-280#breadcrumb\"},\"inLanguage\":\"et\",\"potentialAction\":[{\"@type\":\"ReadAction\",\"target\":[\"https:\/\/www.specagra.ee\/?product=n-280\"]}]},{\"@type\":\"ImageObject\",\"inLanguage\":\"et\",\"@id\":\"https:\/\/www.specagra.ee\/?product=n-280#primaryimage\",\"url\":\"https:\/\/specagra.ee\/wp-content\/uploads\/2020\/09\/N-280.png\",\"contentUrl\":\"https:\/\/specagra.ee\/wp-content\/uploads\/2020\/09\/N-280.png\",\"width\":1280,\"height\":720,\"caption\":\"M\u0117\u0161lo kratytuvas METAL-FACH N280 BATALION\"},{\"@type\":\"BreadcrumbList\",\"@id\":\"https:\/\/www.specagra.ee\/?product=n-280#breadcrumb\",\"itemListElement\":[{\"@type\":\"ListItem\",\"position\":1,\"name\":\"Home\",\"item\":\"https:\/\/www.specagra.ee\/\"},{\"@type\":\"ListItem\",\"position\":2,\"name\":\"P\u00f5llumajandustehnika ja loomakasvatus\",\"item\":\"https:\/\/specagra.ee\/?page_id=18493\"},{\"@type\":\"ListItem\",\"position\":3,\"name\":\"M\u0117\u0161lo kratytuvas METAL-FACH N280 BATALION\"}]},{\"@type\":\"WebSite\",\"@id\":\"https:\/\/www.specagra.ee\/#website\",\"url\":\"https:\/\/www.specagra.ee\/\",\"name\":\"Specagra\",\"description\":\"P\u00f5llumajandustehnika ja varuosad\",\"publisher\":{\"@id\":\"https:\/\/www.specagra.ee\/#organization\"},\"potentialAction\":[{\"@type\":\"SearchAction\",\"target\":{\"@type\":\"EntryPoint\",\"urlTemplate\":\"https:\/\/www.specagra.ee\/?s={search_term_string}\"},\"query-input\":{\"@type\":\"PropertyValueSpecification\",\"valueRequired\":true,\"valueName\":\"search_term_string\"}}],\"inLanguage\":\"et\"},{\"@type\":\"Organization\",\"@id\":\"https:\/\/www.specagra.ee\/#organization\",\"name\":\"UAB Specagra\",\"url\":\"https:\/\/www.specagra.ee\/\",\"logo\":{\"@type\":\"ImageObject\",\"inLanguage\":\"et\",\"@id\":\"https:\/\/www.specagra.ee\/#\/schema\/logo\/image\/\",\"url\":\"http:\/\/www.specagra.ee\/wp-content\/uploads\/2022\/02\/SP-logo_naujas-scaled.jpg\",\"contentUrl\":\"http:\/\/www.specagra.ee\/wp-content\/uploads\/2022\/02\/SP-logo_naujas-scaled.jpg\",\"width\":2560,\"height\":326,\"caption\":\"UAB Specagra\"},\"image\":{\"@id\":\"https:\/\/www.specagra.ee\/#\/schema\/logo\/image\/\"}}]}<\/script>\n<!-- \/ Yoast SEO plugin. -->","yoast_head_json":{"title":"M\u0117\u0161lo kratytuvas METAL-FACH N280 BATALION - Specagra","robots":{"index":"index","follow":"follow","max-snippet":"max-snippet:-1","max-image-preview":"max-image-preview:large","max-video-preview":"max-video-preview:-1"},"canonical":"https:\/\/www.specagra.ee\/?product=n-280","og_locale":"et_EE","og_type":"article","og_title":"M\u0117\u0161lo kratytuvas METAL-FACH N280 BATALION - Specagra","og_description":"Bendrosios savyb\u0117s: \u00ad Montuojami ant tandeminio tipo va\u017eiuokl\u0117s su lak\u0161tin\u0117mis ling\u0117mis. \u00ad Su pirmyn pasvirusiu keturi\u0173 b\u016bgn\u0173 vertikaliuoju adapteriu, u\u017etikrinan\u010diu tolyg\u0173 ir plat\u0173 m\u0117\u0161lo i\u0161kratym\u0105. \u00ad Poromis vienas prie\u0161ais kit\u0105 besisukantys b\u016bgnai; kad kratytuvas kuo ma\u017eiau vibruot\u0173, kiekvienas b\u016bgnas subalansuotas. \u00ad Kei\u010diami prisukamieji dantys i\u0161 auk\u0161tos kokyb\u0117s plieno. \u00ad Lengvas sujungimas su traktoriumi, naudojant reguliuojam\u0105j\u012f [&hellip;]","og_url":"https:\/\/www.specagra.ee\/?product=n-280","og_site_name":"Specagra","article_modified_time":"2022-10-04T07:18:16+00:00","og_image":[{"width":1280,"height":720,"url":"https:\/\/www.specagra.ee\/wp-content\/uploads\/2020\/09\/N-280.png","type":"image\/png"}],"twitter_card":"summary_large_image","twitter_misc":{"Est. reading time":"2 minutit"},"schema":{"@context":"https:\/\/schema.org","@graph":[{"@type":"WebPage","@id":"https:\/\/www.specagra.ee\/?product=n-280","url":"https:\/\/www.specagra.ee\/?product=n-280","name":"M\u0117\u0161lo kratytuvas METAL-FACH N280 BATALION - Specagra","isPartOf":{"@id":"https:\/\/www.specagra.ee\/#website"},"primaryImageOfPage":{"@id":"https:\/\/www.specagra.ee\/?product=n-280#primaryimage"},"image":{"@id":"https:\/\/www.specagra.ee\/?product=n-280#primaryimage"},"thumbnailUrl":"https:\/\/specagra.ee\/wp-content\/uploads\/2020\/09\/N-280.png","datePublished":"2020-09-22T10:43:14+00:00","dateModified":"2022-10-04T07:18:16+00:00","breadcrumb":{"@id":"https:\/\/www.specagra.ee\/?product=n-280#breadcrumb"},"inLanguage":"et","potentialAction":[{"@type":"ReadAction","target":["https:\/\/www.specagra.ee\/?product=n-280"]}]},{"@type":"ImageObject","inLanguage":"et","@id":"https:\/\/www.specagra.ee\/?product=n-280#primaryimage","url":"https:\/\/specagra.ee\/wp-content\/uploads\/2020\/09\/N-280.png","contentUrl":"https:\/\/specagra.ee\/wp-content\/uploads\/2020\/09\/N-280.png","width":1280,"height":720,"caption":"M\u0117\u0161lo kratytuvas METAL-FACH N280 BATALION"},{"@type":"BreadcrumbList","@id":"https:\/\/www.specagra.ee\/?product=n-280#breadcrumb","itemListElement":[{"@type":"ListItem","position":1,"name":"Home","item":"https:\/\/www.specagra.ee\/"},{"@type":"ListItem","position":2,"name":"P\u00f5llumajandustehnika ja loomakasvatus","item":"https:\/\/specagra.ee\/?page_id=18493"},{"@type":"ListItem","position":3,"name":"M\u0117\u0161lo kratytuvas METAL-FACH N280 BATALION"}]},{"@type":"WebSite","@id":"https:\/\/www.specagra.ee\/#website","url":"https:\/\/www.specagra.ee\/","name":"Specagra","description":"P\u00f5llumajandustehnika ja varuosad","publisher":{"@id":"https:\/\/www.specagra.ee\/#organization"},"potentialAction":[{"@type":"SearchAction","target":{"@type":"EntryPoint","urlTemplate":"https:\/\/www.specagra.ee\/?s={search_term_string}"},"query-input":{"@type":"PropertyValueSpecification","valueRequired":true,"valueName":"search_term_string"}}],"inLanguage":"et"},{"@type":"Organization","@id":"https:\/\/www.specagra.ee\/#organization","name":"UAB Specagra","url":"https:\/\/www.specagra.ee\/","logo":{"@type":"ImageObject","inLanguage":"et","@id":"https:\/\/www.specagra.ee\/#\/schema\/logo\/image\/","url":"http:\/\/www.specagra.ee\/wp-content\/uploads\/2022\/02\/SP-logo_naujas-scaled.jpg","contentUrl":"http:\/\/www.specagra.ee\/wp-content\/uploads\/2022\/02\/SP-logo_naujas-scaled.jpg","width":2560,"height":326,"caption":"UAB Specagra"},"image":{"@id":"https:\/\/www.specagra.ee\/#\/schema\/logo\/image\/"}}]}},"_links":{"self":[{"href":"https:\/\/www.specagra.ee\/index.php?rest_route=\/wp\/v2\/product\/12763","targetHints":{"allow":["GET"]}}],"collection":[{"href":"https:\/\/www.specagra.ee\/index.php?rest_route=\/wp\/v2\/product"}],"about":[{"href":"https:\/\/www.specagra.ee\/index.php?rest_route=\/wp\/v2\/types\/product"}],"wp:featuredmedia":[{"embeddable":true,"href":"https:\/\/www.specagra.ee\/index.php?rest_route=\/wp\/v2\/media\/17648"}],"wp:attachment":[{"href":"https:\/\/www.specagra.ee\/index.php?rest_route=%2Fwp%2Fv2%2Fmedia&parent=12763"}],"wp:term":[{"taxonomy":"product_brand","embeddable":true,"href":"https:\/\/www.specagra.ee\/index.php?rest_route=%2Fwp%2Fv2%2Fproduct_brand&post=12763"},{"taxonomy":"product_cat","embeddable":true,"href":"https:\/\/www.specagra.ee\/index.php?rest_route=%2Fwp%2Fv2%2Fproduct_cat&post=12763"},{"taxonomy":"product_tag","embeddable":true,"href":"https:\/\/www.specagra.ee\/index.php?rest_route=%2Fwp%2Fv2%2Fproduct_tag&post=12763"}],"curies":[{"name":"wp","href":"https:\/\/api.w.org\/{rel}","templated":true}]}}