{"id":12761,"date":"2020-09-22T08:38:09","date_gmt":"2020-09-22T10:38:09","guid":{"rendered":"https:\/\/www.specagra.ee.nemokamossvetaines.hostingas.lt\/?post_type=product&#038;p=12761"},"modified":"2022-10-04T05:11:36","modified_gmt":"2022-10-04T07:11:36","slug":"n-267","status":"publish","type":"product","link":"https:\/\/www.specagra.ee\/?product=n-267","title":{"rendered":"M\u0117\u0161lo kratytuvas METAL-FACH N267 HORNET"},"content":{"rendered":"<p>Standartin\u0117 \u012franga:<\/p>\n<ul>\n<li>borto u\u017ebaigimas &#8211; medin\u0117 juosta<\/li>\n<li>k\u0117bulo skl\u0105stis<\/li>\n<li>vertikalus adapteris 4 velen\u0173<\/li>\n<li>kop\u0117\u010dios<\/li>\n<li>darbinis velenas<\/li>\n<li>ratai 400\/60-15,5 &#8211; N267\/1<\/li>\n<li>ratai 500\/50-17 PR &#8211; N267<\/li>\n<li>vieno kont\u016bro pneumatiniai stabd\u017eiai<\/li>\n<li>2 sekcij\u0173 hidraulika<\/li>\n<\/ul>\n<p>Papildoma \u012franga:<\/p>\n<ul>\n<li>papildomi bortai 500 mm \u2013 pilni<\/li>\n<li>papildomi bortai 500 mm \u2013 tinkliniai<\/li>\n<li>vertikal\u016bs adapteriai 2 velen\u0173 (N276; N276\/2)<\/li>\n<li>deflektoriai (galin\u0117s mentel\u0117s)<\/li>\n<li>hidrauliniai stabd\u017eiai<\/li>\n<li>2-j\u0173 kont\u016br\u0173 pneumatiniai stabd\u017eiai<\/li>\n<li>automatinis reguliuojamas stabd\u017ei\u0173 kranas ALB<\/li>\n<li>ratai 500\/50-17 (modeliui N 267\/1)<\/li>\n<li>prikabinimo sijos kilpa \u00d850 mm<\/li>\n<li>prikabinimas burbulinis K80<\/li>\n<li>plataus kampo kardaninis velenas<\/li>\n<li>elekrtinis transporterio valdymas<\/li>\n<li>paskirstytojo valdymas (vienos sekcijos hidraulika)<\/li>\n<li>nestandartin\u0117 spalva (standartin\u0117 raudona)<\/li>\n<\/ul>\n","protected":false},"excerpt":{"rendered":"<p>Standartin\u0117 \u012franga: borto u\u017ebaigimas &#8211; medin\u0117 juosta k\u0117bulo skl\u0105stis vertikalus adapteris 4 velen\u0173 kop\u0117\u010dios darbinis velenas ratai 400\/60-15,5 &#8211; N267\/1 ratai 500\/50-17 PR &#8211; N267 vieno kont\u016bro pneumatiniai stabd\u017eiai 2 sekcij\u0173 hidraulika Papildoma \u012franga: papildomi bortai 500 mm \u2013 pilni papildomi bortai 500 mm \u2013 tinkliniai vertikal\u016bs adapteriai 2 velen\u0173 (N276; N276\/2) deflektoriai (galin\u0117s mentel\u0117s) [&hellip;]<\/p>\n","protected":false},"featured_media":17647,"template":"","meta":{"_et_pb_use_builder":"","_et_pb_old_content":"","_et_gb_content_width":""},"product_brand":[],"product_cat":[133],"product_tag":[],"class_list":{"0":"post-12761","1":"product","2":"type-product","3":"status-publish","4":"has-post-thumbnail","6":"product_cat-sonniku-raputid","8":"first","9":"instock","10":"shipping-taxable","11":"product-type-simple"},"yoast_head":"<!-- This site is optimized with the Yoast SEO plugin v26.4 - https:\/\/yoast.com\/wordpress\/plugins\/seo\/ -->\n<title>M\u0117\u0161lo kratytuvas METAL-FACH N267 HORNET - Specagra<\/title>\n<meta name=\"robots\" content=\"index, follow, max-snippet:-1, max-image-preview:large, max-video-preview:-1\" \/>\n<link rel=\"canonical\" href=\"https:\/\/www.specagra.ee\/?product=n-267\" \/>\n<meta property=\"og:locale\" content=\"et_EE\" \/>\n<meta property=\"og:type\" content=\"article\" \/>\n<meta property=\"og:title\" content=\"M\u0117\u0161lo kratytuvas METAL-FACH N267 HORNET - Specagra\" \/>\n<meta property=\"og:description\" content=\"Standartin\u0117 \u012franga: borto u\u017ebaigimas &#8211; medin\u0117 juosta k\u0117bulo skl\u0105stis vertikalus adapteris 4 velen\u0173 kop\u0117\u010dios darbinis velenas ratai 400\/60-15,5 &#8211; N267\/1 ratai 500\/50-17 PR &#8211; N267 vieno kont\u016bro pneumatiniai stabd\u017eiai 2 sekcij\u0173 hidraulika Papildoma \u012franga: papildomi bortai 500 mm \u2013 pilni papildomi bortai 500 mm \u2013 tinkliniai vertikal\u016bs adapteriai 2 velen\u0173 (N276; N276\/2) deflektoriai (galin\u0117s mentel\u0117s) [&hellip;]\" \/>\n<meta property=\"og:url\" content=\"https:\/\/www.specagra.ee\/?product=n-267\" \/>\n<meta property=\"og:site_name\" content=\"Specagra\" \/>\n<meta property=\"article:modified_time\" content=\"2022-10-04T07:11:36+00:00\" \/>\n<meta property=\"og:image\" content=\"https:\/\/specagra.ee\/wp-content\/uploads\/2020\/09\/N-267.png\" \/>\n\t<meta property=\"og:image:width\" content=\"1280\" \/>\n\t<meta property=\"og:image:height\" content=\"720\" \/>\n\t<meta property=\"og:image:type\" content=\"image\/webp\" \/>\n<meta name=\"twitter:card\" content=\"summary_large_image\" \/>\n<script type=\"application\/ld+json\" class=\"yoast-schema-graph\">{\"@context\":\"https:\/\/schema.org\",\"@graph\":[{\"@type\":\"WebPage\",\"@id\":\"https:\/\/www.specagra.ee\/?product=n-267\",\"url\":\"https:\/\/www.specagra.ee\/?product=n-267\",\"name\":\"M\u0117\u0161lo kratytuvas METAL-FACH N267 HORNET - Specagra\",\"isPartOf\":{\"@id\":\"https:\/\/www.specagra.ee\/#website\"},\"primaryImageOfPage\":{\"@id\":\"https:\/\/www.specagra.ee\/?product=n-267#primaryimage\"},\"image\":{\"@id\":\"https:\/\/www.specagra.ee\/?product=n-267#primaryimage\"},\"thumbnailUrl\":\"https:\/\/www.specagra.ee\/wp-content\/uploads\/2020\/09\/N-267.png\",\"datePublished\":\"2020-09-22T10:38:09+00:00\",\"dateModified\":\"2022-10-04T07:11:36+00:00\",\"breadcrumb\":{\"@id\":\"https:\/\/www.specagra.ee\/?product=n-267#breadcrumb\"},\"inLanguage\":\"et\",\"potentialAction\":[{\"@type\":\"ReadAction\",\"target\":[\"https:\/\/www.specagra.ee\/?product=n-267\"]}]},{\"@type\":\"ImageObject\",\"inLanguage\":\"et\",\"@id\":\"https:\/\/www.specagra.ee\/?product=n-267#primaryimage\",\"url\":\"https:\/\/www.specagra.ee\/wp-content\/uploads\/2020\/09\/N-267.png\",\"contentUrl\":\"https:\/\/www.specagra.ee\/wp-content\/uploads\/2020\/09\/N-267.png\",\"width\":1280,\"height\":720,\"caption\":\"M\u0117\u0161lo kratytuvas METAL-FACH N267 HORNET\"},{\"@type\":\"BreadcrumbList\",\"@id\":\"https:\/\/www.specagra.ee\/?product=n-267#breadcrumb\",\"itemListElement\":[{\"@type\":\"ListItem\",\"position\":1,\"name\":\"Home\",\"item\":\"https:\/\/www.specagra.ee\/\"},{\"@type\":\"ListItem\",\"position\":2,\"name\":\"P\u00f5llumajandustehnika ja loomakasvatus\",\"item\":\"https:\/\/specagra.ee\/?page_id=18493\"},{\"@type\":\"ListItem\",\"position\":3,\"name\":\"M\u0117\u0161lo kratytuvas METAL-FACH N267 HORNET\"}]},{\"@type\":\"WebSite\",\"@id\":\"https:\/\/www.specagra.ee\/#website\",\"url\":\"https:\/\/www.specagra.ee\/\",\"name\":\"Specagra\",\"description\":\"P\u00f5llumajandustehnika ja varuosad\",\"publisher\":{\"@id\":\"https:\/\/www.specagra.ee\/#organization\"},\"potentialAction\":[{\"@type\":\"SearchAction\",\"target\":{\"@type\":\"EntryPoint\",\"urlTemplate\":\"https:\/\/www.specagra.ee\/?s={search_term_string}\"},\"query-input\":{\"@type\":\"PropertyValueSpecification\",\"valueRequired\":true,\"valueName\":\"search_term_string\"}}],\"inLanguage\":\"et\"},{\"@type\":\"Organization\",\"@id\":\"https:\/\/www.specagra.ee\/#organization\",\"name\":\"UAB Specagra\",\"url\":\"https:\/\/www.specagra.ee\/\",\"logo\":{\"@type\":\"ImageObject\",\"inLanguage\":\"et\",\"@id\":\"https:\/\/www.specagra.ee\/#\/schema\/logo\/image\/\",\"url\":\"http:\/\/www.specagra.ee\/wp-content\/uploads\/2022\/02\/SP-logo_naujas-scaled.jpg\",\"contentUrl\":\"http:\/\/www.specagra.ee\/wp-content\/uploads\/2022\/02\/SP-logo_naujas-scaled.jpg\",\"width\":2560,\"height\":326,\"caption\":\"UAB Specagra\"},\"image\":{\"@id\":\"https:\/\/www.specagra.ee\/#\/schema\/logo\/image\/\"}}]}<\/script>\n<!-- \/ Yoast SEO plugin. -->","yoast_head_json":{"title":"M\u0117\u0161lo kratytuvas METAL-FACH N267 HORNET - Specagra","robots":{"index":"index","follow":"follow","max-snippet":"max-snippet:-1","max-image-preview":"max-image-preview:large","max-video-preview":"max-video-preview:-1"},"canonical":"https:\/\/www.specagra.ee\/?product=n-267","og_locale":"et_EE","og_type":"article","og_title":"M\u0117\u0161lo kratytuvas METAL-FACH N267 HORNET - Specagra","og_description":"Standartin\u0117 \u012franga: borto u\u017ebaigimas &#8211; medin\u0117 juosta k\u0117bulo skl\u0105stis vertikalus adapteris 4 velen\u0173 kop\u0117\u010dios darbinis velenas ratai 400\/60-15,5 &#8211; N267\/1 ratai 500\/50-17 PR &#8211; N267 vieno kont\u016bro pneumatiniai stabd\u017eiai 2 sekcij\u0173 hidraulika Papildoma \u012franga: papildomi bortai 500 mm \u2013 pilni papildomi bortai 500 mm \u2013 tinkliniai vertikal\u016bs adapteriai 2 velen\u0173 (N276; N276\/2) deflektoriai (galin\u0117s mentel\u0117s) [&hellip;]","og_url":"https:\/\/www.specagra.ee\/?product=n-267","og_site_name":"Specagra","article_modified_time":"2022-10-04T07:11:36+00:00","og_image":[{"width":1280,"height":720,"url":"https:\/\/specagra.ee\/wp-content\/uploads\/2020\/09\/N-267.png","type":"image\/webp"}],"twitter_card":"summary_large_image","schema":{"@context":"https:\/\/schema.org","@graph":[{"@type":"WebPage","@id":"https:\/\/www.specagra.ee\/?product=n-267","url":"https:\/\/www.specagra.ee\/?product=n-267","name":"M\u0117\u0161lo kratytuvas METAL-FACH N267 HORNET - Specagra","isPartOf":{"@id":"https:\/\/www.specagra.ee\/#website"},"primaryImageOfPage":{"@id":"https:\/\/www.specagra.ee\/?product=n-267#primaryimage"},"image":{"@id":"https:\/\/www.specagra.ee\/?product=n-267#primaryimage"},"thumbnailUrl":"https:\/\/www.specagra.ee\/wp-content\/uploads\/2020\/09\/N-267.png","datePublished":"2020-09-22T10:38:09+00:00","dateModified":"2022-10-04T07:11:36+00:00","breadcrumb":{"@id":"https:\/\/www.specagra.ee\/?product=n-267#breadcrumb"},"inLanguage":"et","potentialAction":[{"@type":"ReadAction","target":["https:\/\/www.specagra.ee\/?product=n-267"]}]},{"@type":"ImageObject","inLanguage":"et","@id":"https:\/\/www.specagra.ee\/?product=n-267#primaryimage","url":"https:\/\/www.specagra.ee\/wp-content\/uploads\/2020\/09\/N-267.png","contentUrl":"https:\/\/www.specagra.ee\/wp-content\/uploads\/2020\/09\/N-267.png","width":1280,"height":720,"caption":"M\u0117\u0161lo kratytuvas METAL-FACH N267 HORNET"},{"@type":"BreadcrumbList","@id":"https:\/\/www.specagra.ee\/?product=n-267#breadcrumb","itemListElement":[{"@type":"ListItem","position":1,"name":"Home","item":"https:\/\/www.specagra.ee\/"},{"@type":"ListItem","position":2,"name":"P\u00f5llumajandustehnika ja loomakasvatus","item":"https:\/\/specagra.ee\/?page_id=18493"},{"@type":"ListItem","position":3,"name":"M\u0117\u0161lo kratytuvas METAL-FACH N267 HORNET"}]},{"@type":"WebSite","@id":"https:\/\/www.specagra.ee\/#website","url":"https:\/\/www.specagra.ee\/","name":"Specagra","description":"P\u00f5llumajandustehnika ja varuosad","publisher":{"@id":"https:\/\/www.specagra.ee\/#organization"},"potentialAction":[{"@type":"SearchAction","target":{"@type":"EntryPoint","urlTemplate":"https:\/\/www.specagra.ee\/?s={search_term_string}"},"query-input":{"@type":"PropertyValueSpecification","valueRequired":true,"valueName":"search_term_string"}}],"inLanguage":"et"},{"@type":"Organization","@id":"https:\/\/www.specagra.ee\/#organization","name":"UAB Specagra","url":"https:\/\/www.specagra.ee\/","logo":{"@type":"ImageObject","inLanguage":"et","@id":"https:\/\/www.specagra.ee\/#\/schema\/logo\/image\/","url":"http:\/\/www.specagra.ee\/wp-content\/uploads\/2022\/02\/SP-logo_naujas-scaled.jpg","contentUrl":"http:\/\/www.specagra.ee\/wp-content\/uploads\/2022\/02\/SP-logo_naujas-scaled.jpg","width":2560,"height":326,"caption":"UAB Specagra"},"image":{"@id":"https:\/\/www.specagra.ee\/#\/schema\/logo\/image\/"}}]}},"_links":{"self":[{"href":"https:\/\/www.specagra.ee\/index.php?rest_route=\/wp\/v2\/product\/12761","targetHints":{"allow":["GET"]}}],"collection":[{"href":"https:\/\/www.specagra.ee\/index.php?rest_route=\/wp\/v2\/product"}],"about":[{"href":"https:\/\/www.specagra.ee\/index.php?rest_route=\/wp\/v2\/types\/product"}],"wp:featuredmedia":[{"embeddable":true,"href":"https:\/\/www.specagra.ee\/index.php?rest_route=\/wp\/v2\/media\/17647"}],"wp:attachment":[{"href":"https:\/\/www.specagra.ee\/index.php?rest_route=%2Fwp%2Fv2%2Fmedia&parent=12761"}],"wp:term":[{"taxonomy":"product_brand","embeddable":true,"href":"https:\/\/www.specagra.ee\/index.php?rest_route=%2Fwp%2Fv2%2Fproduct_brand&post=12761"},{"taxonomy":"product_cat","embeddable":true,"href":"https:\/\/www.specagra.ee\/index.php?rest_route=%2Fwp%2Fv2%2Fproduct_cat&post=12761"},{"taxonomy":"product_tag","embeddable":true,"href":"https:\/\/www.specagra.ee\/index.php?rest_route=%2Fwp%2Fv2%2Fproduct_tag&post=12761"}],"curies":[{"name":"wp","href":"https:\/\/api.w.org\/{rel}","templated":true}]}}