{"id":12270,"date":"2020-08-24T05:46:18","date_gmt":"2020-08-24T07:46:18","guid":{"rendered":"https:\/\/www.specagra.ee.nemokamossvetaines.hostingas.lt\/?post_type=product&#038;p=12270"},"modified":"2024-11-05T10:18:51","modified_gmt":"2024-11-05T12:18:51","slug":"magic-vac-champion-vakuumavimo-irenginys","status":"publish","type":"product","link":"https:\/\/www.specagra.ee\/?product=magic-vac-champion-vakuumavimo-irenginys","title":{"rendered":"Magic Vac Champion vakuumavimo \u012frenginys"},"content":{"rendered":"<ol>\n<li>Nam\u0173 \u016bkio\u00a0 \u201e\u010dempionas\u201c su daugybe papildom\u0173 funkcij\u0173 ir puikiai veikiantis \u012frenginys. Puikus kainos ir kokyb\u0117s santykio \u012frenginys su\u00a0 \u012fmontuotu peiliu, skirtu atskirti mai\u0161elius, bet ir su pla\u010dia u\u017esandarinimo si\u016ble.<\/li>\n<li>Tiek u\u017esandarinimo laikas, tiek vakuumavimo stiprumas gali b\u016bti kei\u010diami rankiniu b\u016bdu.\u00a0 Galingas tepamas siurblys i\u0161traukia 11 l\/ min ir sugeneruoja apie 0,8 neigiamo sl\u0117gio bar\u0173.<\/li>\n<li>\u00a01 vakuumavimo ritinys bei 20 vakuumavimo mai\u0161eli\u0173 yra pridedami prie \u012frenginio.<\/li>\n<\/ol>\n<p>&nbsp;<\/p>\n<p>&nbsp;<\/p>\n","protected":false},"excerpt":{"rendered":"<p>Nam\u0173 \u016bkio\u00a0 \u201e\u010dempionas\u201c su daugybe papildom\u0173 funkcij\u0173 ir puikiai veikiantis \u012frenginys. Puikus kainos ir kokyb\u0117s santykio \u012frenginys su\u00a0 \u012fmontuotu peiliu, skirtu atskirti mai\u0161elius, bet ir su pla\u010dia u\u017esandarinimo si\u016ble. Tiek u\u017esandarinimo laikas, tiek vakuumavimo stiprumas gali b\u016bti kei\u010diami rankiniu b\u016bdu.\u00a0 Galingas tepamas siurblys i\u0161traukia 11 l\/ min ir sugeneruoja apie 0,8 neigiamo sl\u0117gio bar\u0173. \u00a01 [&hellip;]<\/p>\n","protected":false},"featured_media":12271,"template":"","meta":{"_et_pb_use_builder":"","_et_pb_old_content":"","_et_gb_content_width":""},"product_brand":[],"product_cat":[211],"product_tag":[],"class_list":{"0":"post-12270","1":"product","2":"type-product","3":"status-publish","4":"has-post-thumbnail","6":"product_cat-juustutootmise-ja-muud-lahendused","8":"first","9":"instock","10":"shipping-taxable","11":"product-type-simple"},"yoast_head":"<!-- This site is optimized with the Yoast SEO plugin v26.4 - https:\/\/yoast.com\/wordpress\/plugins\/seo\/ -->\n<title>Magic Vac Champion vakuumavimo \u012frenginys - Specagra<\/title>\n<meta name=\"robots\" content=\"index, follow, max-snippet:-1, max-image-preview:large, max-video-preview:-1\" \/>\n<link rel=\"canonical\" href=\"https:\/\/www.specagra.ee\/?product=magic-vac-champion-vakuumavimo-irenginys\" \/>\n<meta property=\"og:locale\" content=\"et_EE\" \/>\n<meta property=\"og:type\" content=\"article\" \/>\n<meta property=\"og:title\" content=\"Magic Vac Champion vakuumavimo \u012frenginys - Specagra\" \/>\n<meta property=\"og:description\" content=\"Nam\u0173 \u016bkio\u00a0 \u201e\u010dempionas\u201c su daugybe papildom\u0173 funkcij\u0173 ir puikiai veikiantis \u012frenginys. Puikus kainos ir kokyb\u0117s santykio \u012frenginys su\u00a0 \u012fmontuotu peiliu, skirtu atskirti mai\u0161elius, bet ir su pla\u010dia u\u017esandarinimo si\u016ble. Tiek u\u017esandarinimo laikas, tiek vakuumavimo stiprumas gali b\u016bti kei\u010diami rankiniu b\u016bdu.\u00a0 Galingas tepamas siurblys i\u0161traukia 11 l\/ min ir sugeneruoja apie 0,8 neigiamo sl\u0117gio bar\u0173. \u00a01 [&hellip;]\" \/>\n<meta property=\"og:url\" content=\"https:\/\/www.specagra.ee\/?product=magic-vac-champion-vakuumavimo-irenginys\" \/>\n<meta property=\"og:site_name\" content=\"Specagra\" \/>\n<meta property=\"article:modified_time\" content=\"2024-11-05T12:18:51+00:00\" \/>\n<meta property=\"og:image\" content=\"https:\/\/www.specagra.ee\/wp-content\/uploads\/2020\/08\/16987-1.jpg\" \/>\n\t<meta property=\"og:image:width\" content=\"1280\" \/>\n\t<meta property=\"og:image:height\" content=\"1280\" \/>\n\t<meta property=\"og:image:type\" content=\"image\/jpeg\" \/>\n<meta name=\"twitter:card\" content=\"summary_large_image\" \/>\n<meta name=\"twitter:label1\" content=\"Est. reading time\" \/>\n\t<meta name=\"twitter:data1\" content=\"1 minut\" \/>\n<script type=\"application\/ld+json\" class=\"yoast-schema-graph\">{\"@context\":\"https:\/\/schema.org\",\"@graph\":[{\"@type\":\"WebPage\",\"@id\":\"https:\/\/www.specagra.ee\/?product=magic-vac-champion-vakuumavimo-irenginys\",\"url\":\"https:\/\/www.specagra.ee\/?product=magic-vac-champion-vakuumavimo-irenginys\",\"name\":\"Magic Vac Champion vakuumavimo \u012frenginys - Specagra\",\"isPartOf\":{\"@id\":\"https:\/\/www.specagra.ee\/#website\"},\"primaryImageOfPage\":{\"@id\":\"https:\/\/www.specagra.ee\/?product=magic-vac-champion-vakuumavimo-irenginys#primaryimage\"},\"image\":{\"@id\":\"https:\/\/www.specagra.ee\/?product=magic-vac-champion-vakuumavimo-irenginys#primaryimage\"},\"thumbnailUrl\":\"https:\/\/www.specagra.ee\/wp-content\/uploads\/2020\/08\/16987-1.jpg\",\"datePublished\":\"2020-08-24T07:46:18+00:00\",\"dateModified\":\"2024-11-05T12:18:51+00:00\",\"breadcrumb\":{\"@id\":\"https:\/\/www.specagra.ee\/?product=magic-vac-champion-vakuumavimo-irenginys#breadcrumb\"},\"inLanguage\":\"et\",\"potentialAction\":[{\"@type\":\"ReadAction\",\"target\":[\"https:\/\/www.specagra.ee\/?product=magic-vac-champion-vakuumavimo-irenginys\"]}]},{\"@type\":\"ImageObject\",\"inLanguage\":\"et\",\"@id\":\"https:\/\/www.specagra.ee\/?product=magic-vac-champion-vakuumavimo-irenginys#primaryimage\",\"url\":\"https:\/\/www.specagra.ee\/wp-content\/uploads\/2020\/08\/16987-1.jpg\",\"contentUrl\":\"https:\/\/www.specagra.ee\/wp-content\/uploads\/2020\/08\/16987-1.jpg\",\"width\":1280,\"height\":1280},{\"@type\":\"BreadcrumbList\",\"@id\":\"https:\/\/www.specagra.ee\/?product=magic-vac-champion-vakuumavimo-irenginys#breadcrumb\",\"itemListElement\":[{\"@type\":\"ListItem\",\"position\":1,\"name\":\"Home\",\"item\":\"https:\/\/www.specagra.ee\/\"},{\"@type\":\"ListItem\",\"position\":2,\"name\":\"P\u00f5llumajandustehnika ja loomakasvatus\",\"item\":\"https:\/\/specagra.ee\/?page_id=18493\"},{\"@type\":\"ListItem\",\"position\":3,\"name\":\"Magic Vac Champion vakuumavimo \u012frenginys\"}]},{\"@type\":\"WebSite\",\"@id\":\"https:\/\/www.specagra.ee\/#website\",\"url\":\"https:\/\/www.specagra.ee\/\",\"name\":\"Specagra\",\"description\":\"P\u00f5llumajandustehnika ja varuosad\",\"publisher\":{\"@id\":\"https:\/\/www.specagra.ee\/#organization\"},\"potentialAction\":[{\"@type\":\"SearchAction\",\"target\":{\"@type\":\"EntryPoint\",\"urlTemplate\":\"https:\/\/www.specagra.ee\/?s={search_term_string}\"},\"query-input\":{\"@type\":\"PropertyValueSpecification\",\"valueRequired\":true,\"valueName\":\"search_term_string\"}}],\"inLanguage\":\"et\"},{\"@type\":\"Organization\",\"@id\":\"https:\/\/www.specagra.ee\/#organization\",\"name\":\"UAB Specagra\",\"url\":\"https:\/\/www.specagra.ee\/\",\"logo\":{\"@type\":\"ImageObject\",\"inLanguage\":\"et\",\"@id\":\"https:\/\/www.specagra.ee\/#\/schema\/logo\/image\/\",\"url\":\"http:\/\/www.specagra.ee\/wp-content\/uploads\/2022\/02\/SP-logo_naujas-scaled.jpg\",\"contentUrl\":\"http:\/\/www.specagra.ee\/wp-content\/uploads\/2022\/02\/SP-logo_naujas-scaled.jpg\",\"width\":2560,\"height\":326,\"caption\":\"UAB Specagra\"},\"image\":{\"@id\":\"https:\/\/www.specagra.ee\/#\/schema\/logo\/image\/\"}}]}<\/script>\n<!-- \/ Yoast SEO plugin. -->","yoast_head_json":{"title":"Magic Vac Champion vakuumavimo \u012frenginys - Specagra","robots":{"index":"index","follow":"follow","max-snippet":"max-snippet:-1","max-image-preview":"max-image-preview:large","max-video-preview":"max-video-preview:-1"},"canonical":"https:\/\/www.specagra.ee\/?product=magic-vac-champion-vakuumavimo-irenginys","og_locale":"et_EE","og_type":"article","og_title":"Magic Vac Champion vakuumavimo \u012frenginys - Specagra","og_description":"Nam\u0173 \u016bkio\u00a0 \u201e\u010dempionas\u201c su daugybe papildom\u0173 funkcij\u0173 ir puikiai veikiantis \u012frenginys. Puikus kainos ir kokyb\u0117s santykio \u012frenginys su\u00a0 \u012fmontuotu peiliu, skirtu atskirti mai\u0161elius, bet ir su pla\u010dia u\u017esandarinimo si\u016ble. Tiek u\u017esandarinimo laikas, tiek vakuumavimo stiprumas gali b\u016bti kei\u010diami rankiniu b\u016bdu.\u00a0 Galingas tepamas siurblys i\u0161traukia 11 l\/ min ir sugeneruoja apie 0,8 neigiamo sl\u0117gio bar\u0173. \u00a01 [&hellip;]","og_url":"https:\/\/www.specagra.ee\/?product=magic-vac-champion-vakuumavimo-irenginys","og_site_name":"Specagra","article_modified_time":"2024-11-05T12:18:51+00:00","og_image":[{"width":1280,"height":1280,"url":"https:\/\/www.specagra.ee\/wp-content\/uploads\/2020\/08\/16987-1.jpg","type":"image\/jpeg"}],"twitter_card":"summary_large_image","twitter_misc":{"Est. reading time":"1 minut"},"schema":{"@context":"https:\/\/schema.org","@graph":[{"@type":"WebPage","@id":"https:\/\/www.specagra.ee\/?product=magic-vac-champion-vakuumavimo-irenginys","url":"https:\/\/www.specagra.ee\/?product=magic-vac-champion-vakuumavimo-irenginys","name":"Magic Vac Champion vakuumavimo \u012frenginys - Specagra","isPartOf":{"@id":"https:\/\/www.specagra.ee\/#website"},"primaryImageOfPage":{"@id":"https:\/\/www.specagra.ee\/?product=magic-vac-champion-vakuumavimo-irenginys#primaryimage"},"image":{"@id":"https:\/\/www.specagra.ee\/?product=magic-vac-champion-vakuumavimo-irenginys#primaryimage"},"thumbnailUrl":"https:\/\/www.specagra.ee\/wp-content\/uploads\/2020\/08\/16987-1.jpg","datePublished":"2020-08-24T07:46:18+00:00","dateModified":"2024-11-05T12:18:51+00:00","breadcrumb":{"@id":"https:\/\/www.specagra.ee\/?product=magic-vac-champion-vakuumavimo-irenginys#breadcrumb"},"inLanguage":"et","potentialAction":[{"@type":"ReadAction","target":["https:\/\/www.specagra.ee\/?product=magic-vac-champion-vakuumavimo-irenginys"]}]},{"@type":"ImageObject","inLanguage":"et","@id":"https:\/\/www.specagra.ee\/?product=magic-vac-champion-vakuumavimo-irenginys#primaryimage","url":"https:\/\/www.specagra.ee\/wp-content\/uploads\/2020\/08\/16987-1.jpg","contentUrl":"https:\/\/www.specagra.ee\/wp-content\/uploads\/2020\/08\/16987-1.jpg","width":1280,"height":1280},{"@type":"BreadcrumbList","@id":"https:\/\/www.specagra.ee\/?product=magic-vac-champion-vakuumavimo-irenginys#breadcrumb","itemListElement":[{"@type":"ListItem","position":1,"name":"Home","item":"https:\/\/www.specagra.ee\/"},{"@type":"ListItem","position":2,"name":"P\u00f5llumajandustehnika ja loomakasvatus","item":"https:\/\/specagra.ee\/?page_id=18493"},{"@type":"ListItem","position":3,"name":"Magic Vac Champion vakuumavimo \u012frenginys"}]},{"@type":"WebSite","@id":"https:\/\/www.specagra.ee\/#website","url":"https:\/\/www.specagra.ee\/","name":"Specagra","description":"P\u00f5llumajandustehnika ja varuosad","publisher":{"@id":"https:\/\/www.specagra.ee\/#organization"},"potentialAction":[{"@type":"SearchAction","target":{"@type":"EntryPoint","urlTemplate":"https:\/\/www.specagra.ee\/?s={search_term_string}"},"query-input":{"@type":"PropertyValueSpecification","valueRequired":true,"valueName":"search_term_string"}}],"inLanguage":"et"},{"@type":"Organization","@id":"https:\/\/www.specagra.ee\/#organization","name":"UAB Specagra","url":"https:\/\/www.specagra.ee\/","logo":{"@type":"ImageObject","inLanguage":"et","@id":"https:\/\/www.specagra.ee\/#\/schema\/logo\/image\/","url":"http:\/\/www.specagra.ee\/wp-content\/uploads\/2022\/02\/SP-logo_naujas-scaled.jpg","contentUrl":"http:\/\/www.specagra.ee\/wp-content\/uploads\/2022\/02\/SP-logo_naujas-scaled.jpg","width":2560,"height":326,"caption":"UAB Specagra"},"image":{"@id":"https:\/\/www.specagra.ee\/#\/schema\/logo\/image\/"}}]}},"_links":{"self":[{"href":"https:\/\/www.specagra.ee\/index.php?rest_route=\/wp\/v2\/product\/12270","targetHints":{"allow":["GET"]}}],"collection":[{"href":"https:\/\/www.specagra.ee\/index.php?rest_route=\/wp\/v2\/product"}],"about":[{"href":"https:\/\/www.specagra.ee\/index.php?rest_route=\/wp\/v2\/types\/product"}],"wp:featuredmedia":[{"embeddable":true,"href":"https:\/\/www.specagra.ee\/index.php?rest_route=\/wp\/v2\/media\/12271"}],"wp:attachment":[{"href":"https:\/\/www.specagra.ee\/index.php?rest_route=%2Fwp%2Fv2%2Fmedia&parent=12270"}],"wp:term":[{"taxonomy":"product_brand","embeddable":true,"href":"https:\/\/www.specagra.ee\/index.php?rest_route=%2Fwp%2Fv2%2Fproduct_brand&post=12270"},{"taxonomy":"product_cat","embeddable":true,"href":"https:\/\/www.specagra.ee\/index.php?rest_route=%2Fwp%2Fv2%2Fproduct_cat&post=12270"},{"taxonomy":"product_tag","embeddable":true,"href":"https:\/\/www.specagra.ee\/index.php?rest_route=%2Fwp%2Fv2%2Fproduct_tag&post=12270"}],"curies":[{"name":"wp","href":"https:\/\/api.w.org\/{rel}","templated":true}]}}