{"id":12261,"date":"2020-08-24T05:27:07","date_gmt":"2020-08-24T07:27:07","guid":{"rendered":"https:\/\/www.specagra.ee.nemokamossvetaines.hostingas.lt\/?post_type=product&#038;p=12261"},"modified":"2024-11-05T10:16:59","modified_gmt":"2024-11-05T12:16:59","slug":"meaty-midi-vakuumavimo-irenginys","status":"publish","type":"product","link":"https:\/\/www.specagra.ee\/?product=meaty-midi-vakuumavimo-irenginys","title":{"rendered":"Meaty Midi vakuumavimo \u012frenginys"},"content":{"rendered":"<ol>\n<li>TOP \u012frenginys, pagamintas i\u0161 ner\u016bdijan\u010dio plieno, skirtas nam\u0173 \u016bkiams, tiesioginiams prekybininkams ir kitiems verslams.<\/li>\n<li>Ner\u016bdijan\u010dio plieno korpusas su skaitmeniniu LED ekranu, keisti nustatymams.<\/li>\n<li>Rankiniu valdymu kei\u010diamas u\u017esandarinimo laikas ir vakuumavimo stiprumas.<\/li>\n<li>2 u\u017esandarinimo juostos sukuria dvigubai sandaresn\u012f u\u017etvirtinim\u0105, i\u0161skirtiniam saugumui.<\/li>\n<li>Prakti\u0161kai ne\u012fmanoma, kad atsitiktinai atsidarys.<\/li>\n<li>Galingas tepamas siurblys i\u0161traukia 28 l\/ min ir sugeneruoja apie 0,8 neigiamo sl\u0117gio bar\u0173.<\/li>\n<li>I\u0161orinis filtras yra naudojamas atskirti nereikalingus skys\u010dius (vanden\u012f, krauj\u0105, kt.) ir taip apsaugo \u012frengin\u012f.<\/li>\n<li>D\u0117l specialaus dizaino, \u012frenginys skirtas t\u0119stiniam naudojimui.<\/li>\n<li>\u012erenginys taip pat gali vakuumuoti produktus indeliuose.<\/li>\n<\/ol>\n<p>&nbsp;<\/p>\n<p>Techniniai duomenys:<\/p>\n<ul>\n<li>\u012erenginio matmenys:\u00a0 510 x 295 x 180 h mm<\/li>\n<li>Sandarinimo juosta: 2 x 430 m<\/li>\n<li>Svoris: 12 kg<\/li>\n<li>\u012etampa: 110 V-60 Hz \/ 230 V 50 Hz<\/li>\n<li>Energijos s\u0105naudos: 0.84 kW<\/li>\n<li>Vakuumas: 0.8 mbar<\/li>\n<li>Tepamas siurblys: 28 l \/ m<\/li>\n<\/ul>\n<p>&nbsp;<\/p>\n","protected":false},"excerpt":{"rendered":"<p>TOP \u012frenginys, pagamintas i\u0161 ner\u016bdijan\u010dio plieno, skirtas nam\u0173 \u016bkiams, tiesioginiams prekybininkams ir kitiems verslams. Ner\u016bdijan\u010dio plieno korpusas su skaitmeniniu LED ekranu, keisti nustatymams. Rankiniu valdymu kei\u010diamas u\u017esandarinimo laikas ir vakuumavimo stiprumas. 2 u\u017esandarinimo juostos sukuria dvigubai sandaresn\u012f u\u017etvirtinim\u0105, i\u0161skirtiniam saugumui. Prakti\u0161kai ne\u012fmanoma, kad atsitiktinai atsidarys. Galingas tepamas siurblys i\u0161traukia 28 l\/ min ir sugeneruoja apie [&hellip;]<\/p>\n","protected":false},"featured_media":12262,"template":"","meta":{"_et_pb_use_builder":"","_et_pb_old_content":"","_et_gb_content_width":""},"product_brand":[],"product_cat":[211],"product_tag":[],"class_list":{"0":"post-12261","1":"product","2":"type-product","3":"status-publish","4":"has-post-thumbnail","6":"product_cat-juustutootmise-ja-muud-lahendused","8":"first","9":"instock","10":"shipping-taxable","11":"product-type-simple"},"yoast_head":"<!-- This site is optimized with the Yoast SEO plugin v26.4 - https:\/\/yoast.com\/wordpress\/plugins\/seo\/ -->\n<title>Meaty Midi vakuumavimo \u012frenginys - Specagra<\/title>\n<meta name=\"robots\" content=\"index, follow, max-snippet:-1, max-image-preview:large, max-video-preview:-1\" \/>\n<link rel=\"canonical\" href=\"https:\/\/www.specagra.ee\/?product=meaty-midi-vakuumavimo-irenginys\" \/>\n<meta property=\"og:locale\" content=\"et_EE\" \/>\n<meta property=\"og:type\" content=\"article\" \/>\n<meta property=\"og:title\" content=\"Meaty Midi vakuumavimo \u012frenginys - Specagra\" \/>\n<meta property=\"og:description\" content=\"TOP \u012frenginys, pagamintas i\u0161 ner\u016bdijan\u010dio plieno, skirtas nam\u0173 \u016bkiams, tiesioginiams prekybininkams ir kitiems verslams. Ner\u016bdijan\u010dio plieno korpusas su skaitmeniniu LED ekranu, keisti nustatymams. Rankiniu valdymu kei\u010diamas u\u017esandarinimo laikas ir vakuumavimo stiprumas. 2 u\u017esandarinimo juostos sukuria dvigubai sandaresn\u012f u\u017etvirtinim\u0105, i\u0161skirtiniam saugumui. Prakti\u0161kai ne\u012fmanoma, kad atsitiktinai atsidarys. Galingas tepamas siurblys i\u0161traukia 28 l\/ min ir sugeneruoja apie [&hellip;]\" \/>\n<meta property=\"og:url\" content=\"https:\/\/www.specagra.ee\/?product=meaty-midi-vakuumavimo-irenginys\" \/>\n<meta property=\"og:site_name\" content=\"Specagra\" \/>\n<meta property=\"article:modified_time\" content=\"2024-11-05T12:16:59+00:00\" \/>\n<meta property=\"og:image\" content=\"https:\/\/www.specagra.ee\/wp-content\/uploads\/2020\/08\/BV20745.jpg\" \/>\n\t<meta property=\"og:image:width\" content=\"1280\" \/>\n\t<meta property=\"og:image:height\" content=\"1280\" \/>\n\t<meta property=\"og:image:type\" content=\"image\/jpeg\" \/>\n<meta name=\"twitter:card\" content=\"summary_large_image\" \/>\n<meta name=\"twitter:label1\" content=\"Est. reading time\" \/>\n\t<meta name=\"twitter:data1\" content=\"1 minut\" \/>\n<script type=\"application\/ld+json\" class=\"yoast-schema-graph\">{\"@context\":\"https:\/\/schema.org\",\"@graph\":[{\"@type\":\"WebPage\",\"@id\":\"https:\/\/www.specagra.ee\/?product=meaty-midi-vakuumavimo-irenginys\",\"url\":\"https:\/\/www.specagra.ee\/?product=meaty-midi-vakuumavimo-irenginys\",\"name\":\"Meaty Midi vakuumavimo \u012frenginys - Specagra\",\"isPartOf\":{\"@id\":\"https:\/\/www.specagra.ee\/#website\"},\"primaryImageOfPage\":{\"@id\":\"https:\/\/www.specagra.ee\/?product=meaty-midi-vakuumavimo-irenginys#primaryimage\"},\"image\":{\"@id\":\"https:\/\/www.specagra.ee\/?product=meaty-midi-vakuumavimo-irenginys#primaryimage\"},\"thumbnailUrl\":\"https:\/\/specagra.ee\/wp-content\/uploads\/2020\/08\/BV20745.jpg\",\"datePublished\":\"2020-08-24T07:27:07+00:00\",\"dateModified\":\"2024-11-05T12:16:59+00:00\",\"breadcrumb\":{\"@id\":\"https:\/\/www.specagra.ee\/?product=meaty-midi-vakuumavimo-irenginys#breadcrumb\"},\"inLanguage\":\"et\",\"potentialAction\":[{\"@type\":\"ReadAction\",\"target\":[\"https:\/\/www.specagra.ee\/?product=meaty-midi-vakuumavimo-irenginys\"]}]},{\"@type\":\"ImageObject\",\"inLanguage\":\"et\",\"@id\":\"https:\/\/www.specagra.ee\/?product=meaty-midi-vakuumavimo-irenginys#primaryimage\",\"url\":\"https:\/\/specagra.ee\/wp-content\/uploads\/2020\/08\/BV20745.jpg\",\"contentUrl\":\"https:\/\/specagra.ee\/wp-content\/uploads\/2020\/08\/BV20745.jpg\",\"width\":1280,\"height\":1280},{\"@type\":\"BreadcrumbList\",\"@id\":\"https:\/\/www.specagra.ee\/?product=meaty-midi-vakuumavimo-irenginys#breadcrumb\",\"itemListElement\":[{\"@type\":\"ListItem\",\"position\":1,\"name\":\"Home\",\"item\":\"https:\/\/www.specagra.ee\/\"},{\"@type\":\"ListItem\",\"position\":2,\"name\":\"P\u00f5llumajandustehnika ja loomakasvatus\",\"item\":\"https:\/\/specagra.ee\/?page_id=18493\"},{\"@type\":\"ListItem\",\"position\":3,\"name\":\"Meaty Midi vakuumavimo \u012frenginys\"}]},{\"@type\":\"WebSite\",\"@id\":\"https:\/\/www.specagra.ee\/#website\",\"url\":\"https:\/\/www.specagra.ee\/\",\"name\":\"Specagra\",\"description\":\"P\u00f5llumajandustehnika ja varuosad\",\"publisher\":{\"@id\":\"https:\/\/www.specagra.ee\/#organization\"},\"potentialAction\":[{\"@type\":\"SearchAction\",\"target\":{\"@type\":\"EntryPoint\",\"urlTemplate\":\"https:\/\/www.specagra.ee\/?s={search_term_string}\"},\"query-input\":{\"@type\":\"PropertyValueSpecification\",\"valueRequired\":true,\"valueName\":\"search_term_string\"}}],\"inLanguage\":\"et\"},{\"@type\":\"Organization\",\"@id\":\"https:\/\/www.specagra.ee\/#organization\",\"name\":\"UAB Specagra\",\"url\":\"https:\/\/www.specagra.ee\/\",\"logo\":{\"@type\":\"ImageObject\",\"inLanguage\":\"et\",\"@id\":\"https:\/\/www.specagra.ee\/#\/schema\/logo\/image\/\",\"url\":\"http:\/\/www.specagra.ee\/wp-content\/uploads\/2022\/02\/SP-logo_naujas-scaled.jpg\",\"contentUrl\":\"http:\/\/www.specagra.ee\/wp-content\/uploads\/2022\/02\/SP-logo_naujas-scaled.jpg\",\"width\":2560,\"height\":326,\"caption\":\"UAB Specagra\"},\"image\":{\"@id\":\"https:\/\/www.specagra.ee\/#\/schema\/logo\/image\/\"}}]}<\/script>\n<!-- \/ Yoast SEO plugin. -->","yoast_head_json":{"title":"Meaty Midi vakuumavimo \u012frenginys - Specagra","robots":{"index":"index","follow":"follow","max-snippet":"max-snippet:-1","max-image-preview":"max-image-preview:large","max-video-preview":"max-video-preview:-1"},"canonical":"https:\/\/www.specagra.ee\/?product=meaty-midi-vakuumavimo-irenginys","og_locale":"et_EE","og_type":"article","og_title":"Meaty Midi vakuumavimo \u012frenginys - Specagra","og_description":"TOP \u012frenginys, pagamintas i\u0161 ner\u016bdijan\u010dio plieno, skirtas nam\u0173 \u016bkiams, tiesioginiams prekybininkams ir kitiems verslams. Ner\u016bdijan\u010dio plieno korpusas su skaitmeniniu LED ekranu, keisti nustatymams. Rankiniu valdymu kei\u010diamas u\u017esandarinimo laikas ir vakuumavimo stiprumas. 2 u\u017esandarinimo juostos sukuria dvigubai sandaresn\u012f u\u017etvirtinim\u0105, i\u0161skirtiniam saugumui. Prakti\u0161kai ne\u012fmanoma, kad atsitiktinai atsidarys. Galingas tepamas siurblys i\u0161traukia 28 l\/ min ir sugeneruoja apie [&hellip;]","og_url":"https:\/\/www.specagra.ee\/?product=meaty-midi-vakuumavimo-irenginys","og_site_name":"Specagra","article_modified_time":"2024-11-05T12:16:59+00:00","og_image":[{"width":1280,"height":1280,"url":"https:\/\/www.specagra.ee\/wp-content\/uploads\/2020\/08\/BV20745.jpg","type":"image\/jpeg"}],"twitter_card":"summary_large_image","twitter_misc":{"Est. reading time":"1 minut"},"schema":{"@context":"https:\/\/schema.org","@graph":[{"@type":"WebPage","@id":"https:\/\/www.specagra.ee\/?product=meaty-midi-vakuumavimo-irenginys","url":"https:\/\/www.specagra.ee\/?product=meaty-midi-vakuumavimo-irenginys","name":"Meaty Midi vakuumavimo \u012frenginys - Specagra","isPartOf":{"@id":"https:\/\/www.specagra.ee\/#website"},"primaryImageOfPage":{"@id":"https:\/\/www.specagra.ee\/?product=meaty-midi-vakuumavimo-irenginys#primaryimage"},"image":{"@id":"https:\/\/www.specagra.ee\/?product=meaty-midi-vakuumavimo-irenginys#primaryimage"},"thumbnailUrl":"https:\/\/specagra.ee\/wp-content\/uploads\/2020\/08\/BV20745.jpg","datePublished":"2020-08-24T07:27:07+00:00","dateModified":"2024-11-05T12:16:59+00:00","breadcrumb":{"@id":"https:\/\/www.specagra.ee\/?product=meaty-midi-vakuumavimo-irenginys#breadcrumb"},"inLanguage":"et","potentialAction":[{"@type":"ReadAction","target":["https:\/\/www.specagra.ee\/?product=meaty-midi-vakuumavimo-irenginys"]}]},{"@type":"ImageObject","inLanguage":"et","@id":"https:\/\/www.specagra.ee\/?product=meaty-midi-vakuumavimo-irenginys#primaryimage","url":"https:\/\/specagra.ee\/wp-content\/uploads\/2020\/08\/BV20745.jpg","contentUrl":"https:\/\/specagra.ee\/wp-content\/uploads\/2020\/08\/BV20745.jpg","width":1280,"height":1280},{"@type":"BreadcrumbList","@id":"https:\/\/www.specagra.ee\/?product=meaty-midi-vakuumavimo-irenginys#breadcrumb","itemListElement":[{"@type":"ListItem","position":1,"name":"Home","item":"https:\/\/www.specagra.ee\/"},{"@type":"ListItem","position":2,"name":"P\u00f5llumajandustehnika ja loomakasvatus","item":"https:\/\/specagra.ee\/?page_id=18493"},{"@type":"ListItem","position":3,"name":"Meaty Midi vakuumavimo \u012frenginys"}]},{"@type":"WebSite","@id":"https:\/\/www.specagra.ee\/#website","url":"https:\/\/www.specagra.ee\/","name":"Specagra","description":"P\u00f5llumajandustehnika ja varuosad","publisher":{"@id":"https:\/\/www.specagra.ee\/#organization"},"potentialAction":[{"@type":"SearchAction","target":{"@type":"EntryPoint","urlTemplate":"https:\/\/www.specagra.ee\/?s={search_term_string}"},"query-input":{"@type":"PropertyValueSpecification","valueRequired":true,"valueName":"search_term_string"}}],"inLanguage":"et"},{"@type":"Organization","@id":"https:\/\/www.specagra.ee\/#organization","name":"UAB Specagra","url":"https:\/\/www.specagra.ee\/","logo":{"@type":"ImageObject","inLanguage":"et","@id":"https:\/\/www.specagra.ee\/#\/schema\/logo\/image\/","url":"http:\/\/www.specagra.ee\/wp-content\/uploads\/2022\/02\/SP-logo_naujas-scaled.jpg","contentUrl":"http:\/\/www.specagra.ee\/wp-content\/uploads\/2022\/02\/SP-logo_naujas-scaled.jpg","width":2560,"height":326,"caption":"UAB Specagra"},"image":{"@id":"https:\/\/www.specagra.ee\/#\/schema\/logo\/image\/"}}]}},"_links":{"self":[{"href":"https:\/\/www.specagra.ee\/index.php?rest_route=\/wp\/v2\/product\/12261","targetHints":{"allow":["GET"]}}],"collection":[{"href":"https:\/\/www.specagra.ee\/index.php?rest_route=\/wp\/v2\/product"}],"about":[{"href":"https:\/\/www.specagra.ee\/index.php?rest_route=\/wp\/v2\/types\/product"}],"wp:featuredmedia":[{"embeddable":true,"href":"https:\/\/www.specagra.ee\/index.php?rest_route=\/wp\/v2\/media\/12262"}],"wp:attachment":[{"href":"https:\/\/www.specagra.ee\/index.php?rest_route=%2Fwp%2Fv2%2Fmedia&parent=12261"}],"wp:term":[{"taxonomy":"product_brand","embeddable":true,"href":"https:\/\/www.specagra.ee\/index.php?rest_route=%2Fwp%2Fv2%2Fproduct_brand&post=12261"},{"taxonomy":"product_cat","embeddable":true,"href":"https:\/\/www.specagra.ee\/index.php?rest_route=%2Fwp%2Fv2%2Fproduct_cat&post=12261"},{"taxonomy":"product_tag","embeddable":true,"href":"https:\/\/www.specagra.ee\/index.php?rest_route=%2Fwp%2Fv2%2Fproduct_tag&post=12261"}],"curies":[{"name":"wp","href":"https:\/\/api.w.org\/{rel}","templated":true}]}}