{"id":12200,"date":"2020-08-21T05:30:11","date_gmt":"2020-08-21T07:30:11","guid":{"rendered":"https:\/\/www.specagra.ee.nemokamossvetaines.hostingas.lt\/?post_type=product&#038;p=12200"},"modified":"2022-11-23T12:44:56","modified_gmt":"2022-11-23T14:44:56","slug":"kaupu-plevele-polydress-silopro","status":"publish","type":"product","link":"https:\/\/www.specagra.ee\/?product=kaupu-plevele-polydress-silopro","title":{"rendered":"Kaup\u0173 pl\u0117vel\u0117 &#8211; Polydress\u00ae SiloPro"},"content":{"rendered":"<p><strong>Privalumai:<\/strong><\/p>\n<ul>\n<li>Optimal\u016bs silosavimo rezultatai<\/li>\n<li>Stiprumas atitinkantis EN 13207 standart\u0105, DLG testuotas produktas<\/li>\n<li>Atsparus oro s\u0105lygoms<\/li>\n<li>Suma\u017eintas storis<\/li>\n<li>15 m\u0117nesi\u0173 UV atsparumas Centrin\u0117je Europoje<\/li>\n<\/ul>\n<p><img loading=\"lazy\" decoding=\"async\" class=\"alignnone wp-image-12197\" src=\"http:\/\/www.specagra.ee\/wp-content\/uploads\/2020\/08\/RKW_Product_Polydress-SiloClassics-White-Open-850x600px-630x445-2-300x212.png\" alt=\"\" width=\"266\" height=\"188\" srcset=\"https:\/\/www.specagra.ee\/wp-content\/uploads\/2020\/08\/RKW_Product_Polydress-SiloClassics-White-Open-850x600px-630x445-2-300x212.png 300w, https:\/\/www.specagra.ee\/wp-content\/uploads\/2020\/08\/RKW_Product_Polydress-SiloClassics-White-Open-850x600px-630x445-2-600x424.png 600w, https:\/\/www.specagra.ee\/wp-content\/uploads\/2020\/08\/RKW_Product_Polydress-SiloClassics-White-Open-850x600px-630x445-2-400x284.png 400w, https:\/\/www.specagra.ee\/wp-content\/uploads\/2020\/08\/RKW_Product_Polydress-SiloClassics-White-Open-850x600px-630x445-2-480x339.png 480w, https:\/\/www.specagra.ee\/wp-content\/uploads\/2020\/08\/RKW_Product_Polydress-SiloClassics-White-Open-850x600px-630x445-2-100x71.png 100w, https:\/\/www.specagra.ee\/wp-content\/uploads\/2020\/08\/RKW_Product_Polydress-SiloClassics-White-Open-850x600px-630x445-2.png 630w\" sizes=\"(max-width: 266px) 100vw, 266px\" \/><\/p>\n<p><strong>Apra\u0161as<\/strong><\/p>\n<p>Atsparus oro s\u0105lygoms, su dideliu atsparumu mechaniniam tempinui bei ply\u0161imui. Polydress\u00ae SiloPro premium klas\u0117s siloso tran\u0161\u0117j\u0173 pl\u0117vel\u0117, auk\u0161to lygio pieno bei m\u0117sos produkcijos gamybos u\u017etikrinimui.<\/p>\n<p>I\u0161bandykite suma\u017einto storio ir optimalaus stiprumo siloso pl\u0117vel\u0119. Patvarumas ir kokyb\u0117 u\u017etikrinami EN 13207 standartu ir nuolatiniu DLG testavimu.<\/p>\n<p>&nbsp;<\/p>\n","protected":false},"excerpt":{"rendered":"<p>Privalumai: Optimal\u016bs silosavimo rezultatai Stiprumas atitinkantis EN 13207 standart\u0105, DLG testuotas produktas Atsparus oro s\u0105lygoms Suma\u017eintas storis 15 m\u0117nesi\u0173 UV atsparumas Centrin\u0117je Europoje Apra\u0161as Atsparus oro s\u0105lygoms, su dideliu atsparumu mechaniniam tempinui bei ply\u0161imui. Polydress\u00ae SiloPro premium klas\u0117s siloso tran\u0161\u0117j\u0173 pl\u0117vel\u0117, auk\u0161to lygio pieno bei m\u0117sos produkcijos gamybos u\u017etikrinimui. I\u0161bandykite suma\u017einto storio ir optimalaus stiprumo [&hellip;]<\/p>\n","protected":false},"featured_media":19320,"template":"","meta":{"_et_pb_use_builder":"","_et_pb_old_content":"","_et_gb_content_width":""},"product_brand":[],"product_cat":[119],"product_tag":[],"class_list":{"0":"post-12200","1":"product","2":"type-product","3":"status-publish","4":"has-post-thumbnail","6":"product_cat-silokuhjade-kiled","8":"first","9":"instock","10":"shipping-taxable","11":"product-type-simple"},"yoast_head":"<!-- This site is optimized with the Yoast SEO plugin v26.4 - https:\/\/yoast.com\/wordpress\/plugins\/seo\/ -->\n<title>Kaup\u0173 pl\u0117vel\u0117 - Polydress\u00ae SiloPro - Specagra<\/title>\n<meta name=\"robots\" content=\"index, follow, max-snippet:-1, max-image-preview:large, max-video-preview:-1\" \/>\n<link rel=\"canonical\" href=\"https:\/\/www.specagra.ee\/?product=kaupu-plevele-polydress-silopro\" \/>\n<meta property=\"og:locale\" content=\"et_EE\" \/>\n<meta property=\"og:type\" content=\"article\" \/>\n<meta property=\"og:title\" content=\"Kaup\u0173 pl\u0117vel\u0117 - Polydress\u00ae SiloPro - Specagra\" \/>\n<meta property=\"og:description\" content=\"Privalumai: Optimal\u016bs silosavimo rezultatai Stiprumas atitinkantis EN 13207 standart\u0105, DLG testuotas produktas Atsparus oro s\u0105lygoms Suma\u017eintas storis 15 m\u0117nesi\u0173 UV atsparumas Centrin\u0117je Europoje Apra\u0161as Atsparus oro s\u0105lygoms, su dideliu atsparumu mechaniniam tempinui bei ply\u0161imui. Polydress\u00ae SiloPro premium klas\u0117s siloso tran\u0161\u0117j\u0173 pl\u0117vel\u0117, auk\u0161to lygio pieno bei m\u0117sos produkcijos gamybos u\u017etikrinimui. I\u0161bandykite suma\u017einto storio ir optimalaus stiprumo [&hellip;]\" \/>\n<meta property=\"og:url\" content=\"https:\/\/www.specagra.ee\/?product=kaupu-plevele-polydress-silopro\" \/>\n<meta property=\"og:site_name\" content=\"Specagra\" \/>\n<meta property=\"article:modified_time\" content=\"2022-11-23T14:44:56+00:00\" \/>\n<meta property=\"og:image\" content=\"https:\/\/specagra.ee\/wp-content\/uploads\/2020\/08\/Untitled-design170-1.jpg\" \/>\n\t<meta property=\"og:image:width\" content=\"800\" \/>\n\t<meta property=\"og:image:height\" content=\"800\" \/>\n\t<meta property=\"og:image:type\" content=\"image\/jpeg\" \/>\n<meta name=\"twitter:card\" content=\"summary_large_image\" \/>\n<meta name=\"twitter:label1\" content=\"Est. reading time\" \/>\n\t<meta name=\"twitter:data1\" content=\"1 minut\" \/>\n<script type=\"application\/ld+json\" class=\"yoast-schema-graph\">{\"@context\":\"https:\/\/schema.org\",\"@graph\":[{\"@type\":\"WebPage\",\"@id\":\"https:\/\/www.specagra.ee\/?product=kaupu-plevele-polydress-silopro\",\"url\":\"https:\/\/www.specagra.ee\/?product=kaupu-plevele-polydress-silopro\",\"name\":\"Kaup\u0173 pl\u0117vel\u0117 - Polydress\u00ae SiloPro - Specagra\",\"isPartOf\":{\"@id\":\"https:\/\/www.specagra.ee\/#website\"},\"primaryImageOfPage\":{\"@id\":\"https:\/\/www.specagra.ee\/?product=kaupu-plevele-polydress-silopro#primaryimage\"},\"image\":{\"@id\":\"https:\/\/www.specagra.ee\/?product=kaupu-plevele-polydress-silopro#primaryimage\"},\"thumbnailUrl\":\"https:\/\/www.specagra.ee\/wp-content\/uploads\/2020\/08\/Untitled-design170-1.jpg\",\"datePublished\":\"2020-08-21T07:30:11+00:00\",\"dateModified\":\"2022-11-23T14:44:56+00:00\",\"breadcrumb\":{\"@id\":\"https:\/\/www.specagra.ee\/?product=kaupu-plevele-polydress-silopro#breadcrumb\"},\"inLanguage\":\"et\",\"potentialAction\":[{\"@type\":\"ReadAction\",\"target\":[\"https:\/\/www.specagra.ee\/?product=kaupu-plevele-polydress-silopro\"]}]},{\"@type\":\"ImageObject\",\"inLanguage\":\"et\",\"@id\":\"https:\/\/www.specagra.ee\/?product=kaupu-plevele-polydress-silopro#primaryimage\",\"url\":\"https:\/\/www.specagra.ee\/wp-content\/uploads\/2020\/08\/Untitled-design170-1.jpg\",\"contentUrl\":\"https:\/\/www.specagra.ee\/wp-content\/uploads\/2020\/08\/Untitled-design170-1.jpg\",\"width\":800,\"height\":800,\"caption\":\"Kaup\u0173 pl\u0117vel\u0117 - Polydress\u00ae SiloPro\"},{\"@type\":\"BreadcrumbList\",\"@id\":\"https:\/\/www.specagra.ee\/?product=kaupu-plevele-polydress-silopro#breadcrumb\",\"itemListElement\":[{\"@type\":\"ListItem\",\"position\":1,\"name\":\"Home\",\"item\":\"https:\/\/www.specagra.ee\/\"},{\"@type\":\"ListItem\",\"position\":2,\"name\":\"P\u00f5llumajandustehnika ja loomakasvatus\",\"item\":\"https:\/\/specagra.ee\/?page_id=18493\"},{\"@type\":\"ListItem\",\"position\":3,\"name\":\"Kaup\u0173 pl\u0117vel\u0117 &#8211; Polydress\u00ae SiloPro\"}]},{\"@type\":\"WebSite\",\"@id\":\"https:\/\/www.specagra.ee\/#website\",\"url\":\"https:\/\/www.specagra.ee\/\",\"name\":\"Specagra\",\"description\":\"P\u00f5llumajandustehnika ja varuosad\",\"publisher\":{\"@id\":\"https:\/\/www.specagra.ee\/#organization\"},\"potentialAction\":[{\"@type\":\"SearchAction\",\"target\":{\"@type\":\"EntryPoint\",\"urlTemplate\":\"https:\/\/www.specagra.ee\/?s={search_term_string}\"},\"query-input\":{\"@type\":\"PropertyValueSpecification\",\"valueRequired\":true,\"valueName\":\"search_term_string\"}}],\"inLanguage\":\"et\"},{\"@type\":\"Organization\",\"@id\":\"https:\/\/www.specagra.ee\/#organization\",\"name\":\"UAB Specagra\",\"url\":\"https:\/\/www.specagra.ee\/\",\"logo\":{\"@type\":\"ImageObject\",\"inLanguage\":\"et\",\"@id\":\"https:\/\/www.specagra.ee\/#\/schema\/logo\/image\/\",\"url\":\"http:\/\/www.specagra.ee\/wp-content\/uploads\/2022\/02\/SP-logo_naujas-scaled.jpg\",\"contentUrl\":\"http:\/\/www.specagra.ee\/wp-content\/uploads\/2022\/02\/SP-logo_naujas-scaled.jpg\",\"width\":2560,\"height\":326,\"caption\":\"UAB Specagra\"},\"image\":{\"@id\":\"https:\/\/www.specagra.ee\/#\/schema\/logo\/image\/\"}}]}<\/script>\n<!-- \/ Yoast SEO plugin. -->","yoast_head_json":{"title":"Kaup\u0173 pl\u0117vel\u0117 - Polydress\u00ae SiloPro - Specagra","robots":{"index":"index","follow":"follow","max-snippet":"max-snippet:-1","max-image-preview":"max-image-preview:large","max-video-preview":"max-video-preview:-1"},"canonical":"https:\/\/www.specagra.ee\/?product=kaupu-plevele-polydress-silopro","og_locale":"et_EE","og_type":"article","og_title":"Kaup\u0173 pl\u0117vel\u0117 - Polydress\u00ae SiloPro - Specagra","og_description":"Privalumai: Optimal\u016bs silosavimo rezultatai Stiprumas atitinkantis EN 13207 standart\u0105, DLG testuotas produktas Atsparus oro s\u0105lygoms Suma\u017eintas storis 15 m\u0117nesi\u0173 UV atsparumas Centrin\u0117je Europoje Apra\u0161as Atsparus oro s\u0105lygoms, su dideliu atsparumu mechaniniam tempinui bei ply\u0161imui. Polydress\u00ae SiloPro premium klas\u0117s siloso tran\u0161\u0117j\u0173 pl\u0117vel\u0117, auk\u0161to lygio pieno bei m\u0117sos produkcijos gamybos u\u017etikrinimui. I\u0161bandykite suma\u017einto storio ir optimalaus stiprumo [&hellip;]","og_url":"https:\/\/www.specagra.ee\/?product=kaupu-plevele-polydress-silopro","og_site_name":"Specagra","article_modified_time":"2022-11-23T14:44:56+00:00","og_image":[{"width":800,"height":800,"url":"https:\/\/specagra.ee\/wp-content\/uploads\/2020\/08\/Untitled-design170-1.jpg","type":"image\/jpeg"}],"twitter_card":"summary_large_image","twitter_misc":{"Est. reading time":"1 minut"},"schema":{"@context":"https:\/\/schema.org","@graph":[{"@type":"WebPage","@id":"https:\/\/www.specagra.ee\/?product=kaupu-plevele-polydress-silopro","url":"https:\/\/www.specagra.ee\/?product=kaupu-plevele-polydress-silopro","name":"Kaup\u0173 pl\u0117vel\u0117 - Polydress\u00ae SiloPro - Specagra","isPartOf":{"@id":"https:\/\/www.specagra.ee\/#website"},"primaryImageOfPage":{"@id":"https:\/\/www.specagra.ee\/?product=kaupu-plevele-polydress-silopro#primaryimage"},"image":{"@id":"https:\/\/www.specagra.ee\/?product=kaupu-plevele-polydress-silopro#primaryimage"},"thumbnailUrl":"https:\/\/www.specagra.ee\/wp-content\/uploads\/2020\/08\/Untitled-design170-1.jpg","datePublished":"2020-08-21T07:30:11+00:00","dateModified":"2022-11-23T14:44:56+00:00","breadcrumb":{"@id":"https:\/\/www.specagra.ee\/?product=kaupu-plevele-polydress-silopro#breadcrumb"},"inLanguage":"et","potentialAction":[{"@type":"ReadAction","target":["https:\/\/www.specagra.ee\/?product=kaupu-plevele-polydress-silopro"]}]},{"@type":"ImageObject","inLanguage":"et","@id":"https:\/\/www.specagra.ee\/?product=kaupu-plevele-polydress-silopro#primaryimage","url":"https:\/\/www.specagra.ee\/wp-content\/uploads\/2020\/08\/Untitled-design170-1.jpg","contentUrl":"https:\/\/www.specagra.ee\/wp-content\/uploads\/2020\/08\/Untitled-design170-1.jpg","width":800,"height":800,"caption":"Kaup\u0173 pl\u0117vel\u0117 - Polydress\u00ae SiloPro"},{"@type":"BreadcrumbList","@id":"https:\/\/www.specagra.ee\/?product=kaupu-plevele-polydress-silopro#breadcrumb","itemListElement":[{"@type":"ListItem","position":1,"name":"Home","item":"https:\/\/www.specagra.ee\/"},{"@type":"ListItem","position":2,"name":"P\u00f5llumajandustehnika ja loomakasvatus","item":"https:\/\/specagra.ee\/?page_id=18493"},{"@type":"ListItem","position":3,"name":"Kaup\u0173 pl\u0117vel\u0117 &#8211; Polydress\u00ae SiloPro"}]},{"@type":"WebSite","@id":"https:\/\/www.specagra.ee\/#website","url":"https:\/\/www.specagra.ee\/","name":"Specagra","description":"P\u00f5llumajandustehnika ja varuosad","publisher":{"@id":"https:\/\/www.specagra.ee\/#organization"},"potentialAction":[{"@type":"SearchAction","target":{"@type":"EntryPoint","urlTemplate":"https:\/\/www.specagra.ee\/?s={search_term_string}"},"query-input":{"@type":"PropertyValueSpecification","valueRequired":true,"valueName":"search_term_string"}}],"inLanguage":"et"},{"@type":"Organization","@id":"https:\/\/www.specagra.ee\/#organization","name":"UAB Specagra","url":"https:\/\/www.specagra.ee\/","logo":{"@type":"ImageObject","inLanguage":"et","@id":"https:\/\/www.specagra.ee\/#\/schema\/logo\/image\/","url":"http:\/\/www.specagra.ee\/wp-content\/uploads\/2022\/02\/SP-logo_naujas-scaled.jpg","contentUrl":"http:\/\/www.specagra.ee\/wp-content\/uploads\/2022\/02\/SP-logo_naujas-scaled.jpg","width":2560,"height":326,"caption":"UAB Specagra"},"image":{"@id":"https:\/\/www.specagra.ee\/#\/schema\/logo\/image\/"}}]}},"_links":{"self":[{"href":"https:\/\/www.specagra.ee\/index.php?rest_route=\/wp\/v2\/product\/12200","targetHints":{"allow":["GET"]}}],"collection":[{"href":"https:\/\/www.specagra.ee\/index.php?rest_route=\/wp\/v2\/product"}],"about":[{"href":"https:\/\/www.specagra.ee\/index.php?rest_route=\/wp\/v2\/types\/product"}],"wp:featuredmedia":[{"embeddable":true,"href":"https:\/\/www.specagra.ee\/index.php?rest_route=\/wp\/v2\/media\/19320"}],"wp:attachment":[{"href":"https:\/\/www.specagra.ee\/index.php?rest_route=%2Fwp%2Fv2%2Fmedia&parent=12200"}],"wp:term":[{"taxonomy":"product_brand","embeddable":true,"href":"https:\/\/www.specagra.ee\/index.php?rest_route=%2Fwp%2Fv2%2Fproduct_brand&post=12200"},{"taxonomy":"product_cat","embeddable":true,"href":"https:\/\/www.specagra.ee\/index.php?rest_route=%2Fwp%2Fv2%2Fproduct_cat&post=12200"},{"taxonomy":"product_tag","embeddable":true,"href":"https:\/\/www.specagra.ee\/index.php?rest_route=%2Fwp%2Fv2%2Fproduct_tag&post=12200"}],"curies":[{"name":"wp","href":"https:\/\/api.w.org\/{rel}","templated":true}]}}